{"id":4489,"date":"2022-08-24T08:40:28","date_gmt":"2022-08-24T08:40:28","guid":{"rendered":"https:\/\/villsy.com\/?page_id=4489"},"modified":"2023-07-28T09:49:49","modified_gmt":"2023-07-28T09:49:49","slug":"lagsta-prisgaranti","status":"publish","type":"page","link":"https:\/\/villsy.com\/sv\/lagsta-prisgaranti\/","title":{"rendered":"Lowest price SV"},"content":{"rendered":"<div class=\"wp-block-image\">\n<figure class=\"aligncenter size-medium\"><img loading=\"lazy\" width=\"300\" height=\"300\" src=\"https:\/\/villsy.com\/wp-content\/uploads\/bagde-bestprice-new-300x300.png\" alt=\"\" class=\"wp-image-4253\" srcset=\"https:\/\/villsy.com\/wp-content\/uploads\/bagde-bestprice-new-300x300.png 300w, https:\/\/villsy.com\/wp-content\/uploads\/bagde-bestprice-new.png 647w\" sizes=\"(max-width: 300px) 100vw, 300px\" \/><\/figure><\/div>\n\n\n<h1 id=\"h-for-att-se-till-att-du-far-basta-mojliga-service-pa-villsy-kan-vi-garantera-foljande\"><strong>F\u00f6r att se till att du f\u00e5r b\u00e4sta m\u00f6jliga service p\u00e5 Villsy kan vi garantera f\u00f6ljande:<\/strong><\/h1>\n\n\n\n<ul><li>V\u00e5r webbplats kommer alltid att erbjuda dig&nbsp;<strong>l\u00e4gsta m\u00f6jliga priser<\/strong>&nbsp;n\u00e4r du g\u00f6r dina bokningar.<\/li><li>Skulle du n\u00e5gonsin hitta ett b\u00e4ttre erbjudande \u00e4n det vi erbjuder, kontakta oss&nbsp;<strong>s\u00e5 matchar vi det priset<\/strong>&nbsp;.<\/li><li>Alla villor har inspekterats noggrant av v\u00e5rt team.&nbsp;<strong>Vi \u00e4r en fullt licensierad turistbyr\u00e5<\/strong>&nbsp;.<\/li><li>Alla beskrivningar av villorna som listas p\u00e5 Villsy \u00e4r&nbsp;<strong>100 % korrekta och villornas l\u00e4gen \u00e4r exakta.<\/strong><\/li><li>Varje villa har inspekterats av alla relevanta tillsynsorgan i Republiken Kroatien.<\/li><li>Kalendrarna \u00e4r korrekta och uppdateras regelbundet.<\/li><li>Alla \u00e4gare av villorna \u00e4r enligt kontrakt skyldiga att&nbsp;<strong>beh\u00e5lla villorna i staten som passar beskrivningen som ges p\u00e5 denna webbplats.<\/strong><\/li><li>Det \u00e4r bara du och de som f\u00f6ljer med dig som kan anv\u00e4nda villorna n\u00e4r du hyr ut dem.&nbsp;Andra g\u00e4ster och \u00e4garna f\u00e5r inte anv\u00e4nda dem eller n\u00e5got annat p\u00e5 fastigheten.<\/li><li>Priserna inkluderar alla avgifter och skatter, s\u00e5som moms, turistskatt och alla verktyg.&nbsp;<strong>Det finns inga dolda kostnader.<\/strong><\/li><li>Du kommer alltid att kunna kommunicera med en fastighetssk\u00f6tare som kan hj\u00e4lpa dig med bokningen, h\u00e5lla kontakten med dig innan du kommer och st\u00e5 till tj\u00e4nst under din vistelse.<\/li><\/ul>\n","protected":false},"excerpt":{"rendered":"<p>F\u00f6r att se till att du f\u00e5r b\u00e4sta m\u00f6jliga service p\u00e5 Villsy kan vi garantera f\u00f6ljande: V\u00e5r webbplats kommer alltid att erbjuda dig&nbsp;l\u00e4gsta m\u00f6jliga priser&nbsp;n\u00e4r du g\u00f6r dina bokningar. Skulle du n\u00e5gonsin hitta ett b\u00e4ttre erbjudande \u00e4n det vi erbjuder, kontakta oss&nbsp;s\u00e5 matchar vi det priset&nbsp;. Alla villor har inspekterats noggrant av v\u00e5rt team.&nbsp;Vi \u00e4r [&hellip;]<\/p>\n","protected":false},"author":1,"featured_media":0,"parent":0,"menu_order":0,"comment_status":"closed","ping_status":"closed","template":"templates\/other.php","meta":[],"_pll_strings_translations":null,"answer_0":null,"_question_0":null,"question_0":null,"_menu_item_object_id":null,"_menu_item_menu_item_parent":null,"_menu_item_type":null,"_menu_item_url":null,"_menu_item_xfn":null,"_menu_item_classes":null,"_menu_item_target":null,"_menu_item_object":null,"_yoast_wpseo_opengraph-image":null,"_yoast_wpseo_twitter-image":null,"_oembed_5a91e3114bc4b62765bb90ed98032ec1":null,"_oembed_10aba65abe7cb41dedd5991088927e14":null,"_oembed_ce9c5ea0a2c9a30df7e00c51844eb103":null,"_yoast_wpseo_meta-robots-noindex":null,"answer_4":null,"_question_4":null,"question_3":null,"_question_1":null,"_answer_2":null,"answer_2":null,"_question_2":null,"_answer_1":null,"question_2":null,"answer_1":null,"answer_5":null,"_question_5":null,"question_5":null,"answer1":null,"_yoast_wpseo_meta-robots-nofollow":null,"_question1":null,"question1":null,"question_6":null,"_answer_5":null,"_answer_4":null,"question_4":null,"_answer_3":null,"answer_3":null,"tags":null,"_tags":null,"question_1":null,"_question_3":null,"_answer1":null,"_encloseme":null,"_answer_0":null,"_wp_attachment_context":null,"_question_6":null,"answer_6":null,"_answer_6":null,"question_7":null,"_question_7":null,"answer_7":null,"_answer_7":null,"question_8":null,"_question_8":null,"answer_8":null,"_answer_8":null,"question_9":null,"_question_9":null,"answer_9":null,"_answer_9":null,"question_10":null,"_question_10":null,"answer_10":null,"_answer_10":null,"_wp_attachment_image_alt":null,"_yoast_wpseo_primary_category":null,"_yoast_wpseo_bctitle":null,"yoast-structured-data-blocks-images-cache":null,"_wp_attachment_backup_sizes":null,"supplier_ids":null,"_supplier_ids":null,"_oembed_17e3485a0d737723e7479f485109ebfc":null,"_oembed_time_17e3485a0d737723e7479f485109ebfc":null,"_oembed_1f6e22deccb99fd65e328c562c146a12":null,"_oembed_time_1f6e22deccb99fd65e328c562c146a12":null,"_oembed_9f62cc392ff8c3a76480798f08606650":null,"_oembed_time_9f62cc392ff8c3a76480798f08606650":null,"_icl_lang_duplicate_of":null,"_oembed_dfa9f4c917e319d90285d6df0d37b296":null,"_oembed_time_dfa9f4c917e319d90285d6df0d37b296":null,"_oembed_2d2663251ac40698e7721c94a052cc35":null,"_oembed_time_2d2663251ac40698e7721c94a052cc35":null,"_oembed_4cebfa669f9c842495cb1467241983db":null,"_oembed_19aa5faf71857bb024f9e47b8c5595a9":null,"_oembed_time_19aa5faf71857bb024f9e47b8c5595a9":null,"_oembed_349fe16116550be46f6205dc6e0e5f45":null,"_wp_page_template":"templates\/other.php","_edit_lock":"1690537839:2","_edit_last":"2","_yoast_wpseo_title":"L\u00e4gsta prisgaranti %%page%% %%sep%% %%sitename%%","body_class":"","_yoast_wpseo_estimated-reading-time-minutes":"2","_wp_attached_file":null,"_wp_attachment_metadata":null,"_yoast_wpseo_metadesc":"L\u00e4gsta prisgaranti - Hitta och boka villor med pool med Villsy. Hyr en villa f\u00f6r din semester med familj eller v\u00e4nner, hela huset bara f\u00f6r dig.","_yoast_wpseo_focuskeywords":"[]","_yoast_wpseo_content_score":"90","_yoast_wpseo_opengraph-title":"L\u00e4gsta prisgaranti","_yoast_wpseo_opengraph-description":"L\u00e4gsta prisgaranti - Hitta och boka villor med pool med Villsy. Hyr en villa f\u00f6r din semester med familj eller v\u00e4nner, hela huset bara f\u00f6r dig.","_yoast_wpseo_twitter-title":"L\u00e4gsta prisgaranti","_yoast_wpseo_twitter-description":"L\u00e4gsta prisgaranti - Hitta och boka villor med pool med Villsy. Hyr en villa f\u00f6r din semester med familj eller v\u00e4nner, hela huset bara f\u00f6r dig.","_body_class":"field_626bf31c79dae","_wp_old_date":null,"_thumbnail_id":null,"_wp_old_slug":null,"_yoast_wpseo_wordproof_timestamp":"","_yoast_wpseo_keywordsynonyms":"[\"\"]","recaptcha":"0","_recaptcha":"field_6336f21b8af83","_yoast_indexnow_last_ping":"1690537789","_wpml_location_migration_done":null,"_wpml_media_featured":"0","_wpml_word_count":null,"_yoast_post_redirect_info":null,"_cms_nav_minihome":null,"_wpml_media_duplicate":"0","_top_nav_excluded":null,"_wp_trash_meta_status":null,"_wp_trash_meta_time":null,"_wp_desired_post_slug":null,"_last_translation_edit_mode":"native-editor","wpml_media_processed":null,"_wpml_post_translation_editor_native":null,"filters":null,"_filters":null,"show_on_homepage":null,"_show_on_homepage":null,"order":null,"_order":null,"show_organization_schema":null,"_show_organization_schema":null,"yoast_head":"<!-- This site is optimized with the Yoast SEO Premium plugin v19.2.1 (Yoast SEO v19.6.1) - https:\/\/yoast.com\/wordpress\/plugins\/seo\/ -->\n<title>L\u00e4gsta prisgaranti - Villsy<\/title>\n<meta name=\"description\" content=\"L\u00e4gsta prisgaranti - Hitta och boka villor med pool med Villsy. Hyr en villa f\u00f6r din semester med familj eller v\u00e4nner, hela huset bara f\u00f6r dig.\" \/>\n<meta name=\"robots\" content=\"index, follow, max-snippet:-1, max-image-preview:large, max-video-preview:-1\" \/>\n<link rel=\"canonical\" href=\"https:\/\/villsy.com\/sv\/lagsta-prisgaranti\/\" \/>\n<meta property=\"og:locale\" content=\"en_US\" \/>\n<meta property=\"og:type\" content=\"website\" \/>\n<meta property=\"og:title\" content=\"L\u00e4gsta prisgaranti\" \/>\n<meta property=\"og:description\" content=\"L\u00e4gsta prisgaranti - Hitta och boka villor med pool med Villsy. Hyr en villa f\u00f6r din semester med familj eller v\u00e4nner, hela huset bara f\u00f6r dig.\" \/>\n<meta property=\"og:url\" content=\"https:\/\/villsy.com\/sv\/lagsta-prisgaranti\/\" \/>\n<meta property=\"og:site_name\" content=\"Villsy\" \/>\n<meta property=\"article:modified_time\" content=\"2023-07-28T09:49:49+00:00\" \/>\n<meta property=\"og:image\" content=\"https:\/\/villsy.com\/wp-content\/uploads\/bagde-bestprice-new-300x300.png\" \/>\n<meta name=\"twitter:card\" content=\"summary_large_image\" \/>\n<meta name=\"twitter:title\" content=\"L\u00e4gsta prisgaranti\" \/>\n<meta name=\"twitter:description\" content=\"L\u00e4gsta prisgaranti - Hitta och boka villor med pool med Villsy. Hyr en villa f\u00f6r din semester med familj eller v\u00e4nner, hela huset bara f\u00f6r dig.\" \/>\n<meta name=\"twitter:label1\" content=\"Est. reading time\" \/>\n\t<meta name=\"twitter:data1\" content=\"2 minutes\" \/>\n<!-- \/ Yoast SEO Premium plugin. -->","yoast_head_json":{"title":"L\u00e4gsta prisgaranti - Villsy","description":"L\u00e4gsta prisgaranti - Hitta och boka villor med pool med Villsy. Hyr en villa f\u00f6r din semester med familj eller v\u00e4nner, hela huset bara f\u00f6r dig.","robots":{"index":"index","follow":"follow","max-snippet":"max-snippet:-1","max-image-preview":"max-image-preview:large","max-video-preview":"max-video-preview:-1"},"canonical":"https:\/\/villsy.com\/sv\/lagsta-prisgaranti\/","og_locale":"en_US","og_type":"website","og_title":"L\u00e4gsta prisgaranti","og_description":"L\u00e4gsta prisgaranti - Hitta och boka villor med pool med Villsy. Hyr en villa f\u00f6r din semester med familj eller v\u00e4nner, hela huset bara f\u00f6r dig.","og_url":"https:\/\/villsy.com\/sv\/lagsta-prisgaranti\/","og_site_name":"Villsy","article_modified_time":"2023-07-28T09:49:49+00:00","og_image":[{"url":"https:\/\/villsy.com\/wp-content\/uploads\/bagde-bestprice-new-300x300.png"}],"twitter_card":"summary_large_image","twitter_title":"L\u00e4gsta prisgaranti","twitter_description":"L\u00e4gsta prisgaranti - Hitta och boka villor med pool med Villsy. Hyr en villa f\u00f6r din semester med familj eller v\u00e4nner, hela huset bara f\u00f6r dig.","twitter_misc":{"Est. reading time":"2 minutes"},"schema":{"@context":"https:\/\/schema.org","@graph":[{"@type":"WebPage","@id":"https:\/\/villsy.com\/sv\/lagsta-prisgaranti\/","url":"https:\/\/villsy.com\/sv\/lagsta-prisgaranti\/","name":"L\u00e4gsta prisgaranti - Villsy","isPartOf":{"@id":"https:\/\/villsy.com\/sv\/#website"},"datePublished":"2022-08-24T08:40:28+00:00","dateModified":"2023-07-28T09:49:49+00:00","description":"L\u00e4gsta prisgaranti - Hitta och boka villor med pool med Villsy. Hyr en villa f\u00f6r din semester med familj eller v\u00e4nner, hela huset bara f\u00f6r dig.","breadcrumb":{"@id":"https:\/\/villsy.com\/sv\/lagsta-prisgaranti\/#breadcrumb"},"inLanguage":"sv","potentialAction":[{"@type":"ReadAction","target":["https:\/\/villsy.com\/sv\/lagsta-prisgaranti\/"]}]},{"@type":"BreadcrumbList","@id":"https:\/\/villsy.com\/sv\/lagsta-prisgaranti\/#breadcrumb","itemListElement":[{"@type":"ListItem","position":1,"name":"Villsy","item":"https:\/\/villsy.com\/sv\/"},{"@type":"ListItem","position":2,"name":"Lowest price SV"}]},{"@type":"WebSite","@id":"https:\/\/villsy.com\/sv\/#website","url":"https:\/\/villsy.com\/sv\/","name":"Villsy","description":"Just another WordPress site","potentialAction":[{"@type":"SearchAction","target":{"@type":"EntryPoint","urlTemplate":"https:\/\/villsy.com\/sv\/?s={search_term_string}"},"query-input":"required name=search_term_string"}],"inLanguage":"sv"}]}},"_links":{"self":[{"href":"https:\/\/villsy.com\/sv\/wp-json\/wp\/v2\/pages\/4489"}],"collection":[{"href":"https:\/\/villsy.com\/sv\/wp-json\/wp\/v2\/pages"}],"about":[{"href":"https:\/\/villsy.com\/sv\/wp-json\/wp\/v2\/types\/page"}],"author":[{"embeddable":true,"href":"https:\/\/villsy.com\/sv\/wp-json\/wp\/v2\/users\/1"}],"replies":[{"embeddable":true,"href":"https:\/\/villsy.com\/sv\/wp-json\/wp\/v2\/comments?post=4489"}],"version-history":[{"count":2,"href":"https:\/\/villsy.com\/sv\/wp-json\/wp\/v2\/pages\/4489\/revisions"}],"predecessor-version":[{"id":12160,"href":"https:\/\/villsy.com\/sv\/wp-json\/wp\/v2\/pages\/4489\/revisions\/12160"}],"wp:attachment":[{"href":"https:\/\/villsy.com\/sv\/wp-json\/wp\/v2\/media?parent=4489"}],"curies":[{"name":"wp","href":"https:\/\/api.w.org\/{rel}","templated":true}]}}