{"id":4454,"date":"2022-08-24T06:49:42","date_gmt":"2022-08-24T06:49:42","guid":{"rendered":"https:\/\/villsy.com\/?page_id=4454"},"modified":"2022-08-24T07:47:09","modified_gmt":"2022-08-24T07:47:09","slug":"vanliga-fragor","status":"publish","type":"page","link":"https:\/\/villsy.com\/sv\/vanliga-fragor\/","title":{"rendered":"Faq SV"},"content":{"rendered":"\n<h1 class=\"pb-5\">Vanliga fr\u00e5gor<\/h1>\n\n\n\n<h2>KOSTNADER OCH BETALNING&nbsp;&nbsp;<\/h2>\n\n\n\n<h4>1. Varf\u00f6r \u00e4r ins\u00e4ttning obligatorisk?<\/h4>\n\n\n\n<p>Deposition \u00e4r obligatorisk f\u00f6r att reservera din egendom och hindra n\u00e5gon annan att boka den f\u00f6r samma datum.&nbsp;Depositionen \u00e4r vanligtvis 30% av det totala priset.&nbsp;Vi kommer inte att debitera ditt kreditkort innan vi skickat bokningsbekr\u00e4ftelsen som vanligtvis tar 24 timmar.<\/p>\n\n\n\n<p>Eftersom depositionen inte \u00e4r \u00e5terbetalningsbar rekommenderar vi att du tecknar en semesterf\u00f6rs\u00e4kring.<\/p>\n\n\n\n<h4>2. N\u00e4r betalar jag hela beloppet?<\/h4>\n\n\n\n<p>Hela beloppet ska vanligtvis betalas 8-12 veckor innan du reser p\u00e5 semester.&nbsp;Vi kommer att informera dig om n\u00e4sta betalning.<\/p>\n\n\n\n<h4>3. Hur \u00e4r det med semesteravbokning?<\/h4>\n\n\n\n<p>Meddela oss att du vill avbryta din semester s\u00e5 snart som m\u00f6jligt.&nbsp;Vi kan inte \u00e5terbetala depositionen du betalat f\u00f6r att s\u00e4kra din bokning.&nbsp;Men om vi lyckas hyra ut fastigheten till andra g\u00e4ster f\u00f6r samma period och pris kan vi kanske \u00e5terbetala en del av depositionen eller till och med hela depositionen minus transacrional avgifter.<\/p>\n\n\n\n<h4>4. Deposition \u2013 vad \u00e4r den till f\u00f6r?<\/h4>\n\n\n\n<p>Om du l\u00e4mnar villan ren, st\u00e4dad och i samma skick som den var &#8211; inga bekymmer.&nbsp;Din deposition kommer att \u00e5terbetalas.<\/p>\n\n\n\n<h4>5. Hur och n\u00e4r betalar jag deposition?<\/h4>\n\n\n\n<p>Deposition betalas direkt till hus\u00e4garen och \u00e5terbetalas i slutet av din vistelse<\/p>\n\n\n\n<h4>6. Finns det n\u00e5gra extra kostnader?<\/h4>\n\n\n\n<p>Vi bekr\u00e4ftar alltid alla kostnader relaterade till villauthyrning.&nbsp;Det ska inte finnas n\u00e5gra andra kostnader.<\/p>\n\n\n\n<p>Undantag kan vara:<\/p>\n\n\n\n<ul><li>s\u00e4kerhets inbetalning<\/li><li>husdjur (du kommer att informeras vid bokning)<\/li><li>uppv\u00e4rmda pooler i april, maj, juni, september och oktober.&nbsp;Fr\u00e5ga om du vill anv\u00e4nda pooluppv\u00e4rmningen.<\/li><\/ul>\n\n\n\n<h4>7. \u00c4r det n\u00e5gon moms till\u00e4mplig?<\/h4>\n\n\n\n<p>Alla v\u00e5ra priser inkluderar moms, ingen avgift f\u00f6r dig.<\/p>\n\n\n\n<h4>8. \u00c4r vi ATOL-bundna?<\/h4>\n\n\n\n<p>Nej, vi erbjuder endast boende och ATOL:s bindningskrav g\u00e4ller inte.<\/p>\n\n\n\n<h2>\u00d6VRIG<\/h2>\n\n\n\n<h4>1. Beh\u00f6ver jag bilen?<\/h4>\n\n\n\n<p>Beror p\u00e5 fastighetens l\u00e4ge och dina krav.&nbsp;Vissa av villorna \u00e4r avl\u00e4gset s\u00e5 det \u00e4r viktigt att anv\u00e4nda bilen.<\/p>\n\n\n\n<h4>2. Var ligger n\u00e4rmaste flygplats?<\/h4>\n\n\n\n<p>All information finns p\u00e5 platsfliken.&nbsp;Alla fastigheter \u00e4r p\u00e5 exakt plats.&nbsp;Kontakta oss om du beh\u00f6ver ytterligare hj\u00e4lp.<\/p>\n\n\n\n<h4>3. \u00c4r villan l\u00e4mplig f\u00f6r barn?<\/h4>\n\n\n\n<p>Kort sagt &#8211; ja.&nbsp;De flesta av fastigheterna \u00e4r l\u00e4mpliga f\u00f6r barn och har barns\u00e4ngar och barnstol.&nbsp;Om du reser med barn, v\u00e4nligen meddela oss.<\/p>\n\n\n\n<h4>4. Husdjur<\/h4>\n\n\n\n<p>Vissa villor \u00e4r husdjursv\u00e4nliga och andra \u00e4r det inte.&nbsp;De flesta \u00e4gare till\u00e5ter v\u00e4luppfostrade husdjur mot en liten avgift.&nbsp;Det finns \u00e4ven listat p\u00e5 v\u00e5r hemsida och i filterfunktion vilka villor som till\u00e5ter husdjur.<\/p>\n\n\n\n<h4>5. \u00c4r poolen s\u00e4ker f\u00f6r barn?<\/h4>\n\n\n\n<p>Det finns vanligtvis inga hinder f\u00f6r poolen s\u00e5 t\u00e4nk p\u00e5 det n\u00e4r du bokar villan.&nbsp;Vanligtvis \u00e4r pooldjupet 1,3 &#8211; 1,6 meter.<\/p>\n\n\n\n<h4>6. Bor \u00e4garna p\u00e5 plats?<\/h4>\n\n\n\n<p>I 99% fall &#8211; nej.&nbsp;\u00c4garen kanske bor i n\u00e4rheten men i det andra huset.&nbsp;Alla v\u00e5ra villor \u00e4r endast f\u00f6r din exklusiva anv\u00e4ndning.<\/p>\n","protected":false},"excerpt":{"rendered":"<p>Vanliga fr\u00e5gor KOSTNADER OCH BETALNING&nbsp;&nbsp; 1. Varf\u00f6r \u00e4r ins\u00e4ttning obligatorisk? Deposition \u00e4r obligatorisk f\u00f6r att reservera din egendom och hindra n\u00e5gon annan att boka den f\u00f6r samma datum.&nbsp;Depositionen \u00e4r vanligtvis 30% av det totala priset.&nbsp;Vi kommer inte att debitera ditt kreditkort innan vi skickat bokningsbekr\u00e4ftelsen som vanligtvis tar 24 timmar. Eftersom depositionen inte \u00e4r \u00e5terbetalningsbar [&hellip;]<\/p>\n","protected":false},"author":1,"featured_media":0,"parent":0,"menu_order":0,"comment_status":"closed","ping_status":"closed","template":"templates\/other.php","meta":[],"yoast_head":"<!-- This site is optimized with the Yoast SEO Premium plugin v19.2.1 (Yoast SEO v19.6.1) - https:\/\/yoast.com\/wordpress\/plugins\/seo\/ -->\n<title>Vanliga fr\u00e5gor - Villsy<\/title>\n<meta name=\"description\" content=\"Hitta vanliga fr\u00e5gor om att hyra en villa med Villsy.\" \/>\n<meta name=\"robots\" content=\"index, follow, max-snippet:-1, max-image-preview:large, max-video-preview:-1\" \/>\n<link rel=\"canonical\" href=\"https:\/\/villsy.com\/sv\/vanliga-fragor\/\" \/>\n<meta property=\"og:locale\" content=\"en_US\" \/>\n<meta property=\"og:type\" content=\"website\" \/>\n<meta property=\"og:title\" content=\"Vanliga fr\u00e5gor\" \/>\n<meta property=\"og:description\" content=\"Hitta vanliga fr\u00e5gor om att hyra en villa med Villsy.\" \/>\n<meta property=\"og:url\" content=\"https:\/\/villsy.com\/sv\/vanliga-fragor\/\" \/>\n<meta property=\"og:site_name\" content=\"Villsy\" \/>\n<meta property=\"article:modified_time\" content=\"2022-08-24T07:47:09+00:00\" \/>\n<meta name=\"twitter:card\" content=\"summary_large_image\" \/>\n<meta name=\"twitter:title\" content=\"Vanliga fr\u00e5gor\" \/>\n<meta name=\"twitter:description\" content=\"Hitta vanliga fr\u00e5gor om att hyra en villa med Villsy.\" \/>\n<meta name=\"twitter:label1\" content=\"Est. reading time\" \/>\n\t<meta name=\"twitter:data1\" content=\"2 minutes\" \/>\n<!-- \/ Yoast SEO Premium plugin. -->","yoast_head_json":{"title":"Vanliga fr\u00e5gor - Villsy","description":"Hitta vanliga fr\u00e5gor om att hyra en villa med Villsy.","robots":{"index":"index","follow":"follow","max-snippet":"max-snippet:-1","max-image-preview":"max-image-preview:large","max-video-preview":"max-video-preview:-1"},"canonical":"https:\/\/villsy.com\/sv\/vanliga-fragor\/","og_locale":"en_US","og_type":"website","og_title":"Vanliga fr\u00e5gor","og_description":"Hitta vanliga fr\u00e5gor om att hyra en villa med Villsy.","og_url":"https:\/\/villsy.com\/sv\/vanliga-fragor\/","og_site_name":"Villsy","article_modified_time":"2022-08-24T07:47:09+00:00","twitter_card":"summary_large_image","twitter_title":"Vanliga fr\u00e5gor","twitter_description":"Hitta vanliga fr\u00e5gor om att hyra en villa med Villsy.","twitter_misc":{"Est. reading time":"2 minutes"},"schema":{"@context":"https:\/\/schema.org","@graph":[{"@type":"WebPage","@id":"https:\/\/villsy.com\/sv\/vanliga-fragor\/","url":"https:\/\/villsy.com\/sv\/vanliga-fragor\/","name":"Vanliga fr\u00e5gor - Villsy","isPartOf":{"@id":"https:\/\/villsy.com\/sv\/#website"},"datePublished":"2022-08-24T06:49:42+00:00","dateModified":"2022-08-24T07:47:09+00:00","description":"Hitta vanliga fr\u00e5gor om att hyra en villa med Villsy.","breadcrumb":{"@id":"https:\/\/villsy.com\/sv\/vanliga-fragor\/#breadcrumb"},"inLanguage":"sv","potentialAction":[{"@type":"ReadAction","target":["https:\/\/villsy.com\/sv\/vanliga-fragor\/"]}]},{"@type":"BreadcrumbList","@id":"https:\/\/villsy.com\/sv\/vanliga-fragor\/#breadcrumb","itemListElement":[{"@type":"ListItem","position":1,"name":"Villsy","item":"https:\/\/villsy.com\/sv\/"},{"@type":"ListItem","position":2,"name":"Faq SV"}]},{"@type":"WebSite","@id":"https:\/\/villsy.com\/sv\/#website","url":"https:\/\/villsy.com\/sv\/","name":"Villsy","description":"Just another WordPress site","potentialAction":[{"@type":"SearchAction","target":{"@type":"EntryPoint","urlTemplate":"https:\/\/villsy.com\/sv\/?s={search_term_string}"},"query-input":"required name=search_term_string"}],"inLanguage":"sv"}]}},"_links":{"self":[{"href":"https:\/\/villsy.com\/sv\/wp-json\/wp\/v2\/pages\/4454"}],"collection":[{"href":"https:\/\/villsy.com\/sv\/wp-json\/wp\/v2\/pages"}],"about":[{"href":"https:\/\/villsy.com\/sv\/wp-json\/wp\/v2\/types\/page"}],"author":[{"embeddable":true,"href":"https:\/\/villsy.com\/sv\/wp-json\/wp\/v2\/users\/1"}],"replies":[{"embeddable":true,"href":"https:\/\/villsy.com\/sv\/wp-json\/wp\/v2\/comments?post=4454"}],"version-history":[{"count":1,"href":"https:\/\/villsy.com\/sv\/wp-json\/wp\/v2\/pages\/4454\/revisions"}],"predecessor-version":[{"id":4455,"href":"https:\/\/villsy.com\/sv\/wp-json\/wp\/v2\/pages\/4454\/revisions\/4455"}],"wp:attachment":[{"href":"https:\/\/villsy.com\/sv\/wp-json\/wp\/v2\/media?parent=4454"}],"curies":[{"name":"wp","href":"https:\/\/api.w.org\/{rel}","templated":true}]}}