{"id":4057,"date":"2022-07-19T12:04:42","date_gmt":"2022-07-19T12:04:42","guid":{"rendered":"https:\/\/villsy.com\/?page_id=4057"},"modified":"2025-10-07T11:30:17","modified_gmt":"2025-10-07T11:30:17","slug":"kontakta-oss","status":"publish","type":"page","link":"https:\/\/villsy.com\/sv\/kontakta-oss\/","title":{"rendered":"Contact SV"},"content":{"rendered":"\n<h2 class=\"has-text-align-center\" id=\"h-vi-finns-har-for-att-hjalpa-dig-lat-oss-planera-din-perfekta-semester-tillsammans\">Vi finns h\u00e4r f\u00f6r att hj\u00e4lpa dig \u2013 l\u00e5t oss planera din perfekta semester tillsammans.<\/h2>\n\n\n\n<div style=\"height:40px\" aria-hidden=\"true\" class=\"wp-block-spacer\"><\/div>\n\n\n\n<p class=\"has-text-align-center\">Har du fr\u00e5gor om v\u00e5ra fantastiska villor i Istrien eller beh\u00f6ver hj\u00e4lp med att v\u00e4lja den perfekta f\u00f6r din vistelse?<\/p>\n\n\n\n<p class=\"has-text-align-center\">Oavsett om du vill kontrollera tillg\u00e4nglighet, planera din resa eller f\u00e5 mer information, st\u00e5r v\u00e5rt v\u00e4nliga team redo att hj\u00e4lpa dig! Kontakta oss via telefon, e-post eller formul\u00e4ret nedan s\u00e5 ger vi dig all information du beh\u00f6ver f\u00f6r en smidig och bekymmersfri semester.<\/p>\n\n\n\n<p class=\"has-text-align-center\">Vi ser fram emot att h\u00f6ra fr\u00e5n dig snart!<\/p>\n\n\n\n<h3 class=\"has-text-align-center\"><strong>Villsy \u2013 din lokala partner f\u00f6r den perfekta semestern i Kroatien.<\/strong><\/h3>\n\n\n\n<p><\/p>\n\n\n\n<form class=\"form-contact card shadow border p-4\">\n    <h2 class=\"mb-4\">\n            <\/h2>\n    <div class=\"row\">\n        <div class=\"col-lg-6 col-12\">\n            <div class=\"form-group  mb-3 \">\n                <label for=\"name\">Namn*<\/label>\n                <input required=\"\" name=\"name\" type=\"text\" class=\"form-control  bg-transparent\" id=\"contact-name\" placeholder=\"Namn\">\n            <\/div>\n        <\/div>\n        <div class=\"col-lg-6 col-12\">\n            <div class=\"form-group  mb-3\">\n                <label for=\"surname\">Efternamn*<\/label>\n                <input required=\"\" name=\"surname\" type=\"text\" class=\"form-control  bg-transparent\" id=\"contact-surname\" placeholder=\"Efternamn\">\n            <\/div>\n        <\/div>\n\n        <div class=\"col-lg-6 col-12\">\n            <div class=\"form-group  mb-3\">\n                <label for=\"email\">E-post*<\/label>\n                <input required=\"\" name=\"email\" type=\"email\" class=\"form-control  bg-transparent\" id=\"contact-email\" placeholder=\"E-post\"> \n            <\/div>\n        <\/div>\n        <div class=\"col-lg-6 col-12\">\n            <div class=\"form-group  mb-3\">\n                <label for=\"phone\">Telefon*<\/label>\n                <input name=\"phone\" type=\"text\" class=\"form-control  bg-transparent\" id=\"contact-tel\" placeholder=\"Telefon\">\n            <\/div>\n        <\/div>\n        <div class=\"col-12\">\n            <div class=\"form-group  mb-3\">\n                <label for=\"message\">Meddelande*<\/label>\n                <textarea name=\"message\" type=\"text\" rows=\"5\" class=\"form-control  bg-transparent\" id=\"contact-text\" placeholder=\"Meddelande\"><\/textarea>\n            <\/div>\n        <\/div>\n        <div class=\"col-12 mb-3\">\n            <div class=\"form-check\">\n                <input required type=\"checkbox\" class=\"form-check-input\" name=\"agree\" id=\"agree\">\n                <label class=\"form-check-label\" for=\"agree\">\n                    Jag har l\u00e4st och godk\u00e4nner <a href=\"\/sv\/privacy-policy\/\">sekretesspolicyn<\/a>                <\/label>\n            <\/div>\n        <\/div>\n\n    <\/div>\n    <div class=\"row no-gutters\">\n        <div class=\"col-lg-8\">\n            <div>\n                Den h\u00e4r webbplatsen \u00e4r skyddad med reCAPTCHA och till\u00e4mpar <a href=\"https:\/\/policies.google.com\/privacy\" target=\"_blank\">Googles sekretesspolicy<\/a> och <a href=\" https:\/\/policies.google.com\/terms\" target=\"_blank\">Anv\u00e4ndarvillkor<\/a>.            <\/div>\n        <\/div>\n        <div class=\"col-lg\">\n            <div class=\"d-flex flex-row justify-content-end\">\n                <button type=\"submit\" class=\"btn btn-primary contact-btn\">\n                    Skicka meddelande\n                <\/button>\n                <div class=\"contact-spinner d-none spinner-border align-items-center justify-content-center\" role=\"status\">\n                    <i class=\"las la-envelope la-lg\"><\/i>\n                    <span class=\"sr-only\">Laddar...<\/span>\n                <\/div>\n            <\/div>\n        <\/div>\n    <\/div>\n<\/form>\n\n\n\n<div id=\"contact-modal\" class=\"modal fade\" tabindex=\"-1\" role=\"dialog\">\n  <div class=\"modal-dialog\">\n    <div class=\"modal-content\">\n      <div class=\"modal-header\">\n        <h5 class=\"modal-title font-weight-light\">\n            Tack f\u00f6r visat intresse.        <\/h5>\n        <button type=\"button\" class=\"btn-close\" data-bs-dismiss=\"modal\" aria-label=\"Close\"><\/button>\n      <\/div>\n      <div class=\"modal-body font-weight-normal\">\n        <p class=\"response-output\"><\/p>\n      <\/div>\n      <div class=\"modal-footer\">\n        <button type=\"button\" class=\"btn btn-primary font-weight-bold\" data-bs-dismiss=\"modal\">St\u00e4ng<\/button>\n      <\/div>\n    <\/div>\n  <\/div>\n<\/div>\n\n\n\n\n\n<hr class=\"wp-block-separator has-alpha-channel-opacity\"\/>\n\n\n\n<h3 id=\"h-imprint\">Imprint:<\/h3>\n\n\n\n<p><strong>VILLSY d.o.o.<\/strong> \u2013 aktiebolag med begr\u00e4nsat ansvar f\u00f6r fastighetsuthyrning, turism och resebyr\u00e5tj\u00e4nster<br>Registreringsnummer: <strong>130093085 \u2013 Handelsdomstolen i Pazin<\/strong> | Momsregistreringsnummer: <strong>HR17191292654<\/strong> ID:HR17191292654<\/p>\n\n\n\n<p>IBAN: HR62 2340 0091 1110 0258 1 | PRIVREDNA BANKA ZAGREB d.d., Radni\u010dka cesta 50, 10000 Zagreb | SWIFT code: PBZGHR22<\/p>\n\n\n\n<p>ADRESS: Kastavska 18, 52000 Pazin, Croatia<br> <br><strong>VERKST\u00c4LLANDE DIREKT\u00d6R:<\/strong> Toni Hrelja<br><strong>BYR\u00c5CHEF:<\/strong> Suzana Hrelja<br><strong>\u00d6PPETTIDER:<\/strong> M\u00e5ndag\u2013Fredag 9:00\u201317:00<br>E-mail: <a href=\"mailto:info@villsy.com\">info@villsy.com<\/a><br>Web: <a href=\"\/\">www.villsy.com<\/a><br>TEL: +385 91 585 2596<\/p>\n","protected":false},"excerpt":{"rendered":"<p>Vi finns h\u00e4r f\u00f6r att hj\u00e4lpa dig \u2013 l\u00e5t oss planera din perfekta semester tillsammans. Har du fr\u00e5gor om v\u00e5ra fantastiska villor i Istrien eller beh\u00f6ver hj\u00e4lp med att v\u00e4lja den perfekta f\u00f6r din vistelse? Oavsett om du vill kontrollera tillg\u00e4nglighet, planera din resa eller f\u00e5 mer information, st\u00e5r v\u00e5rt v\u00e4nliga team redo att hj\u00e4lpa [&hellip;]<\/p>\n","protected":false},"author":1,"featured_media":0,"parent":0,"menu_order":0,"comment_status":"closed","ping_status":"closed","template":"templates\/other.php","meta":[],"yoast_head":"<!-- This site is optimized with the Yoast SEO Premium plugin v19.2.1 (Yoast SEO v19.6.1) - https:\/\/yoast.com\/wordpress\/plugins\/seo\/ -->\n<title>Kontakta oss - Hitta &amp; boka Villor med pool med Villsy<\/title>\n<meta name=\"description\" content=\"Kontakta oss - Hitta &amp; boka villor med pooler med Villsy. Hyr en villa f\u00f6r din semester med familj eller v\u00e4nner, hela huset bara f\u00f6r dig.\" \/>\n<meta name=\"robots\" content=\"index, follow, max-snippet:-1, max-image-preview:large, max-video-preview:-1\" \/>\n<link rel=\"canonical\" href=\"https:\/\/villsy.com\/sv\/kontakta-oss\/\" \/>\n<meta property=\"og:locale\" content=\"en_US\" \/>\n<meta property=\"og:type\" content=\"website\" \/>\n<meta property=\"og:title\" content=\"Kontakta oss\" \/>\n<meta property=\"og:description\" content=\"Kontakta oss - Hitta &amp; boka villor med pooler med Villsy. Hyr en villa f\u00f6r din semester med familj eller v\u00e4nner, hela huset bara f\u00f6r dig.\" \/>\n<meta property=\"og:url\" content=\"https:\/\/villsy.com\/sv\/kontakta-oss\/\" \/>\n<meta property=\"og:site_name\" content=\"Villsy\" \/>\n<meta property=\"article:modified_time\" content=\"2025-10-07T11:30:17+00:00\" \/>\n<meta name=\"twitter:card\" content=\"summary_large_image\" \/>\n<meta name=\"twitter:title\" content=\"Kontakta oss\" \/>\n<meta name=\"twitter:description\" content=\"Kontakta oss - Hitta &amp; boka villor med pooler med Villsy. Hyr en villa f\u00f6r din semester med familj eller v\u00e4nner, hela huset bara f\u00f6r dig.\" \/>\n<meta name=\"twitter:label1\" content=\"Est. reading time\" \/>\n\t<meta name=\"twitter:data1\" content=\"1 minute\" \/>\n<!-- \/ Yoast SEO Premium plugin. -->","yoast_head_json":{"title":"Kontakta oss - Hitta & boka Villor med pool med Villsy","description":"Kontakta oss - Hitta & boka villor med pooler med Villsy. Hyr en villa f\u00f6r din semester med familj eller v\u00e4nner, hela huset bara f\u00f6r dig.","robots":{"index":"index","follow":"follow","max-snippet":"max-snippet:-1","max-image-preview":"max-image-preview:large","max-video-preview":"max-video-preview:-1"},"canonical":"https:\/\/villsy.com\/sv\/kontakta-oss\/","og_locale":"en_US","og_type":"website","og_title":"Kontakta oss","og_description":"Kontakta oss - Hitta & boka villor med pooler med Villsy. Hyr en villa f\u00f6r din semester med familj eller v\u00e4nner, hela huset bara f\u00f6r dig.","og_url":"https:\/\/villsy.com\/sv\/kontakta-oss\/","og_site_name":"Villsy","article_modified_time":"2025-10-07T11:30:17+00:00","twitter_card":"summary_large_image","twitter_title":"Kontakta oss","twitter_description":"Kontakta oss - Hitta & boka villor med pooler med Villsy. Hyr en villa f\u00f6r din semester med familj eller v\u00e4nner, hela huset bara f\u00f6r dig.","twitter_misc":{"Est. reading time":"1 minute"},"schema":{"@context":"https:\/\/schema.org","@graph":[{"@type":"WebPage","@id":"https:\/\/villsy.com\/sv\/kontakta-oss\/","url":"https:\/\/villsy.com\/sv\/kontakta-oss\/","name":"Kontakta oss - Hitta & boka Villor med pool med Villsy","isPartOf":{"@id":"https:\/\/villsy.com\/sv\/#website"},"datePublished":"2022-07-19T12:04:42+00:00","dateModified":"2025-10-07T11:30:17+00:00","description":"Kontakta oss - Hitta & boka villor med pooler med Villsy. Hyr en villa f\u00f6r din semester med familj eller v\u00e4nner, hela huset bara f\u00f6r dig.","breadcrumb":{"@id":"https:\/\/villsy.com\/sv\/kontakta-oss\/#breadcrumb"},"inLanguage":"sv","potentialAction":[{"@type":"ReadAction","target":["https:\/\/villsy.com\/sv\/kontakta-oss\/"]}]},{"@type":"BreadcrumbList","@id":"https:\/\/villsy.com\/sv\/kontakta-oss\/#breadcrumb","itemListElement":[{"@type":"ListItem","position":1,"name":"Villsy","item":"https:\/\/villsy.com\/sv\/"},{"@type":"ListItem","position":2,"name":"Contact SV"}]},{"@type":"WebSite","@id":"https:\/\/villsy.com\/sv\/#website","url":"https:\/\/villsy.com\/sv\/","name":"Villsy","description":"Just another WordPress site","potentialAction":[{"@type":"SearchAction","target":{"@type":"EntryPoint","urlTemplate":"https:\/\/villsy.com\/sv\/?s={search_term_string}"},"query-input":"required name=search_term_string"}],"inLanguage":"sv"}]}},"_links":{"self":[{"href":"https:\/\/villsy.com\/sv\/wp-json\/wp\/v2\/pages\/4057"}],"collection":[{"href":"https:\/\/villsy.com\/sv\/wp-json\/wp\/v2\/pages"}],"about":[{"href":"https:\/\/villsy.com\/sv\/wp-json\/wp\/v2\/types\/page"}],"author":[{"embeddable":true,"href":"https:\/\/villsy.com\/sv\/wp-json\/wp\/v2\/users\/1"}],"replies":[{"embeddable":true,"href":"https:\/\/villsy.com\/sv\/wp-json\/wp\/v2\/comments?post=4057"}],"version-history":[{"count":7,"href":"https:\/\/villsy.com\/sv\/wp-json\/wp\/v2\/pages\/4057\/revisions"}],"predecessor-version":[{"id":30528,"href":"https:\/\/villsy.com\/sv\/wp-json\/wp\/v2\/pages\/4057\/revisions\/30528"}],"wp:attachment":[{"href":"https:\/\/villsy.com\/sv\/wp-json\/wp\/v2\/media?parent=4057"}],"curies":[{"name":"wp","href":"https:\/\/api.w.org\/{rel}","templated":true}]}}