{"id":4495,"date":"2022-08-24T08:40:28","date_gmt":"2022-08-24T08:40:28","guid":{"rendered":"https:\/\/villsy.com\/?page_id=4495"},"modified":"2023-07-28T09:43:43","modified_gmt":"2023-07-28T09:43:43","slug":"garancija-najnizje-cene","status":"publish","type":"page","link":"https:\/\/villsy.com\/sl\/garancija-najnizje-cene\/","title":{"rendered":"Lowest price SL"},"content":{"rendered":"<div class=\"wp-block-image\">\n<figure class=\"aligncenter size-medium\"><img loading=\"lazy\" width=\"300\" height=\"300\" src=\"https:\/\/villsy.com\/wp-content\/uploads\/bagde-bestprice-new-300x300.png\" alt=\"\" class=\"wp-image-4253\" srcset=\"https:\/\/villsy.com\/wp-content\/uploads\/bagde-bestprice-new-300x300.png 300w, https:\/\/villsy.com\/wp-content\/uploads\/bagde-bestprice-new.png 647w\" sizes=\"(max-width: 300px) 100vw, 300px\" \/><\/figure><\/div>\n\n\n<h1 id=\"h-da-bi-zagotovili-najboljso-mozno-storitev-villsy-lahko-jamcimo-za-naslednje\"><strong>Da bi zagotovili najbolj\u0161o mo\u017eno storitev Villsy, lahko jam\u010dimo za naslednje:<\/strong><\/h1>\n\n\n\n<ul><li>Na\u0161a spletna stran vam bo vedno ponudila&nbsp;<strong>najni\u017eje mo\u017ene cene<\/strong>&nbsp;, ko boste opravljali rezervacije.<\/li><li>\u010ce boste kdaj na\u0161li bolj\u0161o ponudbo od tiste, ki jo ponujamo, stopite v stik z nami in&nbsp;<strong>izena\u010dili bomo to ceno<\/strong>&nbsp;.<\/li><li>Vse vile je na\u0161a ekipa temeljito pregledala.&nbsp;<strong>Smo turisti\u010dna agencija s polno licenco<\/strong>&nbsp;.<\/li><li>Vsi opisi vil, navedeni na Villsy, so&nbsp;<strong>100% to\u010dni in lokacije vil so to\u010dne.<\/strong><\/li><li>Vsaka vila je bila pregledana s strani vseh pristojnih regulatornih organov Republike Hrva\u0161ke.<\/li><li>Koledarji so to\u010dni in redno posodobljeni.<\/li><li>Vsi lastniki vil so po pogodbi dol\u017eni&nbsp;<strong>vzdr\u017eevati vile v stanju, ki ustreza opisu na tej spletni strani.<\/strong><\/li><li>Vile lahko uporabljate samo vi in \u200b\u200bva\u0161i spremljevalci, ko jih oddajate.&nbsp;Drugi gostje in lastniki ne smejo uporabljati le-teh ali \u010desar koli drugega na nepremi\u010dnini.<\/li><li>Cene vklju\u010dujejo vse pristojbine in davke, kot so DDV, turisti\u010dna taksa in vse komunalne storitve.&nbsp;<strong>Ni skritih stro\u0161kov.<\/strong><\/li><li>Vedno boste lahko komunicirali z upraviteljem nepremi\u010dnine, ki vam lahko pomaga pri rezervaciji, ostane v stiku z vami, preden pridete, in vam bo na voljo med va\u0161im bivanjem.<\/li><\/ul>\n","protected":false},"excerpt":{"rendered":"<p>Da bi zagotovili najbolj\u0161o mo\u017eno storitev Villsy, lahko jam\u010dimo za naslednje: Na\u0161a spletna stran vam bo vedno ponudila&nbsp;najni\u017eje mo\u017ene cene&nbsp;, ko boste opravljali rezervacije. \u010ce boste kdaj na\u0161li bolj\u0161o ponudbo od tiste, ki jo ponujamo, stopite v stik z nami in&nbsp;izena\u010dili bomo to ceno&nbsp;. Vse vile je na\u0161a ekipa temeljito pregledala.&nbsp;Smo turisti\u010dna agencija s polno [&hellip;]<\/p>\n","protected":false},"author":1,"featured_media":0,"parent":0,"menu_order":0,"comment_status":"closed","ping_status":"closed","template":"templates\/other.php","meta":[],"yoast_head":"<!-- This site is optimized with the Yoast SEO Premium plugin v19.2.1 (Yoast SEO v19.6.1) - https:\/\/yoast.com\/wordpress\/plugins\/seo\/ -->\n<title>Garancija najni\u017eje cene - Villsy<\/title>\n<meta name=\"description\" content=\"Jamstvo najni\u017eje cene - Poi\u0161\u010dite in rezervirajte vile z bazenom pri Villsy. Najemite vilo za va\u0161e po\u010ditnice z dru\u017eino ali prijatelji, cela hi\u0161a samo za vas.\" \/>\n<meta name=\"robots\" content=\"index, follow, max-snippet:-1, max-image-preview:large, max-video-preview:-1\" \/>\n<link rel=\"canonical\" href=\"https:\/\/villsy.com\/sl\/garancija-najnizje-cene\/\" \/>\n<meta property=\"og:locale\" content=\"en_US\" \/>\n<meta property=\"og:type\" content=\"website\" \/>\n<meta property=\"og:title\" content=\"Garancija najni\u017eje cene\" \/>\n<meta property=\"og:description\" content=\"Jamstvo najni\u017eje cene - Poi\u0161\u010dite in rezervirajte vile z bazenom pri Villsy. Najemite vilo za va\u0161e po\u010ditnice z dru\u017eino ali prijatelji, cela hi\u0161a samo za vas.\" \/>\n<meta property=\"og:url\" content=\"https:\/\/villsy.com\/sl\/garancija-najnizje-cene\/\" \/>\n<meta property=\"og:site_name\" content=\"Villsy\" \/>\n<meta property=\"article:modified_time\" content=\"2023-07-28T09:43:43+00:00\" \/>\n<meta property=\"og:image\" content=\"https:\/\/villsy.com\/wp-content\/uploads\/bagde-bestprice-new-300x300.png\" \/>\n<meta name=\"twitter:card\" content=\"summary_large_image\" \/>\n<meta name=\"twitter:title\" content=\"Garancija najni\u017eje cene\" \/>\n<meta name=\"twitter:description\" content=\"Jamstvo najni\u017eje cene - Poi\u0161\u010dite in rezervirajte vile z bazenom pri Villsy. Najemite vilo za va\u0161e po\u010ditnice z dru\u017eino ali prijatelji, cela hi\u0161a samo za vas.\" \/>\n<meta name=\"twitter:label1\" content=\"Est. reading time\" \/>\n\t<meta name=\"twitter:data1\" content=\"1 minute\" \/>\n<!-- \/ Yoast SEO Premium plugin. -->","yoast_head_json":{"title":"Garancija najni\u017eje cene - Villsy","description":"Jamstvo najni\u017eje cene - Poi\u0161\u010dite in rezervirajte vile z bazenom pri Villsy. Najemite vilo za va\u0161e po\u010ditnice z dru\u017eino ali prijatelji, cela hi\u0161a samo za vas.","robots":{"index":"index","follow":"follow","max-snippet":"max-snippet:-1","max-image-preview":"max-image-preview:large","max-video-preview":"max-video-preview:-1"},"canonical":"https:\/\/villsy.com\/sl\/garancija-najnizje-cene\/","og_locale":"en_US","og_type":"website","og_title":"Garancija najni\u017eje cene","og_description":"Jamstvo najni\u017eje cene - Poi\u0161\u010dite in rezervirajte vile z bazenom pri Villsy. Najemite vilo za va\u0161e po\u010ditnice z dru\u017eino ali prijatelji, cela hi\u0161a samo za vas.","og_url":"https:\/\/villsy.com\/sl\/garancija-najnizje-cene\/","og_site_name":"Villsy","article_modified_time":"2023-07-28T09:43:43+00:00","og_image":[{"url":"https:\/\/villsy.com\/wp-content\/uploads\/bagde-bestprice-new-300x300.png"}],"twitter_card":"summary_large_image","twitter_title":"Garancija najni\u017eje cene","twitter_description":"Jamstvo najni\u017eje cene - Poi\u0161\u010dite in rezervirajte vile z bazenom pri Villsy. Najemite vilo za va\u0161e po\u010ditnice z dru\u017eino ali prijatelji, cela hi\u0161a samo za vas.","twitter_misc":{"Est. reading time":"1 minute"},"schema":{"@context":"https:\/\/schema.org","@graph":[{"@type":"WebPage","@id":"https:\/\/villsy.com\/sl\/garancija-najnizje-cene\/","url":"https:\/\/villsy.com\/sl\/garancija-najnizje-cene\/","name":"Garancija najni\u017eje cene - Villsy","isPartOf":{"@id":"https:\/\/villsy.com\/sl\/#website"},"datePublished":"2022-08-24T08:40:28+00:00","dateModified":"2023-07-28T09:43:43+00:00","description":"Jamstvo najni\u017eje cene - Poi\u0161\u010dite in rezervirajte vile z bazenom pri Villsy. Najemite vilo za va\u0161e po\u010ditnice z dru\u017eino ali prijatelji, cela hi\u0161a samo za vas.","breadcrumb":{"@id":"https:\/\/villsy.com\/sl\/garancija-najnizje-cene\/#breadcrumb"},"inLanguage":"sl","potentialAction":[{"@type":"ReadAction","target":["https:\/\/villsy.com\/sl\/garancija-najnizje-cene\/"]}]},{"@type":"BreadcrumbList","@id":"https:\/\/villsy.com\/sl\/garancija-najnizje-cene\/#breadcrumb","itemListElement":[{"@type":"ListItem","position":1,"name":"Villsy","item":"https:\/\/villsy.com\/sl\/"},{"@type":"ListItem","position":2,"name":"Lowest price SL"}]},{"@type":"WebSite","@id":"https:\/\/villsy.com\/sl\/#website","url":"https:\/\/villsy.com\/sl\/","name":"Villsy","description":"Just another WordPress site","potentialAction":[{"@type":"SearchAction","target":{"@type":"EntryPoint","urlTemplate":"https:\/\/villsy.com\/sl\/?s={search_term_string}"},"query-input":"required name=search_term_string"}],"inLanguage":"sl"}]}},"_links":{"self":[{"href":"https:\/\/villsy.com\/sl\/wp-json\/wp\/v2\/pages\/4495"}],"collection":[{"href":"https:\/\/villsy.com\/sl\/wp-json\/wp\/v2\/pages"}],"about":[{"href":"https:\/\/villsy.com\/sl\/wp-json\/wp\/v2\/types\/page"}],"author":[{"embeddable":true,"href":"https:\/\/villsy.com\/sl\/wp-json\/wp\/v2\/users\/1"}],"replies":[{"embeddable":true,"href":"https:\/\/villsy.com\/sl\/wp-json\/wp\/v2\/comments?post=4495"}],"version-history":[{"count":2,"href":"https:\/\/villsy.com\/sl\/wp-json\/wp\/v2\/pages\/4495\/revisions"}],"predecessor-version":[{"id":12142,"href":"https:\/\/villsy.com\/sl\/wp-json\/wp\/v2\/pages\/4495\/revisions\/12142"}],"wp:attachment":[{"href":"https:\/\/villsy.com\/sl\/wp-json\/wp\/v2\/media?parent=4495"}],"curies":[{"name":"wp","href":"https:\/\/api.w.org\/{rel}","templated":true}]}}