{"id":4462,"date":"2022-08-24T06:49:42","date_gmt":"2022-08-24T06:49:42","guid":{"rendered":"https:\/\/villsy.com\/?page_id=4462"},"modified":"2022-08-24T07:54:39","modified_gmt":"2022-08-24T07:54:39","slug":"pogosto-zastavljena-vprasanja","status":"publish","type":"page","link":"https:\/\/villsy.com\/sl\/pogosto-zastavljena-vprasanja\/","title":{"rendered":"Faq SL"},"content":{"rendered":"\n<h1 class=\"pb-5\">Pogosto zastavljena vpra\u0161anja<\/h1>\n\n\n\n<h2>STRO\u0160KI IN PLA\u010cILO&nbsp;&nbsp;<\/h2>\n\n\n\n<h4>1. Zakaj je depozit obvezen?<\/h4>\n\n\n\n<p>Depozit je obvezen, da rezervirate svojo lastnino in prepre\u010dite, da bi jo kdo drug rezerviral za iste datume.&nbsp;Depozit obi\u010dajno zna\u0161a 30% celotne cene.&nbsp;Va\u0161e kreditne kartice ne bomo bremenili, dokler ne po\u0161ljemo potrditve rezervacije, kar obi\u010dajno traja 24 ur.<\/p>\n\n\n\n<p>Ker je var\u0161\u010dina nepovratna, priporo\u010damo sklenitev po\u010ditni\u0161kega zavarovanja.<\/p>\n\n\n\n<h4>2. Kdaj pla\u010dam celoten znesek?<\/h4>\n\n\n\n<p>Celoten znesek obi\u010dajno zapade 8\u201312 tednov pred odhodom na dopust.&nbsp;O naslednjem pla\u010dilu vas bomo obvestili.<\/p>\n\n\n\n<h4>3. Kaj pa odpoved dopusta?<\/h4>\n\n\n\n<p>Prosimo, da nam \u010dim prej sporo\u010dite, da \u017eelite odpovedati dopust.&nbsp;Ne moremo povrniti pologa, ki ste ga pla\u010dali za zavarovanje va\u0161e rezervacije.&nbsp;Vendar, \u010de nam uspe najeti nepremi\u010dnino drugim gostom za isto obdobje in ceno, bomo morda lahko povrnili del pologa ali celo celoten polog, zmanj\u0161an za transakrijske stro\u0161ke.<\/p>\n\n\n\n<h4>4. Var\u0161\u010dina \u2013 \u010demu slu\u017ei?<\/h4>\n\n\n\n<p>\u010ce vilo zapustite \u010disto, urejeno in v enakem stanju kot je bila \u2013 brez skrbi.&nbsp;Va\u0161 polog za \u0161kodo bo vrnjen.<\/p>\n\n\n\n<h4>5. Kako in kdaj pla\u010dam var\u0161\u010dino?<\/h4>\n\n\n\n<p>Var\u0161\u010dina se pla\u010da neposredno lastniku stanovanja in se vrne ob koncu va\u0161ega bivanja<\/p>\n\n\n\n<h4>6. Ali obstajajo dodatni stro\u0161ki?<\/h4>\n\n\n\n<p>Vedno potrdimo vse stro\u0161ke, povezane z najemom vile.&nbsp;Drugih stro\u0161kov ne sme biti.<\/p>\n\n\n\n<p>Izjeme so lahko:<\/p>\n\n\n\n<ul><li>Var\u0161\u010dina<\/li><li>hi\u0161ni ljubljen\u010dki (obve\u0161\u010deni boste ob rezervaciji)<\/li><li>ogrevani bazeni aprila, maja, junija, septembra in oktobra.&nbsp;Vpra\u0161ajte, ali \u017eelite uporabljati ogrevanje bazena.<\/li><\/ul>\n\n\n\n<h4>7. Ali se obra\u010duna DDV?<\/h4>\n\n\n\n<p>Vse na\u0161e cene vklju\u010dujejo DDV, brez dodatnih stro\u0161kov.<\/p>\n\n\n\n<h4>8. Ali smo povezani z ATOL?<\/h4>\n\n\n\n<p>Ne, ponujamo samo nastanitev in zahteva za obveznico ATOL ne velja.<\/p>\n\n\n\n<h2>DRUGO<\/h2>\n\n\n\n<h4>1. Ali potrebujem avto?<\/h4>\n\n\n\n<p>Odvisno od lokacije nepremi\u010dnine in va\u0161ih zahtev.&nbsp;Nekatere vile so oddaljene, zato je uporaba avtomobila nujna.<\/p>\n\n\n\n<h4>2. Kje je najbli\u017eje letali\u0161\u010de?<\/h4>\n\n\n\n<p>Vse informacije so v zavihku lokacije.&nbsp;Vse nepremi\u010dnine so na to\u010dno dolo\u010deni lokaciji.&nbsp;\u010ce potrebujete dodatno pomo\u010d, se obrnite na nas.<\/p>\n\n\n\n<h4>3. Ali je vila primerna za otroke?<\/h4>\n\n\n\n<p>Skratka \u2013 ja.&nbsp;Ve\u010dina nastanitev je primernih za otroke in imajo otro\u0161ke posteljice ter otro\u0161ki stol.&nbsp;\u010ce potujete z otroki, nam svetujte.<\/p>\n\n\n\n<h4>4. Doma\u010de \u017eivali<\/h4>\n\n\n\n<p>Nekatere vile so hi\u0161nim ljubljen\u010dkom prijazne, nekatere pa ne.&nbsp;Ve\u010dina lastnikov dovoli dobro vzgojene hi\u0161ne ljubljen\u010dke za majhno dopla\u010dilo.&nbsp;Na na\u0161i spletni strani in v funkciji filtra je navedeno tudi, katere vile dovoljujejo hi\u0161ne ljubljen\u010dke.<\/p>\n\n\n\n<h4>5. Ali je bazen varen za otroke?<\/h4>\n\n\n\n<p>Za bazen obi\u010dajno ni ovir, zato upo\u0161tevajte to, ko rezervirate vilo.&nbsp;Obi\u010dajna globina bazena je 1,3 &#8211; 1,6 metra.<\/p>\n\n\n\n<h4>6. Ali lastniki \u017eivijo v kraju?<\/h4>\n\n\n\n<p>V 99% primerov &#8211; ne.&nbsp;Lastnik morda \u017eivi v bli\u017eini, vendar v drugi hi\u0161i.&nbsp;Vse na\u0161e vile so samo za va\u0161o izklju\u010dno uporabo.<\/p>\n","protected":false},"excerpt":{"rendered":"<p>Pogosto zastavljena vpra\u0161anja STRO\u0160KI IN PLA\u010cILO&nbsp;&nbsp; 1. Zakaj je depozit obvezen? Depozit je obvezen, da rezervirate svojo lastnino in prepre\u010dite, da bi jo kdo drug rezerviral za iste datume.&nbsp;Depozit obi\u010dajno zna\u0161a 30% celotne cene.&nbsp;Va\u0161e kreditne kartice ne bomo bremenili, dokler ne po\u0161ljemo potrditve rezervacije, kar obi\u010dajno traja 24 ur. Ker je var\u0161\u010dina nepovratna, priporo\u010damo sklenitev [&hellip;]<\/p>\n","protected":false},"author":1,"featured_media":0,"parent":0,"menu_order":0,"comment_status":"closed","ping_status":"closed","template":"templates\/other.php","meta":[],"yoast_head":"<!-- This site is optimized with the Yoast SEO Premium plugin v19.2.1 (Yoast SEO v19.6.1) - https:\/\/yoast.com\/wordpress\/plugins\/seo\/ -->\n<title>Pogosto zastavljena vpra\u0161anja - Villsy<\/title>\n<meta name=\"description\" content=\"Poi\u0161\u010dite pogosta vpra\u0161anja o najemu vile pri Villsy.\" \/>\n<meta name=\"robots\" content=\"index, follow, max-snippet:-1, max-image-preview:large, max-video-preview:-1\" \/>\n<link rel=\"canonical\" href=\"https:\/\/villsy.com\/sl\/pogosto-zastavljena-vprasanja\/\" \/>\n<meta property=\"og:locale\" content=\"en_US\" \/>\n<meta property=\"og:type\" content=\"website\" \/>\n<meta property=\"og:title\" content=\"Pogosto zastavljena vpra\u0161anja\" \/>\n<meta property=\"og:description\" content=\"Poi\u0161\u010dite pogosta vpra\u0161anja o najemu vile pri Villsy.\" \/>\n<meta property=\"og:url\" content=\"https:\/\/villsy.com\/sl\/pogosto-zastavljena-vprasanja\/\" \/>\n<meta property=\"og:site_name\" content=\"Villsy\" \/>\n<meta property=\"article:modified_time\" content=\"2022-08-24T07:54:39+00:00\" \/>\n<meta name=\"twitter:card\" content=\"summary_large_image\" \/>\n<meta name=\"twitter:title\" content=\"Pogosto zastavljena vpra\u0161anja\" \/>\n<meta name=\"twitter:description\" content=\"Poi\u0161\u010dite pogosta vpra\u0161anja o najemu vile pri Villsy.\" \/>\n<meta name=\"twitter:label1\" content=\"Est. reading time\" \/>\n\t<meta name=\"twitter:data1\" content=\"2 minutes\" \/>\n<!-- \/ Yoast SEO Premium plugin. -->","yoast_head_json":{"title":"Pogosto zastavljena vpra\u0161anja - Villsy","description":"Poi\u0161\u010dite pogosta vpra\u0161anja o najemu vile pri Villsy.","robots":{"index":"index","follow":"follow","max-snippet":"max-snippet:-1","max-image-preview":"max-image-preview:large","max-video-preview":"max-video-preview:-1"},"canonical":"https:\/\/villsy.com\/sl\/pogosto-zastavljena-vprasanja\/","og_locale":"en_US","og_type":"website","og_title":"Pogosto zastavljena vpra\u0161anja","og_description":"Poi\u0161\u010dite pogosta vpra\u0161anja o najemu vile pri Villsy.","og_url":"https:\/\/villsy.com\/sl\/pogosto-zastavljena-vprasanja\/","og_site_name":"Villsy","article_modified_time":"2022-08-24T07:54:39+00:00","twitter_card":"summary_large_image","twitter_title":"Pogosto zastavljena vpra\u0161anja","twitter_description":"Poi\u0161\u010dite pogosta vpra\u0161anja o najemu vile pri Villsy.","twitter_misc":{"Est. reading time":"2 minutes"},"schema":{"@context":"https:\/\/schema.org","@graph":[{"@type":"WebPage","@id":"https:\/\/villsy.com\/sl\/pogosto-zastavljena-vprasanja\/","url":"https:\/\/villsy.com\/sl\/pogosto-zastavljena-vprasanja\/","name":"Pogosto zastavljena vpra\u0161anja - Villsy","isPartOf":{"@id":"https:\/\/villsy.com\/sl\/#website"},"datePublished":"2022-08-24T06:49:42+00:00","dateModified":"2022-08-24T07:54:39+00:00","description":"Poi\u0161\u010dite pogosta vpra\u0161anja o najemu vile pri Villsy.","breadcrumb":{"@id":"https:\/\/villsy.com\/sl\/pogosto-zastavljena-vprasanja\/#breadcrumb"},"inLanguage":"sl","potentialAction":[{"@type":"ReadAction","target":["https:\/\/villsy.com\/sl\/pogosto-zastavljena-vprasanja\/"]}]},{"@type":"BreadcrumbList","@id":"https:\/\/villsy.com\/sl\/pogosto-zastavljena-vprasanja\/#breadcrumb","itemListElement":[{"@type":"ListItem","position":1,"name":"Villsy","item":"https:\/\/villsy.com\/sl\/"},{"@type":"ListItem","position":2,"name":"Faq SL"}]},{"@type":"WebSite","@id":"https:\/\/villsy.com\/sl\/#website","url":"https:\/\/villsy.com\/sl\/","name":"Villsy","description":"Just another WordPress site","potentialAction":[{"@type":"SearchAction","target":{"@type":"EntryPoint","urlTemplate":"https:\/\/villsy.com\/sl\/?s={search_term_string}"},"query-input":"required name=search_term_string"}],"inLanguage":"sl"}]}},"_links":{"self":[{"href":"https:\/\/villsy.com\/sl\/wp-json\/wp\/v2\/pages\/4462"}],"collection":[{"href":"https:\/\/villsy.com\/sl\/wp-json\/wp\/v2\/pages"}],"about":[{"href":"https:\/\/villsy.com\/sl\/wp-json\/wp\/v2\/types\/page"}],"author":[{"embeddable":true,"href":"https:\/\/villsy.com\/sl\/wp-json\/wp\/v2\/users\/1"}],"replies":[{"embeddable":true,"href":"https:\/\/villsy.com\/sl\/wp-json\/wp\/v2\/comments?post=4462"}],"version-history":[{"count":1,"href":"https:\/\/villsy.com\/sl\/wp-json\/wp\/v2\/pages\/4462\/revisions"}],"predecessor-version":[{"id":4463,"href":"https:\/\/villsy.com\/sl\/wp-json\/wp\/v2\/pages\/4462\/revisions\/4463"}],"wp:attachment":[{"href":"https:\/\/villsy.com\/sl\/wp-json\/wp\/v2\/media?parent=4462"}],"curies":[{"name":"wp","href":"https:\/\/api.w.org\/{rel}","templated":true}]}}