{"id":4068,"date":"2022-07-19T12:04:42","date_gmt":"2022-07-19T12:04:42","guid":{"rendered":"https:\/\/villsy.com\/?page_id=4068"},"modified":"2025-10-07T11:26:57","modified_gmt":"2025-10-07T11:26:57","slug":"kontaktiraj-nas","status":"publish","type":"page","link":"https:\/\/villsy.com\/sl\/kontaktiraj-nas\/","title":{"rendered":"Contact SL"},"content":{"rendered":"\n<h2 class=\"has-text-align-center\" id=\"h-tukaj-smo-da-vam-pomagamo-skupaj-nacrtujmo-vas-popoln-dopust\">Tukaj smo, da vam pomagamo \u2013 skupaj na\u010drtujmo va\u0161 popoln dopust.<\/h2>\n\n\n\n<div style=\"height:40px\" aria-hidden=\"true\" class=\"wp-block-spacer\"><\/div>\n\n\n\n<p class=\"has-text-align-center\">Imate vpra\u0161anja o na\u0161ih \u010dudovitih vilah v Istri ali potrebujete pomo\u010d pri izbiri popolne vile za va\u0161 oddih?<\/p>\n\n\n\n<p class=\"has-text-align-center\">Ne glede na to, ali \u017eelite preveriti razpolo\u017eljivost, na\u010drtovati bivanje ali izvedeti ve\u010d podrobnosti \u2013 na\u0161a prijazna ekipa vam z veseljem pomaga! Stopite v stik z nami po telefonu, e-po\u0161ti ali prek spodnjega obrazca in poskrbeli bomo, da boste prejeli vse informacije za brezskrbne in spro\u0161\u010dene po\u010ditnice.<\/p>\n\n\n\n<p class=\"has-text-align-center\">Veselimo se va\u0161ega sporo\u010dila!<\/p>\n\n\n\n<h3 class=\"has-text-align-center\"><strong>Villsy \u2013 va\u0161 lokalni partner za popolne po\u010ditnice na Hrva\u0161kem.<\/strong><\/h3>\n\n\n\n<p><\/p>\n\n\n\n<form class=\"form-contact card shadow border p-4\">\n    <h2 class=\"mb-4\">\n            <\/h2>\n    <div class=\"row\">\n        <div class=\"col-lg-6 col-12\">\n            <div class=\"form-group  mb-3 \">\n                <label for=\"name\">Ime*<\/label>\n                <input required=\"\" name=\"name\" type=\"text\" class=\"form-control  bg-transparent\" id=\"contact-name\" placeholder=\"Ime\">\n            <\/div>\n        <\/div>\n        <div class=\"col-lg-6 col-12\">\n            <div class=\"form-group  mb-3\">\n                <label for=\"surname\">Priimek*<\/label>\n                <input required=\"\" name=\"surname\" type=\"text\" class=\"form-control  bg-transparent\" id=\"contact-surname\" placeholder=\"Priimek\">\n            <\/div>\n        <\/div>\n\n        <div class=\"col-lg-6 col-12\">\n            <div class=\"form-group  mb-3\">\n                <label for=\"email\">E-po\u0161ta*<\/label>\n                <input required=\"\" name=\"email\" type=\"email\" class=\"form-control  bg-transparent\" id=\"contact-email\" placeholder=\"E-po\u0161ta\"> \n            <\/div>\n        <\/div>\n        <div class=\"col-lg-6 col-12\">\n            <div class=\"form-group  mb-3\">\n                <label for=\"phone\">telefon*<\/label>\n                <input name=\"phone\" type=\"text\" class=\"form-control  bg-transparent\" id=\"contact-tel\" placeholder=\"telefon\">\n            <\/div>\n        <\/div>\n        <div class=\"col-12\">\n            <div class=\"form-group  mb-3\">\n                <label for=\"message\">Sporo\u010dilo*<\/label>\n                <textarea name=\"message\" type=\"text\" rows=\"5\" class=\"form-control  bg-transparent\" id=\"contact-text\" placeholder=\"Sporo\u010dilo\"><\/textarea>\n            <\/div>\n        <\/div>\n        <div class=\"col-12 mb-3\">\n            <div class=\"form-check\">\n                <input required type=\"checkbox\" class=\"form-check-input\" name=\"agree\" id=\"agree\">\n                <label class=\"form-check-label\" for=\"agree\">\n                    Prebral sem in se strinjam s <a href=\"\/sl\/privacy-policy\/\">pravilnikom o zasebnosti<\/a>                <\/label>\n            <\/div>\n        <\/div>\n\n    <\/div>\n    <div class=\"row no-gutters\">\n        <div class=\"col-lg-8\">\n            <div>\n                To spletno mesto je za\u0161\u010diteno z reCAPTCHA in uporablja <a href=\"https:\/\/policies.google.com\/privacy\" target=\"_blank\">Googlov pravilnik o zasebnosti<\/a> in <a href=\" https:\/\/policies.google.com\/terms\" target=\"_blank\">Pogoji storitve<\/a>.            <\/div>\n        <\/div>\n        <div class=\"col-lg\">\n            <div class=\"d-flex flex-row justify-content-end\">\n                <button type=\"submit\" class=\"btn btn-primary contact-btn\">\n                    Po\u0161lji sporo\u010dilo\n                <\/button>\n                <div class=\"contact-spinner d-none spinner-border align-items-center justify-content-center\" role=\"status\">\n                    <i class=\"las la-envelope la-lg\"><\/i>\n                    <span class=\"sr-only\">Nalaganje...<\/span>\n                <\/div>\n            <\/div>\n        <\/div>\n    <\/div>\n<\/form>\n\n\n\n<div id=\"contact-modal\" class=\"modal fade\" tabindex=\"-1\" role=\"dialog\">\n  <div class=\"modal-dialog\">\n    <div class=\"modal-content\">\n      <div class=\"modal-header\">\n        <h5 class=\"modal-title font-weight-light\">\n            Hvala za va\u0161e zanimanje.        <\/h5>\n        <button type=\"button\" class=\"btn-close\" data-bs-dismiss=\"modal\" aria-label=\"Close\"><\/button>\n      <\/div>\n      <div class=\"modal-body font-weight-normal\">\n        <p class=\"response-output\"><\/p>\n      <\/div>\n      <div class=\"modal-footer\">\n        <button type=\"button\" class=\"btn btn-primary font-weight-bold\" data-bs-dismiss=\"modal\">Close<\/button>\n      <\/div>\n    <\/div>\n  <\/div>\n<\/div>\n\n\n\n\n\n<hr class=\"wp-block-separator has-alpha-channel-opacity\"\/>\n\n\n\n<h3 id=\"h-imprint\">Imprint:<\/h3>\n\n\n\n<p><strong><strong>VILLSY d.o.o.<\/strong> \u2013 dru\u017eba z omejeno odgovornostjo za oddajanje nepremi\u010dnin, turizem in storitve potovalne agencije<br>Registracijska \u0161tevilka: <strong>130093085 \u2013 Trgovsko sodi\u0161\u010de Pazin<\/strong> | ID za DDV: <strong>HR17191292654<\/strong><\/strong><\/p>\n\n\n\n<p>IBAN: HR62 2340 0091 1110 0258 1 | PRIVREDNA BANKA ZAGREB d.d., Radni\u010dka cesta 50, 10000 Zagreb | SWIFT code: PBZGHR22<\/p>\n\n\n\n<p>NASLOV: Kastavska 18, 52000 Pazin, Croatia<br> <br>DIREKTOR: Toni Hrelja<br>VODJA AGENCIJE: Suzana Hrelja<br><strong>URADNE URE:<\/strong> Ponedeljek\u2013Petek 9:00\u201317:00<br>E-mail: <a href=\"mailto:info@villsy.com\">info@villsy.com<\/a><br>Web: <a href=\"\/\">www.villsy.com<\/a><br>TEL: +385 91 585 2596<\/p>\n","protected":false},"excerpt":{"rendered":"<p>Tukaj smo, da vam pomagamo \u2013 skupaj na\u010drtujmo va\u0161 popoln dopust. Imate vpra\u0161anja o na\u0161ih \u010dudovitih vilah v Istri ali potrebujete pomo\u010d pri izbiri popolne vile za va\u0161 oddih? Ne glede na to, ali \u017eelite preveriti razpolo\u017eljivost, na\u010drtovati bivanje ali izvedeti ve\u010d podrobnosti \u2013 na\u0161a prijazna ekipa vam z veseljem pomaga! Stopite v stik z [&hellip;]<\/p>\n","protected":false},"author":1,"featured_media":0,"parent":0,"menu_order":0,"comment_status":"closed","ping_status":"closed","template":"templates\/other.php","meta":[],"yoast_head":"<!-- This site is optimized with the Yoast SEO Premium plugin v19.2.1 (Yoast SEO v19.6.1) - https:\/\/yoast.com\/wordpress\/plugins\/seo\/ -->\n<title>Kontaktirajte nas - Poi\u0161\u010dite in rezervirajte vile z bazeni pri Villsy<\/title>\n<meta name=\"description\" content=\"Pi\u0161ite nam - Poi\u0161\u010dite in rezervirajte vile z bazeni z Villsyjem. Najemite vilo za dopust z dru\u017eino ali prijatelji, cela hi\u0161a samo za vas.\" \/>\n<meta name=\"robots\" content=\"index, follow, max-snippet:-1, max-image-preview:large, max-video-preview:-1\" \/>\n<link rel=\"canonical\" href=\"https:\/\/villsy.com\/sl\/kontaktiraj-nas\/\" \/>\n<meta property=\"og:locale\" content=\"en_US\" \/>\n<meta property=\"og:type\" content=\"website\" \/>\n<meta property=\"og:title\" content=\"Kontaktiraj nas\" \/>\n<meta property=\"og:description\" content=\"Pi\u0161ite nam - Poi\u0161\u010dite in rezervirajte vile z bazeni z Villsyjem. Najemite vilo za dopust z dru\u017eino ali prijatelji, cela hi\u0161a samo za vas.\" \/>\n<meta property=\"og:url\" content=\"https:\/\/villsy.com\/sl\/kontaktiraj-nas\/\" \/>\n<meta property=\"og:site_name\" content=\"Villsy\" \/>\n<meta property=\"article:modified_time\" content=\"2025-10-07T11:26:57+00:00\" \/>\n<meta name=\"twitter:card\" content=\"summary_large_image\" \/>\n<meta name=\"twitter:title\" content=\"Kontaktiraj nas\" \/>\n<meta name=\"twitter:description\" content=\"Pi\u0161ite nam - Poi\u0161\u010dite in rezervirajte vile z bazeni z Villsyjem. Najemite vilo za dopust z dru\u017eino ali prijatelji, cela hi\u0161a samo za vas.\" \/>\n<meta name=\"twitter:label1\" content=\"Est. reading time\" \/>\n\t<meta name=\"twitter:data1\" content=\"1 minute\" \/>\n<!-- \/ Yoast SEO Premium plugin. -->","yoast_head_json":{"title":"Kontaktirajte nas - Poi\u0161\u010dite in rezervirajte vile z bazeni pri Villsy","description":"Pi\u0161ite nam - Poi\u0161\u010dite in rezervirajte vile z bazeni z Villsyjem. Najemite vilo za dopust z dru\u017eino ali prijatelji, cela hi\u0161a samo za vas.","robots":{"index":"index","follow":"follow","max-snippet":"max-snippet:-1","max-image-preview":"max-image-preview:large","max-video-preview":"max-video-preview:-1"},"canonical":"https:\/\/villsy.com\/sl\/kontaktiraj-nas\/","og_locale":"en_US","og_type":"website","og_title":"Kontaktiraj nas","og_description":"Pi\u0161ite nam - Poi\u0161\u010dite in rezervirajte vile z bazeni z Villsyjem. Najemite vilo za dopust z dru\u017eino ali prijatelji, cela hi\u0161a samo za vas.","og_url":"https:\/\/villsy.com\/sl\/kontaktiraj-nas\/","og_site_name":"Villsy","article_modified_time":"2025-10-07T11:26:57+00:00","twitter_card":"summary_large_image","twitter_title":"Kontaktiraj nas","twitter_description":"Pi\u0161ite nam - Poi\u0161\u010dite in rezervirajte vile z bazeni z Villsyjem. Najemite vilo za dopust z dru\u017eino ali prijatelji, cela hi\u0161a samo za vas.","twitter_misc":{"Est. reading time":"1 minute"},"schema":{"@context":"https:\/\/schema.org","@graph":[{"@type":"WebPage","@id":"https:\/\/villsy.com\/sl\/kontaktiraj-nas\/","url":"https:\/\/villsy.com\/sl\/kontaktiraj-nas\/","name":"Kontaktirajte nas - Poi\u0161\u010dite in rezervirajte vile z bazeni pri Villsy","isPartOf":{"@id":"https:\/\/villsy.com\/sl\/#website"},"datePublished":"2022-07-19T12:04:42+00:00","dateModified":"2025-10-07T11:26:57+00:00","description":"Pi\u0161ite nam - Poi\u0161\u010dite in rezervirajte vile z bazeni z Villsyjem. Najemite vilo za dopust z dru\u017eino ali prijatelji, cela hi\u0161a samo za vas.","breadcrumb":{"@id":"https:\/\/villsy.com\/sl\/kontaktiraj-nas\/#breadcrumb"},"inLanguage":"sl","potentialAction":[{"@type":"ReadAction","target":["https:\/\/villsy.com\/sl\/kontaktiraj-nas\/"]}]},{"@type":"BreadcrumbList","@id":"https:\/\/villsy.com\/sl\/kontaktiraj-nas\/#breadcrumb","itemListElement":[{"@type":"ListItem","position":1,"name":"Villsy","item":"https:\/\/villsy.com\/sl\/"},{"@type":"ListItem","position":2,"name":"Contact SL"}]},{"@type":"WebSite","@id":"https:\/\/villsy.com\/sl\/#website","url":"https:\/\/villsy.com\/sl\/","name":"Villsy","description":"Just another WordPress site","potentialAction":[{"@type":"SearchAction","target":{"@type":"EntryPoint","urlTemplate":"https:\/\/villsy.com\/sl\/?s={search_term_string}"},"query-input":"required name=search_term_string"}],"inLanguage":"sl"}]}},"_links":{"self":[{"href":"https:\/\/villsy.com\/sl\/wp-json\/wp\/v2\/pages\/4068"}],"collection":[{"href":"https:\/\/villsy.com\/sl\/wp-json\/wp\/v2\/pages"}],"about":[{"href":"https:\/\/villsy.com\/sl\/wp-json\/wp\/v2\/types\/page"}],"author":[{"embeddable":true,"href":"https:\/\/villsy.com\/sl\/wp-json\/wp\/v2\/users\/1"}],"replies":[{"embeddable":true,"href":"https:\/\/villsy.com\/sl\/wp-json\/wp\/v2\/comments?post=4068"}],"version-history":[{"count":8,"href":"https:\/\/villsy.com\/sl\/wp-json\/wp\/v2\/pages\/4068\/revisions"}],"predecessor-version":[{"id":30524,"href":"https:\/\/villsy.com\/sl\/wp-json\/wp\/v2\/pages\/4068\/revisions\/30524"}],"wp:attachment":[{"href":"https:\/\/villsy.com\/sl\/wp-json\/wp\/v2\/media?parent=4068"}],"curies":[{"name":"wp","href":"https:\/\/api.w.org\/{rel}","templated":true}]}}