{"id":7954,"date":"2023-05-17T11:44:45","date_gmt":"2023-05-17T11:44:45","guid":{"rendered":"https:\/\/villsy.com\/?page_id=7954"},"modified":"2023-08-04T10:02:37","modified_gmt":"2023-08-04T10:02:37","slug":"poistenie-storna-zajazdu","status":"publish","type":"page","link":"https:\/\/villsy.com\/sk\/poistenie-storna-zajazdu\/","title":{"rendered":"Poistenie storna z\u00e1jazdu"},"content":{"rendered":"\n<h1 class=\"has-text-align-center\" id=\"h-allianz-poistenie-storna-zajazdu-all-risk\">Allianz poistenie storna z\u00e1jazdu \u201eALL RISK\u201c.<\/h1>\n\n\n\n<div style=\"height:25px\" aria-hidden=\"true\" class=\"wp-block-spacer\"><\/div>\n\n\n\n<p><\/p>\n\n\n\n<div class=\"wp-container-3 wp-block-columns\">\n<div class=\"wp-container-1 wp-block-column\"><div class=\"wp-block-image\">\n<figure class=\"alignleft size-large is-resized\"><img loading=\"lazy\" src=\"https:\/\/villsy.com\/wp-content\/uploads\/AZ_Logo_positive_RGB-1600x397.png\" alt=\"\" class=\"wp-image-7888\" width=\"229\" height=\"57\" srcset=\"https:\/\/villsy.com\/wp-content\/uploads\/AZ_Logo_positive_RGB-1600x397.png 1600w, https:\/\/villsy.com\/wp-content\/uploads\/AZ_Logo_positive_RGB-300x74.png 300w, https:\/\/villsy.com\/wp-content\/uploads\/AZ_Logo_positive_RGB-768x190.png 768w, https:\/\/villsy.com\/wp-content\/uploads\/AZ_Logo_positive_RGB-1536x381.png 1536w, https:\/\/villsy.com\/wp-content\/uploads\/AZ_Logo_positive_RGB.png 1666w\" sizes=\"(max-width: 229px) 100vw, 229px\" \/><\/figure><\/div><\/div>\n\n\n\n<div class=\"wp-container-2 wp-block-column\"><div class=\"wp-block-image\">\n<figure class=\"alignright size-full is-resized\"><img loading=\"lazy\" src=\"https:\/\/villsy.com\/wp-content\/uploads\/Zlatni-vodoravni1.jpg\" alt=\"\" class=\"wp-image-7894\" width=\"236\" height=\"51\" srcset=\"https:\/\/villsy.com\/wp-content\/uploads\/Zlatni-vodoravni1.jpg 1600w, https:\/\/villsy.com\/wp-content\/uploads\/Zlatni-vodoravni1-300x66.jpg 300w, https:\/\/villsy.com\/wp-content\/uploads\/Zlatni-vodoravni1-768x169.jpg 768w, https:\/\/villsy.com\/wp-content\/uploads\/Zlatni-vodoravni1-1536x338.jpg 1536w\" sizes=\"(max-width: 236px) 100vw, 236px\" \/><\/figure><\/div><\/div>\n<\/div>\n\n\n\n<div style=\"height:15px\" aria-hidden=\"true\" class=\"wp-block-spacer\"><\/div>\n\n\n\n<figure class=\"wp-block-image size-large\"><img loading=\"lazy\" width=\"1600\" height=\"593\" src=\"https:\/\/villsy.com\/wp-content\/uploads\/Travel-insurance1-1600x593.jpg\" alt=\"\" class=\"wp-image-7931\" srcset=\"https:\/\/villsy.com\/wp-content\/uploads\/Travel-insurance1-1600x593.jpg 1600w, https:\/\/villsy.com\/wp-content\/uploads\/Travel-insurance1-300x111.jpg 300w, https:\/\/villsy.com\/wp-content\/uploads\/Travel-insurance1-768x284.jpg 768w, https:\/\/villsy.com\/wp-content\/uploads\/Travel-insurance1-1536x569.jpg 1536w, https:\/\/villsy.com\/wp-content\/uploads\/Travel-insurance1.jpg 1920w\" sizes=\"(max-width: 1600px) 100vw, 1600px\" \/><\/figure>\n\n\n\n<div style=\"height:30px\" aria-hidden=\"true\" class=\"wp-block-spacer\"><\/div>\n\n\n\n<h4 class=\"has-text-align-left\">V spolupr\u00e1ci s jednou z popredn\u00fdch pois\u0165ovn\u00ed Allianz pon\u00fakame poistenie storna z\u00e1jazdu Allianz \u201eALL RISK\u201c.<\/h4>\n\n\n\n<ul><li>Poistenie storna cesty v\u00e1s chr\u00e1ni pred finan\u010dnou stratou, ak ste n\u00faten\u00ed zru\u0161i\u0165 cestu z opr\u00e1vnen\u00e9ho d\u00f4vodu<\/li><\/ul>\n\n\n\n<div style=\"height:12px\" aria-hidden=\"true\" class=\"wp-block-spacer\"><\/div>\n\n\n\n<h4>\u010co je zahrnut\u00e9?<\/h4>\n\n\n\n<ul><li>90% zo zaplatenej sumy v pr\u00edpade zru\u0161enia z\u00e1jazdu z v\u00e1\u017eneho d\u00f4vodu<\/li><li>90 % zo zaplatenej sumy za dni cesty, ktor\u00e9 ste z opr\u00e1vnen\u00e9ho d\u00f4vodu nevyu\u017eili<\/li><\/ul>\n\n\n\n<h4><br>D\u00f4le\u017eit\u00e9 detaily<\/h4>\n\n\n\n<div class=\"wp-container-5 wp-block-group\"><div class=\"wp-block-group__inner-container\">\n<div class=\"wp-container-4 wp-block-group\"><div class=\"wp-block-group__inner-container\">\n<ul><li>Poistenie storna z\u00e1jazdu je mo\u017en\u00e9 dok\u00fapi\u0165 do 48 hod\u00edn od uzatvorenia cestovnej zmluvy, t.j. obdr\u017eania potvrdenia rezerv\u00e1cie<\/li><li>Cena poistenia storna je 4,5% z ceny rezerv\u00e1cie.<\/li><\/ul>\n<\/div><\/div>\n<\/div><\/div>\n\n\n\n<p><\/p>\n\n\n\n<h4>Dokumenty<\/h4>\n\n\n\n<p><\/p>\n\n\n\n<ul><li><a href=\"\/wp-content\/uploads\/Travel_cancellation-1-2.pdf\">Cestovn\u00fd storno bal\u00ed\u010dek<\/a><\/li><li><a href=\"\/wp-content\/uploads\/Uputa-za-prijavu-stete-PUTNO-1.pdf\">Pokyny na nahl\u00e1senie reklam\u00e1cie<\/a><\/li><\/ul>\n","protected":false},"excerpt":{"rendered":"<p>Allianz poistenie storna z\u00e1jazdu \u201eALL RISK\u201c. V spolupr\u00e1ci s jednou z popredn\u00fdch pois\u0165ovn\u00ed Allianz pon\u00fakame poistenie storna z\u00e1jazdu Allianz \u201eALL RISK\u201c. Poistenie storna cesty v\u00e1s chr\u00e1ni pred finan\u010dnou stratou, ak ste n\u00faten\u00ed zru\u0161i\u0165 cestu z opr\u00e1vnen\u00e9ho d\u00f4vodu \u010co je zahrnut\u00e9? 90% zo zaplatenej sumy v pr\u00edpade zru\u0161enia z\u00e1jazdu z v\u00e1\u017eneho d\u00f4vodu 90 % zo zaplatenej [&hellip;]<\/p>\n","protected":false},"author":2,"featured_media":0,"parent":0,"menu_order":0,"comment_status":"closed","ping_status":"closed","template":"templates\/other.php","meta":[],"yoast_head":"<!-- This site is optimized with the Yoast SEO Premium plugin v19.2.1 (Yoast SEO v19.6.1) - https:\/\/yoast.com\/wordpress\/plugins\/seo\/ -->\n<title>Poistenie storna z\u00e1jazdu - Villsy<\/title>\n<meta name=\"description\" content=\"V spolupr\u00e1ci s jednou z popredn\u00fdch pois\u0165ovn\u00ed Allianz pon\u00fakame poistenie storna z\u00e1jazdu Allianz \u201eALL RISK\u201c\" \/>\n<meta name=\"robots\" content=\"index, follow, max-snippet:-1, max-image-preview:large, max-video-preview:-1\" \/>\n<link rel=\"canonical\" href=\"https:\/\/villsy.com\/sk\/poistenie-storna-zajazdu\/\" \/>\n<meta property=\"og:locale\" content=\"sk_SK\" \/>\n<meta property=\"og:type\" content=\"website\" \/>\n<meta property=\"og:title\" content=\"Poistenie storna z\u00e1jazdu - Villsy\" \/>\n<meta property=\"og:description\" content=\"V spolupr\u00e1ci s jednou z popredn\u00fdch pois\u0165ovn\u00ed Allianz pon\u00fakame poistenie storna z\u00e1jazdu Allianz \u201eALL RISK\u201c\" \/>\n<meta property=\"og:url\" content=\"https:\/\/villsy.com\/sk\/poistenie-storna-zajazdu\/\" \/>\n<meta property=\"og:site_name\" content=\"Villsy\" \/>\n<meta property=\"article:modified_time\" content=\"2023-08-04T10:02:37+00:00\" \/>\n<meta property=\"og:image\" content=\"https:\/\/villsy.com\/wp-content\/uploads\/AZ_Logo_positive_RGB-1600x397.png\" \/>\n<meta name=\"twitter:card\" content=\"summary_large_image\" \/>\n<meta name=\"twitter:label1\" content=\"Est. reading time\" \/>\n\t<meta name=\"twitter:data1\" content=\"2 minutes\" \/>\n<!-- \/ Yoast SEO Premium plugin. -->","yoast_head_json":{"title":"Poistenie storna z\u00e1jazdu - Villsy","description":"V spolupr\u00e1ci s jednou z popredn\u00fdch pois\u0165ovn\u00ed Allianz pon\u00fakame poistenie storna z\u00e1jazdu Allianz \u201eALL RISK\u201c","robots":{"index":"index","follow":"follow","max-snippet":"max-snippet:-1","max-image-preview":"max-image-preview:large","max-video-preview":"max-video-preview:-1"},"canonical":"https:\/\/villsy.com\/sk\/poistenie-storna-zajazdu\/","og_locale":"sk_SK","og_type":"website","og_title":"Poistenie storna z\u00e1jazdu - Villsy","og_description":"V spolupr\u00e1ci s jednou z popredn\u00fdch pois\u0165ovn\u00ed Allianz pon\u00fakame poistenie storna z\u00e1jazdu Allianz \u201eALL RISK\u201c","og_url":"https:\/\/villsy.com\/sk\/poistenie-storna-zajazdu\/","og_site_name":"Villsy","article_modified_time":"2023-08-04T10:02:37+00:00","og_image":[{"url":"https:\/\/villsy.com\/wp-content\/uploads\/AZ_Logo_positive_RGB-1600x397.png"}],"twitter_card":"summary_large_image","twitter_misc":{"Est. reading time":"2 minutes"},"schema":{"@context":"https:\/\/schema.org","@graph":[{"@type":"WebPage","@id":"https:\/\/villsy.com\/sk\/poistenie-storna-zajazdu\/","url":"https:\/\/villsy.com\/sk\/poistenie-storna-zajazdu\/","name":"Poistenie storna z\u00e1jazdu - Villsy","isPartOf":{"@id":"https:\/\/villsy.com\/sk\/#website"},"datePublished":"2023-05-17T11:44:45+00:00","dateModified":"2023-08-04T10:02:37+00:00","description":"V spolupr\u00e1ci s jednou z popredn\u00fdch pois\u0165ovn\u00ed Allianz pon\u00fakame poistenie storna z\u00e1jazdu Allianz \u201eALL RISK\u201c","breadcrumb":{"@id":"https:\/\/villsy.com\/sk\/poistenie-storna-zajazdu\/#breadcrumb"},"inLanguage":"sk","potentialAction":[{"@type":"ReadAction","target":["https:\/\/villsy.com\/sk\/poistenie-storna-zajazdu\/"]}]},{"@type":"BreadcrumbList","@id":"https:\/\/villsy.com\/sk\/poistenie-storna-zajazdu\/#breadcrumb","itemListElement":[{"@type":"ListItem","position":1,"name":"Villsy","item":"https:\/\/villsy.com\/sk\/"},{"@type":"ListItem","position":2,"name":"Poistenie storna z\u00e1jazdu"}]},{"@type":"WebSite","@id":"https:\/\/villsy.com\/sk\/#website","url":"https:\/\/villsy.com\/sk\/","name":"Villsy","description":"Just another WordPress site","potentialAction":[{"@type":"SearchAction","target":{"@type":"EntryPoint","urlTemplate":"https:\/\/villsy.com\/sk\/?s={search_term_string}"},"query-input":"required name=search_term_string"}],"inLanguage":"sk"}]}},"_links":{"self":[{"href":"https:\/\/villsy.com\/sk\/wp-json\/wp\/v2\/pages\/7954"}],"collection":[{"href":"https:\/\/villsy.com\/sk\/wp-json\/wp\/v2\/pages"}],"about":[{"href":"https:\/\/villsy.com\/sk\/wp-json\/wp\/v2\/types\/page"}],"author":[{"embeddable":true,"href":"https:\/\/villsy.com\/sk\/wp-json\/wp\/v2\/users\/2"}],"replies":[{"embeddable":true,"href":"https:\/\/villsy.com\/sk\/wp-json\/wp\/v2\/comments?post=7954"}],"version-history":[{"count":3,"href":"https:\/\/villsy.com\/sk\/wp-json\/wp\/v2\/pages\/7954\/revisions"}],"predecessor-version":[{"id":13397,"href":"https:\/\/villsy.com\/sk\/wp-json\/wp\/v2\/pages\/7954\/revisions\/13397"}],"wp:attachment":[{"href":"https:\/\/villsy.com\/sk\/wp-json\/wp\/v2\/media?parent=7954"}],"curies":[{"name":"wp","href":"https:\/\/api.w.org\/{rel}","templated":true}]}}