{"id":4485,"date":"2022-08-24T08:40:28","date_gmt":"2022-08-24T08:40:28","guid":{"rendered":"https:\/\/villsy.com\/?page_id=4485"},"modified":"2023-07-28T09:38:05","modified_gmt":"2023-07-28T09:38:05","slug":"garancia-najnizsej-ceny","status":"publish","type":"page","link":"https:\/\/villsy.com\/sk\/garancia-najnizsej-ceny\/","title":{"rendered":"Lowest price SK"},"content":{"rendered":"<div class=\"wp-block-image\">\n<figure class=\"aligncenter size-medium\"><img loading=\"lazy\" width=\"300\" height=\"300\" src=\"https:\/\/villsy.com\/wp-content\/uploads\/bagde-bestprice-new-300x300.png\" alt=\"\" class=\"wp-image-4253\" srcset=\"https:\/\/villsy.com\/wp-content\/uploads\/bagde-bestprice-new-300x300.png 300w, https:\/\/villsy.com\/wp-content\/uploads\/bagde-bestprice-new.png 647w\" sizes=\"(max-width: 300px) 100vw, 300px\" \/><\/figure><\/div>\n\n\n<h1 id=\"h-aby-sme-sa-uistili-ze-na-villsy-ziskate-tie-najlepsie-mozne-sluzby-mozeme-rucit-za-nasledovne\"><strong>Aby sme sa uistili, \u017ee na Villsy z\u00edskate tie najlep\u0161ie mo\u017en\u00e9 slu\u017eby, m\u00f4\u017eeme ru\u010di\u0165 za nasledovn\u00e9:<\/strong><\/h1>\n\n\n\n<ul><li>Na\u0161a webov\u00e1 str\u00e1nka v\u00e1m pri vytv\u00e1ran\u00ed rezerv\u00e1cie&nbsp;v\u017edy pon\u00fakne&nbsp;<strong>najni\u017e\u0161ie mo\u017en\u00e9 ceny .<\/strong><\/li><li>Ak by ste niekedy na\u0161li lep\u0161iu ponuku, ako je t\u00e1, ktor\u00fa pon\u00fakame, kontaktujte n\u00e1s a&nbsp;<strong>my v\u00e1m cenu dorovn\u00e1me<\/strong>&nbsp;.<\/li><li>V\u0161etky vily boli d\u00f4kladne skontrolovan\u00e9 na\u0161\u00edm t\u00edmom.&nbsp;<strong>Sme plne licencovan\u00e1 turistick\u00e1 agent\u00fara<\/strong>&nbsp;.<\/li><li>V\u0161etky popisy v\u00edl uveden\u00fdch na Villsy s\u00fa&nbsp;<strong>100% presn\u00e9 a umiestnenie v\u00edl je presn\u00e9.<\/strong><\/li><li>Ka\u017ed\u00e1 vila bola skontrolovan\u00e1 v\u0161etk\u00fdmi pr\u00edslu\u0161n\u00fdmi regula\u010dn\u00fdmi org\u00e1nmi Chorv\u00e1tskej republiky.<\/li><li>Kalend\u00e1re s\u00fa presn\u00e9 a pravidelne aktualizovan\u00e9.<\/li><li>V\u0161etci vlastn\u00edci v\u00edl s\u00fa zmluvne povinn\u00ed&nbsp;<strong>udr\u017eiava\u0165 vily v stave zodpovedaj\u00facom popisu uveden\u00e9mu na tejto webovej str\u00e1nke.<\/strong><\/li><li>Ak si vily prenajmete, m\u00f4\u017eete ich pou\u017e\u00edva\u0165 iba vy a \u013eudia, ktor\u00ed v\u00e1s sprev\u00e1dzaj\u00fa.&nbsp;In\u00ed hostia a majitelia ich nesm\u00fa pou\u017e\u00edva\u0165 ani ni\u010d in\u00e9 na pozemku.<\/li><li>Ceny zah\u0155\u0148aj\u00fa v\u0161etky poplatky a dane, ako je DPH, turistick\u00e1 da\u0148 a v\u0161etky energie.&nbsp;<strong>Neexistuj\u00fa \u017eiadne skryt\u00e9 n\u00e1klady.<\/strong><\/li><li>V\u017edy budete m\u00f4c\u0165 komunikova\u0165 s mana\u017e\u00e9rom nehnute\u013enosti, ktor\u00fd v\u00e1m m\u00f4\u017ee pom\u00f4c\u0165 s rezerv\u00e1ciou, zosta\u0165 s vami v kontakte predt\u00fdm, ako pr\u00eddete, a bude v\u00e1m k dispoz\u00edcii po\u010das v\u00e1\u0161ho pobytu.<\/li><\/ul>\n","protected":false},"excerpt":{"rendered":"<p>Aby sme sa uistili, \u017ee na Villsy z\u00edskate tie najlep\u0161ie mo\u017en\u00e9 slu\u017eby, m\u00f4\u017eeme ru\u010di\u0165 za nasledovn\u00e9: Na\u0161a webov\u00e1 str\u00e1nka v\u00e1m pri vytv\u00e1ran\u00ed rezerv\u00e1cie&nbsp;v\u017edy pon\u00fakne&nbsp;najni\u017e\u0161ie mo\u017en\u00e9 ceny . Ak by ste niekedy na\u0161li lep\u0161iu ponuku, ako je t\u00e1, ktor\u00fa pon\u00fakame, kontaktujte n\u00e1s a&nbsp;my v\u00e1m cenu dorovn\u00e1me&nbsp;. V\u0161etky vily boli d\u00f4kladne skontrolovan\u00e9 na\u0161\u00edm t\u00edmom.&nbsp;Sme plne licencovan\u00e1 turistick\u00e1 [&hellip;]<\/p>\n","protected":false},"author":1,"featured_media":0,"parent":0,"menu_order":0,"comment_status":"closed","ping_status":"closed","template":"templates\/other.php","meta":[],"yoast_head":"<!-- This site is optimized with the Yoast SEO Premium plugin v19.2.1 (Yoast SEO v19.6.1) - https:\/\/yoast.com\/wordpress\/plugins\/seo\/ -->\n<title>Garancia najni\u017e\u0161ej ceny - Villsy<\/title>\n<meta name=\"description\" content=\"Garancia najni\u017e\u0161ej ceny - N\u00e1jdite a rezervujte si vily s baz\u00e9nmi s Villsym. Prenajmite si vilu na dovolenku s rodinou alebo priate\u013emi, cel\u00fd dom len pre v\u00e1s.\" \/>\n<meta name=\"robots\" content=\"index, follow, max-snippet:-1, max-image-preview:large, max-video-preview:-1\" \/>\n<link rel=\"canonical\" href=\"https:\/\/villsy.com\/sk\/garancia-najnizsej-ceny\/\" \/>\n<meta property=\"og:locale\" content=\"sk_SK\" \/>\n<meta property=\"og:type\" content=\"website\" \/>\n<meta property=\"og:title\" content=\"Garancia najni\u017e\u0161ej ceny\" \/>\n<meta property=\"og:description\" content=\"Garancia najni\u017e\u0161ej ceny - N\u00e1jdite a rezervujte si vily s baz\u00e9nmi s Villsym. Prenajmite si vilu na dovolenku s rodinou alebo priate\u013emi, cel\u00fd dom len pre v\u00e1s.\" \/>\n<meta property=\"og:url\" content=\"https:\/\/villsy.com\/sk\/garancia-najnizsej-ceny\/\" \/>\n<meta property=\"og:site_name\" content=\"Villsy\" \/>\n<meta property=\"article:modified_time\" content=\"2023-07-28T09:38:05+00:00\" \/>\n<meta property=\"og:image\" content=\"https:\/\/villsy.com\/wp-content\/uploads\/bagde-bestprice-new-300x300.png\" \/>\n<meta name=\"twitter:card\" content=\"summary_large_image\" \/>\n<meta name=\"twitter:title\" content=\"Garancia najni\u017e\u0161ej ceny\" \/>\n<meta name=\"twitter:description\" content=\"Garancia najni\u017e\u0161ej ceny - N\u00e1jdite a rezervujte si vily s baz\u00e9nmi s Villsym. Prenajmite si vilu na dovolenku s rodinou alebo priate\u013emi, cel\u00fd dom len pre v\u00e1s.\" \/>\n<meta name=\"twitter:label1\" content=\"Est. reading time\" \/>\n\t<meta name=\"twitter:data1\" content=\"1 minute\" \/>\n<!-- \/ Yoast SEO Premium plugin. -->","yoast_head_json":{"title":"Garancia najni\u017e\u0161ej ceny - Villsy","description":"Garancia najni\u017e\u0161ej ceny - N\u00e1jdite a rezervujte si vily s baz\u00e9nmi s Villsym. Prenajmite si vilu na dovolenku s rodinou alebo priate\u013emi, cel\u00fd dom len pre v\u00e1s.","robots":{"index":"index","follow":"follow","max-snippet":"max-snippet:-1","max-image-preview":"max-image-preview:large","max-video-preview":"max-video-preview:-1"},"canonical":"https:\/\/villsy.com\/sk\/garancia-najnizsej-ceny\/","og_locale":"sk_SK","og_type":"website","og_title":"Garancia najni\u017e\u0161ej ceny","og_description":"Garancia najni\u017e\u0161ej ceny - N\u00e1jdite a rezervujte si vily s baz\u00e9nmi s Villsym. Prenajmite si vilu na dovolenku s rodinou alebo priate\u013emi, cel\u00fd dom len pre v\u00e1s.","og_url":"https:\/\/villsy.com\/sk\/garancia-najnizsej-ceny\/","og_site_name":"Villsy","article_modified_time":"2023-07-28T09:38:05+00:00","og_image":[{"url":"https:\/\/villsy.com\/wp-content\/uploads\/bagde-bestprice-new-300x300.png"}],"twitter_card":"summary_large_image","twitter_title":"Garancia najni\u017e\u0161ej ceny","twitter_description":"Garancia najni\u017e\u0161ej ceny - N\u00e1jdite a rezervujte si vily s baz\u00e9nmi s Villsym. Prenajmite si vilu na dovolenku s rodinou alebo priate\u013emi, cel\u00fd dom len pre v\u00e1s.","twitter_misc":{"Est. reading time":"1 minute"},"schema":{"@context":"https:\/\/schema.org","@graph":[{"@type":"WebPage","@id":"https:\/\/villsy.com\/sk\/garancia-najnizsej-ceny\/","url":"https:\/\/villsy.com\/sk\/garancia-najnizsej-ceny\/","name":"Garancia najni\u017e\u0161ej ceny - Villsy","isPartOf":{"@id":"https:\/\/villsy.com\/sk\/#website"},"datePublished":"2022-08-24T08:40:28+00:00","dateModified":"2023-07-28T09:38:05+00:00","description":"Garancia najni\u017e\u0161ej ceny - N\u00e1jdite a rezervujte si vily s baz\u00e9nmi s Villsym. Prenajmite si vilu na dovolenku s rodinou alebo priate\u013emi, cel\u00fd dom len pre v\u00e1s.","breadcrumb":{"@id":"https:\/\/villsy.com\/sk\/garancia-najnizsej-ceny\/#breadcrumb"},"inLanguage":"sk","potentialAction":[{"@type":"ReadAction","target":["https:\/\/villsy.com\/sk\/garancia-najnizsej-ceny\/"]}]},{"@type":"BreadcrumbList","@id":"https:\/\/villsy.com\/sk\/garancia-najnizsej-ceny\/#breadcrumb","itemListElement":[{"@type":"ListItem","position":1,"name":"Villsy","item":"https:\/\/villsy.com\/sk\/"},{"@type":"ListItem","position":2,"name":"Lowest price SK"}]},{"@type":"WebSite","@id":"https:\/\/villsy.com\/sk\/#website","url":"https:\/\/villsy.com\/sk\/","name":"Villsy","description":"Just another WordPress site","potentialAction":[{"@type":"SearchAction","target":{"@type":"EntryPoint","urlTemplate":"https:\/\/villsy.com\/sk\/?s={search_term_string}"},"query-input":"required name=search_term_string"}],"inLanguage":"sk"}]}},"_links":{"self":[{"href":"https:\/\/villsy.com\/sk\/wp-json\/wp\/v2\/pages\/4485"}],"collection":[{"href":"https:\/\/villsy.com\/sk\/wp-json\/wp\/v2\/pages"}],"about":[{"href":"https:\/\/villsy.com\/sk\/wp-json\/wp\/v2\/types\/page"}],"author":[{"embeddable":true,"href":"https:\/\/villsy.com\/sk\/wp-json\/wp\/v2\/users\/1"}],"replies":[{"embeddable":true,"href":"https:\/\/villsy.com\/sk\/wp-json\/wp\/v2\/comments?post=4485"}],"version-history":[{"count":2,"href":"https:\/\/villsy.com\/sk\/wp-json\/wp\/v2\/pages\/4485\/revisions"}],"predecessor-version":[{"id":12131,"href":"https:\/\/villsy.com\/sk\/wp-json\/wp\/v2\/pages\/4485\/revisions\/12131"}],"wp:attachment":[{"href":"https:\/\/villsy.com\/sk\/wp-json\/wp\/v2\/media?parent=4485"}],"curies":[{"name":"wp","href":"https:\/\/api.w.org\/{rel}","templated":true}]}}