{"id":4450,"date":"2022-08-24T06:49:42","date_gmt":"2022-08-24T06:49:42","guid":{"rendered":"https:\/\/villsy.com\/?page_id=4450"},"modified":"2022-08-24T07:43:49","modified_gmt":"2022-08-24T07:43:49","slug":"casto-kladene-otazky","status":"publish","type":"page","link":"https:\/\/villsy.com\/sk\/casto-kladene-otazky\/","title":{"rendered":"Faq SK"},"content":{"rendered":"\n<h1 class=\"pb-5\">\u010casto kladen\u00e9 ot\u00e1zky<\/h1>\n\n\n\n<h2>N\u00c1KLADY A PLATBA&nbsp;&nbsp;<\/h2>\n\n\n\n<h4>1. Pre\u010do je z\u00e1loha povinn\u00e1?<\/h4>\n\n\n\n<p>Z\u00e1loha je povinn\u00e1 zarezervova\u0165 v\u00e1\u0161 objekt a zabr\u00e1ni\u0165 tomu, aby si ho niekto in\u00fd zarezervoval na rovnak\u00fd d\u00e1tum.&nbsp;Z\u00e1loha je zvy\u010dajne 30% z celkovej ceny.&nbsp;Pred odoslan\u00edm potvrdenia rezerv\u00e1cie, \u010do zvy\u010dajne trv\u00e1 24 hod\u00edn, nebudeme \u00fa\u010dtova\u0165 poplatky z va\u0161ej kreditnej karty.<\/p>\n\n\n\n<p>Ke\u010f\u017ee z\u00e1loha je nevratn\u00e1, odpor\u00fa\u010dame v\u00e1m uzavrie\u0165 poistenie na dovolenku.<\/p>\n\n\n\n<h4>2. Kedy zaplat\u00edm cel\u00fa sumu?<\/h4>\n\n\n\n<p>Cel\u00e1 suma je zvy\u010dajne splatn\u00e1 8-12 t\u00fd\u017ed\u0148ov pred odchodom na dovolenku.&nbsp;O \u010fal\u0161ej platbe V\u00e1s budeme informova\u0165.<\/p>\n\n\n\n<h4>3. Ako je to so zru\u0161en\u00edm dovolenky?<\/h4>\n\n\n\n<p>Pros\u00edm, dajte n\u00e1m vedie\u0165, \u017ee chcete zru\u0161i\u0165 svoju dovolenku \u010do najsk\u00f4r.&nbsp;Nie sme schopn\u00ed vr\u00e1ti\u0165 z\u00e1lohu, ktor\u00fa ste zaplatili na zabezpe\u010denie va\u0161ej rezerv\u00e1cie.&nbsp;Ak sa n\u00e1m v\u0161ak podar\u00ed prenaja\u0165 nehnute\u013enos\u0165 in\u00fdm hos\u0165om na rovnak\u00fa dobu a cenu, mo\u017eno budeme m\u00f4c\u0165 vr\u00e1ti\u0165 \u010das\u0165 z\u00e1lohy alebo dokonca cel\u00fa z\u00e1lohu m\u00ednus transak\u010dn\u00e9 poplatky.<\/p>\n\n\n\n<h4>4. Kaucia \u2013 na \u010do sl\u00fa\u017ei?<\/h4>\n\n\n\n<p>Ak nech\u00e1te vilu \u010dist\u00fa, upratan\u00fa a v rovnakom stave, v akom bola &#8211; \u017eiadne obavy.&nbsp;Z\u00e1loha za pr\u00edpadn\u00e9 \u0161kody v\u00e1m bude vr\u00e1ten\u00e1.<\/p>\n\n\n\n<h4>5. Ako a kedy zaplat\u00edm kauciu?<\/h4>\n\n\n\n<p>Z\u00e1bezpeka sa plat\u00ed priamo majite\u013eovi domu a vracia sa na konci v\u00e1\u0161ho pobytu<\/p>\n\n\n\n<h4>6. Existuj\u00fa nejak\u00e9 dodato\u010dn\u00e9 n\u00e1klady?<\/h4>\n\n\n\n<p>V\u0161etky n\u00e1klady spojen\u00e9 s pren\u00e1jmom vily v\u017edy potvrd\u00edme.&nbsp;Nemali by vznikn\u00fa\u0165 \u017eiadne \u010fal\u0161ie n\u00e1klady.<\/p>\n\n\n\n<p>V\u00fdnimky m\u00f4\u017eu by\u0165:<\/p>\n\n\n\n<ul><li>kaucia<\/li><li>dom\u00e1ce zvierat\u00e1 (budete informovan\u00ed pri rezerv\u00e1cii)<\/li><li>vyhrievan\u00e9 baz\u00e9ny v apr\u00edli, m\u00e1ji, j\u00fani, septembri a okt\u00f3bri.&nbsp;Op\u00fdtajte sa, \u010di by ste chceli vyu\u017e\u00edva\u0165 ohrev baz\u00e9na.<\/li><\/ul>\n\n\n\n<h4>7. Plat\u00ed sa nejak\u00e1 DPH?<\/h4>\n\n\n\n<p>V\u0161etky na\u0161e ceny s\u00fa vr\u00e1tane DPH, bez prir\u00e1\u017eky.<\/p>\n\n\n\n<h4>8. Sme spojen\u00ed ATOL?<\/h4>\n\n\n\n<p>Nie, pon\u00fakame len ubytovanie a po\u017eiadavka ATOL viazanosti sa neuplat\u0148uje.<\/p>\n\n\n\n<h2>IN\u00c9<\/h2>\n\n\n\n<h4>1. Potrebujem auto?<\/h4>\n\n\n\n<p>Z\u00e1vis\u00ed od lokality nehnute\u013enosti a va\u0161ich po\u017eiadaviek.&nbsp;Niektor\u00e9 vily s\u00fa vzdialen\u00e9, tak\u017ee pou\u017e\u00edvanie auta je nevyhnutn\u00e9.<\/p>\n\n\n\n<h4>2. Kde je najbli\u017e\u0161ie letisko?<\/h4>\n\n\n\n<p>V\u0161etky inform\u00e1cie s\u00fa v z\u00e1lo\u017eke umiestnenie.&nbsp;V\u0161etky nehnute\u013enosti s\u00fa na presnom mieste.&nbsp;Ak potrebujete \u010fal\u0161iu pomoc, kontaktujte n\u00e1s.<\/p>\n\n\n\n<h4>3. Je vila vhodn\u00e1 pre deti?<\/h4>\n\n\n\n<p>Skr\u00e1tka \u2013 \u00e1no.&nbsp;V\u00e4\u010d\u0161ina nehnute\u013enost\u00ed je vhodn\u00e1 pre deti a m\u00e1 detsk\u00e9 postie\u013eky a vysok\u00fa stoli\u010dku.&nbsp;Ak cestujete s de\u0165mi, pora\u010fte n\u00e1m.<\/p>\n\n\n\n<h4>4. Dom\u00e1ce zvierat\u00e1<\/h4>\n\n\n\n<p>Niektor\u00e9 vily s\u00fa vhodn\u00e9 pre dom\u00e1ce zvierat\u00e1 a niektor\u00e9 nie.&nbsp;V\u00e4\u010d\u0161ina majite\u013eov povo\u013euje dobre vychovan\u00e9 dom\u00e1ce zvierat\u00e1 za mal\u00fd pr\u00edplatok.&nbsp;Je tie\u017e uveden\u00e9 na na\u0161ej webovej str\u00e1nke a vo funkcii filtrovania, ktor\u00e9 vily povo\u013euj\u00fa dom\u00e1ce zvierat\u00e1.<\/p>\n\n\n\n<h4>5. Je baz\u00e9n bezpe\u010dn\u00fd pre deti?<\/h4>\n\n\n\n<p>Pri baz\u00e9ne zvy\u010dajne nie s\u00fa \u017eiadne bari\u00e9ry, tak\u017ee na to pam\u00e4tajte pri rezerv\u00e1cii vily.&nbsp;Zvy\u010dajne je h\u013abka baz\u00e9na 1,3 &#8211; 1,6 metra.<\/p>\n\n\n\n<h4>6. B\u00fdvaj\u00fa majitelia na mieste?<\/h4>\n\n\n\n<p>V 99% pr\u00edpadov &#8211; nie.&nbsp;Majite\u013e m\u00f4\u017ee b\u00fdva\u0165 ne\u010faleko, ale v inom dome.&nbsp;V\u0161etky na\u0161e vily s\u00fa len pre va\u0161e v\u00fdhradn\u00e9 pou\u017eitie.<\/p>\n","protected":false},"excerpt":{"rendered":"<p>\u010casto kladen\u00e9 ot\u00e1zky N\u00c1KLADY A PLATBA&nbsp;&nbsp; 1. Pre\u010do je z\u00e1loha povinn\u00e1? Z\u00e1loha je povinn\u00e1 zarezervova\u0165 v\u00e1\u0161 objekt a zabr\u00e1ni\u0165 tomu, aby si ho niekto in\u00fd zarezervoval na rovnak\u00fd d\u00e1tum.&nbsp;Z\u00e1loha je zvy\u010dajne 30% z celkovej ceny.&nbsp;Pred odoslan\u00edm potvrdenia rezerv\u00e1cie, \u010do zvy\u010dajne trv\u00e1 24 hod\u00edn, nebudeme \u00fa\u010dtova\u0165 poplatky z va\u0161ej kreditnej karty. Ke\u010f\u017ee z\u00e1loha je nevratn\u00e1, odpor\u00fa\u010dame [&hellip;]<\/p>\n","protected":false},"author":1,"featured_media":0,"parent":0,"menu_order":0,"comment_status":"closed","ping_status":"closed","template":"templates\/other.php","meta":[],"yoast_head":"<!-- This site is optimized with the Yoast SEO Premium plugin v19.2.1 (Yoast SEO v19.6.1) - https:\/\/yoast.com\/wordpress\/plugins\/seo\/ -->\n<title>\u010casto kladen\u00e9 ot\u00e1zky - Villsy<\/title>\n<meta name=\"description\" content=\"N\u00e1jdite \u010dasto kladen\u00e9 ot\u00e1zky o pren\u00e1jme vily s Villsy.\" \/>\n<meta name=\"robots\" content=\"index, follow, max-snippet:-1, max-image-preview:large, max-video-preview:-1\" \/>\n<link rel=\"canonical\" href=\"https:\/\/villsy.com\/sk\/casto-kladene-otazky\/\" \/>\n<meta property=\"og:locale\" content=\"sk_SK\" \/>\n<meta property=\"og:type\" content=\"website\" \/>\n<meta property=\"og:title\" content=\"\u010casto kladen\u00e9 ot\u00e1zky\" \/>\n<meta property=\"og:description\" content=\"N\u00e1jdite \u010dasto kladen\u00e9 ot\u00e1zky o pren\u00e1jme vily s Villsy.\" \/>\n<meta property=\"og:url\" content=\"https:\/\/villsy.com\/sk\/casto-kladene-otazky\/\" \/>\n<meta property=\"og:site_name\" content=\"Villsy\" \/>\n<meta property=\"article:modified_time\" content=\"2022-08-24T07:43:49+00:00\" \/>\n<meta name=\"twitter:card\" content=\"summary_large_image\" \/>\n<meta name=\"twitter:title\" content=\"\u010casto kladen\u00e9 ot\u00e1zky\" \/>\n<meta name=\"twitter:description\" content=\"N\u00e1jdite \u010dasto kladen\u00e9 ot\u00e1zky o pren\u00e1jme vily s Villsy.\" \/>\n<meta name=\"twitter:label1\" content=\"Est. reading time\" \/>\n\t<meta name=\"twitter:data1\" content=\"2 minutes\" \/>\n<!-- \/ Yoast SEO Premium plugin. -->","yoast_head_json":{"title":"\u010casto kladen\u00e9 ot\u00e1zky - Villsy","description":"N\u00e1jdite \u010dasto kladen\u00e9 ot\u00e1zky o pren\u00e1jme vily s Villsy.","robots":{"index":"index","follow":"follow","max-snippet":"max-snippet:-1","max-image-preview":"max-image-preview:large","max-video-preview":"max-video-preview:-1"},"canonical":"https:\/\/villsy.com\/sk\/casto-kladene-otazky\/","og_locale":"sk_SK","og_type":"website","og_title":"\u010casto kladen\u00e9 ot\u00e1zky","og_description":"N\u00e1jdite \u010dasto kladen\u00e9 ot\u00e1zky o pren\u00e1jme vily s Villsy.","og_url":"https:\/\/villsy.com\/sk\/casto-kladene-otazky\/","og_site_name":"Villsy","article_modified_time":"2022-08-24T07:43:49+00:00","twitter_card":"summary_large_image","twitter_title":"\u010casto kladen\u00e9 ot\u00e1zky","twitter_description":"N\u00e1jdite \u010dasto kladen\u00e9 ot\u00e1zky o pren\u00e1jme vily s Villsy.","twitter_misc":{"Est. reading time":"2 minutes"},"schema":{"@context":"https:\/\/schema.org","@graph":[{"@type":"WebPage","@id":"https:\/\/villsy.com\/sk\/casto-kladene-otazky\/","url":"https:\/\/villsy.com\/sk\/casto-kladene-otazky\/","name":"\u010casto kladen\u00e9 ot\u00e1zky - Villsy","isPartOf":{"@id":"https:\/\/villsy.com\/sk\/#website"},"datePublished":"2022-08-24T06:49:42+00:00","dateModified":"2022-08-24T07:43:49+00:00","description":"N\u00e1jdite \u010dasto kladen\u00e9 ot\u00e1zky o pren\u00e1jme vily s Villsy.","breadcrumb":{"@id":"https:\/\/villsy.com\/sk\/casto-kladene-otazky\/#breadcrumb"},"inLanguage":"sk","potentialAction":[{"@type":"ReadAction","target":["https:\/\/villsy.com\/sk\/casto-kladene-otazky\/"]}]},{"@type":"BreadcrumbList","@id":"https:\/\/villsy.com\/sk\/casto-kladene-otazky\/#breadcrumb","itemListElement":[{"@type":"ListItem","position":1,"name":"Villsy","item":"https:\/\/villsy.com\/sk\/"},{"@type":"ListItem","position":2,"name":"Faq SK"}]},{"@type":"WebSite","@id":"https:\/\/villsy.com\/sk\/#website","url":"https:\/\/villsy.com\/sk\/","name":"Villsy","description":"Just another WordPress site","potentialAction":[{"@type":"SearchAction","target":{"@type":"EntryPoint","urlTemplate":"https:\/\/villsy.com\/sk\/?s={search_term_string}"},"query-input":"required name=search_term_string"}],"inLanguage":"sk"}]}},"_links":{"self":[{"href":"https:\/\/villsy.com\/sk\/wp-json\/wp\/v2\/pages\/4450"}],"collection":[{"href":"https:\/\/villsy.com\/sk\/wp-json\/wp\/v2\/pages"}],"about":[{"href":"https:\/\/villsy.com\/sk\/wp-json\/wp\/v2\/types\/page"}],"author":[{"embeddable":true,"href":"https:\/\/villsy.com\/sk\/wp-json\/wp\/v2\/users\/1"}],"replies":[{"embeddable":true,"href":"https:\/\/villsy.com\/sk\/wp-json\/wp\/v2\/comments?post=4450"}],"version-history":[{"count":1,"href":"https:\/\/villsy.com\/sk\/wp-json\/wp\/v2\/pages\/4450\/revisions"}],"predecessor-version":[{"id":4451,"href":"https:\/\/villsy.com\/sk\/wp-json\/wp\/v2\/pages\/4450\/revisions\/4451"}],"wp:attachment":[{"href":"https:\/\/villsy.com\/sk\/wp-json\/wp\/v2\/media?parent=4450"}],"curies":[{"name":"wp","href":"https:\/\/api.w.org\/{rel}","templated":true}]}}