{"id":4052,"date":"2022-07-19T12:04:42","date_gmt":"2022-07-19T12:04:42","guid":{"rendered":"https:\/\/villsy.com\/?page_id=4052"},"modified":"2025-10-07T11:23:43","modified_gmt":"2025-10-07T11:23:43","slug":"kontaktuj-nas","status":"publish","type":"page","link":"https:\/\/villsy.com\/sk\/kontaktuj-nas\/","title":{"rendered":"Contact SK"},"content":{"rendered":"\n<h2 class=\"has-text-align-center\" id=\"h-sme-tu-aby-sme-vam-pomohli-naplanujme-spolu-vasu-dokonalu-dovolenku\">Sme tu, aby sme v\u00e1m pomohli \u2013 napl\u00e1nujme spolu va\u0161u dokonal\u00fa dovolenku.<\/h2>\n\n\n\n<div style=\"height:40px\" aria-hidden=\"true\" class=\"wp-block-spacer\"><\/div>\n\n\n\n<p class=\"has-text-align-center\">M\u00e1te ot\u00e1zky o na\u0161ich n\u00e1dhern\u00fdch vil\u00e1ch v Istrii alebo potrebujete poradi\u0165 pri v\u00fdbere tej ide\u00e1lnej pre v\u00e1\u0161 pobyt?<\/p>\n\n\n\n<p class=\"has-text-align-center\">\u010ci u\u017e si chcete overi\u0165 dostupnos\u0165, napl\u00e1nova\u0165 pobyt alebo z\u00edska\u0165 viac inform\u00e1ci\u00ed, n\u00e1\u0161 priate\u013esk\u00fd t\u00edm je tu pre v\u00e1s! Kontaktujte n\u00e1s telefonicky, e-mailom alebo prostredn\u00edctvom formul\u00e1ra ni\u017e\u0161ie a my v\u00e1m poskytneme v\u0161etky potrebn\u00e9 inform\u00e1cie pre bezstarostn\u00fa a pohodov\u00fa dovolenku.<\/p>\n\n\n\n<p class=\"has-text-align-center\">Te\u0161\u00edme sa, \u017ee sa n\u00e1m \u010doskoro ozvete!<\/p>\n\n\n\n<h3 class=\"has-text-align-center\"><strong>Villsy \u2013 v\u00e1\u0161 miestny partner pre dokonal\u00fa dovolenku v Chorv\u00e1tsku.<\/strong><\/h3>\n\n\n\n<p><\/p>\n\n\n\n<form class=\"form-contact card shadow border p-4\">\n    <h2 class=\"mb-4\">\n            <\/h2>\n    <div class=\"row\">\n        <div class=\"col-lg-6 col-12\">\n            <div class=\"form-group  mb-3 \">\n                <label for=\"name\">Meno*<\/label>\n                <input required=\"\" name=\"name\" type=\"text\" class=\"form-control  bg-transparent\" id=\"contact-name\" placeholder=\"Meno\">\n            <\/div>\n        <\/div>\n        <div class=\"col-lg-6 col-12\">\n            <div class=\"form-group  mb-3\">\n                <label for=\"surname\">Priezvisko*<\/label>\n                <input required=\"\" name=\"surname\" type=\"text\" class=\"form-control  bg-transparent\" id=\"contact-surname\" placeholder=\"Priezvisko\">\n            <\/div>\n        <\/div>\n\n        <div class=\"col-lg-6 col-12\">\n            <div class=\"form-group  mb-3\">\n                <label for=\"email\">E-mail*<\/label>\n                <input required=\"\" name=\"email\" type=\"email\" class=\"form-control  bg-transparent\" id=\"contact-email\" placeholder=\"E-mail\"> \n            <\/div>\n        <\/div>\n        <div class=\"col-lg-6 col-12\">\n            <div class=\"form-group  mb-3\">\n                <label for=\"phone\">Telef\u00f3n*<\/label>\n                <input name=\"phone\" type=\"text\" class=\"form-control  bg-transparent\" id=\"contact-tel\" placeholder=\"Telef\u00f3n\">\n            <\/div>\n        <\/div>\n        <div class=\"col-12\">\n            <div class=\"form-group  mb-3\">\n                <label for=\"message\">Message*<\/label>\n                <textarea name=\"message\" type=\"text\" rows=\"5\" class=\"form-control  bg-transparent\" id=\"contact-text\" placeholder=\"Message\"><\/textarea>\n            <\/div>\n        <\/div>\n        <div class=\"col-12 mb-3\">\n            <div class=\"form-check\">\n                <input required type=\"checkbox\" class=\"form-check-input\" name=\"agree\" id=\"agree\">\n                <label class=\"form-check-label\" for=\"agree\">\n                    Pre\u010d\u00edtal som si <a href=\"\/sk\/privacy-policy\/\">z\u00e1sady ochrany osobn\u00fdch \u00fadajov<\/a> a s\u00fahlas\u00edm s nimi                <\/label>\n            <\/div>\n        <\/div>\n\n    <\/div>\n    <div class=\"row no-gutters\">\n        <div class=\"col-lg-8\">\n            <div>\n                T\u00e1to str\u00e1nka je chr\u00e1nen\u00e1 reCAPTCHA a uplat\u0148uje <a href=\"https:\/\/policies.google.com\/privacy\" target=\"_blank\">Pravidl\u00e1 ochrany osobn\u00fdch \u00fadajov Google<\/a> a <a href=\" https:\/\/policies.google.com\/terms\" target=\"_blank\">Zmluvn\u00e9 podmienky<\/a>.            <\/div>\n        <\/div>\n        <div class=\"col-lg\">\n            <div class=\"d-flex flex-row justify-content-end\">\n                <button type=\"submit\" class=\"btn btn-primary contact-btn\">\n                    Odosla\u0165 spr\u00e1vu\n                <\/button>\n                <div class=\"contact-spinner d-none spinner-border align-items-center justify-content-center\" role=\"status\">\n                    <i class=\"las la-envelope la-lg\"><\/i>\n                    <span class=\"sr-only\">Na\u010d\u00edtavam...<\/span>\n                <\/div>\n            <\/div>\n        <\/div>\n    <\/div>\n<\/form>\n\n\n\n<div id=\"contact-modal\" class=\"modal fade\" tabindex=\"-1\" role=\"dialog\">\n  <div class=\"modal-dialog\">\n    <div class=\"modal-content\">\n      <div class=\"modal-header\">\n        <h5 class=\"modal-title font-weight-light\">\n            Dakujeme za v\u00e1\u0161 z\u00e1ujem.        <\/h5>\n        <button type=\"button\" class=\"btn-close\" data-bs-dismiss=\"modal\" aria-label=\"Close\"><\/button>\n      <\/div>\n      <div class=\"modal-body font-weight-normal\">\n        <p class=\"response-output\"><\/p>\n      <\/div>\n      <div class=\"modal-footer\">\n        <button type=\"button\" class=\"btn btn-primary font-weight-bold\" data-bs-dismiss=\"modal\">Close<\/button>\n      <\/div>\n    <\/div>\n  <\/div>\n<\/div>\n\n\n\n\n\n<hr class=\"wp-block-separator has-alpha-channel-opacity\"\/>\n\n\n\n<h3 id=\"h-imprint\">Imprint:<\/h3>\n\n\n\n<p><strong>VILLSY d.o.o.<\/strong> \u2013 spolo\u010dnos\u0165 s ru\u010den\u00edm obmedzen\u00fdm na pren\u00e1jom nehnute\u013enost\u00ed, cestovn\u00fd ruch a slu\u017eby cestovnej kancel\u00e1rie<br>Registra\u010dn\u00e9 \u010d\u00edslo: <strong>130093085 \u2013 Obchodn\u00fd s\u00fad Pazin<\/strong> | I\u010c DPH: <strong>HR17191292654<\/strong><\/p>\n\n\n\n<p>IBAN: HR62 2340 0091 1110 0258 1 | PRIVREDNA BANKA ZAGREB d.d., Radni\u010dka cesta 50, 10000 Zagreb | SWIFT code: PBZGHR22<\/p>\n\n\n\n<p>ADRESA: Kastavska 18, 52000 Pazin, Croatia<br> <br><strong>KONATE\u013d:<\/strong> Toni Hrelja<br><strong>VED\u00daCA AGENT\u00daRY:<\/strong> Suzana Hrelja<br><strong>OTV\u00c1RACIE HODINY:<\/strong> Pondelok\u2013Piatok 9:00\u201317:00<br>E-mail: <a href=\"mailto:info@villsy.com\">info@villsy.com<\/a><br>Web: <a href=\"\/\">www.villsy.com<\/a><br>TEL: +385 91 585 2596<\/p>\n","protected":false},"excerpt":{"rendered":"<p>Sme tu, aby sme v\u00e1m pomohli \u2013 napl\u00e1nujme spolu va\u0161u dokonal\u00fa dovolenku. M\u00e1te ot\u00e1zky o na\u0161ich n\u00e1dhern\u00fdch vil\u00e1ch v Istrii alebo potrebujete poradi\u0165 pri v\u00fdbere tej ide\u00e1lnej pre v\u00e1\u0161 pobyt? \u010ci u\u017e si chcete overi\u0165 dostupnos\u0165, napl\u00e1nova\u0165 pobyt alebo z\u00edska\u0165 viac inform\u00e1ci\u00ed, n\u00e1\u0161 priate\u013esk\u00fd t\u00edm je tu pre v\u00e1s! Kontaktujte n\u00e1s telefonicky, e-mailom alebo prostredn\u00edctvom [&hellip;]<\/p>\n","protected":false},"author":1,"featured_media":0,"parent":0,"menu_order":0,"comment_status":"closed","ping_status":"closed","template":"templates\/other.php","meta":[],"yoast_head":"<!-- This site is optimized with the Yoast SEO Premium plugin v19.2.1 (Yoast SEO v19.6.1) - https:\/\/yoast.com\/wordpress\/plugins\/seo\/ -->\n<title>Kontaktujte n\u00e1s - N\u00e1jdite a rezervujte si vily s baz\u00e9nmi s Villsy<\/title>\n<meta name=\"description\" content=\"Kontaktujte n\u00e1s - N\u00e1jdite a rezervujte si vily s baz\u00e9nmi s Villsy. Prenajmite si vilu na dovolenku s rodinou alebo priate\u013emi, cel\u00fd dom len pre v\u00e1s.\" \/>\n<meta name=\"robots\" content=\"index, follow, max-snippet:-1, max-image-preview:large, max-video-preview:-1\" \/>\n<link rel=\"canonical\" href=\"https:\/\/villsy.com\/sk\/kontaktuj-nas\/\" \/>\n<meta property=\"og:locale\" content=\"sk_SK\" \/>\n<meta property=\"og:type\" content=\"website\" \/>\n<meta property=\"og:title\" content=\"Kontaktuj n\u00e1s\" \/>\n<meta property=\"og:description\" content=\"Kontaktujte n\u00e1s - N\u00e1jdite a rezervujte si vily s baz\u00e9nmi s Villsy. Prenajmite si vilu na dovolenku s rodinou alebo priate\u013emi, cel\u00fd dom len pre v\u00e1s.\" \/>\n<meta property=\"og:url\" content=\"https:\/\/villsy.com\/sk\/kontaktuj-nas\/\" \/>\n<meta property=\"og:site_name\" content=\"Villsy\" \/>\n<meta property=\"article:modified_time\" content=\"2025-10-07T11:23:43+00:00\" \/>\n<meta name=\"twitter:card\" content=\"summary_large_image\" \/>\n<meta name=\"twitter:title\" content=\"Kontaktuj n\u00e1s\" \/>\n<meta name=\"twitter:description\" content=\"Kontaktujte n\u00e1s - N\u00e1jdite a rezervujte si vily s baz\u00e9nmi s Villsy. Prenajmite si vilu na dovolenku s rodinou alebo priate\u013emi, cel\u00fd dom len pre v\u00e1s.\" \/>\n<meta name=\"twitter:label1\" content=\"Est. reading time\" \/>\n\t<meta name=\"twitter:data1\" content=\"1 minute\" \/>\n<!-- \/ Yoast SEO Premium plugin. -->","yoast_head_json":{"title":"Kontaktujte n\u00e1s - N\u00e1jdite a rezervujte si vily s baz\u00e9nmi s Villsy","description":"Kontaktujte n\u00e1s - N\u00e1jdite a rezervujte si vily s baz\u00e9nmi s Villsy. Prenajmite si vilu na dovolenku s rodinou alebo priate\u013emi, cel\u00fd dom len pre v\u00e1s.","robots":{"index":"index","follow":"follow","max-snippet":"max-snippet:-1","max-image-preview":"max-image-preview:large","max-video-preview":"max-video-preview:-1"},"canonical":"https:\/\/villsy.com\/sk\/kontaktuj-nas\/","og_locale":"sk_SK","og_type":"website","og_title":"Kontaktuj n\u00e1s","og_description":"Kontaktujte n\u00e1s - N\u00e1jdite a rezervujte si vily s baz\u00e9nmi s Villsy. Prenajmite si vilu na dovolenku s rodinou alebo priate\u013emi, cel\u00fd dom len pre v\u00e1s.","og_url":"https:\/\/villsy.com\/sk\/kontaktuj-nas\/","og_site_name":"Villsy","article_modified_time":"2025-10-07T11:23:43+00:00","twitter_card":"summary_large_image","twitter_title":"Kontaktuj n\u00e1s","twitter_description":"Kontaktujte n\u00e1s - N\u00e1jdite a rezervujte si vily s baz\u00e9nmi s Villsy. Prenajmite si vilu na dovolenku s rodinou alebo priate\u013emi, cel\u00fd dom len pre v\u00e1s.","twitter_misc":{"Est. reading time":"1 minute"},"schema":{"@context":"https:\/\/schema.org","@graph":[{"@type":"WebPage","@id":"https:\/\/villsy.com\/sk\/kontaktuj-nas\/","url":"https:\/\/villsy.com\/sk\/kontaktuj-nas\/","name":"Kontaktujte n\u00e1s - N\u00e1jdite a rezervujte si vily s baz\u00e9nmi s Villsy","isPartOf":{"@id":"https:\/\/villsy.com\/sk\/#website"},"datePublished":"2022-07-19T12:04:42+00:00","dateModified":"2025-10-07T11:23:43+00:00","description":"Kontaktujte n\u00e1s - N\u00e1jdite a rezervujte si vily s baz\u00e9nmi s Villsy. Prenajmite si vilu na dovolenku s rodinou alebo priate\u013emi, cel\u00fd dom len pre v\u00e1s.","breadcrumb":{"@id":"https:\/\/villsy.com\/sk\/kontaktuj-nas\/#breadcrumb"},"inLanguage":"sk","potentialAction":[{"@type":"ReadAction","target":["https:\/\/villsy.com\/sk\/kontaktuj-nas\/"]}]},{"@type":"BreadcrumbList","@id":"https:\/\/villsy.com\/sk\/kontaktuj-nas\/#breadcrumb","itemListElement":[{"@type":"ListItem","position":1,"name":"Villsy","item":"https:\/\/villsy.com\/sk\/"},{"@type":"ListItem","position":2,"name":"Contact SK"}]},{"@type":"WebSite","@id":"https:\/\/villsy.com\/sk\/#website","url":"https:\/\/villsy.com\/sk\/","name":"Villsy","description":"Just another WordPress site","potentialAction":[{"@type":"SearchAction","target":{"@type":"EntryPoint","urlTemplate":"https:\/\/villsy.com\/sk\/?s={search_term_string}"},"query-input":"required name=search_term_string"}],"inLanguage":"sk"}]}},"_links":{"self":[{"href":"https:\/\/villsy.com\/sk\/wp-json\/wp\/v2\/pages\/4052"}],"collection":[{"href":"https:\/\/villsy.com\/sk\/wp-json\/wp\/v2\/pages"}],"about":[{"href":"https:\/\/villsy.com\/sk\/wp-json\/wp\/v2\/types\/page"}],"author":[{"embeddable":true,"href":"https:\/\/villsy.com\/sk\/wp-json\/wp\/v2\/users\/1"}],"replies":[{"embeddable":true,"href":"https:\/\/villsy.com\/sk\/wp-json\/wp\/v2\/comments?post=4052"}],"version-history":[{"count":7,"href":"https:\/\/villsy.com\/sk\/wp-json\/wp\/v2\/pages\/4052\/revisions"}],"predecessor-version":[{"id":30522,"href":"https:\/\/villsy.com\/sk\/wp-json\/wp\/v2\/pages\/4052\/revisions\/30522"}],"wp:attachment":[{"href":"https:\/\/villsy.com\/sk\/wp-json\/wp\/v2\/media?parent=4052"}],"curies":[{"name":"wp","href":"https:\/\/api.w.org\/{rel}","templated":true}]}}