{"id":30548,"date":"2025-10-07T11:43:25","date_gmt":"2025-10-07T11:43:25","guid":{"rendered":"https:\/\/villsy.com\/?page_id=30548"},"modified":"2025-10-07T14:38:29","modified_gmt":"2025-10-07T14:38:29","slug":"o-nas","status":"publish","type":"page","link":"https:\/\/villsy.com\/sk\/o-nas\/","title":{"rendered":"O n\u00e1s SK"},"content":{"rendered":"\n<h2 id=\"block-0fa009bc-2ad9-4b08-a8cb-298e59bddab0\">N\u00e1\u0161 pr\u00edbeh<\/h2>\n\n\n\n<p><\/p>\n\n\n\n<h3 id=\"block-1b7a1507-aa64-43b7-b3e1-76e61c9fe724\">Vo Villsy ver\u00edme, \u017ee dovolenka by mala by\u0165 viac ako len pobyt &#8211; mala by by\u0165 z\u00e1\u017eitkom, na ktor\u00fd sa nezab\u00fada.<\/h3>\n\n\n\n<p id=\"block-cdb3b6c8-cde5-47ce-9bd6-547762a69e33\">Na\u0161a cesta sa za\u010dala v roku <strong>2008<\/strong>, ke\u010f sme postavili na\u0161u prv\u00fa vilu v strednej \u010dasti Istrie. To, \u010do sa za\u010dalo ako osobn\u00fd projekt, sa \u010doskoro zmenilo na nie\u010do ove\u013ea v\u00e4\u010d\u0161ie. V roku <strong>2013<\/strong> sme za\u010dali sami prenaj\u00edma\u0165 na\u0161e vily a starostlivo sme sa starali o ka\u017ed\u00fd detail, aby si hostia u\u017eili pohodln\u00fd a bezstarostn\u00fd pobyt.  <\/p>\n\n\n\n<p id=\"block-fdb32f72-4418-45d0-95b4-07e76830c91f\">Povzbuden\u00ed pozit\u00edvnou sp\u00e4tnou v\u00e4zbou a rast\u00facim dopytom sme v roku <strong>2019<\/strong> ofici\u00e1lne zalo\u017eili <strong>agent\u00faru Villsy na pren\u00e1jom v\u00edl<\/strong>. Dnes Villsy sp\u00e1ja host\u00ed z cel\u00e9ho sveta s ru\u010dne vybranou kolekciou <strong>rekrea\u010dn\u00fdch domov a v\u00edl na Istrii a v celom Chorv\u00e1tsku<\/strong>, pri\u010dom pon\u00faka modern\u00e9 rezerva\u010dn\u00e9 rie\u0161enia, miestne odborn\u00e9 znalosti a osobn\u00fa podporu. <\/p>\n\n\n\n<p id=\"block-eb516fef-1a7d-49e0-9b76-f197672a3c1d\">V\u0161etko sa to za\u010dalo s Casa Nina, Villa Rustica a Villa Gimino &#8211; a dodnes zost\u00e1vaj\u00fa v na\u0161ej ponuke a vytv\u00e1raj\u00fa n\u00e1dhern\u00e9 spomienky, smiech a nezabudnute\u013en\u00e9 chv\u00edle pre dovolenk\u00e1rov.<\/p>\n\n\n\n<div class=\"wp-container-4 wp-block-columns\">\n<div class=\"wp-container-1 wp-block-column\">\n<figure class=\"wp-block-image size-large\"><img loading=\"lazy\" width=\"1350\" height=\"900\" src=\"https:\/\/villsy.com\/wp-content\/uploads\/villa_casa-nina22-1350x900.jpg\" alt=\"\" class=\"wp-image-30428\" srcset=\"https:\/\/villsy.com\/wp-content\/uploads\/villa_casa-nina22-1350x900.jpg 1350w, https:\/\/villsy.com\/wp-content\/uploads\/villa_casa-nina22-300x200.jpg 300w, https:\/\/villsy.com\/wp-content\/uploads\/villa_casa-nina22-768x512.jpg 768w, https:\/\/villsy.com\/wp-content\/uploads\/villa_casa-nina22-1536x1024.jpg 1536w, https:\/\/villsy.com\/wp-content\/uploads\/villa_casa-nina22.jpg 2000w\" sizes=\"(max-width: 1350px) 100vw, 1350px\" \/><figcaption>Casa Nina<\/figcaption><\/figure>\n<\/div>\n\n\n\n<div class=\"wp-container-2 wp-block-column\">\n<figure class=\"wp-block-image size-large\"><img loading=\"lazy\" width=\"1368\" height=\"900\" src=\"https:\/\/villsy.com\/wp-content\/uploads\/Villa_Rustica41-1368x900.jpg\" alt=\"\" class=\"wp-image-30443\" srcset=\"https:\/\/villsy.com\/wp-content\/uploads\/Villa_Rustica41-1368x900.jpg 1368w, https:\/\/villsy.com\/wp-content\/uploads\/Villa_Rustica41-300x197.jpg 300w, https:\/\/villsy.com\/wp-content\/uploads\/Villa_Rustica41-768x505.jpg 768w, https:\/\/villsy.com\/wp-content\/uploads\/Villa_Rustica41-1536x1011.jpg 1536w, https:\/\/villsy.com\/wp-content\/uploads\/Villa_Rustica41.jpg 2000w\" sizes=\"(max-width: 1368px) 100vw, 1368px\" \/><figcaption>Villa Rustica<\/figcaption><\/figure>\n<\/div>\n\n\n\n<div class=\"wp-container-3 wp-block-column\">\n<figure class=\"wp-block-image size-large\"><img loading=\"lazy\" width=\"1349\" height=\"900\" src=\"https:\/\/villsy.com\/wp-content\/uploads\/01VillaGimino-2-1349x900.jpg\" alt=\"\" class=\"wp-image-30413\" srcset=\"https:\/\/villsy.com\/wp-content\/uploads\/01VillaGimino-2-1349x900.jpg 1349w, https:\/\/villsy.com\/wp-content\/uploads\/01VillaGimino-2-300x200.jpg 300w, https:\/\/villsy.com\/wp-content\/uploads\/01VillaGimino-2-768x512.jpg 768w, https:\/\/villsy.com\/wp-content\/uploads\/01VillaGimino-2-1536x1025.jpg 1536w, https:\/\/villsy.com\/wp-content\/uploads\/01VillaGimino-2.jpg 2000w\" sizes=\"(max-width: 1349px) 100vw, 1349px\" \/><figcaption>Vila Gimino<\/figcaption><\/figure>\n<\/div>\n<\/div>\n\n\n\n<h2 id=\"block-145802a9-6fdc-4355-88e5-c5c59fd12a13\">Pre\u010do si vybra\u0165 Villsy?<\/h2>\n\n\n\n<h3 id=\"block-cada00b6-a75d-4d19-81ab-f4d7e76c81cf\">Vybran\u00e9 vily na Istrii a v Chorv\u00e1tsku<\/h3>\n\n\n\n<p id=\"block-53283f70-8d00-4fe5-8303-d565a4a51f82\">Ka\u017ed\u00fa vilu v na\u0161om portf\u00f3liu osobne kontroluje n\u00e1\u0161 sk\u00fasen\u00fd t\u00edm. Od luxusn\u00fdch v\u00edl s baz\u00e9nmi pri mori a\u017e po autentick\u00e9 kamenn\u00e9 domy na istrijskom vidieku &#8211; ka\u017ed\u00e1 nehnute\u013enos\u0165 je vybran\u00e1 pre svoju kvalitu, pohodlie a jedine\u010dn\u00fd \u0161arm. <\/p>\n\n\n\n<h3 id=\"block-7bc9eec4-d9ac-4189-a904-e156407b8d7a\">Z\u00e1ruka najlep\u0161ej ceny<\/h3>\n\n\n\n<p id=\"block-d0f079de-328f-4030-91e2-c1b913227224\">V\u010faka priamym zmluv\u00e1m s majite\u013emi domov a dlhoro\u010dn\u00fdm sk\u00fasenostiam na trhu garantujeme najni\u017e\u0161ie ceny za vily na Istrii a v Chorv\u00e1tsku. S Villsy rezervujete priamo &#8211; bez skryt\u00fdch poplatkov. <\/p>\n\n\n\n<h3 id=\"block-13e2bf5b-8bb7-41bf-9e35-78c322fc551d\">Okam\u017eit\u00e1 rezerv\u00e1cia<\/h3>\n\n\n\n<p id=\"block-8897fa1f-74a9-44c5-a276-b60e94e874a2\">V\u0161etky na\u0161e dovolenkov\u00e9 vily s baz\u00e9nom na Istrii s\u00fa k dispoz\u00edcii v re\u00e1lnom \u010dase. Sta\u010d\u00ed si vybra\u0165 vilu, rezervova\u0165 si ju online a bezpe\u010dne zaplati\u0165 kreditnou kartou alebo bankov\u00fdm prevodom &#8211; r\u00fdchlo, bezpe\u010dne a jednoducho. <\/p>\n\n\n\n<h3 id=\"block-bad415ac-575d-4b3b-9571-dd87086634b3\">Miestna pr\u00edtomnos\u0165 a podpora<\/h3>\n\n\n\n<p id=\"block-074315fa-45c8-4fa7-b88a-f5075acf80e4\">Na\u0161a kancel\u00e1ria s\u00eddli v Pazine, priamo v srdci Istrie. T\u00e1to centr\u00e1lna poloha n\u00e1m umo\u017e\u0148uje by\u0165 bl\u00edzko na\u0161im hos\u0165om aj majite\u013eom domov. N\u00e1\u0161 miestny t\u00edm je v\u00e1m k dispoz\u00edcii po\u010das cel\u00e9ho pobytu a postar\u00e1 sa o to, aby bol ka\u017ed\u00fd detail dokonal\u00fd.  <\/p>\n\n\n\n<h3 id=\"block-e8dbfd42-7d55-40bc-8f29-d90db3ec19d1\">Sk\u00fasenosti a rast<\/h3>\n\n\n\n<p id=\"block-fc344d08-8579-4fba-8ab2-23f18614254f\">Z agent\u00fary, ktor\u00e1 za\u010dala v roku 2008 s jednou vilou, sa stala d\u00f4veryhodn\u00e1 agent\u00fara so \u0161irok\u00fdm portf\u00f3liom pr\u00e9miov\u00fdch dovolenkov\u00fdch domov v Chorv\u00e1tsku. Sp\u00e1jame dlhoro\u010dn\u00e9 praktick\u00e9 sk\u00fasenosti s osobn\u00fdm pr\u00edstupom orientovan\u00fdm na host\u00ed. <\/p>\n\n\n\n<h2 id=\"block-4befae29-a74d-492a-804f-c83d30c4b901\">N\u00e1\u0161 s\u013eub<\/h2>\n\n\n\n<p id=\"block-76893c12-0529-4f1c-81b9-53c6bc23a6a9\">S Villsy je va\u0161a dovolenka v bezpe\u010dn\u00fdch ruk\u00e1ch. \u010ci u\u017e h\u013ead\u00e1te pokojn\u00e9 \u00fato\u010disko v <strong>istrijsk\u00fdch kopcoch<\/strong>, <strong>vilu pri pl\u00e1\u017ei v Dalm\u00e1cii<\/strong> alebo <strong>rodinn\u00fd dovolenkov\u00fd dom s baz\u00e9nom v Chorv\u00e1tsku<\/strong>, zabezpe\u010d\u00edme, aby bol v\u00e1\u0161 pobyt bezstarostn\u00fd a nezabudnute\u013en\u00fd. <\/p>\n\n\n\n<p id=\"block-3f6262c7-c4ec-40ca-8d11-6d7857d47700\">Villsy je viac ako agent\u00fara &#8211; sme v\u00e1\u0161 miestny partner, v\u00e1\u0161niv\u00fd nad\u0161enec pre Istriu a Chorv\u00e1tsko, ktor\u00fd sa sna\u017e\u00ed vytvori\u0165 dokonal\u00fd z\u00e1\u017eitok z dovolenky.<\/p>\n\n\n\n<div class=\"container my-5 offer-homepage-cards-section\">\n    <h3 class=\"text-dark h1\">\n  Zbierky v\u00edl\n    <\/h3>\n    \t \n      <div class=\"row\">\n\n<a class=\"col-lg-6 col-sm-6 col-12 mb-4 rounded\" style=\"text-decoration: none;\" href=\"\/sk\/luxusne-vily-chorvatsko\/\">\n    <div class=\"filters-landing-card position-relative rounded\">\n        <div class=\"card lozad position-relative card-img-top\" data-background-image=\"https:\/\/villsy.com\/wp-content\/uploads\/Villa_Lumi68-800x600.jpg\" style=\"height: 300px;\">\n        <\/div>\n        <div class=\"position-absolute container bottom-0 w-100 px-lg-4 px-3\">\n            <div class=\"bg-dark bg-opacity-75 rounded py-lg-4 px-lg-4 p-3 my-3\">\n                <div class=\"h3 mt-0 mb-1 text-warning slab\">Luxusn\u00e9 vily v Chorv\u00e1tsku<\/div>\n                                    <h3 class=\"text-white slab small mb-0\"> U\u017eite si v luxusn\u00fdch vil\u00e1ch<\/h3>\n                            <\/div>\n        <\/div>\n    <\/div>\n<\/a>\n\n<a class=\"col-lg-6 col-sm-6 col-12 mb-4 rounded\" style=\"text-decoration: none;\" href=\"\/sk\/vily-ssaunou\/\">\n    <div class=\"filters-landing-card position-relative rounded\">\n        <div class=\"card lozad position-relative card-img-top\" data-background-image=\"https:\/\/villsy.com\/wp-content\/uploads\/Villa_Lumi20-800x600.jpg\" style=\"height: 300px;\">\n        <\/div>\n        <div class=\"position-absolute container bottom-0 w-100 px-lg-4 px-3\">\n            <div class=\"bg-dark bg-opacity-75 rounded py-lg-4 px-lg-4 p-3 my-3\">\n                <div class=\"h3 mt-0 mb-1 text-warning slab\">Vily so saunou<\/div>\n                                    <h3 class=\"text-white slab small mb-0\"> N\u00e1jdite si vily so saunou pre svoje \u00fato\u010disko<\/h3>\n                            <\/div>\n        <\/div>\n    <\/div>\n<\/a>\n\n<a class=\"col-lg-4 col-sm-6 col-12 mb-4 rounded\" style=\"text-decoration: none;\" href=\"\/sk\/specialna-ponuka-vily-chorvatsko\/\">\n    <div class=\"filters-landing-card position-relative rounded\">\n        <div class=\"card lozad position-relative card-img-top\" data-background-image=\"https:\/\/villsy.com\/wp-content\/uploads\/Villa_Terra_Bianca15-800x600.jpg\" style=\"height: 300px;\">\n        <\/div>\n        <div class=\"position-absolute container bottom-0 w-100 px-lg-4 px-3\">\n            <div class=\"bg-dark bg-opacity-75 rounded py-lg-4 px-lg-4 p-3 my-3\">\n                <div class=\"h3 mt-0 mb-1 text-warning slab\">\u0160peci\u00e1lna ponuka v\u00edl v Chorv\u00e1tsku<\/div>\n                                    <h3 class=\"text-white slab small mb-0\"> N\u00e1jdite vily so z\u013eavami alebo in\u00fdmi extra ponukami<\/h3>\n                            <\/div>\n        <\/div>\n    <\/div>\n<\/a>\n\n<a class=\"col-lg-4 col-sm-6 col-12 mb-4 rounded\" style=\"text-decoration: none;\" href=\"\/sk\/vily-pri-mori-chorvatsko\/\">\n    <div class=\"filters-landing-card position-relative rounded\">\n        <div class=\"card lozad position-relative card-img-top\" data-background-image=\"https:\/\/villsy.com\/wp-content\/uploads\/Dubovica-Hvar-800x600.jpg\" style=\"height: 300px;\">\n        <\/div>\n        <div class=\"position-absolute container bottom-0 w-100 px-lg-4 px-3\">\n            <div class=\"bg-dark bg-opacity-75 rounded py-lg-4 px-lg-4 p-3 my-3\">\n                <div class=\"h3 mt-0 mb-1 text-warning slab\">Vily na pl\u00e1\u017ei v Chorv\u00e1tsku<\/div>\n                                    <h3 class=\"text-white slab small mb-0\"> Vily do 3 km od mora<\/h3>\n                            <\/div>\n        <\/div>\n    <\/div>\n<\/a>\n\n<a class=\"col-lg-4 col-sm-6 col-12 mb-4 rounded\" style=\"text-decoration: none;\" href=\"\/sk\/vily-bazenom-chorvatsko\/\">\n    <div class=\"filters-landing-card position-relative rounded\">\n        <div class=\"card lozad position-relative card-img-top\" data-background-image=\"https:\/\/villsy.com\/wp-content\/uploads\/villa_Horto-800x600.jpg\" style=\"height: 300px;\">\n        <\/div>\n        <div class=\"position-absolute container bottom-0 w-100 px-lg-4 px-3\">\n            <div class=\"bg-dark bg-opacity-75 rounded py-lg-4 px-lg-4 p-3 my-3\">\n                <div class=\"h3 mt-0 mb-1 text-warning slab\">Vily s baz\u00e9nom v Chorv\u00e1tsku<\/div>\n                                    <h3 class=\"text-white slab small mb-0\"> N\u00e1jdite si dokonal\u00fa vilu s baz\u00e9nom<\/h3>\n                            <\/div>\n        <\/div>\n    <\/div>\n<\/a>\n\n<a class=\"col-lg-3 col-sm-6 col-12 mb-4 rounded\" style=\"text-decoration: none;\" href=\"\/sk\/male-romanticke-vily-chorvatsko\/\">\n    <div class=\"filters-landing-card position-relative rounded\">\n        <div class=\"card lozad position-relative card-img-top\" data-background-image=\"https:\/\/villsy.com\/wp-content\/uploads\/vila_amalia113-800x600.jpg\" style=\"height: 300px;\">\n        <\/div>\n        <div class=\"position-absolute container bottom-0 w-100 px-lg-4 px-3\">\n            <div class=\"bg-dark bg-opacity-75 rounded py-lg-4 px-lg-4 p-3 my-3\">\n                <div class=\"h3 mt-0 mb-1 text-warning slab\">Romantick\u00e9 vily pre p\u00e1ry v Chorv\u00e1tsku<\/div>\n                                    <h3 class=\"text-white slab small mb-0\"> Mal\u00e9 romantick\u00e9 vily ide\u00e1lne pre p\u00e1ry<\/h3>\n                            <\/div>\n        <\/div>\n    <\/div>\n<\/a>\n\n<a class=\"col-lg-3 col-sm-6 col-12 mb-4 rounded\" style=\"text-decoration: none;\" href=\"\/sk\/chorvatsko-vily-domace-zvierata\/\">\n    <div class=\"filters-landing-card position-relative rounded\">\n        <div class=\"card lozad position-relative card-img-top\" data-background-image=\"https:\/\/villsy.com\/wp-content\/uploads\/bigstock-Dog-Sleeping-Near-A-Swimming-P-467007137-800x600.jpg\" style=\"height: 300px;\">\n        <\/div>\n        <div class=\"position-absolute container bottom-0 w-100 px-lg-4 px-3\">\n            <div class=\"bg-dark bg-opacity-75 rounded py-lg-4 px-lg-4 p-3 my-3\">\n                <div class=\"h3 mt-0 mb-1 text-warning slab\">Vily priate\u013esk\u00e9 k dom\u00e1cim zvierat\u00e1m v Chorv\u00e1tsku<\/div>\n                                    <h3 class=\"text-white slab small mb-0\"> Vily, v ktor\u00fdch s\u00fa dom\u00e1ce zvierat\u00e1 v\u00edtan\u00e9<\/h3>\n                            <\/div>\n        <\/div>\n    <\/div>\n<\/a>\n\n<a class=\"col-lg-3 col-sm-6 col-12 mb-4 rounded\" style=\"text-decoration: none;\" href=\"\/sk\/vyhlad-more-vily-chorvatsko\/\">\n    <div class=\"filters-landing-card position-relative rounded\">\n        <div class=\"card lozad position-relative card-img-top\" data-background-image=\"https:\/\/villsy.com\/wp-content\/uploads\/Villa_Lina1102-800x600.jpg\" style=\"height: 300px;\">\n        <\/div>\n        <div class=\"position-absolute container bottom-0 w-100 px-lg-4 px-3\">\n            <div class=\"bg-dark bg-opacity-75 rounded py-lg-4 px-lg-4 p-3 my-3\">\n                <div class=\"h3 mt-0 mb-1 text-warning slab\">Vily s v\u00fdh\u013eadom na more v Chorv\u00e1tsku<\/div>\n                                    <h3 class=\"text-white slab small mb-0\"> N\u00e1\u0161 v\u00fdber v\u00edl s v\u00fdh\u013eadom na more v Chorv\u00e1tsku<\/h3>\n                            <\/div>\n        <\/div>\n    <\/div>\n<\/a>\n\n<a class=\"col-lg-3 col-sm-6 col-12 mb-4 rounded\" style=\"text-decoration: none;\" href=\"\/sk\/chorvatsko-vily-velke-skupiny\/\">\n    <div class=\"filters-landing-card position-relative rounded\">\n        <div class=\"card lozad position-relative card-img-top\" data-background-image=\"https:\/\/villsy.com\/wp-content\/uploads\/villa_Marion32-800x600.jpg\" style=\"height: 300px;\">\n        <\/div>\n        <div class=\"position-absolute container bottom-0 w-100 px-lg-4 px-3\">\n            <div class=\"bg-dark bg-opacity-75 rounded py-lg-4 px-lg-4 p-3 my-3\">\n                <div class=\"h3 mt-0 mb-1 text-warning slab\">Vily pre ve\u013ek\u00e9 skupiny v Chorv\u00e1tsku<\/div>\n                                    <h3 class=\"text-white slab small mb-0\"> Ve\u013ek\u00e9 vily pre viac ako 12 os\u00f4b<\/h3>\n                            <\/div>\n        <\/div>\n    <\/div>\n<\/a> \n    <\/div>\n \n\n\t\n<\/div>\n\n\n\n<hr class=\"wp-block-separator has-alpha-channel-opacity\" id=\"block-620e19a6-46b9-4708-a277-543f327e6c70\"\/>\n\n\n\n<h3 id=\"block-7f9327fe-1ed6-472f-9fe8-f92354ba88f8\">Odtla\u010dok:<\/h3>\n\n\n\n<p id=\"block-0fb92d54-cd06-4617-8a2d-14f1cb32bf23\"><strong>VILLSY d.o.o. &#8211; spolo\u010dnos\u0165 s ru\u010den\u00edm obmedzen\u00fdm pre pren\u00e1jom nehnute\u013enost\u00ed, cestovn\u00fd ruch a slu\u017eby cestovnej kancel\u00e1rie<\/strong> | Registra\u010dn\u00e9 \u010d\u00edslo: 130093085 &#8211; Trgova\u010dki sud Pazin | I\u010c <strong>DPH<\/strong>:HR17191292654<\/p>\n\n\n\n<p id=\"block-f41eab70-d264-40c8-829a-0ae43153b7ad\">IBAN: HR62 2340 0091 1110 0258 1 | PRIVREDNA BANKA ZAGREB d.d., Radni\u010dka cesta 50, 10000 Zagreb | SWIFT k\u00f3d: PBZGHR22<\/p>\n\n\n\n<p id=\"block-f7b7d707-0814-4dea-a862-b8be90a66290\">ADRESA: Kastavska 18, 52000 Pazin, Chorv\u00e1tsko<br>Riadite\u013e: Toni Hrelja<br>Ved\u00faca agent\u00fary: Suzana Hrelja<br>Otv\u00e1racie hodiny: po-pia 9-17<br>E-mail: <a href=\"mailto:info@villsy.com\">info@villsy.com<\/a><br>Web: <a href=\"https:\/\/villsy.com\/\">www.villsy.com<\/a><br>TEL: +385 91 585 2596<\/p>\n","protected":false},"excerpt":{"rendered":"<p>N\u00e1\u0161 pr\u00edbeh Vo Villsy ver\u00edme, \u017ee dovolenka by mala by\u0165 viac ako len pobyt &#8211; mala by by\u0165 z\u00e1\u017eitkom, na ktor\u00fd sa nezab\u00fada. Na\u0161a cesta sa za\u010dala v roku 2008, ke\u010f sme postavili na\u0161u prv\u00fa vilu v strednej \u010dasti Istrie. To, \u010do sa za\u010dalo ako osobn\u00fd projekt, sa \u010doskoro zmenilo na nie\u010do ove\u013ea v\u00e4\u010d\u0161ie. V [&hellip;]<\/p>\n","protected":false},"author":2,"featured_media":0,"parent":0,"menu_order":0,"comment_status":"closed","ping_status":"closed","template":"templates\/other.php","meta":[],"yoast_head":"<!-- This site is optimized with the Yoast SEO Premium plugin v19.2.1 (Yoast SEO v19.6.1) - https:\/\/yoast.com\/wordpress\/plugins\/seo\/ -->\n<title>N\u00e1\u0161 pr\u00edbeh | Villsy - ru\u010dne vybran\u00e9 vily na Istrii a v Chorv\u00e1tsku<\/title>\n<meta name=\"description\" content=\"Rezervujte si svoju vysn\u00edvan\u00fa vilu na Istrii alebo v Chorv\u00e1tsku s Villsy. D\u00f4veryhodn\u00e1 miestna agent\u00fara pon\u00faka najkvalitnej\u0161ie vily s baz\u00e9nmi, najlep\u0161ie ceny a osobn\u00fa podporu.\" \/>\n<meta name=\"robots\" content=\"index, follow, max-snippet:-1, max-image-preview:large, max-video-preview:-1\" \/>\n<link rel=\"canonical\" href=\"https:\/\/villsy.com\/sk\/o-nas\/\" \/>\n<meta property=\"og:locale\" content=\"sk_SK\" \/>\n<meta property=\"og:type\" content=\"website\" \/>\n<meta property=\"og:title\" content=\"N\u00e1\u0161 pr\u00edbeh | Villsy - ru\u010dne vybran\u00e9 vily na Istrii a v Chorv\u00e1tsku\" \/>\n<meta property=\"og:description\" content=\"Rezervujte si svoju vysn\u00edvan\u00fa vilu na Istrii alebo v Chorv\u00e1tsku s Villsy. D\u00f4veryhodn\u00e1 miestna agent\u00fara pon\u00faka najkvalitnej\u0161ie vily s baz\u00e9nmi, najlep\u0161ie ceny a osobn\u00fa podporu.\" \/>\n<meta property=\"og:url\" content=\"https:\/\/villsy.com\/sk\/o-nas\/\" \/>\n<meta property=\"og:site_name\" content=\"Villsy\" \/>\n<meta property=\"article:modified_time\" content=\"2025-10-07T14:38:29+00:00\" \/>\n<meta property=\"og:image\" content=\"https:\/\/villsy.com\/wp-content\/uploads\/villa_casa-nina22-1350x900.jpg\" \/>\n<meta name=\"twitter:card\" content=\"summary_large_image\" \/>\n<meta name=\"twitter:label1\" content=\"Est. reading time\" \/>\n\t<meta name=\"twitter:data1\" content=\"4 minutes\" \/>\n<!-- \/ Yoast SEO Premium plugin. -->","yoast_head_json":{"title":"N\u00e1\u0161 pr\u00edbeh | Villsy - ru\u010dne vybran\u00e9 vily na Istrii a v Chorv\u00e1tsku","description":"Rezervujte si svoju vysn\u00edvan\u00fa vilu na Istrii alebo v Chorv\u00e1tsku s Villsy. D\u00f4veryhodn\u00e1 miestna agent\u00fara pon\u00faka najkvalitnej\u0161ie vily s baz\u00e9nmi, najlep\u0161ie ceny a osobn\u00fa podporu.","robots":{"index":"index","follow":"follow","max-snippet":"max-snippet:-1","max-image-preview":"max-image-preview:large","max-video-preview":"max-video-preview:-1"},"canonical":"https:\/\/villsy.com\/sk\/o-nas\/","og_locale":"sk_SK","og_type":"website","og_title":"N\u00e1\u0161 pr\u00edbeh | Villsy - ru\u010dne vybran\u00e9 vily na Istrii a v Chorv\u00e1tsku","og_description":"Rezervujte si svoju vysn\u00edvan\u00fa vilu na Istrii alebo v Chorv\u00e1tsku s Villsy. D\u00f4veryhodn\u00e1 miestna agent\u00fara pon\u00faka najkvalitnej\u0161ie vily s baz\u00e9nmi, najlep\u0161ie ceny a osobn\u00fa podporu.","og_url":"https:\/\/villsy.com\/sk\/o-nas\/","og_site_name":"Villsy","article_modified_time":"2025-10-07T14:38:29+00:00","og_image":[{"url":"https:\/\/villsy.com\/wp-content\/uploads\/villa_casa-nina22-1350x900.jpg"}],"twitter_card":"summary_large_image","twitter_misc":{"Est. reading time":"4 minutes"},"schema":{"@context":"https:\/\/schema.org","@graph":[{"@type":"WebPage","@id":"https:\/\/villsy.com\/sk\/o-nas\/","url":"https:\/\/villsy.com\/sk\/o-nas\/","name":"N\u00e1\u0161 pr\u00edbeh | Villsy - ru\u010dne vybran\u00e9 vily na Istrii a v Chorv\u00e1tsku","isPartOf":{"@id":"https:\/\/villsy.com\/sk\/#website"},"datePublished":"2025-10-07T11:43:25+00:00","dateModified":"2025-10-07T14:38:29+00:00","description":"Rezervujte si svoju vysn\u00edvan\u00fa vilu na Istrii alebo v Chorv\u00e1tsku s Villsy. D\u00f4veryhodn\u00e1 miestna agent\u00fara pon\u00faka najkvalitnej\u0161ie vily s baz\u00e9nmi, najlep\u0161ie ceny a osobn\u00fa podporu.","breadcrumb":{"@id":"https:\/\/villsy.com\/sk\/o-nas\/#breadcrumb"},"inLanguage":"sk","potentialAction":[{"@type":"ReadAction","target":["https:\/\/villsy.com\/sk\/o-nas\/"]}]},{"@type":"BreadcrumbList","@id":"https:\/\/villsy.com\/sk\/o-nas\/#breadcrumb","itemListElement":[{"@type":"ListItem","position":1,"name":"Villsy","item":"https:\/\/villsy.com\/sk\/"},{"@type":"ListItem","position":2,"name":"O n\u00e1s SK"}]},{"@type":"WebSite","@id":"https:\/\/villsy.com\/sk\/#website","url":"https:\/\/villsy.com\/sk\/","name":"Villsy","description":"Just another WordPress site","potentialAction":[{"@type":"SearchAction","target":{"@type":"EntryPoint","urlTemplate":"https:\/\/villsy.com\/sk\/?s={search_term_string}"},"query-input":"required name=search_term_string"}],"inLanguage":"sk"}]}},"_links":{"self":[{"href":"https:\/\/villsy.com\/sk\/wp-json\/wp\/v2\/pages\/30548"}],"collection":[{"href":"https:\/\/villsy.com\/sk\/wp-json\/wp\/v2\/pages"}],"about":[{"href":"https:\/\/villsy.com\/sk\/wp-json\/wp\/v2\/types\/page"}],"author":[{"embeddable":true,"href":"https:\/\/villsy.com\/sk\/wp-json\/wp\/v2\/users\/2"}],"replies":[{"embeddable":true,"href":"https:\/\/villsy.com\/sk\/wp-json\/wp\/v2\/comments?post=30548"}],"version-history":[{"count":3,"href":"https:\/\/villsy.com\/sk\/wp-json\/wp\/v2\/pages\/30548\/revisions"}],"predecessor-version":[{"id":30610,"href":"https:\/\/villsy.com\/sk\/wp-json\/wp\/v2\/pages\/30548\/revisions\/30610"}],"wp:attachment":[{"href":"https:\/\/villsy.com\/sk\/wp-json\/wp\/v2\/media?parent=30548"}],"curies":[{"name":"wp","href":"https:\/\/api.w.org\/{rel}","templated":true}]}}