{"id":4432,"date":"2022-08-24T06:49:42","date_gmt":"2022-08-24T06:49:42","guid":{"rendered":"https:\/\/villsy.com\/?page_id=4432"},"modified":"2022-08-24T07:04:05","modified_gmt":"2022-08-24T07:04:05","slug":"czesto-zadawane-pytania","status":"publish","type":"page","link":"https:\/\/villsy.com\/pl\/czesto-zadawane-pytania\/","title":{"rendered":"Faq PL"},"content":{"rendered":"\n<h1 class=\"pb-5\">Cz\u0119sto Zadawane Pytania<\/h1>\n\n\n\n<h2>KOSZTY I P\u0141ATNO\u015a\u0106&nbsp;&nbsp;<\/h2>\n\n\n\n<h4>1. Dlaczego wp\u0142ata jest obowi\u0105zkowa?<\/h4>\n\n\n\n<p>Depozyt jest obowi\u0105zkowy, aby zarezerwowa\u0107 nieruchomo\u015b\u0107 i uniemo\u017cliwi\u0107 innym osobom dokonanie rezerwacji w tych samych terminach.&nbsp;Kaucja wynosi zwykle 30% ca\u0142kowitej ceny.&nbsp;Nie obci\u0105\u017cymy Twojej karty kredytowej przed wys\u0142aniem potwierdzenia rezerwacji, co zwykle zajmuje 24 godziny.<\/p>\n\n\n\n<p>Poniewa\u017c kaucja nie podlega zwrotowi, zalecamy wykupienie ubezpieczenia wakacyjnego.<\/p>\n\n\n\n<h4>2. Kiedy zap\u0142ac\u0119 pe\u0142n\u0105 kwot\u0119?<\/h4>\n\n\n\n<p>Pe\u0142na kwota jest zwykle nale\u017cna 8-12 tygodni przed wyjazdem na wakacje.&nbsp;Poinformujemy Ci\u0119 o kolejnej p\u0142atno\u015bci.<\/p>\n\n\n\n<h4>3. A co z odwo\u0142aniem wakacji?<\/h4>\n\n\n\n<p>Daj nam zna\u0107, \u017ce chcesz jak najszybciej odwo\u0142a\u0107 urlop.&nbsp;Nie jeste\u015bmy w stanie zwr\u00f3ci\u0107 depozytu, kt\u00f3ry wp\u0142aci\u0142e\u015b w celu zabezpieczenia rezerwacji.&nbsp;Je\u015bli jednak uda nam si\u0119 wynaj\u0105\u0107 nieruchomo\u015b\u0107 innym go\u015bciom na ten sam okres i cen\u0119, mo\u017cemy by\u0107 w stanie zwr\u00f3ci\u0107 cz\u0119\u015b\u0107 kaucji lub nawet pe\u0142n\u0105 kaucj\u0119 pomniejszon\u0105 o op\u0142aty transakcyjne.<\/p>\n\n\n\n<h4>4. Kaucja \u2013 do czego s\u0142u\u017cy?<\/h4>\n\n\n\n<p>Je\u015bli zostawisz will\u0119 czyst\u0105, schludn\u0105 iw takim samym stanie jak by\u0142a &#8211; bez obaw.&nbsp;Twoja kaucja zostanie zwr\u00f3cona.<\/p>\n\n\n\n<h4>5. Jak i kiedy wp\u0142acam kaucj\u0119?<\/h4>\n\n\n\n<p>Kaucja jest wp\u0142acana bezpo\u015brednio w\u0142a\u015bcicielowi domu i zwracana na koniec pobytu<\/p>\n\n\n\n<h4>6. Czy s\u0105 jakie\u015b dodatkowe koszty?<\/h4>\n\n\n\n<p>Zawsze potwierdzamy wszystkie koszty zwi\u0105zane z wynajmem willi.&nbsp;Nie powinno by\u0107 \u017cadnych innych koszt\u00f3w.<\/p>\n\n\n\n<p>Wyj\u0105tkami mog\u0105 by\u0107:<\/p>\n\n\n\n<ul><li>kaucja<\/li><li>zwierz\u0119ta (zostaniesz poinformowany przy rezerwacji)<\/li><li>podgrzewane baseny w kwietniu, maju, czerwcu, wrze\u015bniu i pa\u017adzierniku.&nbsp;Prosz\u0119 zapyta\u0107, czy chcieliby Pa\u0144stwo skorzysta\u0107 z ogrzewania basenu.<\/li><\/ul>\n\n\n\n<h4>7. Czy obowi\u0105zuje podatek VAT?<\/h4>\n\n\n\n<p>Wszystkie nasze ceny zawieraj\u0105 podatek VAT, bez dodatkowych op\u0142at.<\/p>\n\n\n\n<h4>8. Czy jeste\u015bmy zwi\u0105zani ATOL?<\/h4>\n\n\n\n<p>Nie, oferujemy tylko zakwaterowanie i wym\u00f3g kaucji ATOL nie ma zastosowania.<\/p>\n\n\n\n<h2>INNY<\/h2>\n\n\n\n<h4>1. Czy potrzebuj\u0119 samochodu?<\/h4>\n\n\n\n<p>Zale\u017cy od lokalizacji nieruchomo\u015bci i Twoich wymaga\u0144.&nbsp;Niekt\u00f3re wille s\u0105 oddalone, wi\u0119c korzystanie z samochodu jest niezb\u0119dne.<\/p>\n\n\n\n<h4>2. Gdzie jest najbli\u017csze lotnisko?<\/h4>\n\n\n\n<p>Wszystkie informacje znajduj\u0105 si\u0119 w zak\u0142adce lokalizacja.&nbsp;Wszystkie nieruchomo\u015bci znajduj\u0105 si\u0119 w dok\u0142adnej lokalizacji.&nbsp;Je\u015bli potrzebujesz dalszej pomocy, skontaktuj si\u0119 z nami.<\/p>\n\n\n\n<h4>3. Czy willa jest odpowiednia dla dzieci?<\/h4>\n\n\n\n<p>W skr\u00f3cie &#8211; tak.&nbsp;Wi\u0119kszo\u015b\u0107 nieruchomo\u015bci jest odpowiednia dla dzieci i posiada \u0142\u00f3\u017ceczka dzieci\u0119ce i krzese\u0142ko do karmienia.&nbsp;Je\u015bli podr\u00f3\u017cujesz z dzie\u0107mi, poinformuj nas o tym.<\/p>\n\n\n\n<h4>4. Zwierz\u0119ta<\/h4>\n\n\n\n<p>Niekt\u00f3re wille s\u0105 przyjazne zwierz\u0119tom, a inne nie.&nbsp;Wi\u0119kszo\u015b\u0107 w\u0142a\u015bcicieli akceptuje grzeczne zwierz\u0119ta za niewielk\u0105 dop\u0142at\u0105.&nbsp;Jest r\u00f3wnie\u017c wymieniony na naszej stronie internetowej oraz w funkcji filtrowania, kt\u00f3re wille przyjmuj\u0105 zwierz\u0119ta.<\/p>\n\n\n\n<h4>5. Czy basen jest bezpieczny dla dzieci?<\/h4>\n\n\n\n<p>Zwykle nie ma barier na basenie, wi\u0119c pami\u0119taj o tym podczas rezerwacji willi.&nbsp;Zwykle g\u0142\u0119boko\u015b\u0107 basenu wynosi 1,3 &#8211; 1,6 metra.<\/p>\n\n\n\n<h4>6. Czy w\u0142a\u015bciciele mieszkaj\u0105 na miejscu?<\/h4>\n\n\n\n<p>W 99% przypadk\u00f3w \u2013 nie.&nbsp;W\u0142a\u015bciciel mo\u017ce mieszka\u0107 w pobli\u017cu, ale w drugim domu.&nbsp;Wszystkie nasze wille s\u0105 przeznaczone wy\u0142\u0105cznie do Pa\u0144stwa wy\u0142\u0105cznego u\u017cytku.<\/p>\n","protected":false},"excerpt":{"rendered":"<p>Cz\u0119sto Zadawane Pytania KOSZTY I P\u0141ATNO\u015a\u0106&nbsp;&nbsp; 1. Dlaczego wp\u0142ata jest obowi\u0105zkowa? Depozyt jest obowi\u0105zkowy, aby zarezerwowa\u0107 nieruchomo\u015b\u0107 i uniemo\u017cliwi\u0107 innym osobom dokonanie rezerwacji w tych samych terminach.&nbsp;Kaucja wynosi zwykle 30% ca\u0142kowitej ceny.&nbsp;Nie obci\u0105\u017cymy Twojej karty kredytowej przed wys\u0142aniem potwierdzenia rezerwacji, co zwykle zajmuje 24 godziny. Poniewa\u017c kaucja nie podlega zwrotowi, zalecamy wykupienie ubezpieczenia wakacyjnego. 2. [&hellip;]<\/p>\n","protected":false},"author":1,"featured_media":0,"parent":0,"menu_order":0,"comment_status":"closed","ping_status":"closed","template":"templates\/other.php","meta":[],"yoast_head":"<!-- This site is optimized with the Yoast SEO Premium plugin v19.2.1 (Yoast SEO v19.6.1) - https:\/\/yoast.com\/wordpress\/plugins\/seo\/ -->\n<title>Cz\u0119sto Zadawane Pytania - Villsy<\/title>\n<meta name=\"description\" content=\"Znajd\u017a najcz\u0119\u015bciej zadawane pytania dotycz\u0105ce wynajmu willi z Villsy.\" \/>\n<meta name=\"robots\" content=\"index, follow, max-snippet:-1, max-image-preview:large, max-video-preview:-1\" \/>\n<link rel=\"canonical\" href=\"https:\/\/villsy.com\/pl\/czesto-zadawane-pytania\/\" \/>\n<meta property=\"og:locale\" content=\"pl_PL\" \/>\n<meta property=\"og:type\" content=\"website\" \/>\n<meta property=\"og:title\" content=\"Cz\u0119sto Zadawane Pytania\" \/>\n<meta property=\"og:description\" content=\"Znajd\u017a najcz\u0119\u015bciej zadawane pytania dotycz\u0105ce wynajmu willi z Villsy.\" \/>\n<meta property=\"og:url\" content=\"https:\/\/villsy.com\/pl\/czesto-zadawane-pytania\/\" \/>\n<meta property=\"og:site_name\" content=\"Villsy\" \/>\n<meta property=\"article:modified_time\" content=\"2022-08-24T07:04:05+00:00\" \/>\n<meta name=\"twitter:card\" content=\"summary_large_image\" \/>\n<meta name=\"twitter:title\" content=\"Cz\u0119sto Zadawane Pytania\" \/>\n<meta name=\"twitter:description\" content=\"Znajd\u017a najcz\u0119\u015bciej zadawane pytania dotycz\u0105ce wynajmu willi z Villsy.\" \/>\n<meta name=\"twitter:label1\" content=\"Est. reading time\" \/>\n\t<meta name=\"twitter:data1\" content=\"2 minutes\" \/>\n<!-- \/ Yoast SEO Premium plugin. -->","yoast_head_json":{"title":"Cz\u0119sto Zadawane Pytania - Villsy","description":"Znajd\u017a najcz\u0119\u015bciej zadawane pytania dotycz\u0105ce wynajmu willi z Villsy.","robots":{"index":"index","follow":"follow","max-snippet":"max-snippet:-1","max-image-preview":"max-image-preview:large","max-video-preview":"max-video-preview:-1"},"canonical":"https:\/\/villsy.com\/pl\/czesto-zadawane-pytania\/","og_locale":"pl_PL","og_type":"website","og_title":"Cz\u0119sto Zadawane Pytania","og_description":"Znajd\u017a najcz\u0119\u015bciej zadawane pytania dotycz\u0105ce wynajmu willi z Villsy.","og_url":"https:\/\/villsy.com\/pl\/czesto-zadawane-pytania\/","og_site_name":"Villsy","article_modified_time":"2022-08-24T07:04:05+00:00","twitter_card":"summary_large_image","twitter_title":"Cz\u0119sto Zadawane Pytania","twitter_description":"Znajd\u017a najcz\u0119\u015bciej zadawane pytania dotycz\u0105ce wynajmu willi z Villsy.","twitter_misc":{"Est. reading time":"2 minutes"},"schema":{"@context":"https:\/\/schema.org","@graph":[{"@type":"WebPage","@id":"https:\/\/villsy.com\/pl\/czesto-zadawane-pytania\/","url":"https:\/\/villsy.com\/pl\/czesto-zadawane-pytania\/","name":"Cz\u0119sto Zadawane Pytania - Villsy","isPartOf":{"@id":"https:\/\/villsy.com\/pl\/#website"},"datePublished":"2022-08-24T06:49:42+00:00","dateModified":"2022-08-24T07:04:05+00:00","description":"Znajd\u017a najcz\u0119\u015bciej zadawane pytania dotycz\u0105ce wynajmu willi z Villsy.","breadcrumb":{"@id":"https:\/\/villsy.com\/pl\/czesto-zadawane-pytania\/#breadcrumb"},"inLanguage":"pl","potentialAction":[{"@type":"ReadAction","target":["https:\/\/villsy.com\/pl\/czesto-zadawane-pytania\/"]}]},{"@type":"BreadcrumbList","@id":"https:\/\/villsy.com\/pl\/czesto-zadawane-pytania\/#breadcrumb","itemListElement":[{"@type":"ListItem","position":1,"name":"Villsy","item":"https:\/\/villsy.com\/pl\/"},{"@type":"ListItem","position":2,"name":"Faq PL"}]},{"@type":"WebSite","@id":"https:\/\/villsy.com\/pl\/#website","url":"https:\/\/villsy.com\/pl\/","name":"Villsy","description":"Just another WordPress site","potentialAction":[{"@type":"SearchAction","target":{"@type":"EntryPoint","urlTemplate":"https:\/\/villsy.com\/pl\/?s={search_term_string}"},"query-input":"required name=search_term_string"}],"inLanguage":"pl"}]}},"_links":{"self":[{"href":"https:\/\/villsy.com\/pl\/wp-json\/wp\/v2\/pages\/4432"}],"collection":[{"href":"https:\/\/villsy.com\/pl\/wp-json\/wp\/v2\/pages"}],"about":[{"href":"https:\/\/villsy.com\/pl\/wp-json\/wp\/v2\/types\/page"}],"author":[{"embeddable":true,"href":"https:\/\/villsy.com\/pl\/wp-json\/wp\/v2\/users\/1"}],"replies":[{"embeddable":true,"href":"https:\/\/villsy.com\/pl\/wp-json\/wp\/v2\/comments?post=4432"}],"version-history":[{"count":1,"href":"https:\/\/villsy.com\/pl\/wp-json\/wp\/v2\/pages\/4432\/revisions"}],"predecessor-version":[{"id":4433,"href":"https:\/\/villsy.com\/pl\/wp-json\/wp\/v2\/pages\/4432\/revisions\/4433"}],"wp:attachment":[{"href":"https:\/\/villsy.com\/pl\/wp-json\/wp\/v2\/media?parent=4432"}],"curies":[{"name":"wp","href":"https:\/\/api.w.org\/{rel}","templated":true}]}}