{"id":4046,"date":"2022-07-19T12:04:42","date_gmt":"2022-07-19T12:04:42","guid":{"rendered":"https:\/\/villsy.com\/?page_id=4046"},"modified":"2025-10-07T11:22:02","modified_gmt":"2025-10-07T11:22:02","slug":"skontaktuj","status":"publish","type":"page","link":"https:\/\/villsy.com\/pl\/skontaktuj\/","title":{"rendered":"Contact PL"},"content":{"rendered":"\n<h2 class=\"has-text-align-center\" id=\"h-jestesmy-tu-aby-pomoc-zaplanujmy-razem-twoje-idealne-wakacje\">Jeste\u015bmy tu, aby pom\u00f3c \u2013 zaplanujmy razem Twoje idealne wakacje.<\/h2>\n\n\n\n<div style=\"height:40px\" aria-hidden=\"true\" class=\"wp-block-spacer\"><\/div>\n\n\n\n<p class=\"has-text-align-center\">Masz pytania dotycz\u0105ce naszych wspania\u0142ych willi w Istrii lub potrzebujesz pomocy w wyborze tej idealnej na sw\u00f3j pobyt?<\/p>\n\n\n\n<p class=\"has-text-align-center\">Niezale\u017cnie od tego, czy chcesz sprawdzi\u0107 dost\u0119pno\u015b\u0107, zaplanowa\u0107 pobyt, czy uzyska\u0107 wi\u0119cej informacji \u2013 nasz przyjazny zesp\u00f3\u0142 jest do Twojej dyspozycji! Skontaktuj si\u0119 z nami telefonicznie, mailowo lub za pomoc\u0105 formularza poni\u017cej, a dostarczymy Ci wszystkich potrzebnych informacji, aby Twoje wakacje by\u0142y spokojne i bezproblemowe.<\/p>\n\n\n\n<p class=\"has-text-align-center\">Z niecierpliwo\u015bci\u0105 czekamy na kontakt z Tob\u0105!<\/p>\n\n\n\n<h3 class=\"has-text-align-center\"><strong>Villsy \u2013 Tw\u00f3j lokalny partner na idealne wakacje w Chorwacji.<\/strong><\/h3>\n\n\n\n<p><\/p>\n\n\n\n<form class=\"form-contact card shadow border p-4\">\n    <h2 class=\"mb-4\">\n            <\/h2>\n    <div class=\"row\">\n        <div class=\"col-lg-6 col-12\">\n            <div class=\"form-group  mb-3 \">\n                <label for=\"name\">Imi\u0119*<\/label>\n                <input required=\"\" name=\"name\" type=\"text\" class=\"form-control  bg-transparent\" id=\"contact-name\" placeholder=\"Imi\u0119\">\n            <\/div>\n        <\/div>\n        <div class=\"col-lg-6 col-12\">\n            <div class=\"form-group  mb-3\">\n                <label for=\"surname\">Nazwisko*<\/label>\n                <input required=\"\" name=\"surname\" type=\"text\" class=\"form-control  bg-transparent\" id=\"contact-surname\" placeholder=\"Nazwisko\">\n            <\/div>\n        <\/div>\n\n        <div class=\"col-lg-6 col-12\">\n            <div class=\"form-group  mb-3\">\n                <label for=\"email\">E-mail*<\/label>\n                <input required=\"\" name=\"email\" type=\"email\" class=\"form-control  bg-transparent\" id=\"contact-email\" placeholder=\"E-mail\"> \n            <\/div>\n        <\/div>\n        <div class=\"col-lg-6 col-12\">\n            <div class=\"form-group  mb-3\">\n                <label for=\"phone\">Telefon*<\/label>\n                <input name=\"phone\" type=\"text\" class=\"form-control  bg-transparent\" id=\"contact-tel\" placeholder=\"Telefon\">\n            <\/div>\n        <\/div>\n        <div class=\"col-12\">\n            <div class=\"form-group  mb-3\">\n                <label for=\"message\">Wiadomo\u015b\u0107*<\/label>\n                <textarea name=\"message\" type=\"text\" rows=\"5\" class=\"form-control  bg-transparent\" id=\"contact-text\" placeholder=\"Wiadomo\u015b\u0107\"><\/textarea>\n            <\/div>\n        <\/div>\n        <div class=\"col-12 mb-3\">\n            <div class=\"form-check\">\n                <input required type=\"checkbox\" class=\"form-check-input\" name=\"agree\" id=\"agree\">\n                <label class=\"form-check-label\" for=\"agree\">\n                    Przeczyta\u0142em i akceptuj\u0119 <a href=\"\/pl\/privacy-policy\/\">polityk\u0119 prywatno\u015bci<\/a>                <\/label>\n            <\/div>\n        <\/div>\n\n    <\/div>\n    <div class=\"row no-gutters\">\n        <div class=\"col-lg-8\">\n            <div>\n                Ta witryna jest chroniona przez reCAPTCHA i stosuje <a href=\"https:\/\/policies.google.com\/privacy\" target=\"_blank\">Polityk\u0119 prywatno\u015bci Google<\/a> i <a href=\" https:\/\/policies.google.com\/terms\" target=\"_blank\">Warunki korzystania z us\u0142ugi<\/a>.             <\/div>\n        <\/div>\n        <div class=\"col-lg\">\n            <div class=\"d-flex flex-row justify-content-end\">\n                <button type=\"submit\" class=\"btn btn-primary contact-btn\">\n                    Wy\u015blij wiadomo\u015b\u0107\n                <\/button>\n                <div class=\"contact-spinner d-none spinner-border align-items-center justify-content-center\" role=\"status\">\n                    <i class=\"las la-envelope la-lg\"><\/i>\n                    <span class=\"sr-only\">\u0141adowanie...<\/span>\n                <\/div>\n            <\/div>\n        <\/div>\n    <\/div>\n<\/form>\n\n\n\n<div id=\"contact-modal\" class=\"modal fade\" tabindex=\"-1\" role=\"dialog\">\n  <div class=\"modal-dialog\">\n    <div class=\"modal-content\">\n      <div class=\"modal-header\">\n        <h5 class=\"modal-title font-weight-light\">\n            Dzi\u0119kuj\u0119 za zainteresowanie.        <\/h5>\n        <button type=\"button\" class=\"btn-close\" data-bs-dismiss=\"modal\" aria-label=\"Close\"><\/button>\n      <\/div>\n      <div class=\"modal-body font-weight-normal\">\n        <p class=\"response-output\"><\/p>\n      <\/div>\n      <div class=\"modal-footer\">\n        <button type=\"button\" class=\"btn btn-primary font-weight-bold\" data-bs-dismiss=\"modal\">Zamknij<\/button>\n      <\/div>\n    <\/div>\n  <\/div>\n<\/div>\n\n\n\n\n\n<hr class=\"wp-block-separator has-alpha-channel-opacity\"\/>\n\n\n\n<h3 id=\"h-imprint\">Imprint:<\/h3>\n\n\n\n<p><strong><strong>VILLSY d.o.o.<\/strong> \u2013 sp\u00f3\u0142ka z ograniczon\u0105 odpowiedzialno\u015bci\u0105 zajmuj\u0105ca si\u0119 wynajmem nieruchomo\u015bci, turystyk\u0105 i us\u0142ugami biura podr\u00f3\u017cy<br>Numer rejestracyjny: <strong>130093085 \u2013 S\u0105d Gospodarczy w Pazinie<\/strong> | NIP (VAT): <strong>HR17191292654<\/strong><\/strong><\/p>\n\n\n\n<p>IBAN: HR62 2340 0091 1110 0258 1 | PRIVREDNA BANKA ZAGREB d.d., Radni\u010dka cesta 50, 10000 Zagreb | SWIFT code: PBZGHR22<\/p>\n\n\n\n<p>ADRES: Kastavska 18, 52000 Pazin, Croatia<br> <br><strong>DYREKTOR ZARZ\u0104DZAJ\u0104CY:<\/strong> Toni Hrelja<br><strong>KIEROWNIK AGENCJI:<\/strong> Suzana Hrelja<br><strong>GODZINY OTWARCIA:<\/strong> Poniedzia\u0142ek\u2013Pi\u0105tek 9:00\u201317:00<br>E-mail: <a href=\"mailto:info@villsy.com\">info@villsy.com<\/a><br>Web: <a href=\"\/\">www.villsy.com<\/a><br>TEL: +385 91 585 2596<\/p>\n","protected":false},"excerpt":{"rendered":"<p>Jeste\u015bmy tu, aby pom\u00f3c \u2013 zaplanujmy razem Twoje idealne wakacje. Masz pytania dotycz\u0105ce naszych wspania\u0142ych willi w Istrii lub potrzebujesz pomocy w wyborze tej idealnej na sw\u00f3j pobyt? Niezale\u017cnie od tego, czy chcesz sprawdzi\u0107 dost\u0119pno\u015b\u0107, zaplanowa\u0107 pobyt, czy uzyska\u0107 wi\u0119cej informacji \u2013 nasz przyjazny zesp\u00f3\u0142 jest do Twojej dyspozycji! Skontaktuj si\u0119 z nami telefonicznie, mailowo [&hellip;]<\/p>\n","protected":false},"author":1,"featured_media":0,"parent":0,"menu_order":0,"comment_status":"closed","ping_status":"closed","template":"templates\/other.php","meta":[],"yoast_head":"<!-- This site is optimized with the Yoast SEO Premium plugin v19.2.1 (Yoast SEO v19.6.1) - https:\/\/yoast.com\/wordpress\/plugins\/seo\/ -->\n<title>Skontaktuj si\u0119 z nami - Znajd\u017a i zarezerwuj wille z basenami z Villsy<\/title>\n<meta name=\"description\" content=\"Contact us - Find &amp; book Villas with pools with Villsy. Rent a Villa for your vacations with family or friends, the whole house only for you.\" \/>\n<meta name=\"robots\" content=\"index, follow, max-snippet:-1, max-image-preview:large, max-video-preview:-1\" \/>\n<link rel=\"canonical\" href=\"https:\/\/villsy.com\/pl\/skontaktuj\/\" \/>\n<meta property=\"og:locale\" content=\"pl_PL\" \/>\n<meta property=\"og:type\" content=\"website\" \/>\n<meta property=\"og:title\" content=\"Contact us\" \/>\n<meta property=\"og:description\" content=\"Contact us - Find &amp; book Villas with pools with Villsy. Rent a Villa for your vacations with family or friends, the whole house only for you.\" \/>\n<meta property=\"og:url\" content=\"https:\/\/villsy.com\/pl\/skontaktuj\/\" \/>\n<meta property=\"og:site_name\" content=\"Villsy\" \/>\n<meta property=\"article:modified_time\" content=\"2025-10-07T11:22:02+00:00\" \/>\n<meta name=\"twitter:card\" content=\"summary_large_image\" \/>\n<meta name=\"twitter:title\" content=\"Contact us\" \/>\n<meta name=\"twitter:description\" content=\"Contact us - Find &amp; book Villas with pools with Villsy. Rent a Villa for your vacations with family or friends, the whole house only for you.\" \/>\n<meta name=\"twitter:label1\" content=\"Est. reading time\" \/>\n\t<meta name=\"twitter:data1\" content=\"1 minute\" \/>\n<!-- \/ Yoast SEO Premium plugin. -->","yoast_head_json":{"title":"Skontaktuj si\u0119 z nami - Znajd\u017a i zarezerwuj wille z basenami z Villsy","description":"Contact us - Find & book Villas with pools with Villsy. Rent a Villa for your vacations with family or friends, the whole house only for you.","robots":{"index":"index","follow":"follow","max-snippet":"max-snippet:-1","max-image-preview":"max-image-preview:large","max-video-preview":"max-video-preview:-1"},"canonical":"https:\/\/villsy.com\/pl\/skontaktuj\/","og_locale":"pl_PL","og_type":"website","og_title":"Contact us","og_description":"Contact us - Find & book Villas with pools with Villsy. Rent a Villa for your vacations with family or friends, the whole house only for you.","og_url":"https:\/\/villsy.com\/pl\/skontaktuj\/","og_site_name":"Villsy","article_modified_time":"2025-10-07T11:22:02+00:00","twitter_card":"summary_large_image","twitter_title":"Contact us","twitter_description":"Contact us - Find & book Villas with pools with Villsy. Rent a Villa for your vacations with family or friends, the whole house only for you.","twitter_misc":{"Est. reading time":"1 minute"},"schema":{"@context":"https:\/\/schema.org","@graph":[{"@type":"WebPage","@id":"https:\/\/villsy.com\/pl\/skontaktuj\/","url":"https:\/\/villsy.com\/pl\/skontaktuj\/","name":"Skontaktuj si\u0119 z nami - Znajd\u017a i zarezerwuj wille z basenami z Villsy","isPartOf":{"@id":"https:\/\/villsy.com\/pl\/#website"},"datePublished":"2022-07-19T12:04:42+00:00","dateModified":"2025-10-07T11:22:02+00:00","description":"Contact us - Find & book Villas with pools with Villsy. Rent a Villa for your vacations with family or friends, the whole house only for you.","breadcrumb":{"@id":"https:\/\/villsy.com\/pl\/skontaktuj\/#breadcrumb"},"inLanguage":"pl","potentialAction":[{"@type":"ReadAction","target":["https:\/\/villsy.com\/pl\/skontaktuj\/"]}]},{"@type":"BreadcrumbList","@id":"https:\/\/villsy.com\/pl\/skontaktuj\/#breadcrumb","itemListElement":[{"@type":"ListItem","position":1,"name":"Villsy","item":"https:\/\/villsy.com\/pl\/"},{"@type":"ListItem","position":2,"name":"Contact PL"}]},{"@type":"WebSite","@id":"https:\/\/villsy.com\/pl\/#website","url":"https:\/\/villsy.com\/pl\/","name":"Villsy","description":"Just another WordPress site","potentialAction":[{"@type":"SearchAction","target":{"@type":"EntryPoint","urlTemplate":"https:\/\/villsy.com\/pl\/?s={search_term_string}"},"query-input":"required name=search_term_string"}],"inLanguage":"pl"}]}},"_links":{"self":[{"href":"https:\/\/villsy.com\/pl\/wp-json\/wp\/v2\/pages\/4046"}],"collection":[{"href":"https:\/\/villsy.com\/pl\/wp-json\/wp\/v2\/pages"}],"about":[{"href":"https:\/\/villsy.com\/pl\/wp-json\/wp\/v2\/types\/page"}],"author":[{"embeddable":true,"href":"https:\/\/villsy.com\/pl\/wp-json\/wp\/v2\/users\/1"}],"replies":[{"embeddable":true,"href":"https:\/\/villsy.com\/pl\/wp-json\/wp\/v2\/comments?post=4046"}],"version-history":[{"count":6,"href":"https:\/\/villsy.com\/pl\/wp-json\/wp\/v2\/pages\/4046\/revisions"}],"predecessor-version":[{"id":30520,"href":"https:\/\/villsy.com\/pl\/wp-json\/wp\/v2\/pages\/4046\/revisions\/30520"}],"wp:attachment":[{"href":"https:\/\/villsy.com\/pl\/wp-json\/wp\/v2\/media?parent=4046"}],"curies":[{"name":"wp","href":"https:\/\/api.w.org\/{rel}","templated":true}]}}