{"id":30545,"date":"2025-10-07T11:43:25","date_gmt":"2025-10-07T11:43:25","guid":{"rendered":"https:\/\/villsy.com\/?page_id=30545"},"modified":"2025-10-07T14:37:18","modified_gmt":"2025-10-07T14:37:18","slug":"o-nas","status":"publish","type":"page","link":"https:\/\/villsy.com\/pl\/o-nas\/","title":{"rendered":"O nas PL"},"content":{"rendered":"\n<h2 id=\"block-0fa009bc-2ad9-4b08-a8cb-298e59bddab0\">Nasza historia<\/h2>\n\n\n\n<p><\/p>\n\n\n\n<h3 id=\"block-1b7a1507-aa64-43b7-b3e1-76e61c9fe724\">W Villsy wierzymy, \u017ce wakacje powinny by\u0107 czym\u015b wi\u0119cej ni\u017c tylko pobytem &#8211; powinny by\u0107 niezapomnianym prze\u017cyciem.<\/h3>\n\n\n\n<p id=\"block-cdb3b6c8-cde5-47ce-9bd6-547762a69e33\">Nasza podr\u00f3\u017c rozpocz\u0119\u0142a si\u0119 w <strong>2008 roku<\/strong>, kiedy zbudowali\u015bmy nasz\u0105 pierwsz\u0105 will\u0119 w \u015brodkowej Istrii. To, co zacz\u0119\u0142o si\u0119 jako osobisty projekt, szybko przerodzi\u0142o si\u0119 w co\u015b znacznie wi\u0119kszego. W <strong>2013<\/strong> roku sami zacz\u0119li\u015bmy wynajmowa\u0107 nasze wille, starannie zarz\u0105dzaj\u0105c ka\u017cdym szczeg\u00f3\u0142em, aby zapewni\u0107 go\u015bciom komfortowy, beztroski pobyt.  <\/p>\n\n\n\n<p id=\"block-fdb32f72-4418-45d0-95b4-07e76830c91f\">Zach\u0119ceni pozytywnymi opiniami i rosn\u0105cym popytem, w <strong>2019<\/strong> roku oficjalnie za\u0142o\u017cyli\u015bmy <strong>Villsy jako agencj\u0119 wynajmu willi<\/strong>. Dzi\u015b Villsy \u0142\u0105czy go\u015bci z ca\u0142ego \u015bwiata z wyselekcjonowan\u0105 kolekcj\u0105 <strong>dom\u00f3w wakacyjnych i willi na Istrii i w ca\u0142ej Chorwacji<\/strong>, oferuj\u0105c nowoczesne rozwi\u0105zania rezerwacyjne, lokaln\u0105 wiedz\u0119 i spersonalizowane wsparcie. <\/p>\n\n\n\n<p id=\"block-eb516fef-1a7d-49e0-9b76-f197672a3c1d\">Wszystko zacz\u0119\u0142o si\u0119 od Casa Nina, Villa Rustica i Villa Gimino &#8211; i do dzi\u015b pozostaj\u0105 one w naszej ofercie, tworz\u0105c wspania\u0142e wspomnienia, \u015bmiech i niezapomniane chwile dla wczasowicz\u00f3w.<\/p>\n\n\n\n<div class=\"wp-container-4 wp-block-columns\">\n<div class=\"wp-container-1 wp-block-column\">\n<figure class=\"wp-block-image size-large\"><img loading=\"lazy\" width=\"1350\" height=\"900\" src=\"https:\/\/villsy.com\/wp-content\/uploads\/villa_casa-nina22-1350x900.jpg\" alt=\"\" class=\"wp-image-30428\" srcset=\"https:\/\/villsy.com\/wp-content\/uploads\/villa_casa-nina22-1350x900.jpg 1350w, https:\/\/villsy.com\/wp-content\/uploads\/villa_casa-nina22-300x200.jpg 300w, https:\/\/villsy.com\/wp-content\/uploads\/villa_casa-nina22-768x512.jpg 768w, https:\/\/villsy.com\/wp-content\/uploads\/villa_casa-nina22-1536x1024.jpg 1536w, https:\/\/villsy.com\/wp-content\/uploads\/villa_casa-nina22.jpg 2000w\" sizes=\"(max-width: 1350px) 100vw, 1350px\" \/><figcaption>Casa Nina<\/figcaption><\/figure>\n<\/div>\n\n\n\n<div class=\"wp-container-2 wp-block-column\">\n<figure class=\"wp-block-image size-large\"><img loading=\"lazy\" width=\"1368\" height=\"900\" src=\"https:\/\/villsy.com\/wp-content\/uploads\/Villa_Rustica41-1368x900.jpg\" alt=\"\" class=\"wp-image-30443\" srcset=\"https:\/\/villsy.com\/wp-content\/uploads\/Villa_Rustica41-1368x900.jpg 1368w, https:\/\/villsy.com\/wp-content\/uploads\/Villa_Rustica41-300x197.jpg 300w, https:\/\/villsy.com\/wp-content\/uploads\/Villa_Rustica41-768x505.jpg 768w, https:\/\/villsy.com\/wp-content\/uploads\/Villa_Rustica41-1536x1011.jpg 1536w, https:\/\/villsy.com\/wp-content\/uploads\/Villa_Rustica41.jpg 2000w\" sizes=\"(max-width: 1368px) 100vw, 1368px\" \/><figcaption>Villa Rustica<\/figcaption><\/figure>\n<\/div>\n\n\n\n<div class=\"wp-container-3 wp-block-column\">\n<figure class=\"wp-block-image size-large\"><img loading=\"lazy\" width=\"1349\" height=\"900\" src=\"https:\/\/villsy.com\/wp-content\/uploads\/01VillaGimino-2-1349x900.jpg\" alt=\"\" class=\"wp-image-30413\" srcset=\"https:\/\/villsy.com\/wp-content\/uploads\/01VillaGimino-2-1349x900.jpg 1349w, https:\/\/villsy.com\/wp-content\/uploads\/01VillaGimino-2-300x200.jpg 300w, https:\/\/villsy.com\/wp-content\/uploads\/01VillaGimino-2-768x512.jpg 768w, https:\/\/villsy.com\/wp-content\/uploads\/01VillaGimino-2-1536x1025.jpg 1536w, https:\/\/villsy.com\/wp-content\/uploads\/01VillaGimino-2.jpg 2000w\" sizes=\"(max-width: 1349px) 100vw, 1349px\" \/><figcaption>Villa Gimino<\/figcaption><\/figure>\n<\/div>\n<\/div>\n\n\n\n<h2 id=\"block-145802a9-6fdc-4355-88e5-c5c59fd12a13\">Dlaczego warto wybra\u0107 Villsy?<\/h2>\n\n\n\n<h3 id=\"block-cada00b6-a75d-4d19-81ab-f4d7e76c81cf\">Wyselekcjonowane wille na Istrii i w Chorwacji<\/h3>\n\n\n\n<p id=\"block-53283f70-8d00-4fe5-8303-d565a4a51f82\">Ka\u017cda willa w naszym portfolio jest osobi\u015bcie sprawdzana przez nasz do\u015bwiadczony zesp\u00f3\u0142. Od luksusowych willi z basenami nad morzem po autentyczne kamienne domy na Istrii, ka\u017cda nieruchomo\u015b\u0107 jest wybierana ze wzgl\u0119du na jej jako\u015b\u0107, komfort i niepowtarzalny urok. <\/p>\n\n\n\n<h3 id=\"block-7bc9eec4-d9ac-4189-a904-e156407b8d7a\">Gwarancja najlepszej ceny<\/h3>\n\n\n\n<p id=\"block-d0f079de-328f-4030-91e2-c1b913227224\">Dzi\u0119ki bezpo\u015brednim umowom z w\u0142a\u015bcicielami dom\u00f3w i wieloletniemu do\u015bwiadczeniu na rynku gwarantujemy najni\u017csze ceny willi na Istrii i Chorwacji. Z Villsy rezerwujesz bezpo\u015brednio &#8211; bez ukrytych op\u0142at. <\/p>\n\n\n\n<h3 id=\"block-13e2bf5b-8bb7-41bf-9e35-78c322fc551d\">Natychmiastowa rezerwacja<\/h3>\n\n\n\n<p id=\"block-8897fa1f-74a9-44c5-a276-b60e94e874a2\">Wszystkie nasze wille wakacyjne z basenem na Istrii s\u0105 dost\u0119pne w czasie rzeczywistym. Wystarczy wybra\u0107 preferowan\u0105 will\u0119, zarezerwowa\u0107 online i bezpiecznie zap\u0142aci\u0107 kart\u0105 kredytow\u0105 lub przelewem bankowym &#8211; szybko, bezpiecznie i \u0142atwo. <\/p>\n\n\n\n<h3 id=\"block-bad415ac-575d-4b3b-9571-dd87086634b3\">Lokalna obecno\u015b\u0107 i wsparcie<\/h3>\n\n\n\n<p id=\"block-074315fa-45c8-4fa7-b88a-f5075acf80e4\">Nasze biuro znajduje si\u0119 w Pazinie, w samym sercu Istrii. Ta centralna lokalizacja pozwala nam pozosta\u0107 blisko zar\u00f3wno naszych go\u015bci, jak i w\u0142a\u015bcicieli dom\u00f3w. Nasz lokalny zesp\u00f3\u0142 jest dost\u0119pny przez ca\u0142y pobyt, aby upewni\u0107 si\u0119, \u017ce ka\u017cdy szczeg\u00f3\u0142 jest doskona\u0142y.  <\/p>\n\n\n\n<h3 id=\"block-e8dbfd42-7d55-40bc-8f29-d90db3ec19d1\">Do\u015bwiadczenie i rozw\u00f3j<\/h3>\n\n\n\n<p id=\"block-fc344d08-8579-4fba-8ab2-23f18614254f\">To, co zacz\u0119\u0142o si\u0119 w 2008 roku od jednej willi, przekszta\u0142ci\u0142o si\u0119 w zaufan\u0105 agencj\u0119 z szerokim portfolio wysokiej klasy dom\u00f3w wakacyjnych w Chorwacji. \u0141\u0105czymy lata praktycznego do\u015bwiadczenia z osobistym podej\u015bciem zorientowanym na go\u015bci. <\/p>\n\n\n\n<h2 id=\"block-4befae29-a74d-492a-804f-c83d30c4b901\">Nasza obietnica<\/h2>\n\n\n\n<p id=\"block-76893c12-0529-4f1c-81b9-53c6bc23a6a9\">Z Villsy Twoje wakacje s\u0105 w dobrych r\u0119kach. Niezale\u017cnie od tego, czy szukasz spokojnego miejsca na <strong>wzg\u00f3rzach Istrii<\/strong>, <strong>willi przy pla\u017cy w Dalmacji<\/strong>, czy <strong>rodzinnego domu wakacyjnego z basenem w Chorwacji<\/strong>, zapewniamy, \u017ce Tw\u00f3j pobyt b\u0119dzie beztroski i niezapomniany. <\/p>\n\n\n\n<p id=\"block-3f6262c7-c4ec-40ca-8d11-6d7857d47700\">Villsy to wi\u0119cej ni\u017c agencja &#8211; jeste\u015bmy lokalnym partnerem, pasjonatem Istrii i Chorwacji, oddanym tworzeniu idealnych wakacji.<\/p>\n\n\n\n<div class=\"container my-5 offer-homepage-cards-section\">\n    <h3 class=\"text-dark h1\">\n  Kolekcje willi\n    <\/h3>\n    \t \n      <div class=\"row\">\n\n<a class=\"col-lg-6 col-sm-6 col-12 mb-4 rounded\" style=\"text-decoration: none;\" href=\"\/pl\/wille-z-widokiem-na-morze-chorwacja\/\">\n    <div class=\"filters-landing-card position-relative rounded\">\n        <div class=\"card lozad position-relative card-img-top\" data-background-image=\"https:\/\/villsy.com\/wp-content\/uploads\/Villa_Lina1102-800x600.jpg\" style=\"height: 300px;\">\n        <\/div>\n        <div class=\"position-absolute container bottom-0 w-100 px-lg-4 px-3\">\n            <div class=\"bg-dark bg-opacity-75 rounded py-lg-4 px-lg-4 p-3 my-3\">\n                <div class=\"h3 mt-0 mb-1 text-warning slab\">Wille z widokiem na morze w Chorwacji<\/div>\n                                    <h3 class=\"text-white slab small mb-0\"> Nasz wyb\u00f3r willi z widokiem na morze w Chorwacji<\/h3>\n                            <\/div>\n        <\/div>\n    <\/div>\n<\/a>\n\n<a class=\"col-lg-6 col-sm-6 col-12 mb-4 rounded\" style=\"text-decoration: none;\" href=\"\/pl\/luksusowe-wille-chorwacja\/\">\n    <div class=\"filters-landing-card position-relative rounded\">\n        <div class=\"card lozad position-relative card-img-top\" data-background-image=\"https:\/\/villsy.com\/wp-content\/uploads\/Villa_Lumi68-800x600.jpg\" style=\"height: 300px;\">\n        <\/div>\n        <div class=\"position-absolute container bottom-0 w-100 px-lg-4 px-3\">\n            <div class=\"bg-dark bg-opacity-75 rounded py-lg-4 px-lg-4 p-3 my-3\">\n                <div class=\"h3 mt-0 mb-1 text-warning slab\">Luksusowe wille w Chorwacji<\/div>\n                                    <h3 class=\"text-white slab small mb-0\"> Ciesz si\u0119 pobytem w luksusowych willach<\/h3>\n                            <\/div>\n        <\/div>\n    <\/div>\n<\/a>\n\n<a class=\"col-lg-4 col-sm-6 col-12 mb-4 rounded\" style=\"text-decoration: none;\" href=\"\/pl\/wille-nad-morzem-chorwacja\/\">\n    <div class=\"filters-landing-card position-relative rounded\">\n        <div class=\"card lozad position-relative card-img-top\" data-background-image=\"https:\/\/villsy.com\/wp-content\/uploads\/Dubovica-Hvar-800x600.jpg\" style=\"height: 300px;\">\n        <\/div>\n        <div class=\"position-absolute container bottom-0 w-100 px-lg-4 px-3\">\n            <div class=\"bg-dark bg-opacity-75 rounded py-lg-4 px-lg-4 p-3 my-3\">\n                <div class=\"h3 mt-0 mb-1 text-warning slab\">Wille przy pla\u017cy w Chorwacji<\/div>\n                                    <h3 class=\"text-white slab small mb-0\"> Wille w odleg\u0142o\u015bci do 3 km od morza<\/h3>\n                            <\/div>\n        <\/div>\n    <\/div>\n<\/a>\n\n<a class=\"col-lg-4 col-sm-6 col-12 mb-4 rounded\" style=\"text-decoration: none;\" href=\"\/pl\/male-romantyczne-wille-chorwacja\/\">\n    <div class=\"filters-landing-card position-relative rounded\">\n        <div class=\"card lozad position-relative card-img-top\" data-background-image=\"https:\/\/villsy.com\/wp-content\/uploads\/vila_amalia113-800x600.jpg\" style=\"height: 300px;\">\n        <\/div>\n        <div class=\"position-absolute container bottom-0 w-100 px-lg-4 px-3\">\n            <div class=\"bg-dark bg-opacity-75 rounded py-lg-4 px-lg-4 p-3 my-3\">\n                <div class=\"h3 mt-0 mb-1 text-warning slab\">Romantyczne wille dla par w Chorwacji<\/div>\n                                    <h3 class=\"text-white slab small mb-0\"> Ma\u0142e romantyczne wille idealne dla par<\/h3>\n                            <\/div>\n        <\/div>\n    <\/div>\n<\/a>\n\n<a class=\"col-lg-4 col-sm-6 col-12 mb-4 rounded\" style=\"text-decoration: none;\" href=\"\/pl\/wille-z-basenem-chorwacja\/\">\n    <div class=\"filters-landing-card position-relative rounded\">\n        <div class=\"card lozad position-relative card-img-top\" data-background-image=\"https:\/\/villsy.com\/wp-content\/uploads\/villa_Horto-800x600.jpg\" style=\"height: 300px;\">\n        <\/div>\n        <div class=\"position-absolute container bottom-0 w-100 px-lg-4 px-3\">\n            <div class=\"bg-dark bg-opacity-75 rounded py-lg-4 px-lg-4 p-3 my-3\">\n                <div class=\"h3 mt-0 mb-1 text-warning slab\">Wille z basenem w Chorwacji<\/div>\n                                    <h3 class=\"text-white slab small mb-0\"> Znajd\u017a idealn\u0105 will\u0119 z basenem<\/h3>\n                            <\/div>\n        <\/div>\n    <\/div>\n<\/a>\n\n<a class=\"col-lg-3 col-sm-6 col-12 mb-4 rounded\" style=\"text-decoration: none;\" href=\"\/pl\/wille-z-sauna\/\">\n    <div class=\"filters-landing-card position-relative rounded\">\n        <div class=\"card lozad position-relative card-img-top\" data-background-image=\"https:\/\/villsy.com\/wp-content\/uploads\/Villa_Lumi20-800x600.jpg\" style=\"height: 300px;\">\n        <\/div>\n        <div class=\"position-absolute container bottom-0 w-100 px-lg-4 px-3\">\n            <div class=\"bg-dark bg-opacity-75 rounded py-lg-4 px-lg-4 p-3 my-3\">\n                <div class=\"h3 mt-0 mb-1 text-warning slab\">Wille z saun\u0105 do wynaj\u0119cia w Chorwacji<\/div>\n                                    <h3 class=\"text-white slab small mb-0\"> Znajd\u017a wille z saun\u0105 na sw\u00f3j wypoczynek<\/h3>\n                            <\/div>\n        <\/div>\n    <\/div>\n<\/a>\n\n<a class=\"col-lg-3 col-sm-6 col-12 mb-4 rounded\" style=\"text-decoration: none;\" href=\"\/pl\/specjalna-oferta-wille-chorwacja\/\">\n    <div class=\"filters-landing-card position-relative rounded\">\n        <div class=\"card lozad position-relative card-img-top\" data-background-image=\"https:\/\/villsy.com\/wp-content\/uploads\/Villa_Terra_Bianca15-800x600.jpg\" style=\"height: 300px;\">\n        <\/div>\n        <div class=\"position-absolute container bottom-0 w-100 px-lg-4 px-3\">\n            <div class=\"bg-dark bg-opacity-75 rounded py-lg-4 px-lg-4 p-3 my-3\">\n                <div class=\"h3 mt-0 mb-1 text-warning slab\">Wille w ofercie specjalnej w Chorwacji<\/div>\n                                    <h3 class=\"text-white slab small mb-0\"> Znajd\u017a wille ze zni\u017ckami lub innymi dodatkowymi ofertami<\/h3>\n                            <\/div>\n        <\/div>\n    <\/div>\n<\/a>\n\n<a class=\"col-lg-3 col-sm-6 col-12 mb-4 rounded\" style=\"text-decoration: none;\" href=\"\/pl\/chorwacja-wille-przyjazne-zwierzetom\/\">\n    <div class=\"filters-landing-card position-relative rounded\">\n        <div class=\"card lozad position-relative card-img-top\" data-background-image=\"https:\/\/villsy.com\/wp-content\/uploads\/bigstock-Dog-Sleeping-Near-A-Swimming-P-467007137-800x600.jpg\" style=\"height: 300px;\">\n        <\/div>\n        <div class=\"position-absolute container bottom-0 w-100 px-lg-4 px-3\">\n            <div class=\"bg-dark bg-opacity-75 rounded py-lg-4 px-lg-4 p-3 my-3\">\n                <div class=\"h3 mt-0 mb-1 text-warning slab\">Wille przyjazne zwierz\u0119tom w Chorwacji<\/div>\n                                    <h3 class=\"text-white slab small mb-0\"> Wille, w kt\u00f3rych zwierz\u0119ta s\u0105 mile widziane<\/h3>\n                            <\/div>\n        <\/div>\n    <\/div>\n<\/a>\n\n<a class=\"col-lg-3 col-sm-6 col-12 mb-4 rounded\" style=\"text-decoration: none;\" href=\"\/pl\/chorwacja-wille-dla-duzych-grup\/\">\n    <div class=\"filters-landing-card position-relative rounded\">\n        <div class=\"card lozad position-relative card-img-top\" data-background-image=\"https:\/\/villsy.com\/wp-content\/uploads\/villa_Marion32-800x600.jpg\" style=\"height: 300px;\">\n        <\/div>\n        <div class=\"position-absolute container bottom-0 w-100 px-lg-4 px-3\">\n            <div class=\"bg-dark bg-opacity-75 rounded py-lg-4 px-lg-4 p-3 my-3\">\n                <div class=\"h3 mt-0 mb-1 text-warning slab\">Wille dla du\u017cych grup w Chorwacji<\/div>\n                                    <h3 class=\"text-white slab small mb-0\"> Du\u017ce wille dla wi\u0119cej ni\u017c 12 os\u00f3b<\/h3>\n                            <\/div>\n        <\/div>\n    <\/div>\n<\/a> \n    <\/div>\n \n\n\t\n<\/div>\n\n\n\n<hr class=\"wp-block-separator has-alpha-channel-opacity\" id=\"block-620e19a6-46b9-4708-a277-543f327e6c70\"\/>\n\n\n\n<h3 id=\"block-7f9327fe-1ed6-472f-9fe8-f92354ba88f8\">Nadruk:<\/h3>\n\n\n\n<p id=\"block-0fb92d54-cd06-4617-8a2d-14f1cb32bf23\"><strong>VILLSY d.o.o. &#8211; sp\u00f3\u0142ka z ograniczon\u0105 odpowiedzialno\u015bci\u0105 zajmuj\u0105ca si\u0119 wynajmem nieruchomo\u015bci, turystyk\u0105 i us\u0142ugami biura podr\u00f3\u017cy<\/strong> | Numer rejestracyjny: 130093085 &#8211; Trgova\u010dki sud Pazin | NIP:HR17191292654<\/p>\n\n\n\n<p id=\"block-f41eab70-d264-40c8-829a-0ae43153b7ad\">IBAN: HR62 2340 0091 1110 0258 1 | PRIVREDNA BANKA ZAGREB d.d., Radni\u010dka cesta 50, 10000 Zagreb | Kod SWIFT: PBZGHR22<\/p>\n\n\n\n<p id=\"block-f7b7d707-0814-4dea-a862-b8be90a66290\">ADRES: Kastavska 18, 52000 Pazin, Chorwacja<br>DYREKTOR ZARZ\u0104DZAJ\u0104CY: Toni Hrelja<br>LIDER AGENCJI: Suzana Hrelja<br>GODZINY OTWARCIA: pn-pt 9-17<br>E-mail: <a href=\"mailto:info@villsy.com\">info@villsy.com<\/a><br>Strona www: <a href=\"https:\/\/villsy.com\/\">www.villsy.com<\/a><br>TEL: +385 91 585 2596<\/p>\n","protected":false},"excerpt":{"rendered":"<p>Nasza historia W Villsy wierzymy, \u017ce wakacje powinny by\u0107 czym\u015b wi\u0119cej ni\u017c tylko pobytem &#8211; powinny by\u0107 niezapomnianym prze\u017cyciem. Nasza podr\u00f3\u017c rozpocz\u0119\u0142a si\u0119 w 2008 roku, kiedy zbudowali\u015bmy nasz\u0105 pierwsz\u0105 will\u0119 w \u015brodkowej Istrii. To, co zacz\u0119\u0142o si\u0119 jako osobisty projekt, szybko przerodzi\u0142o si\u0119 w co\u015b znacznie wi\u0119kszego. W 2013 roku sami zacz\u0119li\u015bmy wynajmowa\u0107 nasze [&hellip;]<\/p>\n","protected":false},"author":2,"featured_media":0,"parent":0,"menu_order":0,"comment_status":"closed","ping_status":"closed","template":"templates\/other.php","meta":[],"yoast_head":"<!-- This site is optimized with the Yoast SEO Premium plugin v19.2.1 (Yoast SEO v19.6.1) - https:\/\/yoast.com\/wordpress\/plugins\/seo\/ -->\n<title>Nasza historia | Villsy - wyselekcjonowane wille na Istrii i w Chorwacji<\/title>\n<meta name=\"description\" content=\"Zarezerwuj swoj\u0105 wymarzon\u0105 will\u0119 na Istrii lub w Chorwacji z Villsy. Zaufana lokalna agencja oferuj\u0105ca najwy\u017cszej jako\u015bci wille z basenami, najlepsze ceny i osobiste wsparcie.\" \/>\n<meta name=\"robots\" content=\"index, follow, max-snippet:-1, max-image-preview:large, max-video-preview:-1\" \/>\n<link rel=\"canonical\" href=\"https:\/\/villsy.com\/pl\/o-nas\/\" \/>\n<meta property=\"og:locale\" content=\"pl_PL\" \/>\n<meta property=\"og:type\" content=\"website\" \/>\n<meta property=\"og:title\" content=\"Nasza historia | Villsy - wyselekcjonowane wille na Istrii i w Chorwacji\" \/>\n<meta property=\"og:description\" content=\"Zarezerwuj swoj\u0105 wymarzon\u0105 will\u0119 na Istrii lub w Chorwacji z Villsy. Zaufana lokalna agencja oferuj\u0105ca najwy\u017cszej jako\u015bci wille z basenami, najlepsze ceny i osobiste wsparcie.\" \/>\n<meta property=\"og:url\" content=\"https:\/\/villsy.com\/pl\/o-nas\/\" \/>\n<meta property=\"og:site_name\" content=\"Villsy\" \/>\n<meta property=\"article:modified_time\" content=\"2025-10-07T14:37:18+00:00\" \/>\n<meta property=\"og:image\" content=\"https:\/\/villsy.com\/wp-content\/uploads\/villa_casa-nina22-1350x900.jpg\" \/>\n<meta name=\"twitter:card\" content=\"summary_large_image\" \/>\n<meta name=\"twitter:label1\" content=\"Est. reading time\" \/>\n\t<meta name=\"twitter:data1\" content=\"4 minutes\" \/>\n<!-- \/ Yoast SEO Premium plugin. -->","yoast_head_json":{"title":"Nasza historia | Villsy - wyselekcjonowane wille na Istrii i w Chorwacji","description":"Zarezerwuj swoj\u0105 wymarzon\u0105 will\u0119 na Istrii lub w Chorwacji z Villsy. Zaufana lokalna agencja oferuj\u0105ca najwy\u017cszej jako\u015bci wille z basenami, najlepsze ceny i osobiste wsparcie.","robots":{"index":"index","follow":"follow","max-snippet":"max-snippet:-1","max-image-preview":"max-image-preview:large","max-video-preview":"max-video-preview:-1"},"canonical":"https:\/\/villsy.com\/pl\/o-nas\/","og_locale":"pl_PL","og_type":"website","og_title":"Nasza historia | Villsy - wyselekcjonowane wille na Istrii i w Chorwacji","og_description":"Zarezerwuj swoj\u0105 wymarzon\u0105 will\u0119 na Istrii lub w Chorwacji z Villsy. Zaufana lokalna agencja oferuj\u0105ca najwy\u017cszej jako\u015bci wille z basenami, najlepsze ceny i osobiste wsparcie.","og_url":"https:\/\/villsy.com\/pl\/o-nas\/","og_site_name":"Villsy","article_modified_time":"2025-10-07T14:37:18+00:00","og_image":[{"url":"https:\/\/villsy.com\/wp-content\/uploads\/villa_casa-nina22-1350x900.jpg"}],"twitter_card":"summary_large_image","twitter_misc":{"Est. reading time":"4 minutes"},"schema":{"@context":"https:\/\/schema.org","@graph":[{"@type":"WebPage","@id":"https:\/\/villsy.com\/pl\/o-nas\/","url":"https:\/\/villsy.com\/pl\/o-nas\/","name":"Nasza historia | Villsy - wyselekcjonowane wille na Istrii i w Chorwacji","isPartOf":{"@id":"https:\/\/villsy.com\/pl\/#website"},"datePublished":"2025-10-07T11:43:25+00:00","dateModified":"2025-10-07T14:37:18+00:00","description":"Zarezerwuj swoj\u0105 wymarzon\u0105 will\u0119 na Istrii lub w Chorwacji z Villsy. Zaufana lokalna agencja oferuj\u0105ca najwy\u017cszej jako\u015bci wille z basenami, najlepsze ceny i osobiste wsparcie.","breadcrumb":{"@id":"https:\/\/villsy.com\/pl\/o-nas\/#breadcrumb"},"inLanguage":"pl","potentialAction":[{"@type":"ReadAction","target":["https:\/\/villsy.com\/pl\/o-nas\/"]}]},{"@type":"BreadcrumbList","@id":"https:\/\/villsy.com\/pl\/o-nas\/#breadcrumb","itemListElement":[{"@type":"ListItem","position":1,"name":"Villsy","item":"https:\/\/villsy.com\/pl\/"},{"@type":"ListItem","position":2,"name":"O nas PL"}]},{"@type":"WebSite","@id":"https:\/\/villsy.com\/pl\/#website","url":"https:\/\/villsy.com\/pl\/","name":"Villsy","description":"Just another WordPress site","potentialAction":[{"@type":"SearchAction","target":{"@type":"EntryPoint","urlTemplate":"https:\/\/villsy.com\/pl\/?s={search_term_string}"},"query-input":"required name=search_term_string"}],"inLanguage":"pl"}]}},"_links":{"self":[{"href":"https:\/\/villsy.com\/pl\/wp-json\/wp\/v2\/pages\/30545"}],"collection":[{"href":"https:\/\/villsy.com\/pl\/wp-json\/wp\/v2\/pages"}],"about":[{"href":"https:\/\/villsy.com\/pl\/wp-json\/wp\/v2\/types\/page"}],"author":[{"embeddable":true,"href":"https:\/\/villsy.com\/pl\/wp-json\/wp\/v2\/users\/2"}],"replies":[{"embeddable":true,"href":"https:\/\/villsy.com\/pl\/wp-json\/wp\/v2\/comments?post=30545"}],"version-history":[{"count":3,"href":"https:\/\/villsy.com\/pl\/wp-json\/wp\/v2\/pages\/30545\/revisions"}],"predecessor-version":[{"id":30608,"href":"https:\/\/villsy.com\/pl\/wp-json\/wp\/v2\/pages\/30545\/revisions\/30608"}],"wp:attachment":[{"href":"https:\/\/villsy.com\/pl\/wp-json\/wp\/v2\/media?parent=30545"}],"curies":[{"name":"wp","href":"https:\/\/api.w.org\/{rel}","templated":true}]}}