{"id":4501,"date":"2022-08-24T08:40:28","date_gmt":"2022-08-24T08:40:28","guid":{"rendered":"https:\/\/villsy.com\/?page_id=4501"},"modified":"2023-07-28T09:31:36","modified_gmt":"2023-07-28T09:31:36","slug":"laveste-prisgaranti","status":"publish","type":"page","link":"https:\/\/villsy.com\/no\/laveste-prisgaranti\/","title":{"rendered":"Lowest price NO"},"content":{"rendered":"<div class=\"wp-block-image\">\n<figure class=\"aligncenter size-medium\"><img loading=\"lazy\" width=\"300\" height=\"300\" src=\"https:\/\/villsy.com\/wp-content\/uploads\/bagde-bestprice-new-300x300.png\" alt=\"\" class=\"wp-image-4253\" srcset=\"https:\/\/villsy.com\/wp-content\/uploads\/bagde-bestprice-new-300x300.png 300w, https:\/\/villsy.com\/wp-content\/uploads\/bagde-bestprice-new.png 647w\" sizes=\"(max-width: 300px) 100vw, 300px\" \/><\/figure><\/div>\n\n\n<h1 id=\"h-for-a-sikre-at-du-far-best-mulig-service-pa-villsy-kan-vi-ga-god-for-folgende\"><strong>For \u00e5 sikre at du f\u00e5r best mulig service p\u00e5 Villsy, kan vi g\u00e5 god for f\u00f8lgende:<\/strong><\/h1>\n\n\n\n<ul><li>V\u00e5r nettside vil alltid tilby deg&nbsp;<strong>de lavest mulige prisene<\/strong>&nbsp;n\u00e5r du bestiller.<\/li><li>Skulle du noen gang finne et bedre tilbud enn det vi tilbyr, ta kontakt med oss,&nbsp;<strong>s\u00e5 matcher vi den prisen<\/strong>&nbsp;.<\/li><li>Alle villaene har blitt grundig inspisert av v\u00e5rt team.&nbsp;<strong>Vi er et fullt lisensiert turistbyr\u00e5<\/strong>&nbsp;.<\/li><li>Alle beskrivelser av villaene som er oppf\u00f8rt p\u00e5 Villsy er&nbsp;<strong>100 % n\u00f8yaktige og plasseringen av villaene er n\u00f8yaktige.<\/strong><\/li><li>Hver eneste villa har blitt inspisert av alle relevante reguleringsorganer i Republikken Kroatia.<\/li><li>Kalenderne er n\u00f8yaktige og oppdateres jevnlig.<\/li><li>Alle eiere av villaene er avtalt p\u00e5lagt \u00e5&nbsp;<strong>beholde villaene i staten som passer til beskrivelsen gitt p\u00e5 denne nettsiden.<\/strong><\/li><li>Bare du og de som f\u00f8lger deg kan bruke villaene n\u00e5r du leier dem ut.&nbsp;Andre gjester og eiere har ikke lov til \u00e5 bruke dem eller noe annet p\u00e5 eiendommen.<\/li><li>Prisene inkluderer alle avgifter og skatter, som moms, turistskatt og alle verkt\u00f8y.&nbsp;<strong>Det er ingen skjulte kostnader.<\/strong><\/li><li>Du vil alltid kunne kommunisere med en eiendomsforvalter som kan hjelpe deg med bestilling, holde kontakten med deg f\u00f8r du kommer og st\u00e5r til tjeneste under oppholdet.<\/li><\/ul>\n","protected":false},"excerpt":{"rendered":"<p>For \u00e5 sikre at du f\u00e5r best mulig service p\u00e5 Villsy, kan vi g\u00e5 god for f\u00f8lgende: V\u00e5r nettside vil alltid tilby deg&nbsp;de lavest mulige prisene&nbsp;n\u00e5r du bestiller. Skulle du noen gang finne et bedre tilbud enn det vi tilbyr, ta kontakt med oss,&nbsp;s\u00e5 matcher vi den prisen&nbsp;. Alle villaene har blitt grundig inspisert av [&hellip;]<\/p>\n","protected":false},"author":1,"featured_media":0,"parent":0,"menu_order":0,"comment_status":"closed","ping_status":"closed","template":"templates\/other.php","meta":[],"yoast_head":"<!-- This site is optimized with the Yoast SEO Premium plugin v19.2.1 (Yoast SEO v19.6.1) - https:\/\/yoast.com\/wordpress\/plugins\/seo\/ -->\n<title>Laveste prisgaranti - Villsy<\/title>\n<meta name=\"description\" content=\"Laveste prisgaranti - Finn og bestill villaer med basseng med Villsy. Lei en villa for dine ferier med familie eller venner, hele huset kun for deg.\" \/>\n<meta name=\"robots\" content=\"index, follow, max-snippet:-1, max-image-preview:large, max-video-preview:-1\" \/>\n<link rel=\"canonical\" href=\"https:\/\/villsy.com\/no\/laveste-prisgaranti\/\" \/>\n<meta property=\"og:locale\" content=\"en_US\" \/>\n<meta property=\"og:type\" content=\"website\" \/>\n<meta property=\"og:title\" content=\"Laveste prisgaranti\" \/>\n<meta property=\"og:description\" content=\"Laveste prisgaranti - Finn og bestill villaer med basseng med Villsy. Lei en villa for dine ferier med familie eller venner, hele huset kun for deg.\" \/>\n<meta property=\"og:url\" content=\"https:\/\/villsy.com\/no\/laveste-prisgaranti\/\" \/>\n<meta property=\"og:site_name\" content=\"Villsy\" \/>\n<meta property=\"article:modified_time\" content=\"2023-07-28T09:31:36+00:00\" \/>\n<meta property=\"og:image\" content=\"https:\/\/villsy.com\/wp-content\/uploads\/bagde-bestprice-new-300x300.png\" \/>\n<meta name=\"twitter:card\" content=\"summary_large_image\" \/>\n<meta name=\"twitter:title\" content=\"Laveste prisgaranti\" \/>\n<meta name=\"twitter:description\" content=\"Laveste prisgaranti - Finn og bestill villaer med basseng med Villsy. Lei en villa for dine ferier med familie eller venner, hele huset kun for deg.\" \/>\n<meta name=\"twitter:label1\" content=\"Est. reading time\" \/>\n\t<meta name=\"twitter:data1\" content=\"2 minutes\" \/>\n<!-- \/ Yoast SEO Premium plugin. -->","yoast_head_json":{"title":"Laveste prisgaranti - Villsy","description":"Laveste prisgaranti - Finn og bestill villaer med basseng med Villsy. Lei en villa for dine ferier med familie eller venner, hele huset kun for deg.","robots":{"index":"index","follow":"follow","max-snippet":"max-snippet:-1","max-image-preview":"max-image-preview:large","max-video-preview":"max-video-preview:-1"},"canonical":"https:\/\/villsy.com\/no\/laveste-prisgaranti\/","og_locale":"en_US","og_type":"website","og_title":"Laveste prisgaranti","og_description":"Laveste prisgaranti - Finn og bestill villaer med basseng med Villsy. Lei en villa for dine ferier med familie eller venner, hele huset kun for deg.","og_url":"https:\/\/villsy.com\/no\/laveste-prisgaranti\/","og_site_name":"Villsy","article_modified_time":"2023-07-28T09:31:36+00:00","og_image":[{"url":"https:\/\/villsy.com\/wp-content\/uploads\/bagde-bestprice-new-300x300.png"}],"twitter_card":"summary_large_image","twitter_title":"Laveste prisgaranti","twitter_description":"Laveste prisgaranti - Finn og bestill villaer med basseng med Villsy. Lei en villa for dine ferier med familie eller venner, hele huset kun for deg.","twitter_misc":{"Est. reading time":"2 minutes"},"schema":{"@context":"https:\/\/schema.org","@graph":[{"@type":"WebPage","@id":"https:\/\/villsy.com\/no\/laveste-prisgaranti\/","url":"https:\/\/villsy.com\/no\/laveste-prisgaranti\/","name":"Laveste prisgaranti - Villsy","isPartOf":{"@id":"https:\/\/villsy.com\/no\/#website"},"datePublished":"2022-08-24T08:40:28+00:00","dateModified":"2023-07-28T09:31:36+00:00","description":"Laveste prisgaranti - Finn og bestill villaer med basseng med Villsy. Lei en villa for dine ferier med familie eller venner, hele huset kun for deg.","breadcrumb":{"@id":"https:\/\/villsy.com\/no\/laveste-prisgaranti\/#breadcrumb"},"inLanguage":"no","potentialAction":[{"@type":"ReadAction","target":["https:\/\/villsy.com\/no\/laveste-prisgaranti\/"]}]},{"@type":"BreadcrumbList","@id":"https:\/\/villsy.com\/no\/laveste-prisgaranti\/#breadcrumb","itemListElement":[{"@type":"ListItem","position":1,"name":"Villsy","item":"https:\/\/villsy.com\/no\/"},{"@type":"ListItem","position":2,"name":"Lowest price NO"}]},{"@type":"WebSite","@id":"https:\/\/villsy.com\/no\/#website","url":"https:\/\/villsy.com\/no\/","name":"Villsy","description":"Just another WordPress site","potentialAction":[{"@type":"SearchAction","target":{"@type":"EntryPoint","urlTemplate":"https:\/\/villsy.com\/no\/?s={search_term_string}"},"query-input":"required name=search_term_string"}],"inLanguage":"no"}]}},"_links":{"self":[{"href":"https:\/\/villsy.com\/no\/wp-json\/wp\/v2\/pages\/4501"}],"collection":[{"href":"https:\/\/villsy.com\/no\/wp-json\/wp\/v2\/pages"}],"about":[{"href":"https:\/\/villsy.com\/no\/wp-json\/wp\/v2\/types\/page"}],"author":[{"embeddable":true,"href":"https:\/\/villsy.com\/no\/wp-json\/wp\/v2\/users\/1"}],"replies":[{"embeddable":true,"href":"https:\/\/villsy.com\/no\/wp-json\/wp\/v2\/comments?post=4501"}],"version-history":[{"count":2,"href":"https:\/\/villsy.com\/no\/wp-json\/wp\/v2\/pages\/4501\/revisions"}],"predecessor-version":[{"id":12114,"href":"https:\/\/villsy.com\/no\/wp-json\/wp\/v2\/pages\/4501\/revisions\/12114"}],"wp:attachment":[{"href":"https:\/\/villsy.com\/no\/wp-json\/wp\/v2\/media?parent=4501"}],"curies":[{"name":"wp","href":"https:\/\/api.w.org\/{rel}","templated":true}]}}