{"id":4469,"date":"2022-08-24T06:49:42","date_gmt":"2022-08-24T06:49:42","guid":{"rendered":"https:\/\/villsy.com\/?page_id=4469"},"modified":"2022-08-24T08:03:01","modified_gmt":"2022-08-24T08:03:01","slug":"ofte-stilte-sporsmal","status":"publish","type":"page","link":"https:\/\/villsy.com\/no\/ofte-stilte-sporsmal\/","title":{"rendered":"Faq NO"},"content":{"rendered":"\n<h1 class=\"pb-5\">Ofte stilte sp\u00f8rsm\u00e5l<\/h1>\n\n\n\n<h2>KOSTNADER OG BETALING&nbsp;&nbsp;<\/h2>\n\n\n\n<h4>1. Hvorfor innskudd er obligatorisk?<\/h4>\n\n\n\n<p>Depositum er obligatorisk for \u00e5 reservere eiendommen din og forhindre at noen andre bestiller den for samme datoer.&nbsp;Depositum er vanligvis 30 % av totalprisen.&nbsp;Vi belaster ikke kredittkortet ditt f\u00f8r vi har sendt bestillingsbekreftelsen som vanligvis tar 24 timer.<\/p>\n\n\n\n<p>Siden depositumet ikke kan refunderes, anbefaler vi at du tegner ferieforsikring.<\/p>\n\n\n\n<h4>2. N\u00e5r betaler jeg hele bel\u00f8pet?<\/h4>\n\n\n\n<p>Hele bel\u00f8pet forfaller vanligvis 8-12 uker f\u00f8r du reiser p\u00e5 ferie.&nbsp;Vi vil informere deg om neste betaling.<\/p>\n\n\n\n<h4>3. Hva med ferieavbestilling?<\/h4>\n\n\n\n<p>Gi oss beskjed om at du \u00f8nsker \u00e5 avbryte ferien s\u00e5 snart som mulig.&nbsp;Vi kan ikke refundere depositumet du betalte for \u00e5 sikre bestillingen din.&nbsp;Men hvis vi klarer \u00e5 leie ut eiendommen til andre gjester for samme periode og pris, kan vi kanskje refundere deler av depositumet eller til og med hele innskuddet minus transaksjonsgebyrer.<\/p>\n\n\n\n<h4>4. Depositum \u2013 hva er det til for?<\/h4>\n\n\n\n<p>Hvis du forlater villaen ren, ryddig og i samme stand som den var &#8211; ingen bekymringer.&nbsp;Skadedepositumet ditt vil bli returnert.<\/p>\n\n\n\n<h4>5. Hvordan og n\u00e5r betaler jeg depositum?<\/h4>\n\n\n\n<p>Depositum betales direkte til huseier, og returneres ved slutten av oppholdet<\/p>\n\n\n\n<h4>6. Er det noen ekstra kostnader?<\/h4>\n\n\n\n<p>Vi bekrefter alltid alle kostnadene knyttet til villautleie.&nbsp;Det skal ikke v\u00e6re andre kostnader.<\/p>\n\n\n\n<p>Unntak kan v\u00e6re:<\/p>\n\n\n\n<ul><li>depositum<\/li><li>kj\u00e6ledyr (du vil bli informert ved bestilling)<\/li><li>oppvarmede sv\u00f8mmebassenger i april, mai, juni, september og oktober.&nbsp;Sp\u00f8r om du \u00f8nsker \u00e5 bruke bassengoppvarmingen.<\/li><\/ul>\n\n\n\n<h4>7. Er det merverdiavgift?<\/h4>\n\n\n\n<p>Alle v\u00e5re priser inkluderer mva, ingen tilleggsavgift for deg.<\/p>\n\n\n\n<h4>8. Er vi ATOL bundet?<\/h4>\n\n\n\n<p>Nei, vi tilbyr kun overnatting og ATOL-obligasjonskravet gjelder ikke.<\/p>\n\n\n\n<h2>ANNEN<\/h2>\n\n\n\n<h4>1. Trenger jeg bilen?<\/h4>\n\n\n\n<p>Avhenger av eiendommens beliggenhet og dine krav.&nbsp;Noen av villaene er avsidesliggende, s\u00e5 bilbruk er viktig.<\/p>\n\n\n\n<h4>2. Hvor er n\u00e6rmeste flyplass?<\/h4>\n\n\n\n<p>All informasjon er i fanen sted.&nbsp;Alle eiendommene er p\u00e5 n\u00f8yaktig beliggenhet.&nbsp;Hvis du trenger ytterligere hjelp, vennligst kontakt oss.<\/p>\n\n\n\n<h4>3. Er villaen egnet for barn?<\/h4>\n\n\n\n<p>Kort sagt &#8211; ja.&nbsp;De fleste eiendommene er egnet for barn og har barnesenger og barnestol.&nbsp;Hvis du reiser med barn, vennligst informer oss.<\/p>\n\n\n\n<h4>4. Kj\u00e6ledyr<\/h4>\n\n\n\n<p>Noen villaer er kj\u00e6ledyrvennlige og noen er det ikke.&nbsp;De fleste eiere tillater veloppdragne kj\u00e6ledyr mot en liten avgift.&nbsp;Det er ogs\u00e5 oppf\u00f8rt p\u00e5 nettsiden v\u00e5r og i filterfunksjon hvilke villaer som tillater kj\u00e6ledyr.<\/p>\n\n\n\n<h4>5. Er bassenget trygt for barn?<\/h4>\n\n\n\n<p>Det er vanligvis ingen barrierer til bassenget, s\u00e5 v\u00e6r s\u00e5 snill \u00e5 ha det i bakhodet n\u00e5r du bestiller villaen.&nbsp;Vanligvis er bassengdybden 1,3 &#8211; 1,6 meter.<\/p>\n\n\n\n<h4>6. Bor eierne p\u00e5 stedet?<\/h4>\n\n\n\n<p>I 99% tilfeller &#8211; nei.&nbsp;Eieren bor kanskje i n\u00e6rheten, men i det andre huset.&nbsp;Alle v\u00e5re villaer er kun til eksklusiv bruk.<\/p>\n","protected":false},"excerpt":{"rendered":"<p>Ofte stilte sp\u00f8rsm\u00e5l KOSTNADER OG BETALING&nbsp;&nbsp; 1. Hvorfor innskudd er obligatorisk? Depositum er obligatorisk for \u00e5 reservere eiendommen din og forhindre at noen andre bestiller den for samme datoer.&nbsp;Depositum er vanligvis 30 % av totalprisen.&nbsp;Vi belaster ikke kredittkortet ditt f\u00f8r vi har sendt bestillingsbekreftelsen som vanligvis tar 24 timer. Siden depositumet ikke kan refunderes, anbefaler [&hellip;]<\/p>\n","protected":false},"author":1,"featured_media":0,"parent":0,"menu_order":0,"comment_status":"closed","ping_status":"closed","template":"templates\/other.php","meta":[],"yoast_head":"<!-- This site is optimized with the Yoast SEO Premium plugin v19.2.1 (Yoast SEO v19.6.1) - https:\/\/yoast.com\/wordpress\/plugins\/seo\/ -->\n<title>Ofte stilte sp\u00f8rsm\u00e5l - Villsy<\/title>\n<meta name=\"description\" content=\"Finn vanlige sp\u00f8rsm\u00e5l om \u00e5 leie en villa med Villsy.\" \/>\n<meta name=\"robots\" content=\"index, follow, max-snippet:-1, max-image-preview:large, max-video-preview:-1\" \/>\n<link rel=\"canonical\" href=\"https:\/\/villsy.com\/no\/ofte-stilte-sporsmal\/\" \/>\n<meta property=\"og:locale\" content=\"en_US\" \/>\n<meta property=\"og:type\" content=\"website\" \/>\n<meta property=\"og:title\" content=\"Ofte stilte sp\u00f8rsm\u00e5l\" \/>\n<meta property=\"og:description\" content=\"Finn vanlige sp\u00f8rsm\u00e5l om \u00e5 leie en villa med Villsy.\" \/>\n<meta property=\"og:url\" content=\"https:\/\/villsy.com\/no\/ofte-stilte-sporsmal\/\" \/>\n<meta property=\"og:site_name\" content=\"Villsy\" \/>\n<meta property=\"article:modified_time\" content=\"2022-08-24T08:03:01+00:00\" \/>\n<meta name=\"twitter:card\" content=\"summary_large_image\" \/>\n<meta name=\"twitter:title\" content=\"Ofte stilte sp\u00f8rsm\u00e5l\" \/>\n<meta name=\"twitter:description\" content=\"Finn vanlige sp\u00f8rsm\u00e5l om \u00e5 leie en villa med Villsy.\" \/>\n<meta name=\"twitter:label1\" content=\"Est. reading time\" \/>\n\t<meta name=\"twitter:data1\" content=\"2 minutes\" \/>\n<!-- \/ Yoast SEO Premium plugin. -->","yoast_head_json":{"title":"Ofte stilte sp\u00f8rsm\u00e5l - Villsy","description":"Finn vanlige sp\u00f8rsm\u00e5l om \u00e5 leie en villa med Villsy.","robots":{"index":"index","follow":"follow","max-snippet":"max-snippet:-1","max-image-preview":"max-image-preview:large","max-video-preview":"max-video-preview:-1"},"canonical":"https:\/\/villsy.com\/no\/ofte-stilte-sporsmal\/","og_locale":"en_US","og_type":"website","og_title":"Ofte stilte sp\u00f8rsm\u00e5l","og_description":"Finn vanlige sp\u00f8rsm\u00e5l om \u00e5 leie en villa med Villsy.","og_url":"https:\/\/villsy.com\/no\/ofte-stilte-sporsmal\/","og_site_name":"Villsy","article_modified_time":"2022-08-24T08:03:01+00:00","twitter_card":"summary_large_image","twitter_title":"Ofte stilte sp\u00f8rsm\u00e5l","twitter_description":"Finn vanlige sp\u00f8rsm\u00e5l om \u00e5 leie en villa med Villsy.","twitter_misc":{"Est. reading time":"2 minutes"},"schema":{"@context":"https:\/\/schema.org","@graph":[{"@type":"WebPage","@id":"https:\/\/villsy.com\/no\/ofte-stilte-sporsmal\/","url":"https:\/\/villsy.com\/no\/ofte-stilte-sporsmal\/","name":"Ofte stilte sp\u00f8rsm\u00e5l - Villsy","isPartOf":{"@id":"https:\/\/villsy.com\/no\/#website"},"datePublished":"2022-08-24T06:49:42+00:00","dateModified":"2022-08-24T08:03:01+00:00","description":"Finn vanlige sp\u00f8rsm\u00e5l om \u00e5 leie en villa med Villsy.","breadcrumb":{"@id":"https:\/\/villsy.com\/no\/ofte-stilte-sporsmal\/#breadcrumb"},"inLanguage":"no","potentialAction":[{"@type":"ReadAction","target":["https:\/\/villsy.com\/no\/ofte-stilte-sporsmal\/"]}]},{"@type":"BreadcrumbList","@id":"https:\/\/villsy.com\/no\/ofte-stilte-sporsmal\/#breadcrumb","itemListElement":[{"@type":"ListItem","position":1,"name":"Villsy","item":"https:\/\/villsy.com\/no\/"},{"@type":"ListItem","position":2,"name":"Faq NO"}]},{"@type":"WebSite","@id":"https:\/\/villsy.com\/no\/#website","url":"https:\/\/villsy.com\/no\/","name":"Villsy","description":"Just another WordPress site","potentialAction":[{"@type":"SearchAction","target":{"@type":"EntryPoint","urlTemplate":"https:\/\/villsy.com\/no\/?s={search_term_string}"},"query-input":"required name=search_term_string"}],"inLanguage":"no"}]}},"_links":{"self":[{"href":"https:\/\/villsy.com\/no\/wp-json\/wp\/v2\/pages\/4469"}],"collection":[{"href":"https:\/\/villsy.com\/no\/wp-json\/wp\/v2\/pages"}],"about":[{"href":"https:\/\/villsy.com\/no\/wp-json\/wp\/v2\/types\/page"}],"author":[{"embeddable":true,"href":"https:\/\/villsy.com\/no\/wp-json\/wp\/v2\/users\/1"}],"replies":[{"embeddable":true,"href":"https:\/\/villsy.com\/no\/wp-json\/wp\/v2\/comments?post=4469"}],"version-history":[{"count":1,"href":"https:\/\/villsy.com\/no\/wp-json\/wp\/v2\/pages\/4469\/revisions"}],"predecessor-version":[{"id":4470,"href":"https:\/\/villsy.com\/no\/wp-json\/wp\/v2\/pages\/4469\/revisions\/4470"}],"wp:attachment":[{"href":"https:\/\/villsy.com\/no\/wp-json\/wp\/v2\/media?parent=4469"}],"curies":[{"name":"wp","href":"https:\/\/api.w.org\/{rel}","templated":true}]}}