{"id":4077,"date":"2022-07-19T12:04:42","date_gmt":"2022-07-19T12:04:42","guid":{"rendered":"https:\/\/villsy.com\/?page_id=4077"},"modified":"2025-10-07T11:20:09","modified_gmt":"2025-10-07T11:20:09","slug":"kontakt-oss","status":"publish","type":"page","link":"https:\/\/villsy.com\/no\/kontakt-oss\/","title":{"rendered":"contact NO"},"content":{"rendered":"\n<h2 class=\"has-text-align-center\" id=\"h-vi-er-her-for-a-hjelpe-la-oss-planlegge-din-perfekte-ferie-sammen\">Vi er her for \u00e5 hjelpe \u2013 la oss planlegge din perfekte ferie sammen.<\/h2>\n\n\n\n<div style=\"height:40px\" aria-hidden=\"true\" class=\"wp-block-spacer\"><\/div>\n\n\n\n<p class=\"has-text-align-center\">Har du sp\u00f8rsm\u00e5l om v\u00e5re vakre villaer i Istria, eller trenger du hjelp til \u00e5 velge den perfekte villaen for oppholdet ditt?<\/p>\n\n\n\n<p class=\"has-text-align-center\">Enten du vil sjekke tilgjengelighet, planlegge ferien eller f\u00e5 flere detaljer, st\u00e5r v\u00e5rt vennlige team klart til \u00e5 hjelpe deg! Ta kontakt via telefon, e-post eller skjemaet nedenfor, s\u00e5 gir vi deg all informasjonen du trenger for en s\u00f8ml\u00f8s og bekymringsfri ferie.<\/p>\n\n\n\n<p class=\"has-text-align-center\">Vi ser frem til \u00e5 h\u00f8re fra deg snart!<\/p>\n\n\n\n<h3 class=\"has-text-align-center\"><strong>Villsy \u2013 din lokale partner for den perfekte ferien i Kroatia.<\/strong><\/h3>\n\n\n\n<p><\/p>\n\n\n\n<form class=\"form-contact card shadow border p-4\">\n    <h2 class=\"mb-4\">\n            <\/h2>\n    <div class=\"row\">\n        <div class=\"col-lg-6 col-12\">\n            <div class=\"form-group  mb-3 \">\n                <label for=\"name\">Navn*<\/label>\n                <input required=\"\" name=\"name\" type=\"text\" class=\"form-control  bg-transparent\" id=\"contact-name\" placeholder=\"Navn\">\n            <\/div>\n        <\/div>\n        <div class=\"col-lg-6 col-12\">\n            <div class=\"form-group  mb-3\">\n                <label for=\"surname\">Etternavn*<\/label>\n                <input required=\"\" name=\"surname\" type=\"text\" class=\"form-control  bg-transparent\" id=\"contact-surname\" placeholder=\"Etternavn\">\n            <\/div>\n        <\/div>\n\n        <div class=\"col-lg-6 col-12\">\n            <div class=\"form-group  mb-3\">\n                <label for=\"email\">E-post*<\/label>\n                <input required=\"\" name=\"email\" type=\"email\" class=\"form-control  bg-transparent\" id=\"contact-email\" placeholder=\"E-post\"> \n            <\/div>\n        <\/div>\n        <div class=\"col-lg-6 col-12\">\n            <div class=\"form-group  mb-3\">\n                <label for=\"phone\">Telefon*<\/label>\n                <input name=\"phone\" type=\"text\" class=\"form-control  bg-transparent\" id=\"contact-tel\" placeholder=\"Telefon\">\n            <\/div>\n        <\/div>\n        <div class=\"col-12\">\n            <div class=\"form-group  mb-3\">\n                <label for=\"message\">Melding*<\/label>\n                <textarea name=\"message\" type=\"text\" rows=\"5\" class=\"form-control  bg-transparent\" id=\"contact-text\" placeholder=\"Melding\"><\/textarea>\n            <\/div>\n        <\/div>\n        <div class=\"col-12 mb-3\">\n            <div class=\"form-check\">\n                <input required type=\"checkbox\" class=\"form-check-input\" name=\"agree\" id=\"agree\">\n                <label class=\"form-check-label\" for=\"agree\">\n                    Jeg har lest og godtar <a href=\"\/no\/privacy-policy\/\">personvernreglene<\/a>                <\/label>\n            <\/div>\n        <\/div>\n\n    <\/div>\n    <div class=\"row no-gutters\">\n        <div class=\"col-lg-8\">\n            <div>\n                Dette nettstedet er beskyttet med reCAPTCHA og gjelder <a href=\"https:\/\/policies.google.com\/privacy\" target=\"_blank\">Googles personvernregler<\/a> og <a href=\" https:\/\/policies.google.com\/terms\" target=\"_blank\">Vilk\u00e5r for bruk<\/a>.            <\/div>\n        <\/div>\n        <div class=\"col-lg\">\n            <div class=\"d-flex flex-row justify-content-end\">\n                <button type=\"submit\" class=\"btn btn-primary contact-btn\">\n                    Send melding\n                <\/button>\n                <div class=\"contact-spinner d-none spinner-border align-items-center justify-content-center\" role=\"status\">\n                    <i class=\"las la-envelope la-lg\"><\/i>\n                    <span class=\"sr-only\">Laster...<\/span>\n                <\/div>\n            <\/div>\n        <\/div>\n    <\/div>\n<\/form>\n\n\n\n<div id=\"contact-modal\" class=\"modal fade\" tabindex=\"-1\" role=\"dialog\">\n  <div class=\"modal-dialog\">\n    <div class=\"modal-content\">\n      <div class=\"modal-header\">\n        <h5 class=\"modal-title font-weight-light\">\n            Takk for interessen.        <\/h5>\n        <button type=\"button\" class=\"btn-close\" data-bs-dismiss=\"modal\" aria-label=\"Close\"><\/button>\n      <\/div>\n      <div class=\"modal-body font-weight-normal\">\n        <p class=\"response-output\"><\/p>\n      <\/div>\n      <div class=\"modal-footer\">\n        <button type=\"button\" class=\"btn btn-primary font-weight-bold\" data-bs-dismiss=\"modal\">Lukk<\/button>\n      <\/div>\n    <\/div>\n  <\/div>\n<\/div>\n\n\n\n\n\n<hr class=\"wp-block-separator has-alpha-channel-opacity\"\/>\n\n\n\n<h3 id=\"h-imprint\">Imprint:<\/h3>\n\n\n\n<p><strong><strong>VILLSY d.o.o.<\/strong> \u2013 aksjeselskap med begrenset ansvar for eiendomsutleie, turisme og reisebyr\u00e5tjenester<br>Registreringsnummer: <strong>130093085 \u2013 Handelsretten i Pazin<\/strong> | MVA-ID: <strong>HR17191292654<\/strong><\/strong><\/p>\n\n\n\n<p>IBAN: HR62 2340 0091 1110 0258 1 | PRIVREDNA BANKA ZAGREB d.d., Radni\u010dka cesta 50, 10000 Zagreb | SWIFT code: PBZGHR22<\/p>\n\n\n\n<p>ADRESSE: Kastavska 18, 52000 Pazin, Croatia<br> <br><strong>DAGLIG LEDER:<\/strong> Toni Hrelja<br><strong>BYR\u00c5LEDER:<\/strong> Suzana Hrelja<br><strong>\u00c5PNINGSTIDER:<\/strong> Mandag\u2013Fredag 9\u201317<br>E-mail: <a href=\"mailto:info@villsy.com\">info@villsy.com<\/a><br>Web: <a href=\"\/\">www.villsy.com<\/a><br>TEL: +385 91 585 2596<\/p>\n","protected":false},"excerpt":{"rendered":"<p>Vi er her for \u00e5 hjelpe \u2013 la oss planlegge din perfekte ferie sammen. Har du sp\u00f8rsm\u00e5l om v\u00e5re vakre villaer i Istria, eller trenger du hjelp til \u00e5 velge den perfekte villaen for oppholdet ditt? Enten du vil sjekke tilgjengelighet, planlegge ferien eller f\u00e5 flere detaljer, st\u00e5r v\u00e5rt vennlige team klart til \u00e5 hjelpe [&hellip;]<\/p>\n","protected":false},"author":1,"featured_media":0,"parent":0,"menu_order":0,"comment_status":"closed","ping_status":"closed","template":"templates\/other.php","meta":[],"yoast_head":"<!-- This site is optimized with the Yoast SEO Premium plugin v19.2.1 (Yoast SEO v19.6.1) - https:\/\/yoast.com\/wordpress\/plugins\/seo\/ -->\n<title>Kontakt oss - Finn og bestill villaer med basseng med Villsy<\/title>\n<meta name=\"description\" content=\"Kontakt oss - Finn og bestill villaer med bassenger med Villsy. Lei en villa for ferien din med familie eller venner, hele huset bare for deg.\" \/>\n<meta name=\"robots\" content=\"index, follow, max-snippet:-1, max-image-preview:large, max-video-preview:-1\" \/>\n<link rel=\"canonical\" href=\"https:\/\/villsy.com\/no\/kontakt-oss\/\" \/>\n<meta property=\"og:locale\" content=\"en_US\" \/>\n<meta property=\"og:type\" content=\"website\" \/>\n<meta property=\"og:title\" content=\"Kontakt oss\" \/>\n<meta property=\"og:description\" content=\"Kontakt oss - Finn og bestill villaer med bassenger med Villsy. Lei en villa for ferien din med familie eller venner, hele huset bare for deg.\" \/>\n<meta property=\"og:url\" content=\"https:\/\/villsy.com\/no\/kontakt-oss\/\" \/>\n<meta property=\"og:site_name\" content=\"Villsy\" \/>\n<meta property=\"article:modified_time\" content=\"2025-10-07T11:20:09+00:00\" \/>\n<meta name=\"twitter:card\" content=\"summary_large_image\" \/>\n<meta name=\"twitter:title\" content=\"Kontakt oss\" \/>\n<meta name=\"twitter:description\" content=\"Kontakt oss - Finn og bestill villaer med bassenger med Villsy. Lei en villa for ferien din med familie eller venner, hele huset bare for deg.\" \/>\n<meta name=\"twitter:label1\" content=\"Est. reading time\" \/>\n\t<meta name=\"twitter:data1\" content=\"1 minute\" \/>\n<!-- \/ Yoast SEO Premium plugin. -->","yoast_head_json":{"title":"Kontakt oss - Finn og bestill villaer med basseng med Villsy","description":"Kontakt oss - Finn og bestill villaer med bassenger med Villsy. Lei en villa for ferien din med familie eller venner, hele huset bare for deg.","robots":{"index":"index","follow":"follow","max-snippet":"max-snippet:-1","max-image-preview":"max-image-preview:large","max-video-preview":"max-video-preview:-1"},"canonical":"https:\/\/villsy.com\/no\/kontakt-oss\/","og_locale":"en_US","og_type":"website","og_title":"Kontakt oss","og_description":"Kontakt oss - Finn og bestill villaer med bassenger med Villsy. Lei en villa for ferien din med familie eller venner, hele huset bare for deg.","og_url":"https:\/\/villsy.com\/no\/kontakt-oss\/","og_site_name":"Villsy","article_modified_time":"2025-10-07T11:20:09+00:00","twitter_card":"summary_large_image","twitter_title":"Kontakt oss","twitter_description":"Kontakt oss - Finn og bestill villaer med bassenger med Villsy. Lei en villa for ferien din med familie eller venner, hele huset bare for deg.","twitter_misc":{"Est. reading time":"1 minute"},"schema":{"@context":"https:\/\/schema.org","@graph":[{"@type":"WebPage","@id":"https:\/\/villsy.com\/no\/kontakt-oss\/","url":"https:\/\/villsy.com\/no\/kontakt-oss\/","name":"Kontakt oss - Finn og bestill villaer med basseng med Villsy","isPartOf":{"@id":"https:\/\/villsy.com\/no\/#website"},"datePublished":"2022-07-19T12:04:42+00:00","dateModified":"2025-10-07T11:20:09+00:00","description":"Kontakt oss - Finn og bestill villaer med bassenger med Villsy. Lei en villa for ferien din med familie eller venner, hele huset bare for deg.","breadcrumb":{"@id":"https:\/\/villsy.com\/no\/kontakt-oss\/#breadcrumb"},"inLanguage":"no","potentialAction":[{"@type":"ReadAction","target":["https:\/\/villsy.com\/no\/kontakt-oss\/"]}]},{"@type":"BreadcrumbList","@id":"https:\/\/villsy.com\/no\/kontakt-oss\/#breadcrumb","itemListElement":[{"@type":"ListItem","position":1,"name":"Villsy","item":"https:\/\/villsy.com\/no\/"},{"@type":"ListItem","position":2,"name":"contact NO"}]},{"@type":"WebSite","@id":"https:\/\/villsy.com\/no\/#website","url":"https:\/\/villsy.com\/no\/","name":"Villsy","description":"Just another WordPress site","potentialAction":[{"@type":"SearchAction","target":{"@type":"EntryPoint","urlTemplate":"https:\/\/villsy.com\/no\/?s={search_term_string}"},"query-input":"required name=search_term_string"}],"inLanguage":"no"}]}},"_links":{"self":[{"href":"https:\/\/villsy.com\/no\/wp-json\/wp\/v2\/pages\/4077"}],"collection":[{"href":"https:\/\/villsy.com\/no\/wp-json\/wp\/v2\/pages"}],"about":[{"href":"https:\/\/villsy.com\/no\/wp-json\/wp\/v2\/types\/page"}],"author":[{"embeddable":true,"href":"https:\/\/villsy.com\/no\/wp-json\/wp\/v2\/users\/1"}],"replies":[{"embeddable":true,"href":"https:\/\/villsy.com\/no\/wp-json\/wp\/v2\/comments?post=4077"}],"version-history":[{"count":6,"href":"https:\/\/villsy.com\/no\/wp-json\/wp\/v2\/pages\/4077\/revisions"}],"predecessor-version":[{"id":30518,"href":"https:\/\/villsy.com\/no\/wp-json\/wp\/v2\/pages\/4077\/revisions\/30518"}],"wp:attachment":[{"href":"https:\/\/villsy.com\/no\/wp-json\/wp\/v2\/media?parent=4077"}],"curies":[{"name":"wp","href":"https:\/\/api.w.org\/{rel}","templated":true}]}}