{"id":30583,"date":"2025-10-07T11:43:25","date_gmt":"2025-10-07T11:43:25","guid":{"rendered":"https:\/\/villsy.com\/?page_id=30583"},"modified":"2025-10-07T14:36:16","modified_gmt":"2025-10-07T14:36:16","slug":"om-oss","status":"publish","type":"page","link":"https:\/\/villsy.com\/no\/om-oss\/","title":{"rendered":"Om oss DA"},"content":{"rendered":"\n<h2 id=\"block-0fa009bc-2ad9-4b08-a8cb-298e59bddab0\">V\u00e5r historie<\/h2>\n\n\n\n<p><\/p>\n\n\n\n<h3 id=\"block-1b7a1507-aa64-43b7-b3e1-76e61c9fe724\">P\u00e5 Villsy mener vi at en ferie skal v\u00e6re mer enn bare et opphold &#8211; det skal v\u00e6re en opplevelse man husker.<\/h3>\n\n\n\n<p id=\"block-cdb3b6c8-cde5-47ce-9bd6-547762a69e33\">Reisen v\u00e5r begynte i <strong>2008<\/strong>, da vi bygde v\u00e5r aller f\u00f8rste villa i det sentrale Istria. Det som startet som et personlig prosjekt, ble snart til noe mye st\u00f8rre. I <strong>2013<\/strong> begynte vi \u00e5 leie ut villaene v\u00e5re selv, og vi tok h\u00e5nd om hver minste detalj for \u00e5 s\u00f8rge for at gjestene fikk et komfortabelt og bekymringsl\u00f8st opphold.  <\/p>\n\n\n\n<p id=\"block-fdb32f72-4418-45d0-95b4-07e76830c91f\">Oppmuntret av positive tilbakemeldinger og \u00f8kende ettersp\u00f8rsel, grunnla vi i <strong>2019<\/strong> offisielt <strong>Villsy som et villautleiebyr\u00e5<\/strong>. I dag kobler Villsy gjester fra hele verden sammen med en h\u00e5ndplukket samling av <strong>feriehus og villaer i Istria og hele Kroatia<\/strong>, og tilbyr moderne bookingl\u00f8sninger, lokal ekspertise og personlig st\u00f8tte. <\/p>\n\n\n\n<p id=\"block-eb516fef-1a7d-49e0-9b76-f197672a3c1d\">Det hele startet med Casa Nina, Villa Rustica og Villa Gimino &#8211; og den dag i dag er de fortsatt i v\u00e5rt tilbud, og skaper fantastiske minner, latter og uforglemmelige \u00f8yeblikk for feriegjester.<\/p>\n\n\n\n<div class=\"wp-container-4 wp-block-columns\">\n<div class=\"wp-container-1 wp-block-column\">\n<figure class=\"wp-block-image size-large\"><img loading=\"lazy\" width=\"1350\" height=\"900\" src=\"https:\/\/villsy.com\/wp-content\/uploads\/villa_casa-nina22-1350x900.jpg\" alt=\"\" class=\"wp-image-30428\" srcset=\"https:\/\/villsy.com\/wp-content\/uploads\/villa_casa-nina22-1350x900.jpg 1350w, https:\/\/villsy.com\/wp-content\/uploads\/villa_casa-nina22-300x200.jpg 300w, https:\/\/villsy.com\/wp-content\/uploads\/villa_casa-nina22-768x512.jpg 768w, https:\/\/villsy.com\/wp-content\/uploads\/villa_casa-nina22-1536x1024.jpg 1536w, https:\/\/villsy.com\/wp-content\/uploads\/villa_casa-nina22.jpg 2000w\" sizes=\"(max-width: 1350px) 100vw, 1350px\" \/><figcaption>Casa Nina<\/figcaption><\/figure>\n<\/div>\n\n\n\n<div class=\"wp-container-2 wp-block-column\">\n<figure class=\"wp-block-image size-large\"><img loading=\"lazy\" width=\"1368\" height=\"900\" src=\"https:\/\/villsy.com\/wp-content\/uploads\/Villa_Rustica41-1368x900.jpg\" alt=\"\" class=\"wp-image-30443\" srcset=\"https:\/\/villsy.com\/wp-content\/uploads\/Villa_Rustica41-1368x900.jpg 1368w, https:\/\/villsy.com\/wp-content\/uploads\/Villa_Rustica41-300x197.jpg 300w, https:\/\/villsy.com\/wp-content\/uploads\/Villa_Rustica41-768x505.jpg 768w, https:\/\/villsy.com\/wp-content\/uploads\/Villa_Rustica41-1536x1011.jpg 1536w, https:\/\/villsy.com\/wp-content\/uploads\/Villa_Rustica41.jpg 2000w\" sizes=\"(max-width: 1368px) 100vw, 1368px\" \/><figcaption>Villa Rustica<\/figcaption><\/figure>\n<\/div>\n\n\n\n<div class=\"wp-container-3 wp-block-column\">\n<figure class=\"wp-block-image size-large\"><img loading=\"lazy\" width=\"1349\" height=\"900\" src=\"https:\/\/villsy.com\/wp-content\/uploads\/01VillaGimino-2-1349x900.jpg\" alt=\"\" class=\"wp-image-30413\" srcset=\"https:\/\/villsy.com\/wp-content\/uploads\/01VillaGimino-2-1349x900.jpg 1349w, https:\/\/villsy.com\/wp-content\/uploads\/01VillaGimino-2-300x200.jpg 300w, https:\/\/villsy.com\/wp-content\/uploads\/01VillaGimino-2-768x512.jpg 768w, https:\/\/villsy.com\/wp-content\/uploads\/01VillaGimino-2-1536x1025.jpg 1536w, https:\/\/villsy.com\/wp-content\/uploads\/01VillaGimino-2.jpg 2000w\" sizes=\"(max-width: 1349px) 100vw, 1349px\" \/><figcaption>Villa Gimino<\/figcaption><\/figure>\n<\/div>\n<\/div>\n\n\n\n<h2 id=\"block-145802a9-6fdc-4355-88e5-c5c59fd12a13\">Hvorfor velge Villsy?<\/h2>\n\n\n\n<h3 id=\"block-cada00b6-a75d-4d19-81ab-f4d7e76c81cf\">H\u00e5ndplukkede villaer i Istria og Kroatia<\/h3>\n\n\n\n<p id=\"block-53283f70-8d00-4fe5-8303-d565a4a51f82\">Hver eneste villa i v\u00e5r portef\u00f8lje er personlig inspisert av v\u00e5rt erfarne team. Fra luksusvillaer med basseng ved sj\u00f8en til autentiske steinhus p\u00e5 den istriske landsbygda &#8211; hver eiendom er valgt ut for sin kvalitet, komfort og unike sjarm. <\/p>\n\n\n\n<h3 id=\"block-7bc9eec4-d9ac-4189-a904-e156407b8d7a\">Beste prisgaranti<\/h3>\n\n\n\n<p id=\"block-d0f079de-328f-4030-91e2-c1b913227224\">Takket v\u00e6re direktekontrakter med huseiere og mange \u00e5rs erfaring i markedet, garanterer vi de laveste prisene for villaer i Istria og Kroatia. Med Villsy bestiller du direkte &#8211; ingen skjulte gebyrer. <\/p>\n\n\n\n<h3 id=\"block-13e2bf5b-8bb7-41bf-9e35-78c322fc551d\">\u00d8yeblikkelig bestilling<\/h3>\n\n\n\n<p id=\"block-8897fa1f-74a9-44c5-a276-b60e94e874a2\">Alle v\u00e5re ferievillaer med basseng i Istria er tilgjengelige i sanntid. Bare velg din foretrukne villa, bestill online og betal sikkert med kredittkort eller bankoverf\u00f8ring &#8211; raskt, trygt og enkelt. <\/p>\n\n\n\n<h3 id=\"block-bad415ac-575d-4b3b-9571-dd87086634b3\">Lokal tilstedev\u00e6relse og st\u00f8tte<\/h3>\n\n\n\n<p id=\"block-074315fa-45c8-4fa7-b88a-f5075acf80e4\">Kontoret v\u00e5rt ligger i Pazin, midt i hjertet av Istria. Denne sentrale beliggenheten gj\u00f8r at vi kan v\u00e6re n\u00e6r b\u00e5de gjester og huseiere. V\u00e5rt lokale team er tilgjengelig under hele oppholdet for \u00e5 s\u00f8rge for at hver eneste detalj er perfekt.  <\/p>\n\n\n\n<h3 id=\"block-e8dbfd42-7d55-40bc-8f29-d90db3ec19d1\">Erfaring og vekst<\/h3>\n\n\n\n<p id=\"block-fc344d08-8579-4fba-8ab2-23f18614254f\">Det som begynte i 2008 med en enkelt villa, har vokst til \u00e5 bli et p\u00e5litelig byr\u00e5 med en bred portef\u00f8lje av f\u00f8rsteklasses ferieboliger i Kroatia. Vi kombinerer mange \u00e5rs praktisk erfaring med en personlig, gjesteorientert tiln\u00e6rming. <\/p>\n\n\n\n<h2 id=\"block-4befae29-a74d-492a-804f-c83d30c4b901\">V\u00e5rt l\u00f8fte<\/h2>\n\n\n\n<p id=\"block-76893c12-0529-4f1c-81b9-53c6bc23a6a9\">Med Villsy er ferien din i trygge hender. Enten du er p\u00e5 jakt etter et fredelig tilfluktssted <strong>i Istrias \u00e5<\/strong>ser, en <strong>villa ved stranden i Dalmatia<\/strong> eller et <strong>familieferiehus med basseng i Kroatia<\/strong>, s\u00f8rger vi for at oppholdet ditt blir bekymringsl\u00f8st og uforglemmelig. <\/p>\n\n\n\n<p id=\"block-3f6262c7-c4ec-40ca-8d11-6d7857d47700\">Villsy er mer enn et byr\u00e5 &#8211; vi er din lokale partner, lidenskapelig opptatt av Istria og Kroatia, og dedikert til \u00e5 skape den perfekte ferieopplevelsen.<\/p>\n\n\n\n<div class=\"container my-5 offer-homepage-cards-section\">\n    <h3 class=\"text-dark h1\">\n  Villa-samlinger\n    <\/h3>\n    \t \n      <div class=\"row\">\n\n<a class=\"col-lg-6 col-sm-6 col-12 mb-4 rounded\" style=\"text-decoration: none;\" href=\"\/no\/sea-view-villaer-kroatia\/\">\n    <div class=\"filters-landing-card position-relative rounded\">\n        <div class=\"card lozad position-relative card-img-top\" data-background-image=\"https:\/\/villsy.com\/wp-content\/uploads\/Villa_Lina1102-800x600.jpg\" style=\"height: 300px;\">\n        <\/div>\n        <div class=\"position-absolute container bottom-0 w-100 px-lg-4 px-3\">\n            <div class=\"bg-dark bg-opacity-75 rounded py-lg-4 px-lg-4 p-3 my-3\">\n                <div class=\"h3 mt-0 mb-1 text-warning slab\">Villaer med havutsikt i Kroatia<\/div>\n                                    <h3 class=\"text-white slab small mb-0\"> V\u00e5rt utvalg av villaer med sj\u00f8utsikt i Kroatia<\/h3>\n                            <\/div>\n        <\/div>\n    <\/div>\n<\/a>\n\n<a class=\"col-lg-6 col-sm-6 col-12 mb-4 rounded\" style=\"text-decoration: none;\" href=\"\/no\/luksus-villaer-kroatia\/\">\n    <div class=\"filters-landing-card position-relative rounded\">\n        <div class=\"card lozad position-relative card-img-top\" data-background-image=\"https:\/\/villsy.com\/wp-content\/uploads\/Villa_Lumi68-800x600.jpg\" style=\"height: 300px;\">\n        <\/div>\n        <div class=\"position-absolute container bottom-0 w-100 px-lg-4 px-3\">\n            <div class=\"bg-dark bg-opacity-75 rounded py-lg-4 px-lg-4 p-3 my-3\">\n                <div class=\"h3 mt-0 mb-1 text-warning slab\">Luksusvillaer i Kroatia<\/div>\n                                    <h3 class=\"text-white slab small mb-0\"> Nyt livet i en luksuri\u00f8s villa<\/h3>\n                            <\/div>\n        <\/div>\n    <\/div>\n<\/a>\n\n<a class=\"col-lg-4 col-sm-6 col-12 mb-4 rounded\" style=\"text-decoration: none;\" href=\"\/no\/villaer-med-sauna\/\">\n    <div class=\"filters-landing-card position-relative rounded\">\n        <div class=\"card lozad position-relative card-img-top\" data-background-image=\"https:\/\/villsy.com\/wp-content\/uploads\/Villa_Lumi20-800x600.jpg\" style=\"height: 300px;\">\n        <\/div>\n        <div class=\"position-absolute container bottom-0 w-100 px-lg-4 px-3\">\n            <div class=\"bg-dark bg-opacity-75 rounded py-lg-4 px-lg-4 p-3 my-3\">\n                <div class=\"h3 mt-0 mb-1 text-warning slab\">Villaer med badstue<\/div>\n                                    <h3 class=\"text-white slab small mb-0\"> Finn villaer med badstue for din retreat<\/h3>\n                            <\/div>\n        <\/div>\n    <\/div>\n<\/a>\n\n<a class=\"col-lg-4 col-sm-6 col-12 mb-4 rounded\" style=\"text-decoration: none;\" href=\"\/no\/villaer-naer-havet-kroatia\/\">\n    <div class=\"filters-landing-card position-relative rounded\">\n        <div class=\"card lozad position-relative card-img-top\" data-background-image=\"https:\/\/villsy.com\/wp-content\/uploads\/Dubovica-Hvar-800x600.jpg\" style=\"height: 300px;\">\n        <\/div>\n        <div class=\"position-absolute container bottom-0 w-100 px-lg-4 px-3\">\n            <div class=\"bg-dark bg-opacity-75 rounded py-lg-4 px-lg-4 p-3 my-3\">\n                <div class=\"h3 mt-0 mb-1 text-warning slab\">Strandvillaer i Kroatia<\/div>\n                                    <h3 class=\"text-white slab small mb-0\"> Villaer opptil 3 km fra sj\u00f8en<\/h3>\n                            <\/div>\n        <\/div>\n    <\/div>\n<\/a>\n\n<a class=\"col-lg-4 col-sm-6 col-12 mb-4 rounded\" style=\"text-decoration: none;\" href=\"\/no\/kroatia-kjaeledyrvennlige-villaer\/\">\n    <div class=\"filters-landing-card position-relative rounded\">\n        <div class=\"card lozad position-relative card-img-top\" data-background-image=\"https:\/\/villsy.com\/wp-content\/uploads\/bigstock-Dog-Sleeping-Near-A-Swimming-P-467007137-800x600.jpg\" style=\"height: 300px;\">\n        <\/div>\n        <div class=\"position-absolute container bottom-0 w-100 px-lg-4 px-3\">\n            <div class=\"bg-dark bg-opacity-75 rounded py-lg-4 px-lg-4 p-3 my-3\">\n                <div class=\"h3 mt-0 mb-1 text-warning slab\">Kj\u00e6ledyrvennlige villaer i Kroatia<\/div>\n                                    <h3 class=\"text-white slab small mb-0\"> Villaer hvor kj\u00e6ledyr er velkomne<\/h3>\n                            <\/div>\n        <\/div>\n    <\/div>\n<\/a>\n\n<a class=\"col-lg-3 col-sm-6 col-12 mb-4 rounded\" style=\"text-decoration: none;\" href=\"\/no\/sma-romantiske-landsbyer-kroatia\/\">\n    <div class=\"filters-landing-card position-relative rounded\">\n        <div class=\"card lozad position-relative card-img-top\" data-background-image=\"https:\/\/villsy.com\/wp-content\/uploads\/vila_amalia113-800x600.jpg\" style=\"height: 300px;\">\n        <\/div>\n        <div class=\"position-absolute container bottom-0 w-100 px-lg-4 px-3\">\n            <div class=\"bg-dark bg-opacity-75 rounded py-lg-4 px-lg-4 p-3 my-3\">\n                <div class=\"h3 mt-0 mb-1 text-warning slab\">Romantiske villaer for par i Kroatia<\/div>\n                                    <h3 class=\"text-white slab small mb-0\"> Sm\u00e5 romantiske villaer perfekte for par<\/h3>\n                            <\/div>\n        <\/div>\n    <\/div>\n<\/a>\n\n<a class=\"col-lg-3 col-sm-6 col-12 mb-4 rounded\" style=\"text-decoration: none;\" href=\"\/no\/villaer-med-basseng-kroatia\/\">\n    <div class=\"filters-landing-card position-relative rounded\">\n        <div class=\"card lozad position-relative card-img-top\" data-background-image=\"https:\/\/villsy.com\/wp-content\/uploads\/villa_Horto-800x600.jpg\" style=\"height: 300px;\">\n        <\/div>\n        <div class=\"position-absolute container bottom-0 w-100 px-lg-4 px-3\">\n            <div class=\"bg-dark bg-opacity-75 rounded py-lg-4 px-lg-4 p-3 my-3\">\n                <div class=\"h3 mt-0 mb-1 text-warning slab\">Villaer med basseng i Kroatia<\/div>\n                                    <h3 class=\"text-white slab small mb-0\"> Finn en perfekt villa med basseng<\/h3>\n                            <\/div>\n        <\/div>\n    <\/div>\n<\/a>\n\n<a class=\"col-lg-3 col-sm-6 col-12 mb-4 rounded\" style=\"text-decoration: none;\" href=\"\/no\/kroatia-villaer-store-grupper\/\">\n    <div class=\"filters-landing-card position-relative rounded\">\n        <div class=\"card lozad position-relative card-img-top\" data-background-image=\"https:\/\/villsy.com\/wp-content\/uploads\/villa_Marion32-800x600.jpg\" style=\"height: 300px;\">\n        <\/div>\n        <div class=\"position-absolute container bottom-0 w-100 px-lg-4 px-3\">\n            <div class=\"bg-dark bg-opacity-75 rounded py-lg-4 px-lg-4 p-3 my-3\">\n                <div class=\"h3 mt-0 mb-1 text-warning slab\">Villaer for store grupper i Kroatia<\/div>\n                                    <h3 class=\"text-white slab small mb-0\"> Store villaer for mer enn 12 personer<\/h3>\n                            <\/div>\n        <\/div>\n    <\/div>\n<\/a>\n\n<a class=\"col-lg-3 col-sm-6 col-12 mb-4 rounded\" style=\"text-decoration: none;\" href=\"\/no\/spesialtilbud-villaer-kroatia\/\">\n    <div class=\"filters-landing-card position-relative rounded\">\n        <div class=\"card lozad position-relative card-img-top\" data-background-image=\"https:\/\/villsy.com\/wp-content\/uploads\/Villa_Terra_Bianca15-800x600.jpg\" style=\"height: 300px;\">\n        <\/div>\n        <div class=\"position-absolute container bottom-0 w-100 px-lg-4 px-3\">\n            <div class=\"bg-dark bg-opacity-75 rounded py-lg-4 px-lg-4 p-3 my-3\">\n                <div class=\"h3 mt-0 mb-1 text-warning slab\">Spesialtilbud villaer i Kroatia<\/div>\n                                    <h3 class=\"text-white slab small mb-0\"> Finn villaer med rabatter eller andre ekstra tilbud<\/h3>\n                            <\/div>\n        <\/div>\n    <\/div>\n<\/a> \n    <\/div>\n \n\n\t\n<\/div>\n\n\n\n<hr class=\"wp-block-separator has-alpha-channel-opacity\" id=\"block-620e19a6-46b9-4708-a277-543f327e6c70\"\/>\n\n\n\n<h3 id=\"block-7f9327fe-1ed6-472f-9fe8-f92354ba88f8\">Trykk:<\/h3>\n\n\n\n<p id=\"block-0fb92d54-cd06-4617-8a2d-14f1cb32bf23\"><strong>VILLSY d.o.o. &#8211; aksjeselskap for utleie av eiendom, turisme og reisebyr\u00e5tjenester<\/strong> | Registreringsnummer: 130093085 &#8211; Trgova\u010dki sud Pazin | <strong>VAT<\/strong> ID:HR17191292654<\/p>\n\n\n\n<p id=\"block-f41eab70-d264-40c8-829a-0ae43153b7ad\">IBAN: HR62 2340 0091 1110 0258 1 | PRIVREDNA BANKA ZAGREB d.d., Radni\u010dka cesta 50, 10000 Zagreb | SWIFT-kode: PBZGHR22<\/p>\n\n\n\n<p id=\"block-f7b7d707-0814-4dea-a862-b8be90a66290\">ADRESSE: Kastavska 18, 52000 Pazin, Kroatia<br>DAGLIG LEDER: Toni Hrelja<br>AGENTURLEDER: Suzana Hrelja<br>\u00c5PNINGSTIDER: man-fre 9-17<br>E-post: <a href=\"mailto:info@villsy.com\">info@villsy.com<\/a><br>Web: <a href=\"https:\/\/villsy.com\/\">www.villsy.com<\/a><br>TEL: +385 91 585 2596<\/p>\n","protected":false},"excerpt":{"rendered":"<p>V\u00e5r historie P\u00e5 Villsy mener vi at en ferie skal v\u00e6re mer enn bare et opphold &#8211; det skal v\u00e6re en opplevelse man husker. Reisen v\u00e5r begynte i 2008, da vi bygde v\u00e5r aller f\u00f8rste villa i det sentrale Istria. Det som startet som et personlig prosjekt, ble snart til noe mye st\u00f8rre. I 2013 [&hellip;]<\/p>\n","protected":false},"author":2,"featured_media":0,"parent":0,"menu_order":0,"comment_status":"closed","ping_status":"closed","template":"templates\/other.php","meta":[],"yoast_head":"<!-- This site is optimized with the Yoast SEO Premium plugin v19.2.1 (Yoast SEO v19.6.1) - https:\/\/yoast.com\/wordpress\/plugins\/seo\/ -->\n<title>V\u00e5r historie | Villsy - H\u00e5ndplukkede villaer i Istria og Kroatia<\/title>\n<meta name=\"description\" content=\"Bestill din dr\u00f8mmevilla i Istria eller Kroatia med Villsy. P\u00e5litelig lokalt byr\u00e5 som tilbyr villaer av topp kvalitet med bassenger, de beste prisene og personlig st\u00f8tte.\" \/>\n<meta name=\"robots\" content=\"index, follow, max-snippet:-1, max-image-preview:large, max-video-preview:-1\" \/>\n<link rel=\"canonical\" href=\"https:\/\/villsy.com\/no\/om-oss\/\" \/>\n<meta property=\"og:locale\" content=\"en_US\" \/>\n<meta property=\"og:type\" content=\"website\" \/>\n<meta property=\"og:title\" content=\"V\u00e5r historie | Villsy - H\u00e5ndplukkede villaer i Istria og Kroatia\" \/>\n<meta property=\"og:description\" content=\"Bestill din dr\u00f8mmevilla i Istria eller Kroatia med Villsy. P\u00e5litelig lokalt byr\u00e5 som tilbyr villaer av topp kvalitet med bassenger, de beste prisene og personlig st\u00f8tte.\" \/>\n<meta property=\"og:url\" content=\"https:\/\/villsy.com\/no\/om-oss\/\" \/>\n<meta property=\"og:site_name\" content=\"Villsy\" \/>\n<meta property=\"article:modified_time\" content=\"2025-10-07T14:36:16+00:00\" \/>\n<meta property=\"og:image\" content=\"https:\/\/villsy.com\/wp-content\/uploads\/villa_casa-nina22-1350x900.jpg\" \/>\n<meta name=\"twitter:card\" content=\"summary_large_image\" \/>\n<meta name=\"twitter:label1\" content=\"Est. reading time\" \/>\n\t<meta name=\"twitter:data1\" content=\"4 minutes\" \/>\n<!-- \/ Yoast SEO Premium plugin. -->","yoast_head_json":{"title":"V\u00e5r historie | Villsy - H\u00e5ndplukkede villaer i Istria og Kroatia","description":"Bestill din dr\u00f8mmevilla i Istria eller Kroatia med Villsy. P\u00e5litelig lokalt byr\u00e5 som tilbyr villaer av topp kvalitet med bassenger, de beste prisene og personlig st\u00f8tte.","robots":{"index":"index","follow":"follow","max-snippet":"max-snippet:-1","max-image-preview":"max-image-preview:large","max-video-preview":"max-video-preview:-1"},"canonical":"https:\/\/villsy.com\/no\/om-oss\/","og_locale":"en_US","og_type":"website","og_title":"V\u00e5r historie | Villsy - H\u00e5ndplukkede villaer i Istria og Kroatia","og_description":"Bestill din dr\u00f8mmevilla i Istria eller Kroatia med Villsy. P\u00e5litelig lokalt byr\u00e5 som tilbyr villaer av topp kvalitet med bassenger, de beste prisene og personlig st\u00f8tte.","og_url":"https:\/\/villsy.com\/no\/om-oss\/","og_site_name":"Villsy","article_modified_time":"2025-10-07T14:36:16+00:00","og_image":[{"url":"https:\/\/villsy.com\/wp-content\/uploads\/villa_casa-nina22-1350x900.jpg"}],"twitter_card":"summary_large_image","twitter_misc":{"Est. reading time":"4 minutes"},"schema":{"@context":"https:\/\/schema.org","@graph":[{"@type":"WebPage","@id":"https:\/\/villsy.com\/no\/om-oss\/","url":"https:\/\/villsy.com\/no\/om-oss\/","name":"V\u00e5r historie | Villsy - H\u00e5ndplukkede villaer i Istria og Kroatia","isPartOf":{"@id":"https:\/\/villsy.com\/no\/#website"},"datePublished":"2025-10-07T11:43:25+00:00","dateModified":"2025-10-07T14:36:16+00:00","description":"Bestill din dr\u00f8mmevilla i Istria eller Kroatia med Villsy. P\u00e5litelig lokalt byr\u00e5 som tilbyr villaer av topp kvalitet med bassenger, de beste prisene og personlig st\u00f8tte.","breadcrumb":{"@id":"https:\/\/villsy.com\/no\/om-oss\/#breadcrumb"},"inLanguage":"no","potentialAction":[{"@type":"ReadAction","target":["https:\/\/villsy.com\/no\/om-oss\/"]}]},{"@type":"BreadcrumbList","@id":"https:\/\/villsy.com\/no\/om-oss\/#breadcrumb","itemListElement":[{"@type":"ListItem","position":1,"name":"Villsy","item":"https:\/\/villsy.com\/no\/"},{"@type":"ListItem","position":2,"name":"Om oss DA"}]},{"@type":"WebSite","@id":"https:\/\/villsy.com\/no\/#website","url":"https:\/\/villsy.com\/no\/","name":"Villsy","description":"Just another WordPress site","potentialAction":[{"@type":"SearchAction","target":{"@type":"EntryPoint","urlTemplate":"https:\/\/villsy.com\/no\/?s={search_term_string}"},"query-input":"required name=search_term_string"}],"inLanguage":"no"}]}},"_links":{"self":[{"href":"https:\/\/villsy.com\/no\/wp-json\/wp\/v2\/pages\/30583"}],"collection":[{"href":"https:\/\/villsy.com\/no\/wp-json\/wp\/v2\/pages"}],"about":[{"href":"https:\/\/villsy.com\/no\/wp-json\/wp\/v2\/types\/page"}],"author":[{"embeddable":true,"href":"https:\/\/villsy.com\/no\/wp-json\/wp\/v2\/users\/2"}],"replies":[{"embeddable":true,"href":"https:\/\/villsy.com\/no\/wp-json\/wp\/v2\/comments?post=30583"}],"version-history":[{"count":3,"href":"https:\/\/villsy.com\/no\/wp-json\/wp\/v2\/pages\/30583\/revisions"}],"predecessor-version":[{"id":30606,"href":"https:\/\/villsy.com\/no\/wp-json\/wp\/v2\/pages\/30583\/revisions\/30606"}],"wp:attachment":[{"href":"https:\/\/villsy.com\/no\/wp-json\/wp\/v2\/media?parent=30583"}],"curies":[{"name":"wp","href":"https:\/\/api.w.org\/{rel}","templated":true}]}}