{"id":4063,"date":"2022-07-19T12:04:42","date_gmt":"2022-07-19T12:04:42","guid":{"rendered":"https:\/\/villsy.com\/?page_id=4063"},"modified":"2025-10-07T11:18:30","modified_gmt":"2025-10-07T11:18:30","slug":"contattaci","status":"publish","type":"page","link":"https:\/\/villsy.com\/it\/contattaci\/","title":{"rendered":"Contact IT"},"content":{"rendered":"\n<h2 class=\"has-text-align-center\" id=\"h-siamo-qui-per-aiutarti-pianifichiamo-insieme-la-tua-vacanza-perfetta\">Siamo qui per aiutarti \u2013 pianifichiamo insieme la tua vacanza perfetta.<\/h2>\n\n\n\n<div style=\"height:40px\" aria-hidden=\"true\" class=\"wp-block-spacer\"><\/div>\n\n\n\n<p class=\"has-text-align-center\">Hai domande sulle nostre splendide ville in Istria o hai bisogno di assistenza per scegliere quella pi\u00f9 adatta al tuo soggiorno?<\/p>\n\n\n\n<p class=\"has-text-align-center\">Che tu voglia verificare la disponibilit\u00e0, pianificare il tuo soggiorno o ricevere ulteriori informazioni, il nostro team cordiale \u00e8 sempre a tua disposizione! Contattaci telefonicamente, via e-mail o tramite il modulo qui sotto: ti forniremo tutte le informazioni necessarie per una vacanza serena e senza pensieri.<\/p>\n\n\n\n<p class=\"has-text-align-center\">Non vediamo l\u2019ora di sentirti presto!<\/p>\n\n\n\n<h3 class=\"has-text-align-center\"><strong>Villsy \u2013 il tuo partner locale per la vacanza perfetta in Croazia.<\/strong><\/h3>\n\n\n\n<p><\/p>\n\n\n\n<form class=\"form-contact card shadow border p-4\">\n    <h2 class=\"mb-4\">\n            <\/h2>\n    <div class=\"row\">\n        <div class=\"col-lg-6 col-12\">\n            <div class=\"form-group  mb-3 \">\n                <label for=\"name\">Nome*<\/label>\n                <input required=\"\" name=\"name\" type=\"text\" class=\"form-control  bg-transparent\" id=\"contact-name\" placeholder=\"Nome\">\n            <\/div>\n        <\/div>\n        <div class=\"col-lg-6 col-12\">\n            <div class=\"form-group  mb-3\">\n                <label for=\"surname\">Cognome*<\/label>\n                <input required=\"\" name=\"surname\" type=\"text\" class=\"form-control  bg-transparent\" id=\"contact-surname\" placeholder=\"Cognome\">\n            <\/div>\n        <\/div>\n\n        <div class=\"col-lg-6 col-12\">\n            <div class=\"form-group  mb-3\">\n                <label for=\"email\">e-mail*<\/label>\n                <input required=\"\" name=\"email\" type=\"email\" class=\"form-control  bg-transparent\" id=\"contact-email\" placeholder=\"e-mail\"> \n            <\/div>\n        <\/div>\n        <div class=\"col-lg-6 col-12\">\n            <div class=\"form-group  mb-3\">\n                <label for=\"phone\">telefono*<\/label>\n                <input name=\"phone\" type=\"text\" class=\"form-control  bg-transparent\" id=\"contact-tel\" placeholder=\"telefono\">\n            <\/div>\n        <\/div>\n        <div class=\"col-12\">\n            <div class=\"form-group  mb-3\">\n                <label for=\"message\">Messaggio*<\/label>\n                <textarea name=\"message\" type=\"text\" rows=\"5\" class=\"form-control  bg-transparent\" id=\"contact-text\" placeholder=\"Messaggio\"><\/textarea>\n            <\/div>\n        <\/div>\n        <div class=\"col-12 mb-3\">\n            <div class=\"form-check\">\n                <input required type=\"checkbox\" class=\"form-check-input\" name=\"agree\" id=\"agree\">\n                <label class=\"form-check-label\" for=\"agree\">\n                    Ho letto e accetto la <a href='\/it\/privacy-policy\/'>informativa sulla privacy<\/a>                <\/label>\n            <\/div>\n        <\/div>\n\n    <\/div>\n    <div class=\"row no-gutters\">\n        <div class=\"col-lg-8\">\n            <div>\n                            <\/div>\n        <\/div>\n        <div class=\"col-lg\">\n            <div class=\"d-flex flex-row justify-content-end\">\n                <button type=\"submit\" class=\"btn btn-primary contact-btn\">\n                    Invia messaggio\n                <\/button>\n                <div class=\"contact-spinner d-none spinner-border align-items-center justify-content-center\" role=\"status\">\n                    <i class=\"las la-envelope la-lg\"><\/i>\n                    <span class=\"sr-only\">caricamento in corso...<\/span>\n                <\/div>\n            <\/div>\n        <\/div>\n    <\/div>\n<\/form>\n\n\n\n<div id=\"contact-modal\" class=\"modal fade\" tabindex=\"-1\" role=\"dialog\">\n  <div class=\"modal-dialog\">\n    <div class=\"modal-content\">\n      <div class=\"modal-header\">\n        <h5 class=\"modal-title font-weight-light\">\n            Grazie per il tuo interesse.        <\/h5>\n        <button type=\"button\" class=\"btn-close\" data-bs-dismiss=\"modal\" aria-label=\"Close\"><\/button>\n      <\/div>\n      <div class=\"modal-body font-weight-normal\">\n        <p class=\"response-output\"><\/p>\n      <\/div>\n      <div class=\"modal-footer\">\n        <button type=\"button\" class=\"btn btn-primary font-weight-bold\" data-bs-dismiss=\"modal\">Chiudi<\/button>\n      <\/div>\n    <\/div>\n  <\/div>\n<\/div>\n\n\n\n\n\n<hr class=\"wp-block-separator has-alpha-channel-opacity\"\/>\n\n\n\n<h3 id=\"h-imprint\">Imprint:<\/h3>\n\n\n\n<p><strong><strong>VILLSY d.o.o.<\/strong> \u2013 societ\u00e0 a responsabilit\u00e0 limitata per affitti immobiliari, turismo e servizi di agenzia di viaggi<br>Numero di registrazione: <strong>130093085 \u2013 Tribunale commerciale di Pazin<\/strong> | Partita IVA: <strong>HR17191292654<\/strong><\/strong><\/p>\n\n\n\n<p>IBAN: HR62 2340 0091 1110 0258 1 | PRIVREDNA BANKA ZAGREB d.d., Radni\u010dka cesta 50, 10000 Zagreb | SWIFT code: PBZGHR22<\/p>\n\n\n\n<p>INDIRIZZO: Kastavska 18, 52000 Pazin, Croatia<br> <br><strong>DIRETTORE GENERALE:<\/strong> Toni Hrelja<br><strong>RESPONSABILE D\u2019AGENZIA:<\/strong> Suzana Hrelja<br><strong>ORARI DI APERTURA:<\/strong> Luned\u00ec\u2013Venerd\u00ec 9\u201317<br>E-mail: <a href=\"mailto:info@villsy.com\">info@villsy.com<\/a><br>Web: <a href=\"\/\">www.villsy.com<\/a><br>TEL: +385 91 585 2596<\/p>\n","protected":false},"excerpt":{"rendered":"<p>Siamo qui per aiutarti \u2013 pianifichiamo insieme la tua vacanza perfetta. Hai domande sulle nostre splendide ville in Istria o hai bisogno di assistenza per scegliere quella pi\u00f9 adatta al tuo soggiorno? Che tu voglia verificare la disponibilit\u00e0, pianificare il tuo soggiorno o ricevere ulteriori informazioni, il nostro team cordiale \u00e8 sempre a tua disposizione! [&hellip;]<\/p>\n","protected":false},"author":1,"featured_media":0,"parent":0,"menu_order":0,"comment_status":"closed","ping_status":"closed","template":"templates\/other.php","meta":[],"_pll_strings_translations":null,"answer_0":null,"_question_0":null,"question_0":null,"_menu_item_object_id":null,"_menu_item_menu_item_parent":null,"_menu_item_type":null,"_menu_item_url":null,"_menu_item_xfn":null,"_menu_item_classes":null,"_menu_item_target":null,"_menu_item_object":null,"_yoast_wpseo_opengraph-image":null,"_yoast_wpseo_twitter-image":null,"_oembed_5a91e3114bc4b62765bb90ed98032ec1":null,"_oembed_10aba65abe7cb41dedd5991088927e14":null,"_oembed_ce9c5ea0a2c9a30df7e00c51844eb103":null,"_yoast_wpseo_meta-robots-noindex":null,"answer_4":null,"_question_4":null,"question_3":null,"_question_1":null,"_answer_2":null,"answer_2":null,"_question_2":null,"_answer_1":null,"question_2":null,"answer_1":null,"answer_5":null,"_question_5":null,"question_5":null,"answer1":null,"_yoast_wpseo_meta-robots-nofollow":null,"_question1":null,"question1":null,"question_6":null,"_answer_5":null,"_answer_4":null,"question_4":null,"_answer_3":null,"answer_3":null,"tags":null,"_tags":null,"question_1":null,"_question_3":null,"_answer1":null,"_encloseme":null,"_answer_0":null,"_wp_attachment_context":null,"_question_6":null,"answer_6":null,"_answer_6":null,"question_7":null,"_question_7":null,"answer_7":null,"_answer_7":null,"question_8":null,"_question_8":null,"answer_8":null,"_answer_8":null,"question_9":null,"_question_9":null,"answer_9":null,"_answer_9":null,"question_10":null,"_question_10":null,"answer_10":null,"_answer_10":null,"_wp_attachment_image_alt":null,"_yoast_wpseo_primary_category":null,"_yoast_wpseo_bctitle":null,"yoast-structured-data-blocks-images-cache":null,"_wp_attachment_backup_sizes":null,"supplier_ids":null,"_supplier_ids":null,"_oembed_17e3485a0d737723e7479f485109ebfc":null,"_oembed_time_17e3485a0d737723e7479f485109ebfc":null,"_oembed_1f6e22deccb99fd65e328c562c146a12":null,"_oembed_time_1f6e22deccb99fd65e328c562c146a12":null,"_oembed_9f62cc392ff8c3a76480798f08606650":null,"_oembed_time_9f62cc392ff8c3a76480798f08606650":null,"_icl_lang_duplicate_of":null,"_oembed_dfa9f4c917e319d90285d6df0d37b296":null,"_oembed_time_dfa9f4c917e319d90285d6df0d37b296":null,"_oembed_2d2663251ac40698e7721c94a052cc35":null,"_oembed_time_2d2663251ac40698e7721c94a052cc35":null,"_oembed_4cebfa669f9c842495cb1467241983db":null,"_oembed_19aa5faf71857bb024f9e47b8c5595a9":null,"_oembed_time_19aa5faf71857bb024f9e47b8c5595a9":null,"_oembed_349fe16116550be46f6205dc6e0e5f45":null,"_wp_page_template":"templates\/other.php","_edit_lock":"1759835911:2","_edit_last":"2","_yoast_wpseo_title":"Contattaci - Trova e prenota Ville con piscina con Villsy","body_class":"","_yoast_wpseo_estimated-reading-time-minutes":"1","_wp_attached_file":null,"_wp_attachment_metadata":null,"_yoast_wpseo_metadesc":"Contattaci - Trova e prenota ville con piscina con Villsy. Affitta una Villa per le tue vacanze con la famiglia o gli amici, tutta la casa solo per te.","_yoast_wpseo_focuskeywords":"[]","_yoast_wpseo_content_score":"90","_yoast_wpseo_opengraph-title":"Contattaci","_yoast_wpseo_opengraph-description":"Contattaci - Trova e prenota ville con piscina con Villsy. Affitta una Villa per le tue vacanze con la famiglia o gli amici, tutta la casa solo per te.","_yoast_wpseo_twitter-title":"Contattaci","_yoast_wpseo_twitter-description":"Contattaci - Trova e prenota ville con piscina con Villsy. Affitta una Villa per le tue vacanze con la famiglia o gli amici, tutta la casa solo per te.","_body_class":"field_626bf31c79dae","_wp_old_date":null,"_thumbnail_id":null,"_wp_old_slug":null,"_yoast_wpseo_wordproof_timestamp":"","_yoast_wpseo_keywordsynonyms":"[\"\"]","recaptcha":"1","_recaptcha":"field_6336f21b8af83","_yoast_indexnow_last_ping":"1759835910","_wpml_location_migration_done":"1","_wpml_media_featured":"0","_wpml_word_count":null,"_yoast_post_redirect_info":null,"_cms_nav_minihome":null,"_wpml_media_duplicate":"1","_top_nav_excluded":null,"_wp_trash_meta_status":null,"_wp_trash_meta_time":null,"_wp_desired_post_slug":null,"_last_translation_edit_mode":"native-editor","wpml_media_processed":null,"_wpml_post_translation_editor_native":null,"filters":null,"_filters":null,"show_on_homepage":null,"_show_on_homepage":null,"order":null,"_order":null,"show_organization_schema":"1","_show_organization_schema":"field_653927d14a9a0","yoast_head":"<!-- This site is optimized with the Yoast SEO Premium plugin v19.2.1 (Yoast SEO v19.6.1) - https:\/\/yoast.com\/wordpress\/plugins\/seo\/ -->\n<title>Contattaci - Trova e prenota Ville con piscina con Villsy<\/title>\n<meta name=\"description\" content=\"Contattaci - Trova e prenota ville con piscina con Villsy. Affitta una Villa per le tue vacanze con la famiglia o gli amici, tutta la casa solo per te.\" \/>\n<meta name=\"robots\" content=\"index, follow, max-snippet:-1, max-image-preview:large, max-video-preview:-1\" \/>\n<link rel=\"canonical\" href=\"https:\/\/villsy.com\/it\/contattaci\/\" \/>\n<meta property=\"og:locale\" content=\"it_IT\" \/>\n<meta property=\"og:type\" content=\"website\" \/>\n<meta property=\"og:title\" content=\"Contattaci\" \/>\n<meta property=\"og:description\" content=\"Contattaci - Trova e prenota ville con piscina con Villsy. Affitta una Villa per le tue vacanze con la famiglia o gli amici, tutta la casa solo per te.\" \/>\n<meta property=\"og:url\" content=\"https:\/\/villsy.com\/it\/contattaci\/\" \/>\n<meta property=\"og:site_name\" content=\"Villsy\" \/>\n<meta property=\"article:modified_time\" content=\"2025-10-07T11:18:30+00:00\" \/>\n<meta name=\"twitter:card\" content=\"summary_large_image\" \/>\n<meta name=\"twitter:title\" content=\"Contattaci\" \/>\n<meta name=\"twitter:description\" content=\"Contattaci - Trova e prenota ville con piscina con Villsy. Affitta una Villa per le tue vacanze con la famiglia o gli amici, tutta la casa solo per te.\" \/>\n<meta name=\"twitter:label1\" content=\"Est. reading time\" \/>\n\t<meta name=\"twitter:data1\" content=\"1 minute\" \/>\n<!-- \/ Yoast SEO Premium plugin. -->","yoast_head_json":{"title":"Contattaci - Trova e prenota Ville con piscina con Villsy","description":"Contattaci - Trova e prenota ville con piscina con Villsy. Affitta una Villa per le tue vacanze con la famiglia o gli amici, tutta la casa solo per te.","robots":{"index":"index","follow":"follow","max-snippet":"max-snippet:-1","max-image-preview":"max-image-preview:large","max-video-preview":"max-video-preview:-1"},"canonical":"https:\/\/villsy.com\/it\/contattaci\/","og_locale":"it_IT","og_type":"website","og_title":"Contattaci","og_description":"Contattaci - Trova e prenota ville con piscina con Villsy. Affitta una Villa per le tue vacanze con la famiglia o gli amici, tutta la casa solo per te.","og_url":"https:\/\/villsy.com\/it\/contattaci\/","og_site_name":"Villsy","article_modified_time":"2025-10-07T11:18:30+00:00","twitter_card":"summary_large_image","twitter_title":"Contattaci","twitter_description":"Contattaci - Trova e prenota ville con piscina con Villsy. Affitta una Villa per le tue vacanze con la famiglia o gli amici, tutta la casa solo per te.","twitter_misc":{"Est. reading time":"1 minute"},"schema":{"@context":"https:\/\/schema.org","@graph":[{"@type":"WebPage","@id":"https:\/\/villsy.com\/it\/contattaci\/","url":"https:\/\/villsy.com\/it\/contattaci\/","name":"Contattaci - Trova e prenota Ville con piscina con Villsy","isPartOf":{"@id":"https:\/\/villsy.com\/it\/#website"},"datePublished":"2022-07-19T12:04:42+00:00","dateModified":"2025-10-07T11:18:30+00:00","description":"Contattaci - Trova e prenota ville con piscina con Villsy. Affitta una Villa per le tue vacanze con la famiglia o gli amici, tutta la casa solo per te.","breadcrumb":{"@id":"https:\/\/villsy.com\/it\/contattaci\/#breadcrumb"},"inLanguage":"it","potentialAction":[{"@type":"ReadAction","target":["https:\/\/villsy.com\/it\/contattaci\/"]}]},{"@type":"BreadcrumbList","@id":"https:\/\/villsy.com\/it\/contattaci\/#breadcrumb","itemListElement":[{"@type":"ListItem","position":1,"name":"Villsy","item":"https:\/\/villsy.com\/it\/"},{"@type":"ListItem","position":2,"name":"Contact IT"}]},{"@type":"WebSite","@id":"https:\/\/villsy.com\/it\/#website","url":"https:\/\/villsy.com\/it\/","name":"Villsy","description":"Just another WordPress site","potentialAction":[{"@type":"SearchAction","target":{"@type":"EntryPoint","urlTemplate":"https:\/\/villsy.com\/it\/?s={search_term_string}"},"query-input":"required name=search_term_string"}],"inLanguage":"it"}]}},"_links":{"self":[{"href":"https:\/\/villsy.com\/it\/wp-json\/wp\/v2\/pages\/4063"}],"collection":[{"href":"https:\/\/villsy.com\/it\/wp-json\/wp\/v2\/pages"}],"about":[{"href":"https:\/\/villsy.com\/it\/wp-json\/wp\/v2\/types\/page"}],"author":[{"embeddable":true,"href":"https:\/\/villsy.com\/it\/wp-json\/wp\/v2\/users\/1"}],"replies":[{"embeddable":true,"href":"https:\/\/villsy.com\/it\/wp-json\/wp\/v2\/comments?post=4063"}],"version-history":[{"count":7,"href":"https:\/\/villsy.com\/it\/wp-json\/wp\/v2\/pages\/4063\/revisions"}],"predecessor-version":[{"id":30516,"href":"https:\/\/villsy.com\/it\/wp-json\/wp\/v2\/pages\/4063\/revisions\/30516"}],"wp:attachment":[{"href":"https:\/\/villsy.com\/it\/wp-json\/wp\/v2\/media?parent=4063"}],"curies":[{"name":"wp","href":"https:\/\/api.w.org\/{rel}","templated":true}]}}