{"id":4480,"date":"2022-08-24T08:40:28","date_gmt":"2022-08-24T08:40:28","guid":{"rendered":"https:\/\/villsy.com\/?page_id=4480"},"modified":"2023-07-28T09:24:45","modified_gmt":"2023-07-28T09:24:45","slug":"a-legalacsonyabb-ar-garancia","status":"publish","type":"page","link":"https:\/\/villsy.com\/hu\/a-legalacsonyabb-ar-garancia\/","title":{"rendered":"Lowest price HU"},"content":{"rendered":"<div class=\"wp-block-image\">\n<figure class=\"aligncenter size-medium\"><img loading=\"lazy\" width=\"300\" height=\"300\" src=\"https:\/\/villsy.com\/wp-content\/uploads\/bagde-bestprice-new-300x300.png\" alt=\"\" class=\"wp-image-4253\" srcset=\"https:\/\/villsy.com\/wp-content\/uploads\/bagde-bestprice-new-300x300.png 300w, https:\/\/villsy.com\/wp-content\/uploads\/bagde-bestprice-new.png 647w\" sizes=\"(max-width: 300px) 100vw, 300px\" \/><\/figure><\/div>\n\n\n<h1 id=\"h-annak-erdekeben-hogy-on-a-leheto-legjobb-szolgaltatast-kapja-a-villsy-n-a-kovetkezoket-tudjuk-garantalni\"><strong>Annak \u00e9rdek\u00e9ben, hogy \u00d6n a lehet\u0151 legjobb szolg\u00e1ltat\u00e1st kapja a Villsy-n, a k\u00f6vetkez\u0151ket tudjuk garant\u00e1lni:<\/strong><\/h1>\n\n\n\n<ul><li>Weboldalunk mindig&nbsp;<strong>a lehet\u0151 legalacsonyabb \u00e1rat<\/strong>&nbsp;k\u00edn\u00e1lja \u00d6nnek , amikor foglal.<\/li><li>Ha valaha is jobb aj\u00e1nlatot tal\u00e1l az \u00e1ltalunk k\u00edn\u00e1ltn\u00e1l, vegye fel vel\u00fcnk a kapcsolatot, \u00e9s&nbsp;<strong>mi megegyez\u00fcnk az \u00e1rral<\/strong>&nbsp;.<\/li><li>Csapatunk minden vill\u00e1t alaposan megvizsg\u00e1lt.&nbsp;<strong>Teljes enged\u00e9llyel rendelkez\u0151 turisztikai iroda vagyunk<\/strong>&nbsp;.<\/li><li>A Villsy-n felsorolt \u200b\u200bvill\u00e1k le\u00edr\u00e1sa&nbsp;<strong>100%-ban pontos, a vill\u00e1k elhelyezked\u00e9se pedig pontos.<\/strong><\/li><li>Minden egyes vill\u00e1t a Horv\u00e1t K\u00f6zt\u00e1rsas\u00e1g minden illet\u00e9kes hat\u00f3s\u00e1ga megvizsg\u00e1lt.<\/li><li>A napt\u00e1rak pontosak \u00e9s rendszeresen friss\u00edtik.<\/li><li>A vill\u00e1k minden tulajdonosa szerz\u0151d\u00e9s szerint k\u00f6teles a&nbsp;<strong>vill\u00e1kat az ezen a weboldalon tal\u00e1lhat\u00f3 le\u00edr\u00e1snak megfelel\u0151 \u00e1llapotban tartani.<\/strong><\/li><li>Csak \u00d6n \u00e9s az \u00d6nt k\u00eds\u00e9r\u0151 emberek haszn\u00e1lhatj\u00e1k a vill\u00e1kat, amikor b\u00e9rbe adj\u00e1k \u0151ket.&nbsp;M\u00e1s vend\u00e9gek \u00e9s a tulajdonosok nem haszn\u00e1lhatj\u00e1k azokat vagy b\u00e1rmi m\u00e1st az ingatlanon.<\/li><li>Az \u00e1rak tartalmazz\u00e1k az \u00f6sszes d\u00edjat \u00e9s ad\u00f3t, mint p\u00e9ld\u00e1ul az \u00e1f\u00e1t, az idegenforgalmi ad\u00f3t \u00e9s az \u00f6sszes k\u00f6zm\u0171vet.&nbsp;<strong>Nincsenek rejtett k\u00f6lts\u00e9gek.<\/strong><\/li><li>Mindig tud kommunik\u00e1lni egy ingatlanmenedzserrel, aki seg\u00edthet a foglal\u00e1sban, kapcsolatban maradhat \u00d6nnel, miel\u0151tt elj\u00f6n, \u00e9s az \u00d6n szolg\u00e1lat\u00e1ban \u00e1ll tart\u00f3zkod\u00e1sa alatt.<\/li><\/ul>\n","protected":false},"excerpt":{"rendered":"<p>Annak \u00e9rdek\u00e9ben, hogy \u00d6n a lehet\u0151 legjobb szolg\u00e1ltat\u00e1st kapja a Villsy-n, a k\u00f6vetkez\u0151ket tudjuk garant\u00e1lni: Weboldalunk mindig&nbsp;a lehet\u0151 legalacsonyabb \u00e1rat&nbsp;k\u00edn\u00e1lja \u00d6nnek , amikor foglal. Ha valaha is jobb aj\u00e1nlatot tal\u00e1l az \u00e1ltalunk k\u00edn\u00e1ltn\u00e1l, vegye fel vel\u00fcnk a kapcsolatot, \u00e9s&nbsp;mi megegyez\u00fcnk az \u00e1rral&nbsp;. Csapatunk minden vill\u00e1t alaposan megvizsg\u00e1lt.&nbsp;Teljes enged\u00e9llyel rendelkez\u0151 turisztikai iroda vagyunk&nbsp;. A Villsy-n felsorolt [&hellip;]<\/p>\n","protected":false},"author":1,"featured_media":0,"parent":0,"menu_order":0,"comment_status":"closed","ping_status":"closed","template":"templates\/other.php","meta":[],"yoast_head":"<!-- This site is optimized with the Yoast SEO Premium plugin v19.2.1 (Yoast SEO v19.6.1) - https:\/\/yoast.com\/wordpress\/plugins\/seo\/ -->\n<title>A legalacsonyabb \u00e1r garancia - Villsy<\/title>\n<meta name=\"description\" content=\"A legalacsonyabb \u00e1r garancia - Keressen \u00e9s foglaljon medenc\u00e9s vill\u00e1kat a Villsy-vel. B\u00e9reljen vill\u00e1t csal\u00e1di vagy bar\u00e1ti nyaral\u00e1s\u00e1hoz, az eg\u00e9sz h\u00e1z csak az \u00d6n\u00e9.\" \/>\n<meta name=\"robots\" content=\"index, follow, max-snippet:-1, max-image-preview:large, max-video-preview:-1\" \/>\n<link rel=\"canonical\" href=\"https:\/\/villsy.com\/hu\/a-legalacsonyabb-ar-garancia\/\" \/>\n<meta property=\"og:locale\" content=\"hu_HU\" \/>\n<meta property=\"og:type\" content=\"website\" \/>\n<meta property=\"og:title\" content=\"A legalacsonyabb \u00e1r garancia\" \/>\n<meta property=\"og:description\" content=\"A legalacsonyabb \u00e1r garancia - Keressen \u00e9s foglaljon medenc\u00e9s vill\u00e1kat a Villsy-vel. B\u00e9reljen vill\u00e1t csal\u00e1di vagy bar\u00e1ti nyaral\u00e1s\u00e1hoz, az eg\u00e9sz h\u00e1z csak az \u00d6n\u00e9.\" \/>\n<meta property=\"og:url\" content=\"https:\/\/villsy.com\/hu\/a-legalacsonyabb-ar-garancia\/\" \/>\n<meta property=\"og:site_name\" content=\"Villsy\" \/>\n<meta property=\"article:modified_time\" content=\"2023-07-28T09:24:45+00:00\" \/>\n<meta property=\"og:image\" content=\"https:\/\/villsy.com\/wp-content\/uploads\/bagde-bestprice-new-300x300.png\" \/>\n<meta name=\"twitter:card\" content=\"summary_large_image\" \/>\n<meta name=\"twitter:title\" content=\"A legalacsonyabb \u00e1r garancia\" \/>\n<meta name=\"twitter:description\" content=\"A legalacsonyabb \u00e1r garancia - Keressen \u00e9s foglaljon medenc\u00e9s vill\u00e1kat a Villsy-vel. B\u00e9reljen vill\u00e1t csal\u00e1di vagy bar\u00e1ti nyaral\u00e1s\u00e1hoz, az eg\u00e9sz h\u00e1z csak az \u00d6n\u00e9.\" \/>\n<meta name=\"twitter:label1\" content=\"Est. reading time\" \/>\n\t<meta name=\"twitter:data1\" content=\"1 minute\" \/>\n<!-- \/ Yoast SEO Premium plugin. -->","yoast_head_json":{"title":"A legalacsonyabb \u00e1r garancia - Villsy","description":"A legalacsonyabb \u00e1r garancia - Keressen \u00e9s foglaljon medenc\u00e9s vill\u00e1kat a Villsy-vel. B\u00e9reljen vill\u00e1t csal\u00e1di vagy bar\u00e1ti nyaral\u00e1s\u00e1hoz, az eg\u00e9sz h\u00e1z csak az \u00d6n\u00e9.","robots":{"index":"index","follow":"follow","max-snippet":"max-snippet:-1","max-image-preview":"max-image-preview:large","max-video-preview":"max-video-preview:-1"},"canonical":"https:\/\/villsy.com\/hu\/a-legalacsonyabb-ar-garancia\/","og_locale":"hu_HU","og_type":"website","og_title":"A legalacsonyabb \u00e1r garancia","og_description":"A legalacsonyabb \u00e1r garancia - Keressen \u00e9s foglaljon medenc\u00e9s vill\u00e1kat a Villsy-vel. B\u00e9reljen vill\u00e1t csal\u00e1di vagy bar\u00e1ti nyaral\u00e1s\u00e1hoz, az eg\u00e9sz h\u00e1z csak az \u00d6n\u00e9.","og_url":"https:\/\/villsy.com\/hu\/a-legalacsonyabb-ar-garancia\/","og_site_name":"Villsy","article_modified_time":"2023-07-28T09:24:45+00:00","og_image":[{"url":"https:\/\/villsy.com\/wp-content\/uploads\/bagde-bestprice-new-300x300.png"}],"twitter_card":"summary_large_image","twitter_title":"A legalacsonyabb \u00e1r garancia","twitter_description":"A legalacsonyabb \u00e1r garancia - Keressen \u00e9s foglaljon medenc\u00e9s vill\u00e1kat a Villsy-vel. B\u00e9reljen vill\u00e1t csal\u00e1di vagy bar\u00e1ti nyaral\u00e1s\u00e1hoz, az eg\u00e9sz h\u00e1z csak az \u00d6n\u00e9.","twitter_misc":{"Est. reading time":"1 minute"},"schema":{"@context":"https:\/\/schema.org","@graph":[{"@type":"WebPage","@id":"https:\/\/villsy.com\/hu\/a-legalacsonyabb-ar-garancia\/","url":"https:\/\/villsy.com\/hu\/a-legalacsonyabb-ar-garancia\/","name":"A legalacsonyabb \u00e1r garancia - Villsy","isPartOf":{"@id":"https:\/\/villsy.com\/hu\/#website"},"datePublished":"2022-08-24T08:40:28+00:00","dateModified":"2023-07-28T09:24:45+00:00","description":"A legalacsonyabb \u00e1r garancia - Keressen \u00e9s foglaljon medenc\u00e9s vill\u00e1kat a Villsy-vel. B\u00e9reljen vill\u00e1t csal\u00e1di vagy bar\u00e1ti nyaral\u00e1s\u00e1hoz, az eg\u00e9sz h\u00e1z csak az \u00d6n\u00e9.","breadcrumb":{"@id":"https:\/\/villsy.com\/hu\/a-legalacsonyabb-ar-garancia\/#breadcrumb"},"inLanguage":"hu","potentialAction":[{"@type":"ReadAction","target":["https:\/\/villsy.com\/hu\/a-legalacsonyabb-ar-garancia\/"]}]},{"@type":"BreadcrumbList","@id":"https:\/\/villsy.com\/hu\/a-legalacsonyabb-ar-garancia\/#breadcrumb","itemListElement":[{"@type":"ListItem","position":1,"name":"Villsy","item":"https:\/\/villsy.com\/hu\/"},{"@type":"ListItem","position":2,"name":"Lowest price HU"}]},{"@type":"WebSite","@id":"https:\/\/villsy.com\/hu\/#website","url":"https:\/\/villsy.com\/hu\/","name":"Villsy","description":"Just another WordPress site","potentialAction":[{"@type":"SearchAction","target":{"@type":"EntryPoint","urlTemplate":"https:\/\/villsy.com\/hu\/?s={search_term_string}"},"query-input":"required name=search_term_string"}],"inLanguage":"hu"}]}},"_links":{"self":[{"href":"https:\/\/villsy.com\/hu\/wp-json\/wp\/v2\/pages\/4480"}],"collection":[{"href":"https:\/\/villsy.com\/hu\/wp-json\/wp\/v2\/pages"}],"about":[{"href":"https:\/\/villsy.com\/hu\/wp-json\/wp\/v2\/types\/page"}],"author":[{"embeddable":true,"href":"https:\/\/villsy.com\/hu\/wp-json\/wp\/v2\/users\/1"}],"replies":[{"embeddable":true,"href":"https:\/\/villsy.com\/hu\/wp-json\/wp\/v2\/comments?post=4480"}],"version-history":[{"count":2,"href":"https:\/\/villsy.com\/hu\/wp-json\/wp\/v2\/pages\/4480\/revisions"}],"predecessor-version":[{"id":12098,"href":"https:\/\/villsy.com\/hu\/wp-json\/wp\/v2\/pages\/4480\/revisions\/12098"}],"wp:attachment":[{"href":"https:\/\/villsy.com\/hu\/wp-json\/wp\/v2\/media?parent=4480"}],"curies":[{"name":"wp","href":"https:\/\/api.w.org\/{rel}","templated":true}]}}