{"id":4434,"date":"2022-08-24T06:49:42","date_gmt":"2022-08-24T06:49:42","guid":{"rendered":"https:\/\/villsy.com\/?page_id=4434"},"modified":"2023-07-28T09:24:10","modified_gmt":"2023-07-28T09:24:10","slug":"gyakran-ismetelt-kerdesek","status":"publish","type":"page","link":"https:\/\/villsy.com\/hu\/gyakran-ismetelt-kerdesek\/","title":{"rendered":"Faq HU"},"content":{"rendered":"\n<h1 class=\"pb-5\">Gyakran Ism\u00e9telt K\u00e9rd\u00e9sek<\/h1>\n\n\n\n<h2>K\u00d6LTS\u00c9GEK \u00c9S FIZET\u00c9SEK&nbsp;&nbsp;<\/h2>\n\n\n\n<h4>1. Mi\u00e9rt k\u00f6telez\u0151 a befizet\u00e9s?<\/h4>\n\n\n\n<p>Az el\u0151leg befizet\u00e9se k\u00f6telez\u0151 az ingatlan lefoglal\u00e1s\u00e1hoz, \u00e9s megakad\u00e1lyozza, hogy b\u00e1rki m\u00e1s lefoglalja ugyanazokra az id\u0151pontokra.&nbsp;A let\u00e9t \u00e1ltal\u00e1ban a teljes \u00e1r 30%-a.&nbsp;Nem terhelj\u00fck meg hitelk\u00e1rty\u00e1j\u00e1t a foglal\u00e1si visszaigazol\u00e1s elk\u00fcld\u00e9se el\u0151tt, ami \u00e1ltal\u00e1ban 24 \u00f3r\u00e1t vesz ig\u00e9nybe.<\/p>\n\n\n\n<p>Mivel a kauci\u00f3 vissza nem t\u00e9r\u00edtend\u0151, javasoljuk, hogy k\u00f6ss\u00f6n \u00fcd\u00fcl\u00e9si biztos\u00edt\u00e1st.<\/p>\n\n\n\n<h4>2. Mikor fizetem ki a teljes \u00f6sszeget?<\/h4>\n\n\n\n<p>A teljes \u00f6sszeget \u00e1ltal\u00e1ban 8-12 h\u00e9ttel a nyaral\u00e1s el\u0151tt kell kifizetni.&nbsp;A k\u00f6vetkez\u0151 fizet\u00e9sr\u0151l \u00e9rtes\u00edtj\u00fck.<\/p>\n\n\n\n<h4>3. Mi a helyzet az \u00fcnnepek lemond\u00e1s\u00e1val?<\/h4>\n\n\n\n<p>K\u00e9rj\u00fck, a lehet\u0151 leghamarabb jelezze fel\u00e9nk, ha szeretn\u00e9 lemondani nyaral\u00e1s\u00e1t.&nbsp;A foglal\u00e1s biztos\u00edt\u00e1s\u00e1ra befizetett el\u0151leget nem \u00e1ll m\u00f3dunkban visszat\u00e9r\u00edteni.&nbsp;Ha azonban siker\u00fcl kib\u00e9reln\u00fcnk az ingatlant m\u00e1s vend\u00e9geinknek ugyanarra az id\u0151tartamra \u00e9s \u00e1ron, akkor a kauci\u00f3 egy r\u00e9sz\u00e9t, vagy ak\u00e1r a teljes kauci\u00f3t is vissza tudjuk fizetni, m\u00ednusz a tranzakci\u00f3s d\u00edjak.<\/p>\n\n\n\n<h4>4. \u00d3vad\u00e9k \u2013 mire val\u00f3?<\/h4>\n\n\n\n<p>Ha tiszt\u00e1n, rendezetten \u00e9s ugyanolyan \u00e1llapotban hagyja el a vill\u00e1t, mint volt &#8211; semmi gond.&nbsp;A k\u00e1rlet\u00e9tet visszat\u00e9r\u00edtik.<\/p>\n\n\n\n<h4>5. Hogyan \u00e9s mikor fizetek kauci\u00f3t?<\/h4>\n\n\n\n<p>A kauci\u00f3t k\u00f6zvetlen\u00fcl a h\u00e1ztulajdonosnak fizetik ki, \u00e9s a tart\u00f3zkod\u00e1s v\u00e9g\u00e9n visszat\u00e9r\u00edtik<\/p>\n\n\n\n<h4>6. Vannak-e tov\u00e1bbi k\u00f6lts\u00e9gek?<\/h4>\n\n\n\n<p>A villab\u00e9rl\u00e9ssel kapcsolatos \u00f6sszes k\u00f6lts\u00e9get mindig visszaigazoljuk.&nbsp;Nem lehetnek egy\u00e9b k\u00f6lts\u00e9gek.<\/p>\n\n\n\n<p>Kiv\u00e9telek lehetnek:<\/p>\n\n\n\n<ul><li>\u00f3vad\u00e9k<\/li><li>h\u00e1zi kedvencek (foglal\u00e1skor \u00e9rtes\u00edtj\u00fck)<\/li><li>f\u0171t\u00f6tt \u00fasz\u00f3medenc\u00e9k \u00e1prilisban, m\u00e1jusban, j\u00faniusban, szeptemberben \u00e9s okt\u00f3berben.&nbsp;K\u00e9rem, \u00e9rdekl\u0151dj\u00f6n, szeretn\u00e9-e haszn\u00e1lni az \u00fasz\u00f3medence f\u0171t\u00e9s\u00e9t.<\/li><\/ul>\n\n\n\n<h4>7. Alkalmazhat\u00f3-e \u00e1fa?<\/h4>\n\n\n\n<p>\u00c1raink az \u00c1FA-t tartalmazz\u00e1k, fel\u00e1rat nem sz\u00e1m\u00edtunk fel.<\/p>\n\n\n\n<h4>8. Az ATOL k\u00f6t\u0151dik?<\/h4>\n\n\n\n<p>Nem, csak sz\u00e1ll\u00e1st k\u00edn\u00e1lunk, \u00e9s az ATOL k\u00f6tv\u00e9nyk\u00f6vetelm\u00e9ny nem vonatkozik r\u00e1.<\/p>\n\n\n\n<h2>EGY\u00c9B<\/h2>\n\n\n\n<h4>1. Kell az aut\u00f3?<\/h4>\n\n\n\n<p>Az ingatlan elhelyezked\u00e9s\u00e9t\u0151l \u00e9s az \u00d6n ig\u00e9nyeit\u0151l f\u00fcgg.&nbsp;A vill\u00e1k egy r\u00e9sze t\u00e1voli, \u00edgy az aut\u00f3haszn\u00e1lat elengedhetetlen.<\/p>\n\n\n\n<h4>2. Hol van a legk\u00f6zelebbi rep\u00fcl\u0151t\u00e9r?<\/h4>\n\n\n\n<p>Minden inform\u00e1ci\u00f3 megtal\u00e1lhat\u00f3 a hely f\u00fcl\u00f6n.&nbsp;Minden ingatlan a pontos helyen tal\u00e1lhat\u00f3.&nbsp;Ha tov\u00e1bbi seg\u00edts\u00e9gre van sz\u00fcks\u00e9ge, forduljon hozz\u00e1nk.<\/p>\n\n\n\n<h4>3. Alkalmas-e a villa gyermekek sz\u00e1m\u00e1ra?<\/h4>\n\n\n\n<p>R\u00f6viden &#8211; igen.&nbsp;Az ingatlanok t\u00f6bbs\u00e9ge gyermekek sz\u00e1m\u00e1ra alkalmas, kis\u00e1gy \u00e9s etet\u0151sz\u00e9k tal\u00e1lhat\u00f3.&nbsp;Ha gyerekekkel utazik, k\u00e9rj\u00fck jelezze fel\u00e9nk.<\/p>\n\n\n\n<h4>4. H\u00e1zi\u00e1llatok<\/h4>\n\n\n\n<p>N\u00e9h\u00e1ny villa \u00e1llatbar\u00e1t, n\u00e9h\u00e1ny pedig nem.&nbsp;A legt\u00f6bb tulajdonos kis fel\u00e1r ellen\u00e9ben engedi be a j\u00f3l nevelt h\u00e1zi kedvenceket.&nbsp;Weboldalunkon \u00e9s sz\u0171r\u0151 funkci\u00f3ban is szerepel, hogy mely vill\u00e1kban megengedettek h\u00e1zi kedvencek.<\/p>\n\n\n\n<h4>5. A medence biztons\u00e1gos a gyerekek sz\u00e1m\u00e1ra?<\/h4>\n\n\n\n<p>\u00c1ltal\u00e1ban nincs akad\u00e1ly a medenc\u00e9ben, ez\u00e9rt k\u00e9rj\u00fck, vegye ezt szem el\u0151tt, amikor lefoglalja a vill\u00e1t.&nbsp;A medence m\u00e9lys\u00e9ge \u00e1ltal\u00e1ban 1,3-1,6 m\u00e9ter.<\/p>\n\n\n\n<h4>6. A tulajdonosok a helysz\u00ednen laknak?<\/h4>\n\n\n\n<p>Az esetek 99%-\u00e1ban &#8211; nem.&nbsp;A tulajdonos a k\u00f6zelben lakhat, de a m\u00e1sik h\u00e1zban.&nbsp;Minden vill\u00e1nk kiz\u00e1r\u00f3lag az \u00d6n kiz\u00e1r\u00f3lagos haszn\u00e1lat\u00e1ra szolg\u00e1l.<\/p>\n","protected":false},"excerpt":{"rendered":"<p>Gyakran Ism\u00e9telt K\u00e9rd\u00e9sek K\u00d6LTS\u00c9GEK \u00c9S FIZET\u00c9SEK&nbsp;&nbsp; 1. Mi\u00e9rt k\u00f6telez\u0151 a befizet\u00e9s? Az el\u0151leg befizet\u00e9se k\u00f6telez\u0151 az ingatlan lefoglal\u00e1s\u00e1hoz, \u00e9s megakad\u00e1lyozza, hogy b\u00e1rki m\u00e1s lefoglalja ugyanazokra az id\u0151pontokra.&nbsp;A let\u00e9t \u00e1ltal\u00e1ban a teljes \u00e1r 30%-a.&nbsp;Nem terhelj\u00fck meg hitelk\u00e1rty\u00e1j\u00e1t a foglal\u00e1si visszaigazol\u00e1s elk\u00fcld\u00e9se el\u0151tt, ami \u00e1ltal\u00e1ban 24 \u00f3r\u00e1t vesz ig\u00e9nybe. Mivel a kauci\u00f3 vissza nem t\u00e9r\u00edtend\u0151, javasoljuk, hogy [&hellip;]<\/p>\n","protected":false},"author":1,"featured_media":0,"parent":0,"menu_order":0,"comment_status":"closed","ping_status":"closed","template":"templates\/other.php","meta":[],"yoast_head":"<!-- This site is optimized with the Yoast SEO Premium plugin v19.2.1 (Yoast SEO v19.6.1) - https:\/\/yoast.com\/wordpress\/plugins\/seo\/ -->\n<title>Gyakran Ism\u00e9telt K\u00e9rd\u00e9sek - Villsy<\/title>\n<meta name=\"description\" content=\"Keressen gyakran ism\u00e9telt k\u00e9rd\u00e9seket a Villsy-vel val\u00f3 villab\u00e9rl\u00e9ssel kapcsolatban.\" \/>\n<meta name=\"robots\" content=\"index, follow, max-snippet:-1, max-image-preview:large, max-video-preview:-1\" \/>\n<link rel=\"canonical\" href=\"https:\/\/villsy.com\/hu\/gyakran-ismetelt-kerdesek\/\" \/>\n<meta property=\"og:locale\" content=\"hu_HU\" \/>\n<meta property=\"og:type\" content=\"website\" \/>\n<meta property=\"og:title\" content=\"Gyakran Ism\u00e9telt K\u00e9rd\u00e9sek\" \/>\n<meta property=\"og:description\" content=\"Keressen gyakran ism\u00e9telt k\u00e9rd\u00e9seket a Villsy-vel val\u00f3 villab\u00e9rl\u00e9ssel kapcsolatban.\" \/>\n<meta property=\"og:url\" content=\"https:\/\/villsy.com\/hu\/gyakran-ismetelt-kerdesek\/\" \/>\n<meta property=\"og:site_name\" content=\"Villsy\" \/>\n<meta property=\"article:modified_time\" content=\"2023-07-28T09:24:10+00:00\" \/>\n<meta name=\"twitter:card\" content=\"summary_large_image\" \/>\n<meta name=\"twitter:title\" content=\"Gyakran Ism\u00e9telt K\u00e9rd\u00e9sek\" \/>\n<meta name=\"twitter:description\" content=\"Keressen gyakran ism\u00e9telt k\u00e9rd\u00e9seket a Villsy-vel val\u00f3 villab\u00e9rl\u00e9ssel kapcsolatban.\" \/>\n<meta name=\"twitter:label1\" content=\"Est. reading time\" \/>\n\t<meta name=\"twitter:data1\" content=\"2 minutes\" \/>\n<!-- \/ Yoast SEO Premium plugin. -->","yoast_head_json":{"title":"Gyakran Ism\u00e9telt K\u00e9rd\u00e9sek - Villsy","description":"Keressen gyakran ism\u00e9telt k\u00e9rd\u00e9seket a Villsy-vel val\u00f3 villab\u00e9rl\u00e9ssel kapcsolatban.","robots":{"index":"index","follow":"follow","max-snippet":"max-snippet:-1","max-image-preview":"max-image-preview:large","max-video-preview":"max-video-preview:-1"},"canonical":"https:\/\/villsy.com\/hu\/gyakran-ismetelt-kerdesek\/","og_locale":"hu_HU","og_type":"website","og_title":"Gyakran Ism\u00e9telt K\u00e9rd\u00e9sek","og_description":"Keressen gyakran ism\u00e9telt k\u00e9rd\u00e9seket a Villsy-vel val\u00f3 villab\u00e9rl\u00e9ssel kapcsolatban.","og_url":"https:\/\/villsy.com\/hu\/gyakran-ismetelt-kerdesek\/","og_site_name":"Villsy","article_modified_time":"2023-07-28T09:24:10+00:00","twitter_card":"summary_large_image","twitter_title":"Gyakran Ism\u00e9telt K\u00e9rd\u00e9sek","twitter_description":"Keressen gyakran ism\u00e9telt k\u00e9rd\u00e9seket a Villsy-vel val\u00f3 villab\u00e9rl\u00e9ssel kapcsolatban.","twitter_misc":{"Est. reading time":"2 minutes"},"schema":{"@context":"https:\/\/schema.org","@graph":[{"@type":"WebPage","@id":"https:\/\/villsy.com\/hu\/gyakran-ismetelt-kerdesek\/","url":"https:\/\/villsy.com\/hu\/gyakran-ismetelt-kerdesek\/","name":"Gyakran Ism\u00e9telt K\u00e9rd\u00e9sek - Villsy","isPartOf":{"@id":"https:\/\/villsy.com\/hu\/#website"},"datePublished":"2022-08-24T06:49:42+00:00","dateModified":"2023-07-28T09:24:10+00:00","description":"Keressen gyakran ism\u00e9telt k\u00e9rd\u00e9seket a Villsy-vel val\u00f3 villab\u00e9rl\u00e9ssel kapcsolatban.","breadcrumb":{"@id":"https:\/\/villsy.com\/hu\/gyakran-ismetelt-kerdesek\/#breadcrumb"},"inLanguage":"hu","potentialAction":[{"@type":"ReadAction","target":["https:\/\/villsy.com\/hu\/gyakran-ismetelt-kerdesek\/"]}]},{"@type":"BreadcrumbList","@id":"https:\/\/villsy.com\/hu\/gyakran-ismetelt-kerdesek\/#breadcrumb","itemListElement":[{"@type":"ListItem","position":1,"name":"Villsy","item":"https:\/\/villsy.com\/hu\/"},{"@type":"ListItem","position":2,"name":"Faq HU"}]},{"@type":"WebSite","@id":"https:\/\/villsy.com\/hu\/#website","url":"https:\/\/villsy.com\/hu\/","name":"Villsy","description":"Just another WordPress site","potentialAction":[{"@type":"SearchAction","target":{"@type":"EntryPoint","urlTemplate":"https:\/\/villsy.com\/hu\/?s={search_term_string}"},"query-input":"required name=search_term_string"}],"inLanguage":"hu"}]}},"_links":{"self":[{"href":"https:\/\/villsy.com\/hu\/wp-json\/wp\/v2\/pages\/4434"}],"collection":[{"href":"https:\/\/villsy.com\/hu\/wp-json\/wp\/v2\/pages"}],"about":[{"href":"https:\/\/villsy.com\/hu\/wp-json\/wp\/v2\/types\/page"}],"author":[{"embeddable":true,"href":"https:\/\/villsy.com\/hu\/wp-json\/wp\/v2\/users\/1"}],"replies":[{"embeddable":true,"href":"https:\/\/villsy.com\/hu\/wp-json\/wp\/v2\/comments?post=4434"}],"version-history":[{"count":1,"href":"https:\/\/villsy.com\/hu\/wp-json\/wp\/v2\/pages\/4434\/revisions"}],"predecessor-version":[{"id":4435,"href":"https:\/\/villsy.com\/hu\/wp-json\/wp\/v2\/pages\/4434\/revisions\/4435"}],"wp:attachment":[{"href":"https:\/\/villsy.com\/hu\/wp-json\/wp\/v2\/media?parent=4434"}],"curies":[{"name":"wp","href":"https:\/\/api.w.org\/{rel}","templated":true}]}}