{"id":4048,"date":"2022-07-19T12:04:42","date_gmt":"2022-07-19T12:04:42","guid":{"rendered":"https:\/\/villsy.com\/?page_id=4048"},"modified":"2025-10-07T11:16:45","modified_gmt":"2025-10-07T11:16:45","slug":"kapcsolat","status":"publish","type":"page","link":"https:\/\/villsy.com\/hu\/kapcsolat\/","title":{"rendered":"Contact HU"},"content":{"rendered":"\n<h2 class=\"has-text-align-center\" id=\"h-segitunk-tervezzuk-meg-egyutt-a-tokeletes-nyaralasodat\">Seg\u00edt\u00fcnk \u2013 tervezz\u00fck meg egy\u00fctt a t\u00f6k\u00e9letes nyaral\u00e1sodat!<\/h2>\n\n\n\n<div style=\"height:40px\" aria-hidden=\"true\" class=\"wp-block-spacer\"><\/div>\n\n\n\n<p class=\"has-text-align-center\">K\u00e9rd\u00e9seid vannak gy\u00f6ny\u00f6r\u0171 isztriai vill\u00e1inkkal kapcsolatban, vagy seg\u00edts\u00e9gre van sz\u00fcks\u00e9ged a sz\u00e1modra t\u00f6k\u00e9letes villa kiv\u00e1laszt\u00e1s\u00e1ban?<\/p>\n\n\n\n<p class=\"has-text-align-center\">Ak\u00e1r az el\u00e9rhet\u0151s\u00e9get szeretn\u00e9d ellen\u0151rizni, a tart\u00f3zkod\u00e1sodat megtervezni, vagy tov\u00e1bbi r\u00e9szleteket megtudni, bar\u00e1ts\u00e1gos csapatunk \u00f6r\u00f6mmel \u00e1ll rendelkez\u00e9sedre! L\u00e9pj vel\u00fcnk kapcsolatba telefonon, e-mailben vagy az al\u00e1bbi \u0171rlapon kereszt\u00fcl, \u00e9s minden sz\u00fcks\u00e9ges inform\u00e1ci\u00f3t megadunk egy gondtalan, nyugodt nyaral\u00e1shoz.<\/p>\n\n\n\n<p class=\"has-text-align-center\">M\u00e1r alig v\u00e1rjuk, hogy halljunk fel\u0151led!<\/p>\n\n\n\n<h3 class=\"has-text-align-center\"><strong>Villsy \u2013 a helyi partnered a t\u00f6k\u00e9letes horv\u00e1torsz\u00e1gi nyaral\u00e1shoz.<\/strong><\/h3>\n\n\n\n<p><\/p>\n\n\n\n<form class=\"form-contact card shadow border p-4\">\n    <h2 class=\"mb-4\">\n            <\/h2>\n    <div class=\"row\">\n        <div class=\"col-lg-6 col-12\">\n            <div class=\"form-group  mb-3 \">\n                <label for=\"name\">N\u00e9v*<\/label>\n                <input required=\"\" name=\"name\" type=\"text\" class=\"form-control  bg-transparent\" id=\"contact-name\" placeholder=\"N\u00e9v\">\n            <\/div>\n        <\/div>\n        <div class=\"col-lg-6 col-12\">\n            <div class=\"form-group  mb-3\">\n                <label for=\"surname\">Vezet\u00e9kn\u00e9v*<\/label>\n                <input required=\"\" name=\"surname\" type=\"text\" class=\"form-control  bg-transparent\" id=\"contact-surname\" placeholder=\"Vezet\u00e9kn\u00e9v\">\n            <\/div>\n        <\/div>\n\n        <div class=\"col-lg-6 col-12\">\n            <div class=\"form-group  mb-3\">\n                <label for=\"email\">E-mail*<\/label>\n                <input required=\"\" name=\"email\" type=\"email\" class=\"form-control  bg-transparent\" id=\"contact-email\" placeholder=\"E-mail\"> \n            <\/div>\n        <\/div>\n        <div class=\"col-lg-6 col-12\">\n            <div class=\"form-group  mb-3\">\n                <label for=\"phone\">Telefon*<\/label>\n                <input name=\"phone\" type=\"text\" class=\"form-control  bg-transparent\" id=\"contact-tel\" placeholder=\"Telefon\">\n            <\/div>\n        <\/div>\n        <div class=\"col-12\">\n            <div class=\"form-group  mb-3\">\n                <label for=\"message\">\u00dczenet*<\/label>\n                <textarea name=\"message\" type=\"text\" rows=\"5\" class=\"form-control  bg-transparent\" id=\"contact-text\" placeholder=\"\u00dczenet\"><\/textarea>\n            <\/div>\n        <\/div>\n        <div class=\"col-12 mb-3\">\n            <div class=\"form-check\">\n                <input required type=\"checkbox\" class=\"form-check-input\" name=\"agree\" id=\"agree\">\n                <label class=\"form-check-label\" for=\"agree\">\n                    Elolvastam \u00e9s elfogadom az <a href=\"\/hu\/privacy-policy\/\">adatv\u00e9delmi szab\u00e1lyzatot<\/a>                <\/label>\n            <\/div>\n        <\/div>\n\n    <\/div>\n    <div class=\"row no-gutters\">\n        <div class=\"col-lg-8\">\n            <div>\n                Ezt a webhelyet reCAPTCHA v\u00e9di, \u00e9s a <a href=\"https:\/\/policies.google.com\/privacy\" target=\"_blank\">Google adatv\u00e9delmi ir\u00e1nyelveit<\/a> \u00e9s a <a href=\" https:\/\/policies.google.com\/terms\" target=\"_blank\">\u00c1ltal\u00e1nos Szerz\u0151d\u00e9si Felt\u00e9telek<\/a>.            <\/div>\n        <\/div>\n        <div class=\"col-lg\">\n            <div class=\"d-flex flex-row justify-content-end\">\n                <button type=\"submit\" class=\"btn btn-primary contact-btn\">\n                    \u00dczenet k\u00fcld\u00e9se\n                <\/button>\n                <div class=\"contact-spinner d-none spinner-border align-items-center justify-content-center\" role=\"status\">\n                    <i class=\"las la-envelope la-lg\"><\/i>\n                    <span class=\"sr-only\">Bet\u00f6lt\u00e9s...<\/span>\n                <\/div>\n            <\/div>\n        <\/div>\n    <\/div>\n<\/form>\n\n\n\n<div id=\"contact-modal\" class=\"modal fade\" tabindex=\"-1\" role=\"dialog\">\n  <div class=\"modal-dialog\">\n    <div class=\"modal-content\">\n      <div class=\"modal-header\">\n        <h5 class=\"modal-title font-weight-light\">\n            K\u00f6sz\u00f6nj\u00fck \u00e9rdekl\u0151d\u00e9s\u00e9t.        <\/h5>\n        <button type=\"button\" class=\"btn-close\" data-bs-dismiss=\"modal\" aria-label=\"Close\"><\/button>\n      <\/div>\n      <div class=\"modal-body font-weight-normal\">\n        <p class=\"response-output\"><\/p>\n      <\/div>\n      <div class=\"modal-footer\">\n        <button type=\"button\" class=\"btn btn-primary font-weight-bold\" data-bs-dismiss=\"modal\">Bez\u00e1r\u00e1s<\/button>\n      <\/div>\n    <\/div>\n  <\/div>\n<\/div>\n\n\n\n\n\n<hr class=\"wp-block-separator has-alpha-channel-opacity\"\/>\n\n\n\n<h3 id=\"h-imprint\">Imprint:<\/h3>\n\n\n\n<p><strong><strong>VILLSY d.o.o.<\/strong> \u2013 korl\u00e1tolt felel\u0151ss\u00e9g\u0171 t\u00e1rsas\u00e1g ingatlanb\u00e9rbead\u00e1ssal, turizmussal \u00e9s utaz\u00e1si irodai szolg\u00e1ltat\u00e1sokkal foglalkozik<br>C\u00e9gjegyz\u00e9ksz\u00e1m: <strong>130093085 \u2013 Pazini Kereskedelmi B\u00edr\u00f3s\u00e1g<\/strong> | Ad\u00f3sz\u00e1m: <strong>HR17191292654<\/strong><\/strong><\/p>\n\n\n\n<p>IBAN: HR62 2340 0091 1110 0258 1 | PRIVREDNA BANKA ZAGREB d.d., Radni\u010dka cesta 50, 10000 Zagreb | SWIFT code: PBZGHR22<\/p>\n\n\n\n<p>C\u00cdM: Kastavska 18, 52000 Pazin, Croatia<br> <br><strong>\u00dcGYVEZET\u0150 IGAZGAT\u00d3:<\/strong> Toni Hrelja<br><strong>IRODAVEZET\u0150:<\/strong> Suzana Hrelja<br><strong>NYITVATART\u00c1S:<\/strong> H\u00e9tf\u0151\u2013P\u00e9ntek 9\u201317<br>E-mail: <a href=\"mailto:info@villsy.com\">info@villsy.com<\/a><br>Web: <a href=\"\/\">www.villsy.com<\/a><br>TEL: +385 91 585 2596<\/p>\n","protected":false},"excerpt":{"rendered":"<p>Seg\u00edt\u00fcnk \u2013 tervezz\u00fck meg egy\u00fctt a t\u00f6k\u00e9letes nyaral\u00e1sodat! K\u00e9rd\u00e9seid vannak gy\u00f6ny\u00f6r\u0171 isztriai vill\u00e1inkkal kapcsolatban, vagy seg\u00edts\u00e9gre van sz\u00fcks\u00e9ged a sz\u00e1modra t\u00f6k\u00e9letes villa kiv\u00e1laszt\u00e1s\u00e1ban? Ak\u00e1r az el\u00e9rhet\u0151s\u00e9get szeretn\u00e9d ellen\u0151rizni, a tart\u00f3zkod\u00e1sodat megtervezni, vagy tov\u00e1bbi r\u00e9szleteket megtudni, bar\u00e1ts\u00e1gos csapatunk \u00f6r\u00f6mmel \u00e1ll rendelkez\u00e9sedre! L\u00e9pj vel\u00fcnk kapcsolatba telefonon, e-mailben vagy az al\u00e1bbi \u0171rlapon kereszt\u00fcl, \u00e9s minden sz\u00fcks\u00e9ges inform\u00e1ci\u00f3t megadunk [&hellip;]<\/p>\n","protected":false},"author":1,"featured_media":0,"parent":0,"menu_order":0,"comment_status":"closed","ping_status":"closed","template":"templates\/other.php","meta":[],"yoast_head":"<!-- This site is optimized with the Yoast SEO Premium plugin v19.2.1 (Yoast SEO v19.6.1) - https:\/\/yoast.com\/wordpress\/plugins\/seo\/ -->\n<title>L\u00e9pjen kapcsolatba vel\u00fcnk - Keressen \u00e9s foglaljon medenc\u00e9s vill\u00e1kat<\/title>\n<meta name=\"description\" content=\"Contact us - Find &amp; book Villas with pools with Villsy. Rent a Villa for your vacations with family or friends, the whole house only for you.\" \/>\n<meta name=\"robots\" content=\"index, follow, max-snippet:-1, max-image-preview:large, max-video-preview:-1\" \/>\n<link rel=\"canonical\" href=\"https:\/\/villsy.com\/hu\/kapcsolat\/\" \/>\n<meta property=\"og:locale\" content=\"hu_HU\" \/>\n<meta property=\"og:type\" content=\"website\" \/>\n<meta property=\"og:title\" content=\"Contact us\" \/>\n<meta property=\"og:description\" content=\"Contact us - Find &amp; book Villas with pools with Villsy. Rent a Villa for your vacations with family or friends, the whole house only for you.\" \/>\n<meta property=\"og:url\" content=\"https:\/\/villsy.com\/hu\/kapcsolat\/\" \/>\n<meta property=\"og:site_name\" content=\"Villsy\" \/>\n<meta property=\"article:modified_time\" content=\"2025-10-07T11:16:45+00:00\" \/>\n<meta name=\"twitter:card\" content=\"summary_large_image\" \/>\n<meta name=\"twitter:title\" content=\"Contact us\" \/>\n<meta name=\"twitter:description\" content=\"Contact us - Find &amp; book Villas with pools with Villsy. Rent a Villa for your vacations with family or friends, the whole house only for you.\" \/>\n<meta name=\"twitter:label1\" content=\"Est. reading time\" \/>\n\t<meta name=\"twitter:data1\" content=\"1 minute\" \/>\n<!-- \/ Yoast SEO Premium plugin. -->","yoast_head_json":{"title":"L\u00e9pjen kapcsolatba vel\u00fcnk - Keressen \u00e9s foglaljon medenc\u00e9s vill\u00e1kat","description":"Contact us - Find & book Villas with pools with Villsy. Rent a Villa for your vacations with family or friends, the whole house only for you.","robots":{"index":"index","follow":"follow","max-snippet":"max-snippet:-1","max-image-preview":"max-image-preview:large","max-video-preview":"max-video-preview:-1"},"canonical":"https:\/\/villsy.com\/hu\/kapcsolat\/","og_locale":"hu_HU","og_type":"website","og_title":"Contact us","og_description":"Contact us - Find & book Villas with pools with Villsy. Rent a Villa for your vacations with family or friends, the whole house only for you.","og_url":"https:\/\/villsy.com\/hu\/kapcsolat\/","og_site_name":"Villsy","article_modified_time":"2025-10-07T11:16:45+00:00","twitter_card":"summary_large_image","twitter_title":"Contact us","twitter_description":"Contact us - Find & book Villas with pools with Villsy. Rent a Villa for your vacations with family or friends, the whole house only for you.","twitter_misc":{"Est. reading time":"1 minute"},"schema":{"@context":"https:\/\/schema.org","@graph":[{"@type":"WebPage","@id":"https:\/\/villsy.com\/hu\/kapcsolat\/","url":"https:\/\/villsy.com\/hu\/kapcsolat\/","name":"L\u00e9pjen kapcsolatba vel\u00fcnk - Keressen \u00e9s foglaljon medenc\u00e9s vill\u00e1kat","isPartOf":{"@id":"https:\/\/villsy.com\/hu\/#website"},"datePublished":"2022-07-19T12:04:42+00:00","dateModified":"2025-10-07T11:16:45+00:00","description":"Contact us - Find & book Villas with pools with Villsy. Rent a Villa for your vacations with family or friends, the whole house only for you.","breadcrumb":{"@id":"https:\/\/villsy.com\/hu\/kapcsolat\/#breadcrumb"},"inLanguage":"hu","potentialAction":[{"@type":"ReadAction","target":["https:\/\/villsy.com\/hu\/kapcsolat\/"]}]},{"@type":"BreadcrumbList","@id":"https:\/\/villsy.com\/hu\/kapcsolat\/#breadcrumb","itemListElement":[{"@type":"ListItem","position":1,"name":"Villsy","item":"https:\/\/villsy.com\/hu\/"},{"@type":"ListItem","position":2,"name":"Contact HU"}]},{"@type":"WebSite","@id":"https:\/\/villsy.com\/hu\/#website","url":"https:\/\/villsy.com\/hu\/","name":"Villsy","description":"Just another WordPress site","potentialAction":[{"@type":"SearchAction","target":{"@type":"EntryPoint","urlTemplate":"https:\/\/villsy.com\/hu\/?s={search_term_string}"},"query-input":"required name=search_term_string"}],"inLanguage":"hu"}]}},"_links":{"self":[{"href":"https:\/\/villsy.com\/hu\/wp-json\/wp\/v2\/pages\/4048"}],"collection":[{"href":"https:\/\/villsy.com\/hu\/wp-json\/wp\/v2\/pages"}],"about":[{"href":"https:\/\/villsy.com\/hu\/wp-json\/wp\/v2\/types\/page"}],"author":[{"embeddable":true,"href":"https:\/\/villsy.com\/hu\/wp-json\/wp\/v2\/users\/1"}],"replies":[{"embeddable":true,"href":"https:\/\/villsy.com\/hu\/wp-json\/wp\/v2\/comments?post=4048"}],"version-history":[{"count":7,"href":"https:\/\/villsy.com\/hu\/wp-json\/wp\/v2\/pages\/4048\/revisions"}],"predecessor-version":[{"id":30514,"href":"https:\/\/villsy.com\/hu\/wp-json\/wp\/v2\/pages\/4048\/revisions\/30514"}],"wp:attachment":[{"href":"https:\/\/villsy.com\/hu\/wp-json\/wp\/v2\/media?parent=4048"}],"curies":[{"name":"wp","href":"https:\/\/api.w.org\/{rel}","templated":true}]}}