{"id":30569,"date":"2025-10-07T11:43:25","date_gmt":"2025-10-07T11:43:25","guid":{"rendered":"https:\/\/villsy.com\/?page_id=30569"},"modified":"2025-10-07T14:35:07","modified_gmt":"2025-10-07T14:35:07","slug":"rolunk","status":"publish","type":"page","link":"https:\/\/villsy.com\/hu\/rolunk\/","title":{"rendered":"R\u00f3lunk HU"},"content":{"rendered":"\n<h2 id=\"block-0fa009bc-2ad9-4b08-a8cb-298e59bddab0\">A mi t\u00f6rt\u00e9net\u00fcnk<\/h2>\n\n\n\n<p><\/p>\n\n\n\n<h3 id=\"block-1b7a1507-aa64-43b7-b3e1-76e61c9fe724\">A Villsy-n\u00e9l hisz\u00fcnk abban, hogy a nyaral\u00e1snak t\u00f6bbnek kell lennie, mint egy egyszer\u0171 tart\u00f3zkod\u00e1snak &#8211; egy eml\u00e9kezetes \u00e9lm\u00e9nynek kell lennie.<\/h3>\n\n\n\n<p id=\"block-cdb3b6c8-cde5-47ce-9bd6-547762a69e33\">Utaz\u00e1sunk <strong>2008-ban<\/strong> kezd\u0151d\u00f6tt, amikor fel\u00e9p\u00edtett\u00fck els\u0151 vill\u00e1nkat Isztria k\u00f6z\u00e9ps\u0151 r\u00e9sz\u00e9n. Ami szem\u00e9lyes projektk\u00e9nt indult, hamarosan valami sokkal nagyobb dologg\u00e1 v\u00e1lt. <strong>2013-ra<\/strong> m\u00e1r mi magunk kezdt\u00fck el kiadni a vill\u00e1inkat, gondosan kezelve minden r\u00e9szletet, hogy a vend\u00e9gek k\u00e9nyelmes \u00e9s gondtalan pihen\u00e9st \u00e9lvezhessenek.  <\/p>\n\n\n\n<p id=\"block-fdb32f72-4418-45d0-95b4-07e76830c91f\">A pozit\u00edv visszajelz\u00e9seken \u00e9s a n\u00f6vekv\u0151 keresleten felbuzdulva <strong>2019-ben<\/strong> hivatalosan is megalap\u00edtottuk <strong>a Villsy-t, mint villakiad\u00f3 \u00fcgyn\u00f6ks\u00e9get<\/strong>. Ma a Villsy \u00f6sszek\u00f6ti a vend\u00e9geket a vil\u00e1g minden t\u00e1j\u00e1r\u00f3l az <strong>isztriai \u00e9s horv\u00e1torsz\u00e1gi nyaral\u00f3k \u00e9s vill\u00e1k<\/strong> k\u00e9zzel v\u00e1logatott gy\u0171jtem\u00e9ny\u00e9vel, modern foglal\u00e1si megold\u00e1sokat, helyi szak\u00e9rtelmet \u00e9s szem\u00e9lyre szabott t\u00e1mogat\u00e1st k\u00edn\u00e1lva. <\/p>\n\n\n\n<p id=\"block-eb516fef-1a7d-49e0-9b76-f197672a3c1d\">Minden a Casa Nin\u00e1val, a Villa Rustic\u00e1val \u00e9s a Villa Gimin\u00f3val kezd\u0151d\u00f6tt &#8211; \u00e9s a mai napig a k\u00edn\u00e1latunkban vannak, csod\u00e1latos eml\u00e9keket, nevet\u00e9st \u00e9s felejthetetlen pillanatokat szerezve a nyaral\u00f3knak.<\/p>\n\n\n\n<div class=\"wp-container-4 wp-block-columns\">\n<div class=\"wp-container-1 wp-block-column\">\n<figure class=\"wp-block-image size-large\"><img loading=\"lazy\" width=\"1350\" height=\"900\" src=\"https:\/\/villsy.com\/wp-content\/uploads\/villa_casa-nina22-1350x900.jpg\" alt=\"\" class=\"wp-image-30428\" srcset=\"https:\/\/villsy.com\/wp-content\/uploads\/villa_casa-nina22-1350x900.jpg 1350w, https:\/\/villsy.com\/wp-content\/uploads\/villa_casa-nina22-300x200.jpg 300w, https:\/\/villsy.com\/wp-content\/uploads\/villa_casa-nina22-768x512.jpg 768w, https:\/\/villsy.com\/wp-content\/uploads\/villa_casa-nina22-1536x1024.jpg 1536w, https:\/\/villsy.com\/wp-content\/uploads\/villa_casa-nina22.jpg 2000w\" sizes=\"(max-width: 1350px) 100vw, 1350px\" \/><figcaption>Casa Nina<\/figcaption><\/figure>\n<\/div>\n\n\n\n<div class=\"wp-container-2 wp-block-column\">\n<figure class=\"wp-block-image size-large\"><img loading=\"lazy\" width=\"1368\" height=\"900\" src=\"https:\/\/villsy.com\/wp-content\/uploads\/Villa_Rustica41-1368x900.jpg\" alt=\"\" class=\"wp-image-30443\" srcset=\"https:\/\/villsy.com\/wp-content\/uploads\/Villa_Rustica41-1368x900.jpg 1368w, https:\/\/villsy.com\/wp-content\/uploads\/Villa_Rustica41-300x197.jpg 300w, https:\/\/villsy.com\/wp-content\/uploads\/Villa_Rustica41-768x505.jpg 768w, https:\/\/villsy.com\/wp-content\/uploads\/Villa_Rustica41-1536x1011.jpg 1536w, https:\/\/villsy.com\/wp-content\/uploads\/Villa_Rustica41.jpg 2000w\" sizes=\"(max-width: 1368px) 100vw, 1368px\" \/><figcaption>Villa Rustica<\/figcaption><\/figure>\n<\/div>\n\n\n\n<div class=\"wp-container-3 wp-block-column\">\n<figure class=\"wp-block-image size-large\"><img loading=\"lazy\" width=\"1349\" height=\"900\" src=\"https:\/\/villsy.com\/wp-content\/uploads\/01VillaGimino-2-1349x900.jpg\" alt=\"\" class=\"wp-image-30413\" srcset=\"https:\/\/villsy.com\/wp-content\/uploads\/01VillaGimino-2-1349x900.jpg 1349w, https:\/\/villsy.com\/wp-content\/uploads\/01VillaGimino-2-300x200.jpg 300w, https:\/\/villsy.com\/wp-content\/uploads\/01VillaGimino-2-768x512.jpg 768w, https:\/\/villsy.com\/wp-content\/uploads\/01VillaGimino-2-1536x1025.jpg 1536w, https:\/\/villsy.com\/wp-content\/uploads\/01VillaGimino-2.jpg 2000w\" sizes=\"(max-width: 1349px) 100vw, 1349px\" \/><figcaption>Villa Gimino<\/figcaption><\/figure>\n<\/div>\n<\/div>\n\n\n\n<h2 id=\"block-145802a9-6fdc-4355-88e5-c5c59fd12a13\">Mi\u00e9rt v\u00e1lassza Villsy-t?<\/h2>\n\n\n\n<h3 id=\"block-cada00b6-a75d-4d19-81ab-f4d7e76c81cf\">K\u00e9zzel kiv\u00e1lasztott vill\u00e1k Isztri\u00e1ban \u00e9s Horv\u00e1torsz\u00e1gban<\/h3>\n\n\n\n<p id=\"block-53283f70-8d00-4fe5-8303-d565a4a51f82\">A portf\u00f3li\u00f3nkban szerepl\u0151 minden vill\u00e1t szem\u00e9lyesen ellen\u0151rzi tapasztalt csapatunk. A tengerparti medenc\u00e9s luxusvill\u00e1kt\u00f3l az isztriai vid\u00e9ken tal\u00e1lhat\u00f3 autentikus k\u0151h\u00e1zakig minden egyes ingatlant a min\u0151s\u00e9g, a k\u00e9nyelem \u00e9s az egyedi var\u00e1zslat alapj\u00e1n v\u00e1lasztunk ki. <\/p>\n\n\n\n<h3 id=\"block-7bc9eec4-d9ac-4189-a904-e156407b8d7a\">Legjobb \u00e1r garancia<\/h3>\n\n\n\n<p id=\"block-d0f079de-328f-4030-91e2-c1b913227224\">A h\u00e1ztulajdonosokkal k\u00f6t\u00f6tt k\u00f6zvetlen szerz\u0151d\u00e9seknek \u00e9s a piacon szerzett t\u00f6bb \u00e9ves tapasztalatunknak k\u00f6sz\u00f6nhet\u0151en garant\u00e1ljuk a legalacsonyabb \u00e1rakat az isztriai \u00e9s horv\u00e1torsz\u00e1gi vill\u00e1kra. A Villsy-vel k\u00f6zvetlen\u00fcl foglalhat &#8211; nincsenek rejtett d\u00edjak. <\/p>\n\n\n\n<h3 id=\"block-13e2bf5b-8bb7-41bf-9e35-78c322fc551d\">Azonnali foglal\u00e1s<\/h3>\n\n\n\n<p id=\"block-8897fa1f-74a9-44c5-a276-b60e94e874a2\">Az \u00f6sszes isztriai medenc\u00e9s nyaral\u00f3nk val\u00f3s id\u0151ben el\u00e9rhet\u0151. Egyszer\u0171en v\u00e1lassza ki a k\u00edv\u00e1nt vill\u00e1t, foglaljon online, \u00e9s fizessen biztons\u00e1gosan hitelk\u00e1rty\u00e1val vagy banki \u00e1tutal\u00e1ssal &#8211; gyorsan, biztons\u00e1gosan \u00e9s egyszer\u0171en. <\/p>\n\n\n\n<h3 id=\"block-bad415ac-575d-4b3b-9571-dd87086634b3\">Helyi jelenl\u00e9t \u00e9s t\u00e1mogat\u00e1s<\/h3>\n\n\n\n<p id=\"block-074315fa-45c8-4fa7-b88a-f5075acf80e4\">Irod\u00e1nk Pazinban, Isztria sz\u00edv\u00e9ben tal\u00e1lhat\u00f3. Ez a k\u00f6zponti elhelyezked\u00e9s lehet\u0151v\u00e9 teszi sz\u00e1munkra, hogy k\u00f6zel maradjunk vend\u00e9geinkhez \u00e9s a lak\u00e1stulajdonosokhoz egyar\u00e1nt. Helyi csapatunk az \u00d6n eg\u00e9sz tart\u00f3zkod\u00e1sa alatt rendelkez\u00e9sre \u00e1ll, hogy minden r\u00e9szlet t\u00f6k\u00e9letes legyen.  <\/p>\n\n\n\n<h3 id=\"block-e8dbfd42-7d55-40bc-8f29-d90db3ec19d1\">Tapasztalat \u00e9s n\u00f6veked\u00e9s<\/h3>\n\n\n\n<p id=\"block-fc344d08-8579-4fba-8ab2-23f18614254f\">Ami 2008-ban egyetlen vill\u00e1val kezd\u0151d\u00f6tt, m\u00e1ra egy megb\u00edzhat\u00f3 \u00fcgyn\u00f6ks\u00e9gg\u00e9 n\u0151tte ki mag\u00e1t, amely pr\u00e9mium kateg\u00f3ri\u00e1s horv\u00e1torsz\u00e1gi nyaral\u00f3k sz\u00e9les portf\u00f3li\u00f3j\u00e1val rendelkezik. T\u00f6bb \u00e9ves gyakorlati tapasztalatot \u00f6tv\u00f6z\u00fcnk a szem\u00e9lyes, vend\u00e9gk\u00f6zpont\u00fa megk\u00f6zel\u00edt\u00e9ssel. <\/p>\n\n\n\n<h2 id=\"block-4befae29-a74d-492a-804f-c83d30c4b901\">\u00cdg\u00e9ret\u00fcnk<\/h2>\n\n\n\n<p id=\"block-76893c12-0529-4f1c-81b9-53c6bc23a6a9\">A Villsy-n\u00e9l a nyaral\u00e1sa biztos kezekben van. Ak\u00e1r az <strong>isztriai dombok<\/strong> k\u00f6z\u00f6tt keres egy b\u00e9k\u00e9s mened\u00e9ket, ak\u00e1r egy <strong>tengerparti vill\u00e1t Dalm\u00e1ci\u00e1ban<\/strong>, vagy egy <strong>csal\u00e1di nyaral\u00f3t medenc\u00e9vel Horv\u00e1torsz\u00e1gban<\/strong>, mi gondoskodunk arr\u00f3l, hogy az itt tart\u00f3zkod\u00e1sa gondtalan \u00e9s felejthetetlen legyen. <\/p>\n\n\n\n<p id=\"block-3f6262c7-c4ec-40ca-8d11-6d7857d47700\">A Villsy t\u00f6bb mint egy iroda &#8211; mi vagyunk az \u00d6n helyi partnere, aki szenved\u00e9lyesen szereti Isztri\u00e1t \u00e9s Horv\u00e1torsz\u00e1got, \u00e9s elk\u00f6telezett a t\u00f6k\u00e9letes nyaral\u00e1si \u00e9lm\u00e9ny megteremt\u00e9se ir\u00e1nt.<\/p>\n\n\n\n<div class=\"container my-5 offer-homepage-cards-section\">\n    <h3 class=\"text-dark h1\">\n  Villa gy\u0171jtem\u00e9nyek\n    <\/h3>\n    \t \n      <div class=\"row\">\n\n<a class=\"col-lg-6 col-sm-6 col-12 mb-4 rounded\" style=\"text-decoration: none;\" href=\"\/hu\/sea-view-villak-horvatorszag\/\">\n    <div class=\"filters-landing-card position-relative rounded\">\n        <div class=\"card lozad position-relative card-img-top\" data-background-image=\"https:\/\/villsy.com\/wp-content\/uploads\/Villa_Lina1102-800x600.jpg\" style=\"height: 300px;\">\n        <\/div>\n        <div class=\"position-absolute container bottom-0 w-100 px-lg-4 px-3\">\n            <div class=\"bg-dark bg-opacity-75 rounded py-lg-4 px-lg-4 p-3 my-3\">\n                <div class=\"h3 mt-0 mb-1 text-warning slab\">Tengerre n\u00e9z\u0151 vill\u00e1k Horv\u00e1torsz\u00e1gban<\/div>\n                                    <h3 class=\"text-white slab small mb-0\"> A horv\u00e1torsz\u00e1gi tengerre n\u00e9z\u0151 vill\u00e1k v\u00e1laszt\u00e9ka<\/h3>\n                            <\/div>\n        <\/div>\n    <\/div>\n<\/a>\n\n<a class=\"col-lg-6 col-sm-6 col-12 mb-4 rounded\" style=\"text-decoration: none;\" href=\"\/hu\/luxus-villak-horvatorszag\/\">\n    <div class=\"filters-landing-card position-relative rounded\">\n        <div class=\"card lozad position-relative card-img-top\" data-background-image=\"https:\/\/villsy.com\/wp-content\/uploads\/Villa_Lumi68-800x600.jpg\" style=\"height: 300px;\">\n        <\/div>\n        <div class=\"position-absolute container bottom-0 w-100 px-lg-4 px-3\">\n            <div class=\"bg-dark bg-opacity-75 rounded py-lg-4 px-lg-4 p-3 my-3\">\n                <div class=\"h3 mt-0 mb-1 text-warning slab\">Luxusvill\u00e1k Horv\u00e1torsz\u00e1gban<\/div>\n                                    <h3 class=\"text-white slab small mb-0\"> \u00c9lvezze a luxus vill\u00e1kban<\/h3>\n                            <\/div>\n        <\/div>\n    <\/div>\n<\/a>\n\n<a class=\"col-lg-4 col-sm-6 col-12 mb-4 rounded\" style=\"text-decoration: none;\" href=\"\/hu\/horvatorszag-allatbarat-villak\/\">\n    <div class=\"filters-landing-card position-relative rounded\">\n        <div class=\"card lozad position-relative card-img-top\" data-background-image=\"https:\/\/villsy.com\/wp-content\/uploads\/bigstock-Dog-Sleeping-Near-A-Swimming-P-467007137-800x600.jpg\" style=\"height: 300px;\">\n        <\/div>\n        <div class=\"position-absolute container bottom-0 w-100 px-lg-4 px-3\">\n            <div class=\"bg-dark bg-opacity-75 rounded py-lg-4 px-lg-4 p-3 my-3\">\n                <div class=\"h3 mt-0 mb-1 text-warning slab\">Kis\u00e1llatbar\u00e1t vill\u00e1k Horv\u00e1torsz\u00e1gban<\/div>\n                                    <h3 class=\"text-white slab small mb-0\"> Vill\u00e1k, ahol a h\u00e1zi\u00e1llatokat sz\u00edvesen l\u00e1tj\u00e1k<\/h3>\n                            <\/div>\n        <\/div>\n    <\/div>\n<\/a>\n\n<a class=\"col-lg-4 col-sm-6 col-12 mb-4 rounded\" style=\"text-decoration: none;\" href=\"\/hu\/villak-tenger-mellett-horvatorszagban\/\">\n    <div class=\"filters-landing-card position-relative rounded\">\n        <div class=\"card lozad position-relative card-img-top\" data-background-image=\"https:\/\/villsy.com\/wp-content\/uploads\/Dubovica-Hvar-800x600.jpg\" style=\"height: 300px;\">\n        <\/div>\n        <div class=\"position-absolute container bottom-0 w-100 px-lg-4 px-3\">\n            <div class=\"bg-dark bg-opacity-75 rounded py-lg-4 px-lg-4 p-3 my-3\">\n                <div class=\"h3 mt-0 mb-1 text-warning slab\">Tengerparti vill\u00e1k Horv\u00e1torsz\u00e1gban<\/div>\n                                    <h3 class=\"text-white slab small mb-0\"> Vill\u00e1k legfeljebb 3 km-re a tengert\u0151l<\/h3>\n                            <\/div>\n        <\/div>\n    <\/div>\n<\/a>\n\n<a class=\"col-lg-4 col-sm-6 col-12 mb-4 rounded\" style=\"text-decoration: none;\" href=\"\/hu\/kis-romantikus-villak-horvatorszag\/\">\n    <div class=\"filters-landing-card position-relative rounded\">\n        <div class=\"card lozad position-relative card-img-top\" data-background-image=\"https:\/\/villsy.com\/wp-content\/uploads\/vila_amalia113-800x600.jpg\" style=\"height: 300px;\">\n        <\/div>\n        <div class=\"position-absolute container bottom-0 w-100 px-lg-4 px-3\">\n            <div class=\"bg-dark bg-opacity-75 rounded py-lg-4 px-lg-4 p-3 my-3\">\n                <div class=\"h3 mt-0 mb-1 text-warning slab\">Romantikus vill\u00e1k p\u00e1roknak Horv\u00e1torsz\u00e1gban<\/div>\n                                    <h3 class=\"text-white slab small mb-0\"> Kis romantikus vill\u00e1k t\u00f6k\u00e9letes p\u00e1roknak<\/h3>\n                            <\/div>\n        <\/div>\n    <\/div>\n<\/a>\n\n<a class=\"col-lg-3 col-sm-6 col-12 mb-4 rounded\" style=\"text-decoration: none;\" href=\"\/hu\/villak-szaunaval\/\">\n    <div class=\"filters-landing-card position-relative rounded\">\n        <div class=\"card lozad position-relative card-img-top\" data-background-image=\"https:\/\/villsy.com\/wp-content\/uploads\/Villa_Lumi20-800x600.jpg\" style=\"height: 300px;\">\n        <\/div>\n        <div class=\"position-absolute container bottom-0 w-100 px-lg-4 px-3\">\n            <div class=\"bg-dark bg-opacity-75 rounded py-lg-4 px-lg-4 p-3 my-3\">\n                <div class=\"h3 mt-0 mb-1 text-warning slab\">Szaun\u00e1s vill\u00e1k kiad\u00f3 Horv\u00e1torsz\u00e1gban<\/div>\n                                    <h3 class=\"text-white slab small mb-0\"> Keresse meg a szaun\u00e1s vill\u00e1kat a visszavonul\u00e1shoz<\/h3>\n                            <\/div>\n        <\/div>\n    <\/div>\n<\/a>\n\n<a class=\"col-lg-3 col-sm-6 col-12 mb-4 rounded\" style=\"text-decoration: none;\" href=\"\/hu\/akcios-ajanlat-villak-horvatorszag\/\">\n    <div class=\"filters-landing-card position-relative rounded\">\n        <div class=\"card lozad position-relative card-img-top\" data-background-image=\"https:\/\/villsy.com\/wp-content\/uploads\/Villa_Terra_Bianca15-800x600.jpg\" style=\"height: 300px;\">\n        <\/div>\n        <div class=\"position-absolute container bottom-0 w-100 px-lg-4 px-3\">\n            <div class=\"bg-dark bg-opacity-75 rounded py-lg-4 px-lg-4 p-3 my-3\">\n                <div class=\"h3 mt-0 mb-1 text-warning slab\">K\u00fcl\u00f6nleges aj\u00e1nlat\u00fa vill\u00e1k Horv\u00e1torsz\u00e1gban<\/div>\n                                    <h3 class=\"text-white slab small mb-0\"> Keressen vill\u00e1kat kedvezm\u00e9nyekkel vagy egy\u00e9b extra aj\u00e1nlatokkal<\/h3>\n                            <\/div>\n        <\/div>\n    <\/div>\n<\/a>\n\n<a class=\"col-lg-3 col-sm-6 col-12 mb-4 rounded\" style=\"text-decoration: none;\" href=\"\/hu\/horvatorszagi-villak-nagycsoportosok\/\">\n    <div class=\"filters-landing-card position-relative rounded\">\n        <div class=\"card lozad position-relative card-img-top\" data-background-image=\"https:\/\/villsy.com\/wp-content\/uploads\/villa_Marion32-800x600.jpg\" style=\"height: 300px;\">\n        <\/div>\n        <div class=\"position-absolute container bottom-0 w-100 px-lg-4 px-3\">\n            <div class=\"bg-dark bg-opacity-75 rounded py-lg-4 px-lg-4 p-3 my-3\">\n                <div class=\"h3 mt-0 mb-1 text-warning slab\">Vill\u00e1k nagy csoportoknak Horv\u00e1torsz\u00e1gban<\/div>\n                                    <h3 class=\"text-white slab small mb-0\"> Nagy vill\u00e1k t\u00f6bb mint 12 f\u0151 r\u00e9sz\u00e9re<\/h3>\n                            <\/div>\n        <\/div>\n    <\/div>\n<\/a>\n\n<a class=\"col-lg-3 col-sm-6 col-12 mb-4 rounded\" style=\"text-decoration: none;\" href=\"\/hu\/villak-medencevel-horvatorszagban\/\">\n    <div class=\"filters-landing-card position-relative rounded\">\n        <div class=\"card lozad position-relative card-img-top\" data-background-image=\"https:\/\/villsy.com\/wp-content\/uploads\/villa_Horto-800x600.jpg\" style=\"height: 300px;\">\n        <\/div>\n        <div class=\"position-absolute container bottom-0 w-100 px-lg-4 px-3\">\n            <div class=\"bg-dark bg-opacity-75 rounded py-lg-4 px-lg-4 p-3 my-3\">\n                <div class=\"h3 mt-0 mb-1 text-warning slab\">Vill\u00e1k medenc\u00e9vel Horv\u00e1torsz\u00e1gban<\/div>\n                                    <h3 class=\"text-white slab small mb-0\"> Keresse meg a t\u00f6k\u00e9letes villa medenc\u00e9vel<\/h3>\n                            <\/div>\n        <\/div>\n    <\/div>\n<\/a> \n    <\/div>\n \n\n\t\n<\/div>\n\n\n\n<hr class=\"wp-block-separator has-alpha-channel-opacity\" id=\"block-620e19a6-46b9-4708-a277-543f327e6c70\"\/>\n\n\n\n<h3 id=\"block-7f9327fe-1ed6-472f-9fe8-f92354ba88f8\">Impresszum:<\/h3>\n\n\n\n<p id=\"block-0fb92d54-cd06-4617-8a2d-14f1cb32bf23\"><strong>VILLSY d.o.o. &#8211; korl\u00e1tolt felel\u0151ss\u00e9g\u0171 t\u00e1rsas\u00e1g ingatlan b\u00e9rbead\u00e1ssal, turizmussal \u00e9s utaz\u00e1si irodai szolg\u00e1ltat\u00e1sokkal<\/strong> | C\u00e9gjegyz\u00e9ksz\u00e1m: 130093085 &#8211; Trgova\u010dki sud Pazin | <strong>\u00c1FA-azonos\u00edt\u00f3<\/strong>:HR17191292654<\/p>\n\n\n\n<p id=\"block-f41eab70-d264-40c8-829a-0ae43153b7ad\">IBAN: HR62 2340 0091 1110 0258 1 | PRIVREDNA BANKA ZAGREB d.d., Radni\u010dka cesta 50, 10000 Zagreb | SWIFT-k\u00f3d: HR62 2340 0091 1110 0258 1 | SWIFT-k\u00f3d: PRIVREDNA BANKA ZAGREB d.d., Radni\u010dka cesta 50, 10000 Zagreb: PBZGHR22<\/p>\n\n\n\n<p id=\"block-f7b7d707-0814-4dea-a862-b8be90a66290\">C\u00cdM: Kastavska 18, 52000 Pazin, Horv\u00e1torsz\u00e1g<br>VEZET\u0150: Toni Hrelja<br>AGENCIA VEZET\u0150: Suzana Hrelja<br>NYITVA tart\u00e1s: h-cs 9-17<br>E-mail: <a href=\"mailto:info@villsy.com\">info@villsy.com<\/a><br>Web: <a href=\"https:\/\/villsy.com\/\">www.villsy.com<\/a><br>TEL: +385 91 585 2596.<\/p>\n","protected":false},"excerpt":{"rendered":"<p>A mi t\u00f6rt\u00e9net\u00fcnk A Villsy-n\u00e9l hisz\u00fcnk abban, hogy a nyaral\u00e1snak t\u00f6bbnek kell lennie, mint egy egyszer\u0171 tart\u00f3zkod\u00e1snak &#8211; egy eml\u00e9kezetes \u00e9lm\u00e9nynek kell lennie. Utaz\u00e1sunk 2008-ban kezd\u0151d\u00f6tt, amikor fel\u00e9p\u00edtett\u00fck els\u0151 vill\u00e1nkat Isztria k\u00f6z\u00e9ps\u0151 r\u00e9sz\u00e9n. Ami szem\u00e9lyes projektk\u00e9nt indult, hamarosan valami sokkal nagyobb dologg\u00e1 v\u00e1lt. 2013-ra m\u00e1r mi magunk kezdt\u00fck el kiadni a vill\u00e1inkat, gondosan kezelve minden [&hellip;]<\/p>\n","protected":false},"author":2,"featured_media":0,"parent":0,"menu_order":0,"comment_status":"closed","ping_status":"closed","template":"templates\/other.php","meta":[],"yoast_head":"<!-- This site is optimized with the Yoast SEO Premium plugin v19.2.1 (Yoast SEO v19.6.1) - https:\/\/yoast.com\/wordpress\/plugins\/seo\/ -->\n<title>T\u00f6rt\u00e9net\u00fcnk | Villsy - K\u00e9zzel v\u00e1logatott vill\u00e1k Isztri\u00e1ban \u00e9s Horv\u00e1torsz\u00e1gban<\/title>\n<meta name=\"description\" content=\"Foglalja le \u00e1lmai vill\u00e1j\u00e1t Isztri\u00e1n vagy Horv\u00e1torsz\u00e1gban a Villsy seg\u00edts\u00e9g\u00e9vel. Megb\u00edzhat\u00f3 helyi \u00fcgyn\u00f6ks\u00e9g, amely kiv\u00e1l\u00f3 min\u0151s\u00e9g\u0171, medenc\u00e9s vill\u00e1kat, a legjobb \u00e1rakat \u00e9s szem\u00e9lyes t\u00e1mogat\u00e1st k\u00edn\u00e1l.\" \/>\n<meta name=\"robots\" content=\"index, follow, max-snippet:-1, max-image-preview:large, max-video-preview:-1\" \/>\n<link rel=\"canonical\" href=\"https:\/\/villsy.com\/hu\/rolunk\/\" \/>\n<meta property=\"og:locale\" content=\"hu_HU\" \/>\n<meta property=\"og:type\" content=\"website\" \/>\n<meta property=\"og:title\" content=\"T\u00f6rt\u00e9net\u00fcnk | Villsy - K\u00e9zzel v\u00e1logatott vill\u00e1k Isztri\u00e1ban \u00e9s Horv\u00e1torsz\u00e1gban\" \/>\n<meta property=\"og:description\" content=\"Foglalja le \u00e1lmai vill\u00e1j\u00e1t Isztri\u00e1n vagy Horv\u00e1torsz\u00e1gban a Villsy seg\u00edts\u00e9g\u00e9vel. Megb\u00edzhat\u00f3 helyi \u00fcgyn\u00f6ks\u00e9g, amely kiv\u00e1l\u00f3 min\u0151s\u00e9g\u0171, medenc\u00e9s vill\u00e1kat, a legjobb \u00e1rakat \u00e9s szem\u00e9lyes t\u00e1mogat\u00e1st k\u00edn\u00e1l.\" \/>\n<meta property=\"og:url\" content=\"https:\/\/villsy.com\/hu\/rolunk\/\" \/>\n<meta property=\"og:site_name\" content=\"Villsy\" \/>\n<meta property=\"article:modified_time\" content=\"2025-10-07T14:35:07+00:00\" \/>\n<meta property=\"og:image\" content=\"https:\/\/villsy.com\/wp-content\/uploads\/villa_casa-nina22-1350x900.jpg\" \/>\n<meta name=\"twitter:card\" content=\"summary_large_image\" \/>\n<meta name=\"twitter:label1\" content=\"Est. reading time\" \/>\n\t<meta name=\"twitter:data1\" content=\"4 minutes\" \/>\n<!-- \/ Yoast SEO Premium plugin. -->","yoast_head_json":{"title":"T\u00f6rt\u00e9net\u00fcnk | Villsy - K\u00e9zzel v\u00e1logatott vill\u00e1k Isztri\u00e1ban \u00e9s Horv\u00e1torsz\u00e1gban","description":"Foglalja le \u00e1lmai vill\u00e1j\u00e1t Isztri\u00e1n vagy Horv\u00e1torsz\u00e1gban a Villsy seg\u00edts\u00e9g\u00e9vel. Megb\u00edzhat\u00f3 helyi \u00fcgyn\u00f6ks\u00e9g, amely kiv\u00e1l\u00f3 min\u0151s\u00e9g\u0171, medenc\u00e9s vill\u00e1kat, a legjobb \u00e1rakat \u00e9s szem\u00e9lyes t\u00e1mogat\u00e1st k\u00edn\u00e1l.","robots":{"index":"index","follow":"follow","max-snippet":"max-snippet:-1","max-image-preview":"max-image-preview:large","max-video-preview":"max-video-preview:-1"},"canonical":"https:\/\/villsy.com\/hu\/rolunk\/","og_locale":"hu_HU","og_type":"website","og_title":"T\u00f6rt\u00e9net\u00fcnk | Villsy - K\u00e9zzel v\u00e1logatott vill\u00e1k Isztri\u00e1ban \u00e9s Horv\u00e1torsz\u00e1gban","og_description":"Foglalja le \u00e1lmai vill\u00e1j\u00e1t Isztri\u00e1n vagy Horv\u00e1torsz\u00e1gban a Villsy seg\u00edts\u00e9g\u00e9vel. Megb\u00edzhat\u00f3 helyi \u00fcgyn\u00f6ks\u00e9g, amely kiv\u00e1l\u00f3 min\u0151s\u00e9g\u0171, medenc\u00e9s vill\u00e1kat, a legjobb \u00e1rakat \u00e9s szem\u00e9lyes t\u00e1mogat\u00e1st k\u00edn\u00e1l.","og_url":"https:\/\/villsy.com\/hu\/rolunk\/","og_site_name":"Villsy","article_modified_time":"2025-10-07T14:35:07+00:00","og_image":[{"url":"https:\/\/villsy.com\/wp-content\/uploads\/villa_casa-nina22-1350x900.jpg"}],"twitter_card":"summary_large_image","twitter_misc":{"Est. reading time":"4 minutes"},"schema":{"@context":"https:\/\/schema.org","@graph":[{"@type":"WebPage","@id":"https:\/\/villsy.com\/hu\/rolunk\/","url":"https:\/\/villsy.com\/hu\/rolunk\/","name":"T\u00f6rt\u00e9net\u00fcnk | Villsy - K\u00e9zzel v\u00e1logatott vill\u00e1k Isztri\u00e1ban \u00e9s Horv\u00e1torsz\u00e1gban","isPartOf":{"@id":"https:\/\/villsy.com\/hu\/#website"},"datePublished":"2025-10-07T11:43:25+00:00","dateModified":"2025-10-07T14:35:07+00:00","description":"Foglalja le \u00e1lmai vill\u00e1j\u00e1t Isztri\u00e1n vagy Horv\u00e1torsz\u00e1gban a Villsy seg\u00edts\u00e9g\u00e9vel. Megb\u00edzhat\u00f3 helyi \u00fcgyn\u00f6ks\u00e9g, amely kiv\u00e1l\u00f3 min\u0151s\u00e9g\u0171, medenc\u00e9s vill\u00e1kat, a legjobb \u00e1rakat \u00e9s szem\u00e9lyes t\u00e1mogat\u00e1st k\u00edn\u00e1l.","breadcrumb":{"@id":"https:\/\/villsy.com\/hu\/rolunk\/#breadcrumb"},"inLanguage":"hu","potentialAction":[{"@type":"ReadAction","target":["https:\/\/villsy.com\/hu\/rolunk\/"]}]},{"@type":"BreadcrumbList","@id":"https:\/\/villsy.com\/hu\/rolunk\/#breadcrumb","itemListElement":[{"@type":"ListItem","position":1,"name":"Villsy","item":"https:\/\/villsy.com\/hu\/"},{"@type":"ListItem","position":2,"name":"R\u00f3lunk HU"}]},{"@type":"WebSite","@id":"https:\/\/villsy.com\/hu\/#website","url":"https:\/\/villsy.com\/hu\/","name":"Villsy","description":"Just another WordPress site","potentialAction":[{"@type":"SearchAction","target":{"@type":"EntryPoint","urlTemplate":"https:\/\/villsy.com\/hu\/?s={search_term_string}"},"query-input":"required name=search_term_string"}],"inLanguage":"hu"}]}},"_links":{"self":[{"href":"https:\/\/villsy.com\/hu\/wp-json\/wp\/v2\/pages\/30569"}],"collection":[{"href":"https:\/\/villsy.com\/hu\/wp-json\/wp\/v2\/pages"}],"about":[{"href":"https:\/\/villsy.com\/hu\/wp-json\/wp\/v2\/types\/page"}],"author":[{"embeddable":true,"href":"https:\/\/villsy.com\/hu\/wp-json\/wp\/v2\/users\/2"}],"replies":[{"embeddable":true,"href":"https:\/\/villsy.com\/hu\/wp-json\/wp\/v2\/comments?post=30569"}],"version-history":[{"count":3,"href":"https:\/\/villsy.com\/hu\/wp-json\/wp\/v2\/pages\/30569\/revisions"}],"predecessor-version":[{"id":30604,"href":"https:\/\/villsy.com\/hu\/wp-json\/wp\/v2\/pages\/30569\/revisions\/30604"}],"wp:attachment":[{"href":"https:\/\/villsy.com\/hu\/wp-json\/wp\/v2\/media?parent=30569"}],"curies":[{"name":"wp","href":"https:\/\/api.w.org\/{rel}","templated":true}]}}