{"id":4558,"date":"2022-08-27T10:23:18","date_gmt":"2022-08-27T10:23:18","guid":{"rendered":"https:\/\/villsy.com\/?page_id=4558"},"modified":"2023-07-28T08:55:59","modified_gmt":"2023-07-28T08:55:59","slug":"upute-za-rezervaciju-villsy-d-o-o","status":"publish","type":"page","link":"https:\/\/villsy.com\/hr\/kontaktirajte-nas\/upute-za-rezervaciju-villsy-d-o-o\/","title":{"rendered":"Upute za rezervaciju Villsy d.o.o."},"content":{"rendered":"\n<h1 id=\"h-upute-za-rezervaciju-villsy-d-o-o\">Upute za rezervaciju Villsy d.o.o.<\/h1>\n\n\n\n<ol><li>Odaberite \u017eeljenu vilu na na\u0161oj web stranici putem na\u0161e tra\u017eilice. Nakon toga odaberite \u017eeljeni period boravka u vili.<br>Mo\u017eete odabrati samo dostupna razdoblja. Provjerite svoj unos i odaberite opciju BOOK za nastavak postupka<br>rezervacije.<\/li><li>Provjerite svoj izbor i nastavite s opcijom CONTINUE.<\/li><li>Popunite obrazac sa svojim osobnim podacima, brojem odraslih osoba, djecom, bebama i ku\u0107nim ljubimcima ako ih<br>prihva\u0107aju u odre\u0111enoj vili. Ako \u017eelite, imate mogu\u0107nost ostaviti poruku ili postaviti pitanje. Zatim odaberite CONTINUE.<\/li><li>Provjerite sve detalje va\u0161e rezervacije. Ukupan iznos je u eurima (\u20ac).<br>Za potvrdu rezervacije potrebno je uplatiti akontaciju od 30% od ukupnog iznosa. Mo\u017eete odabrati na\u010din pla\u0107anja<br>unaprijed izme\u0111u bankovnog transfera, kreditne kartice ili PayPala.<br>Preostali iznos od 70% mora biti pla\u0107en najmanje 60 dana prije dolaska ili u gotovini po dolasku (gotovina po dolasku nije mogu\u0107a za sve objekte).<br>Za preostali iznos od 70% mo\u017eete odabrati na\u010din pla\u0107anja: bankovni transfer, kreditnu karticu ili PayPal i gotovinu po<br>dolasku (gotovina po dolasku <\/li><li>nije mogu\u0107a za sve ku\u0107e).<br>30% predujma je nepovratno.<br>Za povrat preostalog iznosa primjenjuju se uvjeti iz op\u0107ih uvjeta pojedinde agencije na ovoj stranici.<br>Prilikom dolaska potrebno je uplatiti u gotovini u slu\u010daju o\u0161te\u0107enja, izravno vlasniku ku\u0107e (obi\u010dno izme\u0111u 200 \u20ac i 1000<br>\u20ac). Ako u ku\u0107i nema \u0161tete, ova kapara u slu\u010daju o\u0161te\u0107enja bit \u0107e u cijelosti vra\u0107ena na dan va\u0161eg odlaska.<\/li><li>Prilikom odabira kreditne kartice ili PayPala kao na\u010dina pla\u0107anja, klikom na gumb NASTAVI bit \u0107ete preusmjereni na<br>kreditnu karticu ili PayPal opciju. Odabirom kreditne kartice \u017eelite biti preusmjereni na WSPay \u2122 sustav autorizacije i<br>pla\u0107anje karticom u realnom vremenu.<br>Odabirom opcije PayPal bit \u0107ete preusmjereni na PayPal pla\u0107anja.<br>Va\u0161a rezervacija bit \u0107e odmah potvr\u0111ena i dobit \u0107ete potvrdu rezervacije (vau\u010der) putem e-maila.<br>Odabirom bankovnog transfera kao na\u010dina pla\u0107anja klikom na gumb CONTINUE dobit \u0107ete sve pojedinosti i upute na<br>va\u0161u e-po\u0161tu. Morate potvrditi namjeru rezervacije, nakon \u010dega \u0107ete imati dva radna dana za pla\u0107anje. Nakon primitka<br>uplate, Va\u0161a rezervacija \u0107e biti kona\u010dna i bit \u0107ete obavije\u0161teni i primit \u0107ete potvrdu rezervacije (vau\u010der) na va\u0161u e-po\u0161tu.<br>Ako ne primimo uplatu u roku od 2 radna dana, rezervacija \u0107e biti otkazana.<br>Sve cijene uklju\u010duju PDV i boravi\u0161nu pristojbu (osim ako nije druga\u010dije navedeno).<br>Pla\u0107anje na na\u0161oj web stranici je sigurno.<br>Iznos koji se napla\u0107uje na va\u0161u inozemnu kreditnu karticu je u eurima (EUR). Ako na Va\u0161oj kreditnoj kartici imate drugu<br>valutu, konverziju u eure izvr\u0161it \u0107e izdavatelj kreditne kartice. Kao rezultat ove konverzije mogu\u0107e je vidjeti razliku<br>izme\u0111u cijene prikazane na na\u0161oj web-lokaciji i cijene koja se napla\u0107uje na va\u0161oj kreditnoj kartici. Villsy d.o.o. ne mo\u017ee<br>biti odgovoran za bilo koju razliku u valuti.<\/li><\/ol>\n","protected":false},"excerpt":{"rendered":"<p>Upute za rezervaciju Villsy d.o.o. Odaberite \u017eeljenu vilu na na\u0161oj web stranici putem na\u0161e tra\u017eilice. Nakon toga odaberite \u017eeljeni period boravka u vili.Mo\u017eete odabrati samo dostupna razdoblja. Provjerite svoj unos i odaberite opciju BOOK za nastavak postupkarezervacije. Provjerite svoj izbor i nastavite s opcijom CONTINUE. Popunite obrazac sa svojim osobnim podacima, brojem odraslih osoba, djecom, [&hellip;]<\/p>\n","protected":false},"author":2,"featured_media":0,"parent":4066,"menu_order":0,"comment_status":"closed","ping_status":"closed","template":"templates\/other.php","meta":[],"yoast_head":"<!-- This site is optimized with the Yoast SEO Premium plugin v19.2.1 (Yoast SEO v19.6.1) - https:\/\/yoast.com\/wordpress\/plugins\/seo\/ -->\n<title>Upute za rezervaciju Villsy d.o.o. - Villsy<\/title>\n<meta name=\"description\" content=\"Pro\u010ditajte upute za rezervaciju na\u0161ih vila u Hrvatskoj kako bi olak\u0161ali proces rezervacije. Villsy nudi samo najbolje vile sa bazenima.\" \/>\n<meta name=\"robots\" content=\"index, follow, max-snippet:-1, max-image-preview:large, max-video-preview:-1\" \/>\n<link rel=\"canonical\" href=\"https:\/\/villsy.com\/hr\/kontaktirajte-nas\/upute-za-rezervaciju-villsy-d-o-o\/\" \/>\n<meta property=\"og:locale\" content=\"hr_HR\" \/>\n<meta property=\"og:type\" content=\"website\" \/>\n<meta property=\"og:title\" content=\"Upute za rezervaciju Villsy d.o.o. - Villsy\" \/>\n<meta property=\"og:description\" content=\"Pro\u010ditajte upute za rezervaciju na\u0161ih vila u Hrvatskoj kako bi olak\u0161ali proces rezervacije. Villsy nudi samo najbolje vile sa bazenima.\" \/>\n<meta property=\"og:url\" content=\"https:\/\/villsy.com\/hr\/kontaktirajte-nas\/upute-za-rezervaciju-villsy-d-o-o\/\" \/>\n<meta property=\"og:site_name\" content=\"Villsy\" \/>\n<meta property=\"article:modified_time\" content=\"2023-07-28T08:55:59+00:00\" \/>\n<meta name=\"twitter:card\" content=\"summary_large_image\" \/>\n<meta name=\"twitter:label1\" content=\"Est. reading time\" \/>\n\t<meta name=\"twitter:data1\" content=\"2 minute\" \/>\n<!-- \/ Yoast SEO Premium plugin. -->","yoast_head_json":{"title":"Upute za rezervaciju Villsy d.o.o. - Villsy","description":"Pro\u010ditajte upute za rezervaciju na\u0161ih vila u Hrvatskoj kako bi olak\u0161ali proces rezervacije. Villsy nudi samo najbolje vile sa bazenima.","robots":{"index":"index","follow":"follow","max-snippet":"max-snippet:-1","max-image-preview":"max-image-preview:large","max-video-preview":"max-video-preview:-1"},"canonical":"https:\/\/villsy.com\/hr\/kontaktirajte-nas\/upute-za-rezervaciju-villsy-d-o-o\/","og_locale":"hr_HR","og_type":"website","og_title":"Upute za rezervaciju Villsy d.o.o. - Villsy","og_description":"Pro\u010ditajte upute za rezervaciju na\u0161ih vila u Hrvatskoj kako bi olak\u0161ali proces rezervacije. Villsy nudi samo najbolje vile sa bazenima.","og_url":"https:\/\/villsy.com\/hr\/kontaktirajte-nas\/upute-za-rezervaciju-villsy-d-o-o\/","og_site_name":"Villsy","article_modified_time":"2023-07-28T08:55:59+00:00","twitter_card":"summary_large_image","twitter_misc":{"Est. reading time":"2 minute"},"schema":{"@context":"https:\/\/schema.org","@graph":[{"@type":"WebPage","@id":"https:\/\/villsy.com\/hr\/kontaktirajte-nas\/upute-za-rezervaciju-villsy-d-o-o\/","url":"https:\/\/villsy.com\/hr\/kontaktirajte-nas\/upute-za-rezervaciju-villsy-d-o-o\/","name":"Upute za rezervaciju Villsy d.o.o. - Villsy","isPartOf":{"@id":"https:\/\/villsy.com\/hr\/#website"},"datePublished":"2022-08-27T10:23:18+00:00","dateModified":"2023-07-28T08:55:59+00:00","description":"Pro\u010ditajte upute za rezervaciju na\u0161ih vila u Hrvatskoj kako bi olak\u0161ali proces rezervacije. Villsy nudi samo najbolje vile sa bazenima.","breadcrumb":{"@id":"https:\/\/villsy.com\/hr\/kontaktirajte-nas\/upute-za-rezervaciju-villsy-d-o-o\/#breadcrumb"},"inLanguage":"hr","potentialAction":[{"@type":"ReadAction","target":["https:\/\/villsy.com\/hr\/kontaktirajte-nas\/upute-za-rezervaciju-villsy-d-o-o\/"]}]},{"@type":"BreadcrumbList","@id":"https:\/\/villsy.com\/hr\/kontaktirajte-nas\/upute-za-rezervaciju-villsy-d-o-o\/#breadcrumb","itemListElement":[{"@type":"ListItem","position":1,"name":"Villsy","item":"https:\/\/villsy.com\/hr\/"},{"@type":"ListItem","position":2,"name":"Contact us HR","item":"https:\/\/villsy.com\/hr\/kontaktirajte-nas\/"},{"@type":"ListItem","position":3,"name":"Upute za rezervaciju Villsy d.o.o."}]},{"@type":"WebSite","@id":"https:\/\/villsy.com\/hr\/#website","url":"https:\/\/villsy.com\/hr\/","name":"Villsy","description":"Just another WordPress site","potentialAction":[{"@type":"SearchAction","target":{"@type":"EntryPoint","urlTemplate":"https:\/\/villsy.com\/hr\/?s={search_term_string}"},"query-input":"required name=search_term_string"}],"inLanguage":"hr"}]}},"_links":{"self":[{"href":"https:\/\/villsy.com\/hr\/wp-json\/wp\/v2\/pages\/4558"}],"collection":[{"href":"https:\/\/villsy.com\/hr\/wp-json\/wp\/v2\/pages"}],"about":[{"href":"https:\/\/villsy.com\/hr\/wp-json\/wp\/v2\/types\/page"}],"author":[{"embeddable":true,"href":"https:\/\/villsy.com\/hr\/wp-json\/wp\/v2\/users\/2"}],"replies":[{"embeddable":true,"href":"https:\/\/villsy.com\/hr\/wp-json\/wp\/v2\/comments?post=4558"}],"version-history":[{"count":9,"href":"https:\/\/villsy.com\/hr\/wp-json\/wp\/v2\/pages\/4558\/revisions"}],"predecessor-version":[{"id":12040,"href":"https:\/\/villsy.com\/hr\/wp-json\/wp\/v2\/pages\/4558\/revisions\/12040"}],"up":[{"embeddable":true,"href":"https:\/\/villsy.com\/hr\/wp-json\/wp\/v2\/pages\/4066"}],"wp:attachment":[{"href":"https:\/\/villsy.com\/hr\/wp-json\/wp\/v2\/media?parent=4558"}],"curies":[{"name":"wp","href":"https:\/\/api.w.org\/{rel}","templated":true}]}}