{"id":4555,"date":"2022-08-27T08:55:09","date_gmt":"2022-08-27T08:55:09","guid":{"rendered":"https:\/\/villsy.com\/?page_id=4555"},"modified":"2023-07-28T08:55:38","modified_gmt":"2023-07-28T08:55:38","slug":"obavijest-o-podnosenju-pisanih-prigovora-korisnika-usluge","status":"publish","type":"page","link":"https:\/\/villsy.com\/hr\/kontaktirajte-nas\/obavijest-o-podnosenju-pisanih-prigovora-korisnika-usluge\/","title":{"rendered":"Obavijest o podno\u0161enju pisanih prigovora korisnika usluge"},"content":{"rendered":"\n<p>Sukladno odredbi \u010dl. 6. St.1. to\u010d.3. Zakona o pru\u017eanju usluga u turizmu NN br. 130\/17 pisani<br>prigovor potro\u0161a\u010da mo\u017ee se podnijeti:<\/p>\n\n\n\n<p><\/p>\n\n\n\n<ul><li>pisano u poslovnim prostorijama<\/li><li>na email; info@villsy.com<\/li><li>poslati po\u0161tom na adresu: Villsy d.o.o., Kastavska 18, 52000 Pazin, Voditelj poslovnice: Suzana Hrelja<\/li><\/ul>\n\n\n\n<p>Na podneseni prigovor korisnika usluge bez odga\u0111anja pisanim putem potvrdit \u0107e se primitak<br>prigovora, te u pisanom obliku odgovoriti na prigovor u roku od 15 dana od dana zaprimanja<br>prigovora.<\/p>\n","protected":false},"excerpt":{"rendered":"<p>Sukladno odredbi \u010dl. 6. St.1. to\u010d.3. Zakona o pru\u017eanju usluga u turizmu NN br. 130\/17 pisaniprigovor potro\u0161a\u010da mo\u017ee se podnijeti: pisano u poslovnim prostorijama na email; info@villsy.com poslati po\u0161tom na adresu: Villsy d.o.o., Kastavska 18, 52000 Pazin, Voditelj poslovnice: Suzana Hrelja Na podneseni prigovor korisnika usluge bez odga\u0111anja pisanim putem potvrdit \u0107e se primitakprigovora, te [&hellip;]<\/p>\n","protected":false},"author":2,"featured_media":0,"parent":4066,"menu_order":0,"comment_status":"closed","ping_status":"closed","template":"templates\/other.php","meta":[],"yoast_head":"<!-- This site is optimized with the Yoast SEO Premium plugin v19.2.1 (Yoast SEO v19.6.1) - https:\/\/yoast.com\/wordpress\/plugins\/seo\/ -->\n<title>Obavijest o podno\u0161enju pisanih prigovora korisnika usluge - Villsy<\/title>\n<meta name=\"description\" content=\"Sukladno odredbi \u010dl. 6. St.1. to\u010d.3. Zakona o pru\u017eanju usluga u turizmu NN br. 130\/17 pisaniprigovor potro\u0161a\u010da mo\u017ee se podnijeti:\" \/>\n<meta name=\"robots\" content=\"index, follow, max-snippet:-1, max-image-preview:large, max-video-preview:-1\" \/>\n<link rel=\"canonical\" href=\"https:\/\/villsy.com\/hr\/kontaktirajte-nas\/obavijest-o-podnosenju-pisanih-prigovora-korisnika-usluge\/\" \/>\n<meta property=\"og:locale\" content=\"hr_HR\" \/>\n<meta property=\"og:type\" content=\"website\" \/>\n<meta property=\"og:title\" content=\"Obavijest o podno\u0161enju pisanih prigovora korisnika usluge - Villsy\" \/>\n<meta property=\"og:description\" content=\"Sukladno odredbi \u010dl. 6. St.1. to\u010d.3. Zakona o pru\u017eanju usluga u turizmu NN br. 130\/17 pisaniprigovor potro\u0161a\u010da mo\u017ee se podnijeti:\" \/>\n<meta property=\"og:url\" content=\"https:\/\/villsy.com\/hr\/kontaktirajte-nas\/obavijest-o-podnosenju-pisanih-prigovora-korisnika-usluge\/\" \/>\n<meta property=\"og:site_name\" content=\"Villsy\" \/>\n<meta property=\"article:modified_time\" content=\"2023-07-28T08:55:38+00:00\" \/>\n<meta name=\"twitter:card\" content=\"summary_large_image\" \/>\n<meta name=\"twitter:label1\" content=\"Est. reading time\" \/>\n\t<meta name=\"twitter:data1\" content=\"1 minuta\" \/>\n<!-- \/ Yoast SEO Premium plugin. -->","yoast_head_json":{"title":"Obavijest o podno\u0161enju pisanih prigovora korisnika usluge - Villsy","description":"Sukladno odredbi \u010dl. 6. St.1. to\u010d.3. Zakona o pru\u017eanju usluga u turizmu NN br. 130\/17 pisaniprigovor potro\u0161a\u010da mo\u017ee se podnijeti:","robots":{"index":"index","follow":"follow","max-snippet":"max-snippet:-1","max-image-preview":"max-image-preview:large","max-video-preview":"max-video-preview:-1"},"canonical":"https:\/\/villsy.com\/hr\/kontaktirajte-nas\/obavijest-o-podnosenju-pisanih-prigovora-korisnika-usluge\/","og_locale":"hr_HR","og_type":"website","og_title":"Obavijest o podno\u0161enju pisanih prigovora korisnika usluge - Villsy","og_description":"Sukladno odredbi \u010dl. 6. St.1. to\u010d.3. Zakona o pru\u017eanju usluga u turizmu NN br. 130\/17 pisaniprigovor potro\u0161a\u010da mo\u017ee se podnijeti:","og_url":"https:\/\/villsy.com\/hr\/kontaktirajte-nas\/obavijest-o-podnosenju-pisanih-prigovora-korisnika-usluge\/","og_site_name":"Villsy","article_modified_time":"2023-07-28T08:55:38+00:00","twitter_card":"summary_large_image","twitter_misc":{"Est. reading time":"1 minuta"},"schema":{"@context":"https:\/\/schema.org","@graph":[{"@type":"WebPage","@id":"https:\/\/villsy.com\/hr\/kontaktirajte-nas\/obavijest-o-podnosenju-pisanih-prigovora-korisnika-usluge\/","url":"https:\/\/villsy.com\/hr\/kontaktirajte-nas\/obavijest-o-podnosenju-pisanih-prigovora-korisnika-usluge\/","name":"Obavijest o podno\u0161enju pisanih prigovora korisnika usluge - Villsy","isPartOf":{"@id":"https:\/\/villsy.com\/hr\/#website"},"datePublished":"2022-08-27T08:55:09+00:00","dateModified":"2023-07-28T08:55:38+00:00","description":"Sukladno odredbi \u010dl. 6. St.1. to\u010d.3. Zakona o pru\u017eanju usluga u turizmu NN br. 130\/17 pisaniprigovor potro\u0161a\u010da mo\u017ee se podnijeti:","breadcrumb":{"@id":"https:\/\/villsy.com\/hr\/kontaktirajte-nas\/obavijest-o-podnosenju-pisanih-prigovora-korisnika-usluge\/#breadcrumb"},"inLanguage":"hr","potentialAction":[{"@type":"ReadAction","target":["https:\/\/villsy.com\/hr\/kontaktirajte-nas\/obavijest-o-podnosenju-pisanih-prigovora-korisnika-usluge\/"]}]},{"@type":"BreadcrumbList","@id":"https:\/\/villsy.com\/hr\/kontaktirajte-nas\/obavijest-o-podnosenju-pisanih-prigovora-korisnika-usluge\/#breadcrumb","itemListElement":[{"@type":"ListItem","position":1,"name":"Villsy","item":"https:\/\/villsy.com\/hr\/"},{"@type":"ListItem","position":2,"name":"Contact us HR","item":"https:\/\/villsy.com\/hr\/kontaktirajte-nas\/"},{"@type":"ListItem","position":3,"name":"Obavijest o podno\u0161enju pisanih prigovora korisnika usluge"}]},{"@type":"WebSite","@id":"https:\/\/villsy.com\/hr\/#website","url":"https:\/\/villsy.com\/hr\/","name":"Villsy","description":"Just another WordPress site","potentialAction":[{"@type":"SearchAction","target":{"@type":"EntryPoint","urlTemplate":"https:\/\/villsy.com\/hr\/?s={search_term_string}"},"query-input":"required name=search_term_string"}],"inLanguage":"hr"}]}},"_links":{"self":[{"href":"https:\/\/villsy.com\/hr\/wp-json\/wp\/v2\/pages\/4555"}],"collection":[{"href":"https:\/\/villsy.com\/hr\/wp-json\/wp\/v2\/pages"}],"about":[{"href":"https:\/\/villsy.com\/hr\/wp-json\/wp\/v2\/types\/page"}],"author":[{"embeddable":true,"href":"https:\/\/villsy.com\/hr\/wp-json\/wp\/v2\/users\/2"}],"replies":[{"embeddable":true,"href":"https:\/\/villsy.com\/hr\/wp-json\/wp\/v2\/comments?post=4555"}],"version-history":[{"count":1,"href":"https:\/\/villsy.com\/hr\/wp-json\/wp\/v2\/pages\/4555\/revisions"}],"predecessor-version":[{"id":4556,"href":"https:\/\/villsy.com\/hr\/wp-json\/wp\/v2\/pages\/4555\/revisions\/4556"}],"up":[{"embeddable":true,"href":"https:\/\/villsy.com\/hr\/wp-json\/wp\/v2\/pages\/4066"}],"wp:attachment":[{"href":"https:\/\/villsy.com\/hr\/wp-json\/wp\/v2\/media?parent=4555"}],"curies":[{"name":"wp","href":"https:\/\/api.w.org\/{rel}","templated":true}]}}