{"id":4493,"date":"2022-08-24T08:40:28","date_gmt":"2022-08-24T08:40:28","guid":{"rendered":"https:\/\/villsy.com\/?page_id=4493"},"modified":"2023-07-28T08:58:07","modified_gmt":"2023-07-28T08:58:07","slug":"garancija-najnize-cijene","status":"publish","type":"page","link":"https:\/\/villsy.com\/hr\/garancija-najnize-cijene\/","title":{"rendered":"Lowest price HR"},"content":{"rendered":"<div class=\"wp-block-image\">\n<figure class=\"aligncenter size-medium\"><img loading=\"lazy\" width=\"300\" height=\"300\" src=\"https:\/\/villsy.com\/wp-content\/uploads\/bagde-bestprice-new-300x300.png\" alt=\"\" class=\"wp-image-4253\" srcset=\"https:\/\/villsy.com\/wp-content\/uploads\/bagde-bestprice-new-300x300.png 300w, https:\/\/villsy.com\/wp-content\/uploads\/bagde-bestprice-new.png 647w\" sizes=\"(max-width: 300px) 100vw, 300px\" \/><\/figure><\/div>\n\n\n<h1 id=\"h-kako-bismo-bili-sigurni-da-cete-dobiti-najbolju-mogucu-uslugu-na-villsyju-mozemo-jamciti-za-sljedece\"><strong>Kako bismo bili sigurni da \u0107ete dobiti najbolju mogu\u0107u uslugu na Villsyju, mo\u017eemo jam\u010diti za sljede\u0107e:<\/strong><\/h1>\n\n\n\n<ul><li>Na\u0161e web mjesto uvijek \u0107e vam ponuditi&nbsp;<strong>najni\u017ee mogu\u0107e cijene<\/strong>&nbsp;prilikom rezerviranja.<\/li><li>Ako ikada prona\u0111ete bolju ponudu od one koju nudimo, stupite u kontakt s nama i&nbsp;<strong>podudarat \u0107emo se s tom cijenom<\/strong>&nbsp;.<\/li><li>Na\u0161 tim temeljito je pregledao sve vile.&nbsp;<strong>Mi smo potpuno licencirana turisti\u010dka agencija kojom upravljaju doma\u0107i stanovnici<\/strong>&nbsp;.<\/li><li>Svi opisi vila navedenih na Villsy su&nbsp;<strong>100% to\u010dni, a lokacije vila su to\u010dne.<\/strong><\/li><li>Svaku vilu pregledala su sva relevantna regulatorna tijela Republike Hrvatske.<\/li><li>Kalendari su to\u010dni i redovito se a\u017euriraju.<\/li><li>Svi vlasnici vila ugovorom su du\u017eni&nbsp;<strong>dr\u017eati vile u stanju u skladu s opisom navedenim na ovom web mjestu.<\/strong><\/li><li>Samo vi i ljudi koji vas prate mogu koristiti vile kada ih iznajmljujete. Ostali gosti i vlasnici ne smiju ih koristiti ili bilo \u0161to drugo na imanju.<\/li><li>Cijene uklju\u010duju sve naknade i poreze, kao \u0161to su PDV, boravi\u0161na pristojba i sve re\u017eije.&nbsp;<strong>Nema skrivenih tro\u0161kova.<\/strong><\/li><li>Uvijek \u0107ete mo\u0107i komunicirati s upraviteljem nekretnine koji vam mo\u017ee pomo\u0107i oko rezervacije, ostati u kontaktu s vama prije nego \u0161to do\u0111ete i biti vam na usluzi tijekom boravka.<\/li><\/ul>\n","protected":false},"excerpt":{"rendered":"<p>Kako bismo bili sigurni da \u0107ete dobiti najbolju mogu\u0107u uslugu na Villsyju, mo\u017eemo jam\u010diti za sljede\u0107e: Na\u0161e web mjesto uvijek \u0107e vam ponuditi&nbsp;najni\u017ee mogu\u0107e cijene&nbsp;prilikom rezerviranja. Ako ikada prona\u0111ete bolju ponudu od one koju nudimo, stupite u kontakt s nama i&nbsp;podudarat \u0107emo se s tom cijenom&nbsp;. Na\u0161 tim temeljito je pregledao sve vile.&nbsp;Mi smo potpuno [&hellip;]<\/p>\n","protected":false},"author":1,"featured_media":0,"parent":0,"menu_order":0,"comment_status":"closed","ping_status":"closed","template":"templates\/other.php","meta":[],"yoast_head":"<!-- This site is optimized with the Yoast SEO Premium plugin v19.2.1 (Yoast SEO v19.6.1) - https:\/\/yoast.com\/wordpress\/plugins\/seo\/ -->\n<title>Jamstvo najni\u017ee cijene - Villsy<\/title>\n<meta name=\"description\" content=\"Jamstvo najni\u017ee cijene - Prona\u0111ite i rezervirajte vile s bazenima uz Villsy. Iznajmite vilu za odmor s obitelji ili prijateljima, cijelu ku\u0107u samo za vas.\" \/>\n<meta name=\"robots\" content=\"index, follow, max-snippet:-1, max-image-preview:large, max-video-preview:-1\" \/>\n<link rel=\"canonical\" href=\"https:\/\/villsy.com\/hr\/garancija-najnize-cijene\/\" \/>\n<meta property=\"og:locale\" content=\"hr_HR\" \/>\n<meta property=\"og:type\" content=\"website\" \/>\n<meta property=\"og:title\" content=\"Jamstvo najni\u017ee cijene\" \/>\n<meta property=\"og:description\" content=\"Jamstvo najni\u017ee cijene - Prona\u0111ite i rezervirajte vile s bazenima uz Villsy. Iznajmite vilu za odmor s obitelji ili prijateljima, cijelu ku\u0107u samo za vas.\" \/>\n<meta property=\"og:url\" content=\"https:\/\/villsy.com\/hr\/garancija-najnize-cijene\/\" \/>\n<meta property=\"og:site_name\" content=\"Villsy\" \/>\n<meta property=\"article:modified_time\" content=\"2023-07-28T08:58:07+00:00\" \/>\n<meta property=\"og:image\" content=\"https:\/\/villsy.com\/wp-content\/uploads\/bagde-bestprice-new-300x300.png\" \/>\n<meta name=\"twitter:card\" content=\"summary_large_image\" \/>\n<meta name=\"twitter:title\" content=\"Jamstvo najni\u017ee cijene\" \/>\n<meta name=\"twitter:description\" content=\"Jamstvo najni\u017ee cijene - Prona\u0111ite i rezervirajte vile s bazenima uz Villsy. Iznajmite vilu za odmor s obitelji ili prijateljima, cijelu ku\u0107u samo za vas.\" \/>\n<meta name=\"twitter:label1\" content=\"Est. reading time\" \/>\n\t<meta name=\"twitter:data1\" content=\"2 minute\" \/>\n<!-- \/ Yoast SEO Premium plugin. -->","yoast_head_json":{"title":"Jamstvo najni\u017ee cijene - Villsy","description":"Jamstvo najni\u017ee cijene - Prona\u0111ite i rezervirajte vile s bazenima uz Villsy. Iznajmite vilu za odmor s obitelji ili prijateljima, cijelu ku\u0107u samo za vas.","robots":{"index":"index","follow":"follow","max-snippet":"max-snippet:-1","max-image-preview":"max-image-preview:large","max-video-preview":"max-video-preview:-1"},"canonical":"https:\/\/villsy.com\/hr\/garancija-najnize-cijene\/","og_locale":"hr_HR","og_type":"website","og_title":"Jamstvo najni\u017ee cijene","og_description":"Jamstvo najni\u017ee cijene - Prona\u0111ite i rezervirajte vile s bazenima uz Villsy. Iznajmite vilu za odmor s obitelji ili prijateljima, cijelu ku\u0107u samo za vas.","og_url":"https:\/\/villsy.com\/hr\/garancija-najnize-cijene\/","og_site_name":"Villsy","article_modified_time":"2023-07-28T08:58:07+00:00","og_image":[{"url":"https:\/\/villsy.com\/wp-content\/uploads\/bagde-bestprice-new-300x300.png"}],"twitter_card":"summary_large_image","twitter_title":"Jamstvo najni\u017ee cijene","twitter_description":"Jamstvo najni\u017ee cijene - Prona\u0111ite i rezervirajte vile s bazenima uz Villsy. Iznajmite vilu za odmor s obitelji ili prijateljima, cijelu ku\u0107u samo za vas.","twitter_misc":{"Est. reading time":"2 minute"},"schema":{"@context":"https:\/\/schema.org","@graph":[{"@type":"WebPage","@id":"https:\/\/villsy.com\/hr\/garancija-najnize-cijene\/","url":"https:\/\/villsy.com\/hr\/garancija-najnize-cijene\/","name":"Jamstvo najni\u017ee cijene - Villsy","isPartOf":{"@id":"https:\/\/villsy.com\/hr\/#website"},"datePublished":"2022-08-24T08:40:28+00:00","dateModified":"2023-07-28T08:58:07+00:00","description":"Jamstvo najni\u017ee cijene - Prona\u0111ite i rezervirajte vile s bazenima uz Villsy. Iznajmite vilu za odmor s obitelji ili prijateljima, cijelu ku\u0107u samo za vas.","breadcrumb":{"@id":"https:\/\/villsy.com\/hr\/garancija-najnize-cijene\/#breadcrumb"},"inLanguage":"hr","potentialAction":[{"@type":"ReadAction","target":["https:\/\/villsy.com\/hr\/garancija-najnize-cijene\/"]}]},{"@type":"BreadcrumbList","@id":"https:\/\/villsy.com\/hr\/garancija-najnize-cijene\/#breadcrumb","itemListElement":[{"@type":"ListItem","position":1,"name":"Villsy","item":"https:\/\/villsy.com\/hr\/"},{"@type":"ListItem","position":2,"name":"Lowest price HR"}]},{"@type":"WebSite","@id":"https:\/\/villsy.com\/hr\/#website","url":"https:\/\/villsy.com\/hr\/","name":"Villsy","description":"Just another WordPress site","potentialAction":[{"@type":"SearchAction","target":{"@type":"EntryPoint","urlTemplate":"https:\/\/villsy.com\/hr\/?s={search_term_string}"},"query-input":"required name=search_term_string"}],"inLanguage":"hr"}]}},"_links":{"self":[{"href":"https:\/\/villsy.com\/hr\/wp-json\/wp\/v2\/pages\/4493"}],"collection":[{"href":"https:\/\/villsy.com\/hr\/wp-json\/wp\/v2\/pages"}],"about":[{"href":"https:\/\/villsy.com\/hr\/wp-json\/wp\/v2\/types\/page"}],"author":[{"embeddable":true,"href":"https:\/\/villsy.com\/hr\/wp-json\/wp\/v2\/users\/1"}],"replies":[{"embeddable":true,"href":"https:\/\/villsy.com\/hr\/wp-json\/wp\/v2\/comments?post=4493"}],"version-history":[{"count":2,"href":"https:\/\/villsy.com\/hr\/wp-json\/wp\/v2\/pages\/4493\/revisions"}],"predecessor-version":[{"id":12044,"href":"https:\/\/villsy.com\/hr\/wp-json\/wp\/v2\/pages\/4493\/revisions\/12044"}],"wp:attachment":[{"href":"https:\/\/villsy.com\/hr\/wp-json\/wp\/v2\/media?parent=4493"}],"curies":[{"name":"wp","href":"https:\/\/api.w.org\/{rel}","templated":true}]}}