{"id":4459,"date":"2022-08-24T06:49:42","date_gmt":"2022-08-24T06:49:42","guid":{"rendered":"https:\/\/villsy.com\/?page_id=4459"},"modified":"2023-07-28T08:57:09","modified_gmt":"2023-07-28T08:57:09","slug":"cesto-postavljana-pitanja","status":"publish","type":"page","link":"https:\/\/villsy.com\/hr\/cesto-postavljana-pitanja\/","title":{"rendered":"Faq HR"},"content":{"rendered":"\n<h1 class=\"pb-5\">\u010cesto postavljana pitanja<\/h1>\n\n\n\n<h2>TRO\u0160KOVI I PLA\u0106ANJE<\/h2>\n\n\n\n<h4>1. Za\u0161to je depozit obvezan?<\/h4>\n\n\n\n<p>Polog je obvezan da biste rezervirali svoju imovinu i sprije\u010dili da je netko drugi rezervira za iste datume. Depozit je obi\u010dno 30% od ukupne cijene. Ne\u0107emo naplatiti va\u0161u kreditnu karticu prije nego \u0161to po\u0161aljemo potvrdu rezervacije, \u0161to obi\u010dno traje 24 sata.<\/p>\n\n\n\n<p>Budu\u0107i da se depozit ne vra\u0107a, preporu\u010dujemo vam da osigurate odmor.<\/p>\n\n\n\n<h4>2. Kada pla\u0107am puni iznos?<\/h4>\n\n\n\n<p>Puni iznos obi\u010dno treba platiti 8-12 tjedana prije odlaska na odmor. Primjetit \u0107emo vas za pla\u0107anje.<\/p>\n\n\n\n<h4>3. \u0160to je s otkazivanjem godi\u0161njeg odmora?<\/h4>\n\n\n\n<p>Obavijestite nas da \u017eelite otkazati svoj odmor \u0161to je prije mogu\u0107e. Ne mo\u017eemo vratiti depozit koji ste platili za osiguranje rezervacije. Hovewer, ako uspijemo unajmiti nekretninu drugim gostima na isto razdoblje i cijenu, mo\u017eda \u0107emo mo\u0107i vratiti dio pologa ili \u010dak puni polog umanjen za transakcijske naknade.<\/p>\n\n\n\n<h4>4. Sigurnosni depozit &#8211; \u010demu slu\u017ei?<\/h4>\n\n\n\n<p>Ako ostavite posjed \u010distim, urednim i u stanju u kojem je i bilo &#8211; bez brige. Va\u0161 \u0107e polog za \u0161tetu biti o\u0161te\u0107en.<\/p>\n\n\n\n<h4>5. Kako i kada pla\u0107am sigurnosni polog?<\/h4>\n\n\n\n<p>Sigurnosni polog pla\u0107a se direktno vlasniku ku\u0107e i vra\u0107a na kraju va\u0161eg boravka<\/p>\n\n\n\n<h4>6. Bilo kakvih dodatnih tro\u0161kova?<\/h4>\n\n\n\n<p>Uvijek potvr\u0111ujemo sve tro\u0161kove koji se odnose na imovinu. Drugih tro\u0161kova ne bi trebalo biti.<\/p>\n\n\n\n<p>Iznimke mogu biti:<\/p>\n\n\n\n<ul><li>Sigurnosni depozit<\/li><li>ku\u0107ni ljubimci (to \u0107ete primijetiti prilikom rezervacije)<\/li><li>grijani bazeni u travnju, svibnju, lipnju, rujnu i listopadu. Molimo vas pitajte \u017eelite li koristiti grijanje bazena.<\/li><\/ul>\n\n\n\n<h4>7. Postoji li primjenjivi PDV?<\/h4>\n\n\n\n<p>Sve na\u0161e cijene uklju\u010duju PDV, bez doplate.<\/p>\n\n\n\n<h4>8. Jesmo li ATOL-ovi ograni\u010deni?<\/h4>\n\n\n\n<p>Ne, mi nudimo samo smje\u0161taj i ATOL obveznice ne vrijede.<\/p>\n\n\n\n<h2>OSTALO<\/h2>\n\n\n\n<h4>1. Trebam li auto?<\/h4>\n\n\n\n<p>Ovisi o lokaciji nekretnine i va\u0161im potrebama. Neka su svojstva udaljena, pa je upotreba automobila od klju\u010dne va\u017enosti.<\/p>\n\n\n\n<h4>2. Gdje je najbli\u017ea zra\u010dna luka?<\/h4>\n\n\n\n<p>Sve informacije nalaze se na kartici lokacije. Sva su svojstva na to\u010dnom mjestu. Ako vam je potrebna dodatna pomo\u0107, kontaktirajte nas.<\/p>\n\n\n\n<h4>3. Je li imanje pogodno za djecu?<\/h4>\n\n\n\n<p>Ukratko &#8211; da. Ve\u0107ina je objekata prikladna za djecu, imaju kreveti\u0107e i visoku stolicu. Ako putujete s djecom, savjetujte nas.<\/p>\n\n\n\n<h4>4. Ku\u0107ni ljubimci<\/h4>\n\n\n\n<p>Neke su vile prilago\u0111ene ku\u0107nim ljubimcima, a neke ne. Ve\u0107ina vlasnika uz malu nadoplatu dopu\u0161ta ku\u0107ne ljubimce koji se lijepo pona\u0161aju. Tako\u0111er je naveden na na\u0161oj web stranici i u funkciji filtra koje vile dopu\u0161taju ku\u0107ne ljubimce.<\/p>\n\n\n\n<h4>5. Je li bazen siguran za djecu?<\/h4>\n\n\n\n<p>Obi\u010dno nema prepreka za bazen, pa imajte to na umu prilikom rezervacije vile. Obi\u010dno je dubina bazena 1,3 &#8211; 1,6 metara.<\/p>\n\n\n\n<h4>6. \u017dive li vlasnici na licu mjesta?<\/h4>\n\n\n\n<p>U 99% slu\u010dajeva &#8211; ne. Vlasnik mo\u017ee \u017eivjeti u blizini, ali u drugom posjedu. Sve na\u0161e vile su samo za va\u0161u isklju\u010divu upotrebu.<\/p>\n","protected":false},"excerpt":{"rendered":"<p>\u010cesto postavljana pitanja TRO\u0160KOVI I PLA\u0106ANJE 1. Za\u0161to je depozit obvezan? Polog je obvezan da biste rezervirali svoju imovinu i sprije\u010dili da je netko drugi rezervira za iste datume. Depozit je obi\u010dno 30% od ukupne cijene. Ne\u0107emo naplatiti va\u0161u kreditnu karticu prije nego \u0161to po\u0161aljemo potvrdu rezervacije, \u0161to obi\u010dno traje 24 sata. Budu\u0107i da se [&hellip;]<\/p>\n","protected":false},"author":1,"featured_media":0,"parent":0,"menu_order":0,"comment_status":"closed","ping_status":"closed","template":"templates\/other.php","meta":[],"yoast_head":"<!-- This site is optimized with the Yoast SEO Premium plugin v19.2.1 (Yoast SEO v19.6.1) - https:\/\/yoast.com\/wordpress\/plugins\/seo\/ -->\n<title>\u010cesto postavljana pitanja - Villsy<\/title>\n<meta name=\"description\" content=\"Prona\u0111ite \u010desto postavljana pitanja o iznajmljivanju vile s Villsyjem.\" \/>\n<meta name=\"robots\" content=\"index, follow, max-snippet:-1, max-image-preview:large, max-video-preview:-1\" \/>\n<link rel=\"canonical\" href=\"https:\/\/villsy.com\/hr\/cesto-postavljana-pitanja\/\" \/>\n<meta property=\"og:locale\" content=\"hr_HR\" \/>\n<meta property=\"og:type\" content=\"website\" \/>\n<meta property=\"og:title\" content=\"\u010cesto postavljana pitanja\" \/>\n<meta property=\"og:description\" content=\"Prona\u0111ite \u010desto postavljana pitanja o iznajmljivanju vile s Villsyjem.\" \/>\n<meta property=\"og:url\" content=\"https:\/\/villsy.com\/hr\/cesto-postavljana-pitanja\/\" \/>\n<meta property=\"og:site_name\" content=\"Villsy\" \/>\n<meta property=\"article:modified_time\" content=\"2023-07-28T08:57:09+00:00\" \/>\n<meta name=\"twitter:card\" content=\"summary_large_image\" \/>\n<meta name=\"twitter:title\" content=\"\u010cesto postavljana pitanja\" \/>\n<meta name=\"twitter:description\" content=\"Prona\u0111ite \u010desto postavljana pitanja o iznajmljivanju vile s Villsyjem.\" \/>\n<meta name=\"twitter:label1\" content=\"Est. reading time\" \/>\n\t<meta name=\"twitter:data1\" content=\"2 minute\" \/>\n<!-- \/ Yoast SEO Premium plugin. -->","yoast_head_json":{"title":"\u010cesto postavljana pitanja - Villsy","description":"Prona\u0111ite \u010desto postavljana pitanja o iznajmljivanju vile s Villsyjem.","robots":{"index":"index","follow":"follow","max-snippet":"max-snippet:-1","max-image-preview":"max-image-preview:large","max-video-preview":"max-video-preview:-1"},"canonical":"https:\/\/villsy.com\/hr\/cesto-postavljana-pitanja\/","og_locale":"hr_HR","og_type":"website","og_title":"\u010cesto postavljana pitanja","og_description":"Prona\u0111ite \u010desto postavljana pitanja o iznajmljivanju vile s Villsyjem.","og_url":"https:\/\/villsy.com\/hr\/cesto-postavljana-pitanja\/","og_site_name":"Villsy","article_modified_time":"2023-07-28T08:57:09+00:00","twitter_card":"summary_large_image","twitter_title":"\u010cesto postavljana pitanja","twitter_description":"Prona\u0111ite \u010desto postavljana pitanja o iznajmljivanju vile s Villsyjem.","twitter_misc":{"Est. reading time":"2 minute"},"schema":{"@context":"https:\/\/schema.org","@graph":[{"@type":"WebPage","@id":"https:\/\/villsy.com\/hr\/cesto-postavljana-pitanja\/","url":"https:\/\/villsy.com\/hr\/cesto-postavljana-pitanja\/","name":"\u010cesto postavljana pitanja - Villsy","isPartOf":{"@id":"https:\/\/villsy.com\/hr\/#website"},"datePublished":"2022-08-24T06:49:42+00:00","dateModified":"2023-07-28T08:57:09+00:00","description":"Prona\u0111ite \u010desto postavljana pitanja o iznajmljivanju vile s Villsyjem.","breadcrumb":{"@id":"https:\/\/villsy.com\/hr\/cesto-postavljana-pitanja\/#breadcrumb"},"inLanguage":"hr","potentialAction":[{"@type":"ReadAction","target":["https:\/\/villsy.com\/hr\/cesto-postavljana-pitanja\/"]}]},{"@type":"BreadcrumbList","@id":"https:\/\/villsy.com\/hr\/cesto-postavljana-pitanja\/#breadcrumb","itemListElement":[{"@type":"ListItem","position":1,"name":"Villsy","item":"https:\/\/villsy.com\/hr\/"},{"@type":"ListItem","position":2,"name":"Faq HR"}]},{"@type":"WebSite","@id":"https:\/\/villsy.com\/hr\/#website","url":"https:\/\/villsy.com\/hr\/","name":"Villsy","description":"Just another WordPress site","potentialAction":[{"@type":"SearchAction","target":{"@type":"EntryPoint","urlTemplate":"https:\/\/villsy.com\/hr\/?s={search_term_string}"},"query-input":"required name=search_term_string"}],"inLanguage":"hr"}]}},"_links":{"self":[{"href":"https:\/\/villsy.com\/hr\/wp-json\/wp\/v2\/pages\/4459"}],"collection":[{"href":"https:\/\/villsy.com\/hr\/wp-json\/wp\/v2\/pages"}],"about":[{"href":"https:\/\/villsy.com\/hr\/wp-json\/wp\/v2\/types\/page"}],"author":[{"embeddable":true,"href":"https:\/\/villsy.com\/hr\/wp-json\/wp\/v2\/users\/1"}],"replies":[{"embeddable":true,"href":"https:\/\/villsy.com\/hr\/wp-json\/wp\/v2\/comments?post=4459"}],"version-history":[{"count":2,"href":"https:\/\/villsy.com\/hr\/wp-json\/wp\/v2\/pages\/4459\/revisions"}],"predecessor-version":[{"id":30484,"href":"https:\/\/villsy.com\/hr\/wp-json\/wp\/v2\/pages\/4459\/revisions\/30484"}],"wp:attachment":[{"href":"https:\/\/villsy.com\/hr\/wp-json\/wp\/v2\/media?parent=4459"}],"curies":[{"name":"wp","href":"https:\/\/api.w.org\/{rel}","templated":true}]}}