{"id":4066,"date":"2022-07-19T12:04:42","date_gmt":"2022-07-19T12:04:42","guid":{"rendered":"https:\/\/villsy.com\/?page_id=4066"},"modified":"2025-10-07T10:31:33","modified_gmt":"2025-10-07T10:31:33","slug":"kontaktirajte-nas","status":"publish","type":"page","link":"https:\/\/villsy.com\/hr\/kontaktirajte-nas\/","title":{"rendered":"Contact us HR"},"content":{"rendered":"\n<h2 class=\"has-text-align-center\" id=\"h-tu-smo-da-pomognemo-planirajmo-zajedno-savrsen-odmor\">Tu smo da pomognemo \u2013 planirajmo zajedno savr\u0161en odmor.<\/h2>\n\n\n\n<div style=\"height:40px\" aria-hidden=\"true\" class=\"wp-block-spacer\"><\/div>\n\n\n\n<p class=\"has-text-align-center\">Ima\u0161 pitanja o na\u0161im prekrasnim vilama u Istri ili ti treba pomo\u0107 u odabiru idealne vile za tvoj boravak?<\/p>\n\n\n\n<p class=\"has-text-align-center\">Bilo da \u017eeli\u0161 provjeriti dostupnost, isplanirati svoj boravak ili saznati vi\u0161e detalja, na\u0161 ljubazni tim je tu da ti pomogne! Kontaktiraj nas putem telefona, e-maila ili obrasca u nastavku, a mi \u0107emo ti pru\u017eiti sve informacije koje su ti potrebne za bezbri\u017ean odmor.<\/p>\n\n\n\n<p class=\"has-text-align-center\">Radujemo se tvojoj poruci!<\/p>\n\n\n\n<h3 class=\"has-text-align-center\">Villsy \u2013 tvoj lokalni partner za savr\u0161en odmor u Hrvatskoj.<\/h3>\n\n\n\n<p><\/p>\n\n\n\n<form class=\"form-contact card shadow border p-4\">\n    <h2 class=\"mb-4\">\n            <\/h2>\n    <div class=\"row\">\n        <div class=\"col-lg-6 col-12\">\n            <div class=\"form-group  mb-3 \">\n                <label for=\"name\">Ime*<\/label>\n                <input required=\"\" name=\"name\" type=\"text\" class=\"form-control  bg-transparent\" id=\"contact-name\" placeholder=\"Ime\">\n            <\/div>\n        <\/div>\n        <div class=\"col-lg-6 col-12\">\n            <div class=\"form-group  mb-3\">\n                <label for=\"surname\">Prezime*<\/label>\n                <input required=\"\" name=\"surname\" type=\"text\" class=\"form-control  bg-transparent\" id=\"contact-surname\" placeholder=\"Prezime\">\n            <\/div>\n        <\/div>\n\n        <div class=\"col-lg-6 col-12\">\n            <div class=\"form-group  mb-3\">\n                <label for=\"email\">E-mail*<\/label>\n                <input required=\"\" name=\"email\" type=\"email\" class=\"form-control  bg-transparent\" id=\"contact-email\" placeholder=\"E-mail\"> \n            <\/div>\n        <\/div>\n        <div class=\"col-lg-6 col-12\">\n            <div class=\"form-group  mb-3\">\n                <label for=\"phone\">telefon*<\/label>\n                <input name=\"phone\" type=\"text\" class=\"form-control  bg-transparent\" id=\"contact-tel\" placeholder=\"telefon\">\n            <\/div>\n        <\/div>\n        <div class=\"col-12\">\n            <div class=\"form-group  mb-3\">\n                <label for=\"message\">Poruka*<\/label>\n                <textarea name=\"message\" type=\"text\" rows=\"5\" class=\"form-control  bg-transparent\" id=\"contact-text\" placeholder=\"Poruka\"><\/textarea>\n            <\/div>\n        <\/div>\n        <div class=\"col-12 mb-3\">\n            <div class=\"form-check\">\n                <input required type=\"checkbox\" class=\"form-check-input\" name=\"agree\" id=\"agree\">\n                <label class=\"form-check-label\" for=\"agree\">\n                    Pro\u010ditao sam i sla\u017eem se s <a href=\"\/hr\/privacy-policy\/\">pravilima privatnosti<\/a>                <\/label>\n            <\/div>\n        <\/div>\n\n    <\/div>\n    <div class=\"row no-gutters\">\n        <div class=\"col-lg-8\">\n            <div>\n                Ova je stranica za\u0161ti\u0107ena reCAPTCHA-om i primjenjuje <a href=\"https:\/\/policies.google.com\/privacy\" target=\"_blank\">Google Pravila o privatnosti<\/a> i <a href=\" https:\/\/policies.google.com\/terms\" target=\"_blank\">Uvjeti pru\u017eanja usluge<\/a>.            <\/div>\n        <\/div>\n        <div class=\"col-lg\">\n            <div class=\"d-flex flex-row justify-content-end\">\n                <button type=\"submit\" class=\"btn btn-primary contact-btn\">\n                    Po\u0161alji poruku\n                <\/button>\n                <div class=\"contact-spinner d-none spinner-border align-items-center justify-content-center\" role=\"status\">\n                    <i class=\"las la-envelope la-lg\"><\/i>\n                    <span class=\"sr-only\">U\u010ditavanje...<\/span>\n                <\/div>\n            <\/div>\n        <\/div>\n    <\/div>\n<\/form>\n\n\n\n<div id=\"contact-modal\" class=\"modal fade\" tabindex=\"-1\" role=\"dialog\">\n  <div class=\"modal-dialog\">\n    <div class=\"modal-content\">\n      <div class=\"modal-header\">\n        <h5 class=\"modal-title font-weight-light\">\n            Hvala na interesu.        <\/h5>\n        <button type=\"button\" class=\"btn-close\" data-bs-dismiss=\"modal\" aria-label=\"Close\"><\/button>\n      <\/div>\n      <div class=\"modal-body font-weight-normal\">\n        <p class=\"response-output\"><\/p>\n      <\/div>\n      <div class=\"modal-footer\">\n        <button type=\"button\" class=\"btn btn-primary font-weight-bold\" data-bs-dismiss=\"modal\">Zatvori<\/button>\n      <\/div>\n    <\/div>\n  <\/div>\n<\/div>\n\n\n\n\n\n<hr class=\"wp-block-separator has-alpha-channel-opacity\"\/>\n\n\n\n<h3 id=\"h-imprint\">Imprint:<\/h3>\n\n\n\n<p><strong>VILLSY d.o.o. \u2013 dru\u0161tvo s ograni\u010denom odgovorno\u0161\u0107u za iznajmljivanje nekretnina, turizam i turisti\u010dke usluge | OIB: 130093085 \u2013 Trgova\u010dki sud Pazin | PDV ID: HR17191292654<\/strong><\/p>\n\n\n\n<p>IBAN: HR62 2340 0091 1110 0258 1 | PRIVREDNA BANKA ZAGREB d.d., Radni\u010dka cesta 50, 10000 Zagreb | SWIFT code: PBZGHR22<\/p>\n\n\n\n<p>ADDRESA: Kastavska 18, 52000 Pazin, Croatia<br> <br>DIREKTOR: Toni Hrelja<br>VODITELJ AGENCIJE: Suzana Hrelja<br>RADNO VRIJEME: ponedjeljak &#8211; petak 9-17<br>E-mail: <a href=\"mailto:info@villsy.com\">info@villsy.com<\/a><br>Web: <a href=\"\/\">www.villsy.com<\/a><br>TEL: +385 91 585 2596<\/p>\n","protected":false},"excerpt":{"rendered":"<p>Tu smo da pomognemo \u2013 planirajmo zajedno savr\u0161en odmor. Ima\u0161 pitanja o na\u0161im prekrasnim vilama u Istri ili ti treba pomo\u0107 u odabiru idealne vile za tvoj boravak? Bilo da \u017eeli\u0161 provjeriti dostupnost, isplanirati svoj boravak ili saznati vi\u0161e detalja, na\u0161 ljubazni tim je tu da ti pomogne! Kontaktiraj nas putem telefona, e-maila ili obrasca [&hellip;]<\/p>\n","protected":false},"author":1,"featured_media":0,"parent":0,"menu_order":0,"comment_status":"closed","ping_status":"closed","template":"templates\/other.php","meta":[],"yoast_head":"<!-- This site is optimized with the Yoast SEO Premium plugin v19.2.1 (Yoast SEO v19.6.1) - https:\/\/yoast.com\/wordpress\/plugins\/seo\/ -->\n<title>Kontaktirajte nas - Prona\u0111ite i rezervirajte vile s bazenima<\/title>\n<meta name=\"description\" content=\"Kontaktirajte nas - Prona\u0111ite i rezervirajte vile s bazenima uz Villsy. Iznajmite vilu za odmor s obitelji ili prijateljima, cijelu ku\u0107u samo za vas.\" \/>\n<meta name=\"robots\" content=\"index, follow, max-snippet:-1, max-image-preview:large, max-video-preview:-1\" \/>\n<link rel=\"canonical\" href=\"https:\/\/villsy.com\/hr\/kontaktirajte-nas\/\" \/>\n<meta property=\"og:locale\" content=\"hr_HR\" \/>\n<meta property=\"og:type\" content=\"website\" \/>\n<meta property=\"og:title\" content=\"Kontaktirajte nas\" \/>\n<meta property=\"og:description\" content=\"Kontaktirajte nas - Prona\u0111ite i rezervirajte vile s bazenima uz Villsy. Iznajmite vilu za odmor s obitelji ili prijateljima, cijelu ku\u0107u samo za vas.\" \/>\n<meta property=\"og:url\" content=\"https:\/\/villsy.com\/hr\/kontaktirajte-nas\/\" \/>\n<meta property=\"og:site_name\" content=\"Villsy\" \/>\n<meta property=\"article:modified_time\" content=\"2025-10-07T10:31:33+00:00\" \/>\n<meta name=\"twitter:card\" content=\"summary_large_image\" \/>\n<meta name=\"twitter:title\" content=\"Kontaktirajte nas\" \/>\n<meta name=\"twitter:description\" content=\"Kontaktirajte nas - Prona\u0111ite i rezervirajte vile s bazenima uz Villsy. Iznajmite vilu za odmor s obitelji ili prijateljima, cijelu ku\u0107u samo za vas.\" \/>\n<meta name=\"twitter:label1\" content=\"Est. reading time\" \/>\n\t<meta name=\"twitter:data1\" content=\"1 minuta\" \/>\n<!-- \/ Yoast SEO Premium plugin. -->","yoast_head_json":{"title":"Kontaktirajte nas - Prona\u0111ite i rezervirajte vile s bazenima","description":"Kontaktirajte nas - Prona\u0111ite i rezervirajte vile s bazenima uz Villsy. Iznajmite vilu za odmor s obitelji ili prijateljima, cijelu ku\u0107u samo za vas.","robots":{"index":"index","follow":"follow","max-snippet":"max-snippet:-1","max-image-preview":"max-image-preview:large","max-video-preview":"max-video-preview:-1"},"canonical":"https:\/\/villsy.com\/hr\/kontaktirajte-nas\/","og_locale":"hr_HR","og_type":"website","og_title":"Kontaktirajte nas","og_description":"Kontaktirajte nas - Prona\u0111ite i rezervirajte vile s bazenima uz Villsy. Iznajmite vilu za odmor s obitelji ili prijateljima, cijelu ku\u0107u samo za vas.","og_url":"https:\/\/villsy.com\/hr\/kontaktirajte-nas\/","og_site_name":"Villsy","article_modified_time":"2025-10-07T10:31:33+00:00","twitter_card":"summary_large_image","twitter_title":"Kontaktirajte nas","twitter_description":"Kontaktirajte nas - Prona\u0111ite i rezervirajte vile s bazenima uz Villsy. Iznajmite vilu za odmor s obitelji ili prijateljima, cijelu ku\u0107u samo za vas.","twitter_misc":{"Est. reading time":"1 minuta"},"schema":{"@context":"https:\/\/schema.org","@graph":[{"@type":"WebPage","@id":"https:\/\/villsy.com\/hr\/kontaktirajte-nas\/","url":"https:\/\/villsy.com\/hr\/kontaktirajte-nas\/","name":"Kontaktirajte nas - Prona\u0111ite i rezervirajte vile s bazenima","isPartOf":{"@id":"https:\/\/villsy.com\/hr\/#website"},"datePublished":"2022-07-19T12:04:42+00:00","dateModified":"2025-10-07T10:31:33+00:00","description":"Kontaktirajte nas - Prona\u0111ite i rezervirajte vile s bazenima uz Villsy. Iznajmite vilu za odmor s obitelji ili prijateljima, cijelu ku\u0107u samo za vas.","breadcrumb":{"@id":"https:\/\/villsy.com\/hr\/kontaktirajte-nas\/#breadcrumb"},"inLanguage":"hr","potentialAction":[{"@type":"ReadAction","target":["https:\/\/villsy.com\/hr\/kontaktirajte-nas\/"]}]},{"@type":"BreadcrumbList","@id":"https:\/\/villsy.com\/hr\/kontaktirajte-nas\/#breadcrumb","itemListElement":[{"@type":"ListItem","position":1,"name":"Villsy","item":"https:\/\/villsy.com\/hr\/"},{"@type":"ListItem","position":2,"name":"Contact us HR"}]},{"@type":"WebSite","@id":"https:\/\/villsy.com\/hr\/#website","url":"https:\/\/villsy.com\/hr\/","name":"Villsy","description":"Just another WordPress site","potentialAction":[{"@type":"SearchAction","target":{"@type":"EntryPoint","urlTemplate":"https:\/\/villsy.com\/hr\/?s={search_term_string}"},"query-input":"required name=search_term_string"}],"inLanguage":"hr"}]}},"_links":{"self":[{"href":"https:\/\/villsy.com\/hr\/wp-json\/wp\/v2\/pages\/4066"}],"collection":[{"href":"https:\/\/villsy.com\/hr\/wp-json\/wp\/v2\/pages"}],"about":[{"href":"https:\/\/villsy.com\/hr\/wp-json\/wp\/v2\/types\/page"}],"author":[{"embeddable":true,"href":"https:\/\/villsy.com\/hr\/wp-json\/wp\/v2\/users\/1"}],"replies":[{"embeddable":true,"href":"https:\/\/villsy.com\/hr\/wp-json\/wp\/v2\/comments?post=4066"}],"version-history":[{"count":15,"href":"https:\/\/villsy.com\/hr\/wp-json\/wp\/v2\/pages\/4066\/revisions"}],"predecessor-version":[{"id":30503,"href":"https:\/\/villsy.com\/hr\/wp-json\/wp\/v2\/pages\/4066\/revisions\/30503"}],"wp:attachment":[{"href":"https:\/\/villsy.com\/hr\/wp-json\/wp\/v2\/media?parent=4066"}],"curies":[{"name":"wp","href":"https:\/\/api.w.org\/{rel}","templated":true}]}}