{"id":30538,"date":"2025-10-07T11:43:25","date_gmt":"2025-10-07T11:43:25","guid":{"rendered":"https:\/\/villsy.com\/?page_id=30538"},"modified":"2025-10-07T14:23:44","modified_gmt":"2025-10-07T14:23:44","slug":"o-nama","status":"publish","type":"page","link":"https:\/\/villsy.com\/hr\/o-nama\/","title":{"rendered":"O nama"},"content":{"rendered":"\n<h2 id=\"block-0fa009bc-2ad9-4b08-a8cb-298e59bddab0\">Na\u0161a pri\u010da<\/h2>\n\n\n\n<p><\/p>\n\n\n\n<h3 id=\"block-1b7a1507-aa64-43b7-b3e1-76e61c9fe724\">U Villsyju vjerujemo da odmor treba biti vi\u0161e od samog boravka \u2013 to treba biti iskustvo koje se pamti.<\/h3>\n\n\n\n<p id=\"block-cdb3b6c8-cde5-47ce-9bd6-547762a69e33\">Na\u0161e putovanje zapo\u010delo je <strong>2008. godine<\/strong> , kada smo izgradili na\u0161u prvu vilu u sredi\u0161njoj Istri. Ono \u0161to je zapo\u010delo kao osobni projekt ubrzo se pretvorilo u ne\u0161to puno ve\u0107e. Do <strong>2013. godine<\/strong> po\u010deli smo sami iznajmljivati \u200b\u200b\u200b\u200bsvoje vile, pa\u017eljivo upravljaju\u0107i svakim detaljem kako bismo gostima osigurali ugodan i bezbri\u017ean boravak.  <\/p>\n\n\n\n<p id=\"block-fdb32f72-4418-45d0-95b4-07e76830c91f\">Potaknuti pozitivnim povratnim informacijama i rastu\u0107om potra\u017enjom, <strong>2019. godine<\/strong> slu\u017ebeno smo osnovali <strong>Villsy kao agenciju za najam vila<\/strong> . Danas Villsy povezuje goste iz cijelog svijeta s pa\u017eljivo odabranom kolekcijom <strong>ku\u0107a za odmor i vila u Istri i diljem Hrvatske<\/strong> , nude\u0107i moderna rje\u0161enja za rezervaciju, lokalnu stru\u010dnost i personaliziranu podr\u0161ku. <\/p>\n\n\n\n<p id=\"block-eb516fef-1a7d-49e0-9b76-f197672a3c1d\">Sve je po\u010delo s Casa Nina, Villom Rustica i Villom Gimino \u2013 i do danas su u na\u0161oj ponudi, stvaraju\u0107i prekrasne uspomene, smijeh i nezaboravne trenutke za turiste.<\/p>\n\n\n\n<div class=\"wp-container-4 wp-block-columns\">\n<div class=\"wp-container-1 wp-block-column\">\n<figure class=\"wp-block-image size-large\"><img loading=\"lazy\" width=\"1350\" height=\"900\" src=\"https:\/\/villsy.com\/wp-content\/uploads\/villa_casa-nina22-1350x900.jpg\" alt=\"\" class=\"wp-image-30428\" srcset=\"https:\/\/villsy.com\/wp-content\/uploads\/villa_casa-nina22-1350x900.jpg 1350w, https:\/\/villsy.com\/wp-content\/uploads\/villa_casa-nina22-300x200.jpg 300w, https:\/\/villsy.com\/wp-content\/uploads\/villa_casa-nina22-768x512.jpg 768w, https:\/\/villsy.com\/wp-content\/uploads\/villa_casa-nina22-1536x1024.jpg 1536w, https:\/\/villsy.com\/wp-content\/uploads\/villa_casa-nina22.jpg 2000w\" sizes=\"(max-width: 1350px) 100vw, 1350px\" \/><figcaption>Casa Nina<\/figcaption><\/figure>\n<\/div>\n\n\n\n<div class=\"wp-container-2 wp-block-column\">\n<figure class=\"wp-block-image size-large\"><img loading=\"lazy\" width=\"1368\" height=\"900\" src=\"https:\/\/villsy.com\/wp-content\/uploads\/Villa_Rustica41-1368x900.jpg\" alt=\"\" class=\"wp-image-30443\" srcset=\"https:\/\/villsy.com\/wp-content\/uploads\/Villa_Rustica41-1368x900.jpg 1368w, https:\/\/villsy.com\/wp-content\/uploads\/Villa_Rustica41-300x197.jpg 300w, https:\/\/villsy.com\/wp-content\/uploads\/Villa_Rustica41-768x505.jpg 768w, https:\/\/villsy.com\/wp-content\/uploads\/Villa_Rustica41-1536x1011.jpg 1536w, https:\/\/villsy.com\/wp-content\/uploads\/Villa_Rustica41.jpg 2000w\" sizes=\"(max-width: 1368px) 100vw, 1368px\" \/><figcaption>Vila Rustica<\/figcaption><\/figure>\n<\/div>\n\n\n\n<div class=\"wp-container-3 wp-block-column\">\n<figure class=\"wp-block-image size-large\"><img loading=\"lazy\" width=\"1349\" height=\"900\" src=\"https:\/\/villsy.com\/wp-content\/uploads\/01VillaGimino-2-1349x900.jpg\" alt=\"\" class=\"wp-image-30413\" srcset=\"https:\/\/villsy.com\/wp-content\/uploads\/01VillaGimino-2-1349x900.jpg 1349w, https:\/\/villsy.com\/wp-content\/uploads\/01VillaGimino-2-300x200.jpg 300w, https:\/\/villsy.com\/wp-content\/uploads\/01VillaGimino-2-768x512.jpg 768w, https:\/\/villsy.com\/wp-content\/uploads\/01VillaGimino-2-1536x1025.jpg 1536w, https:\/\/villsy.com\/wp-content\/uploads\/01VillaGimino-2.jpg 2000w\" sizes=\"(max-width: 1349px) 100vw, 1349px\" \/><figcaption>Vila Gimino<\/figcaption><\/figure>\n<\/div>\n<\/div>\n\n\n\n<h2 id=\"block-145802a9-6fdc-4355-88e5-c5c59fd12a13\">Za\u0161to odabrati Villsy?<\/h2>\n\n\n\n<h3 id=\"block-cada00b6-a75d-4d19-81ab-f4d7e76c81cf\">Pa\u017eljivo odabrane vile u Istri i Hrvatskoj<\/h3>\n\n\n\n<p id=\"block-53283f70-8d00-4fe5-8303-d565a4a51f82\">Svaku vilu u na\u0161em portfelju osobno pregledava na\u0161 iskusni tim. Od luksuznih vila s bazenima uz more do autenti\u010dnih kamenih ku\u0107a u istarskom krajoliku, svaka nekretnina je odabrana zbog svoje kvalitete, udobnosti i jedinstvenog \u0161arma. <\/p>\n\n\n\n<h3 id=\"block-7bc9eec4-d9ac-4189-a904-e156407b8d7a\">Jamstvo najbolje cijene<\/h3>\n\n\n\n<p id=\"block-d0f079de-328f-4030-91e2-c1b913227224\">Zahvaljuju\u0107i direktnim ugovorima s vlasnicima ku\u0107a i dugogodi\u0161njem iskustvu na tr\u017ei\u0161tu, jam\u010dimo najni\u017ee cijene za vile u Istri i Hrvatskoj. S Villsyjem rezervirate izravno \u2013 bez skrivenih tro\u0161kova. <\/p>\n\n\n\n<h3 id=\"block-13e2bf5b-8bb7-41bf-9e35-78c322fc551d\">Trenutna rezervacija<\/h3>\n\n\n\n<p id=\"block-8897fa1f-74a9-44c5-a276-b60e94e874a2\">Sve na\u0161e vile za odmor s bazenom u Istri dostupne su u stvarnom vremenu. Jednostavno odaberite \u017eeljenu vilu, rezervirajte online i platite sigurno kreditnom karticom ili bankovnim transferom \u2013 brzo, sigurno i jednostavno. <\/p>\n\n\n\n<h3 id=\"block-bad415ac-575d-4b3b-9571-dd87086634b3\">Lokalna prisutnost i podr\u0161ka<\/h3>\n\n\n\n<p id=\"block-074315fa-45c8-4fa7-b88a-f5075acf80e4\">Na\u0161 ured nalazi se u Pazinu, u samom srcu Istre. Ova sredi\u0161nja lokacija omogu\u0107uje nam da budemo blizu i na\u0161im gostima i vlasnicima ku\u0107a. Na\u0161 lokalni tim dostupan je tijekom cijelog va\u0161eg boravka kako bi se osiguralo da je svaki detalj savr\u0161en.  <\/p>\n\n\n\n<h3 id=\"block-e8dbfd42-7d55-40bc-8f29-d90db3ec19d1\">Iskustvo i rast<\/h3>\n\n\n\n<p id=\"block-fc344d08-8579-4fba-8ab2-23f18614254f\">Ono \u0161to je 2008. godine zapo\u010delo s jednom vilom preraslo je u pouzdanu agenciju sa \u0161irokim portfeljem vrhunskih ku\u0107a za odmor u Hrvatskoj. Kombiniramo dugogodi\u0161nje prakti\u010dno iskustvo s osobnim pristupom usmjerenim na gosta. <\/p>\n\n\n\n<h2 id=\"block-4befae29-a74d-492a-804f-c83d30c4b901\">Na\u0161e obe\u0107anje<\/h2>\n\n\n\n<p id=\"block-76893c12-0529-4f1c-81b9-53c6bc23a6a9\">S Villsyjem je va\u0161 odmor u sigurnim rukama. Tra\u017eite li mirno uto\u010di\u0161te u <strong>istarskim brdima<\/strong> , <strong>vilu na pla\u017ei u Dalmaciji<\/strong> ili <strong>obiteljsku ku\u0107u za odmor s bazenom u Hrvatskoj<\/strong> , osiguravamo vam bezbri\u017ean i nezaboravan boravak. <\/p>\n\n\n\n<p id=\"block-3f6262c7-c4ec-40ca-8d11-6d7857d47700\">Villsy je vi\u0161e od agencije \u2013 mi smo va\u0161 lokalni partner, strastveni ljubitelji Istre i Hrvatske, posve\u0107eni stvaranju savr\u0161enog odmora.<\/p>\n\n\n\n<div class=\"container my-5 offer-homepage-cards-section\">\n    <h3 class=\"text-dark h1\">\n  Zbirke vila\n    <\/h3>\n    \t \n      <div class=\"row\">\n\n<a class=\"col-lg-6 col-sm-6 col-12 mb-4 rounded\" style=\"text-decoration: none;\" href=\"\/hr\/vile-hrvatska-pogled-more\/\">\n    <div class=\"filters-landing-card position-relative rounded\">\n        <div class=\"card lozad position-relative card-img-top\" data-background-image=\"https:\/\/villsy.com\/wp-content\/uploads\/Villa_Lina1102-800x600.jpg\" style=\"height: 300px;\">\n        <\/div>\n        <div class=\"position-absolute container bottom-0 w-100 px-lg-4 px-3\">\n            <div class=\"bg-dark bg-opacity-75 rounded py-lg-4 px-lg-4 p-3 my-3\">\n                <div class=\"h3 mt-0 mb-1 text-warning slab\">Vile s pogledom na more u Hrvatskoj<\/div>\n                                    <h3 class=\"text-white slab small mb-0\"> Na\u0161 izbor vila s pogledom na more u Hrvatskoj<\/h3>\n                            <\/div>\n        <\/div>\n    <\/div>\n<\/a>\n\n<a class=\"col-lg-6 col-sm-6 col-12 mb-4 rounded\" style=\"text-decoration: none;\" href=\"\/hr\/luksuzne-vile-hrvatska\/\">\n    <div class=\"filters-landing-card position-relative rounded\">\n        <div class=\"card lozad position-relative card-img-top\" data-background-image=\"https:\/\/villsy.com\/wp-content\/uploads\/Villa_Lumi68-800x600.jpg\" style=\"height: 300px;\">\n        <\/div>\n        <div class=\"position-absolute container bottom-0 w-100 px-lg-4 px-3\">\n            <div class=\"bg-dark bg-opacity-75 rounded py-lg-4 px-lg-4 p-3 my-3\">\n                <div class=\"h3 mt-0 mb-1 text-warning slab\">Luksuzne vile u Hrvatskoj<\/div>\n                                    <h3 class=\"text-white slab small mb-0\"> U\u017eivajte u luksuznim vilama<\/h3>\n                            <\/div>\n        <\/div>\n    <\/div>\n<\/a>\n\n<a class=\"col-lg-4 col-sm-6 col-12 mb-4 rounded\" style=\"text-decoration: none;\" href=\"\/hr\/vile-blizu-mora-hrvatska\/\">\n    <div class=\"filters-landing-card position-relative rounded\">\n        <div class=\"card lozad position-relative card-img-top\" data-background-image=\"https:\/\/villsy.com\/wp-content\/uploads\/Dubovica-Hvar-800x600.jpg\" style=\"height: 300px;\">\n        <\/div>\n        <div class=\"position-absolute container bottom-0 w-100 px-lg-4 px-3\">\n            <div class=\"bg-dark bg-opacity-75 rounded py-lg-4 px-lg-4 p-3 my-3\">\n                <div class=\"h3 mt-0 mb-1 text-warning slab\">Vile na pla\u017ei u Hrvatskoj<\/div>\n                                    <h3 class=\"text-white slab small mb-0\"> Vile do 3 km od mora<\/h3>\n                            <\/div>\n        <\/div>\n    <\/div>\n<\/a>\n\n<a class=\"col-lg-4 col-sm-6 col-12 mb-4 rounded\" style=\"text-decoration: none;\" href=\"\/hr\/vile-sauna-hrvatska\/\">\n    <div class=\"filters-landing-card position-relative rounded\">\n        <div class=\"card lozad position-relative card-img-top\" data-background-image=\"https:\/\/villsy.com\/wp-content\/uploads\/Villa_Lumi20-800x600.jpg\" style=\"height: 300px;\">\n        <\/div>\n        <div class=\"position-absolute container bottom-0 w-100 px-lg-4 px-3\">\n            <div class=\"bg-dark bg-opacity-75 rounded py-lg-4 px-lg-4 p-3 my-3\">\n                <div class=\"h3 mt-0 mb-1 text-warning slab\">Vile sa saunom za iznajmljivanje u Hrvatskoj<\/div>\n                                    <h3 class=\"text-white slab small mb-0\"> Prona\u0111ite vile sa saunom za svoje uto\u010di\u0161te<\/h3>\n                            <\/div>\n        <\/div>\n    <\/div>\n<\/a>\n\n<a class=\"col-lg-4 col-sm-6 col-12 mb-4 rounded\" style=\"text-decoration: none;\" href=\"\/hr\/male-romanticne-vile-hrvatska\/\">\n    <div class=\"filters-landing-card position-relative rounded\">\n        <div class=\"card lozad position-relative card-img-top\" data-background-image=\"https:\/\/villsy.com\/wp-content\/uploads\/vila_amalia113-800x600.jpg\" style=\"height: 300px;\">\n        <\/div>\n        <div class=\"position-absolute container bottom-0 w-100 px-lg-4 px-3\">\n            <div class=\"bg-dark bg-opacity-75 rounded py-lg-4 px-lg-4 p-3 my-3\">\n                <div class=\"h3 mt-0 mb-1 text-warning slab\">Romanti\u010dne vile za parove u Hrvatskoj<\/div>\n                                    <h3 class=\"text-white slab small mb-0\"> Male romanti\u010dne vile savr\u0161ene za parove<\/h3>\n                            <\/div>\n        <\/div>\n    <\/div>\n<\/a>\n\n<a class=\"col-lg-3 col-sm-6 col-12 mb-4 rounded\" style=\"text-decoration: none;\" href=\"\/hr\/hrvatska-vile-kucni-ljubimci\/\">\n    <div class=\"filters-landing-card position-relative rounded\">\n        <div class=\"card lozad position-relative card-img-top\" data-background-image=\"https:\/\/villsy.com\/wp-content\/uploads\/bigstock-Dog-Sleeping-Near-A-Swimming-P-467007137-800x600.jpg\" style=\"height: 300px;\">\n        <\/div>\n        <div class=\"position-absolute container bottom-0 w-100 px-lg-4 px-3\">\n            <div class=\"bg-dark bg-opacity-75 rounded py-lg-4 px-lg-4 p-3 my-3\">\n                <div class=\"h3 mt-0 mb-1 text-warning slab\">Vile koje prihva\u0107aju ku\u0107ne ljubimce u Hrvatskoj<\/div>\n                                    <h3 class=\"text-white slab small mb-0\"> Vile u kojima su ku\u0107ni ljubimci dobrodo\u0161li<\/h3>\n                            <\/div>\n        <\/div>\n    <\/div>\n<\/a>\n\n<a class=\"col-lg-3 col-sm-6 col-12 mb-4 rounded\" style=\"text-decoration: none;\" href=\"\/hr\/vile-hrvatska-posebna-ponuda\/\">\n    <div class=\"filters-landing-card position-relative rounded\">\n        <div class=\"card lozad position-relative card-img-top\" data-background-image=\"https:\/\/villsy.com\/wp-content\/uploads\/Villa_Terra_Bianca15-800x600.jpg\" style=\"height: 300px;\">\n        <\/div>\n        <div class=\"position-absolute container bottom-0 w-100 px-lg-4 px-3\">\n            <div class=\"bg-dark bg-opacity-75 rounded py-lg-4 px-lg-4 p-3 my-3\">\n                <div class=\"h3 mt-0 mb-1 text-warning slab\">Vile po posebnoj ponudi u Hrvatskoj<\/div>\n                                    <h3 class=\"text-white slab small mb-0\"> Prona\u0111ite vile s popustima ili drugim dodatnim ponudama<\/h3>\n                            <\/div>\n        <\/div>\n    <\/div>\n<\/a>\n\n<a class=\"col-lg-3 col-sm-6 col-12 mb-4 rounded\" style=\"text-decoration: none;\" href=\"\/hr\/vile-velike-grupe-hrvatska\/\">\n    <div class=\"filters-landing-card position-relative rounded\">\n        <div class=\"card lozad position-relative card-img-top\" data-background-image=\"https:\/\/villsy.com\/wp-content\/uploads\/villa_Marion32-800x600.jpg\" style=\"height: 300px;\">\n        <\/div>\n        <div class=\"position-absolute container bottom-0 w-100 px-lg-4 px-3\">\n            <div class=\"bg-dark bg-opacity-75 rounded py-lg-4 px-lg-4 p-3 my-3\">\n                <div class=\"h3 mt-0 mb-1 text-warning slab\">Vile za velike grupe u Hrvatskoj<\/div>\n                                    <h3 class=\"text-white slab small mb-0\"> Velike vile za vi\u0161e od 12 osoba<\/h3>\n                            <\/div>\n        <\/div>\n    <\/div>\n<\/a>\n\n<a class=\"col-lg-3 col-sm-6 col-12 mb-4 rounded\" style=\"text-decoration: none;\" href=\"\/hr\/vile-bazen-hrvatska\/\">\n    <div class=\"filters-landing-card position-relative rounded\">\n        <div class=\"card lozad position-relative card-img-top\" data-background-image=\"https:\/\/villsy.com\/wp-content\/uploads\/villa_Horto-800x600.jpg\" style=\"height: 300px;\">\n        <\/div>\n        <div class=\"position-absolute container bottom-0 w-100 px-lg-4 px-3\">\n            <div class=\"bg-dark bg-opacity-75 rounded py-lg-4 px-lg-4 p-3 my-3\">\n                <div class=\"h3 mt-0 mb-1 text-warning slab\">Vile s bazenom u Hrvatskoj<\/div>\n                                    <h3 class=\"text-white slab small mb-0\"> Prona\u0111ite savr\u0161enu vilu s bazenom<\/h3>\n                            <\/div>\n        <\/div>\n    <\/div>\n<\/a> \n    <\/div>\n \n\n\t\n<\/div>\n\n\n\n<hr class=\"wp-block-separator has-alpha-channel-opacity\" id=\"block-620e19a6-46b9-4708-a277-543f327e6c70\"\/>\n\n\n\n<h3 id=\"block-7f9327fe-1ed6-472f-9fe8-f92354ba88f8\">Informacije:<\/h3>\n\n\n\n<p id=\"block-0fb92d54-cd06-4617-8a2d-14f1cb32bf23\"><strong>VILLSY doo \u2013 dru\u0161tvo s ograni\u010denom odgovorno\u0161\u0107u za najam nekretnina, turizam i usluge putni\u010dke agencije<\/strong> | Mati\u010dni broj: 130093085 \u2013 Trgova\u010dki sud Pazin | <strong>PDV<\/strong> broj: HR17191292654<\/p>\n\n\n\n<p id=\"block-f41eab70-d264-40c8-829a-0ae43153b7ad\">IBAN: HR62 2340 0091 1110 0258 1 | PRIVREDNA BANKA ZAGREB dd, Radni\u010dka cesta 50, 10000 Zagreb | SWIFT kod: PBZGHR22<\/p>\n\n\n\n<p id=\"block-f7b7d707-0814-4dea-a862-b8be90a66290\">ADRESA: Kastavska 18, 52000 Pazin, Hrvatska<br> DIREKTOR: Toni Hrelja<br> VODITELJICA AGENCIJE: Suzana Hrelja<br> RADNO VRIJEME: pon-pet 9-17<br> E-po\u0161ta: <a href=\"mailto:info@villsy.com\">info@villsy.com<\/a><br> Web-stranica: <a href=\"https:\/\/villsy.com\/hr\/\">www.villsy.com<\/a><br> TEL: +385 91 585 2596<\/p>\n","protected":false},"excerpt":{"rendered":"<p>Na\u0161a pri\u010da U Villsyju vjerujemo da odmor treba biti vi\u0161e od samog boravka \u2013 to treba biti iskustvo koje se pamti. Na\u0161e putovanje zapo\u010delo je 2008. godine , kada smo izgradili na\u0161u prvu vilu u sredi\u0161njoj Istri. Ono \u0161to je zapo\u010delo kao osobni projekt ubrzo se pretvorilo u ne\u0161to puno ve\u0107e. Do 2013. godine po\u010deli [&hellip;]<\/p>\n","protected":false},"author":2,"featured_media":0,"parent":0,"menu_order":0,"comment_status":"closed","ping_status":"closed","template":"templates\/other.php","meta":[],"yoast_head":"<!-- This site is optimized with the Yoast SEO Premium plugin v19.2.1 (Yoast SEO v19.6.1) - https:\/\/yoast.com\/wordpress\/plugins\/seo\/ -->\n<title>Na\u0161a pri\u010da | Villsy \u2013 Pa\u017eljivo odabrane vile u Istri i Hrvatskoj<\/title>\n<meta name=\"description\" content=\"Rezervirajte vilu iz snova u Istri ili Hrvatskoj s Villsyjem. Pouzdana lokalna agencija koja nudi vrhunske vile s bazenima, najbolje cijene i osobnu podr\u0161ku.\" \/>\n<meta name=\"robots\" content=\"index, follow, max-snippet:-1, max-image-preview:large, max-video-preview:-1\" \/>\n<link rel=\"canonical\" href=\"https:\/\/villsy.com\/hr\/o-nama\/\" \/>\n<meta property=\"og:locale\" content=\"hr_HR\" \/>\n<meta property=\"og:type\" content=\"website\" \/>\n<meta property=\"og:title\" content=\"Na\u0161a pri\u010da | Villsy \u2013 Pa\u017eljivo odabrane vile u Istri i Hrvatskoj\" \/>\n<meta property=\"og:description\" content=\"Rezervirajte vilu iz snova u Istri ili Hrvatskoj s Villsyjem. Pouzdana lokalna agencija koja nudi vrhunske vile s bazenima, najbolje cijene i osobnu podr\u0161ku.\" \/>\n<meta property=\"og:url\" content=\"https:\/\/villsy.com\/hr\/o-nama\/\" \/>\n<meta property=\"og:site_name\" content=\"Villsy\" \/>\n<meta property=\"article:modified_time\" content=\"2025-10-07T14:23:44+00:00\" \/>\n<meta property=\"og:image\" content=\"https:\/\/villsy.com\/wp-content\/uploads\/villa_casa-nina22-1350x900.jpg\" \/>\n<meta name=\"twitter:card\" content=\"summary_large_image\" \/>\n<meta name=\"twitter:label1\" content=\"Est. reading time\" \/>\n\t<meta name=\"twitter:data1\" content=\"4 minute\" \/>\n<!-- \/ Yoast SEO Premium plugin. -->","yoast_head_json":{"title":"Na\u0161a pri\u010da | Villsy \u2013 Pa\u017eljivo odabrane vile u Istri i Hrvatskoj","description":"Rezervirajte vilu iz snova u Istri ili Hrvatskoj s Villsyjem. Pouzdana lokalna agencija koja nudi vrhunske vile s bazenima, najbolje cijene i osobnu podr\u0161ku.","robots":{"index":"index","follow":"follow","max-snippet":"max-snippet:-1","max-image-preview":"max-image-preview:large","max-video-preview":"max-video-preview:-1"},"canonical":"https:\/\/villsy.com\/hr\/o-nama\/","og_locale":"hr_HR","og_type":"website","og_title":"Na\u0161a pri\u010da | Villsy \u2013 Pa\u017eljivo odabrane vile u Istri i Hrvatskoj","og_description":"Rezervirajte vilu iz snova u Istri ili Hrvatskoj s Villsyjem. Pouzdana lokalna agencija koja nudi vrhunske vile s bazenima, najbolje cijene i osobnu podr\u0161ku.","og_url":"https:\/\/villsy.com\/hr\/o-nama\/","og_site_name":"Villsy","article_modified_time":"2025-10-07T14:23:44+00:00","og_image":[{"url":"https:\/\/villsy.com\/wp-content\/uploads\/villa_casa-nina22-1350x900.jpg"}],"twitter_card":"summary_large_image","twitter_misc":{"Est. reading time":"4 minute"},"schema":{"@context":"https:\/\/schema.org","@graph":[{"@type":"WebPage","@id":"https:\/\/villsy.com\/hr\/o-nama\/","url":"https:\/\/villsy.com\/hr\/o-nama\/","name":"Na\u0161a pri\u010da | Villsy \u2013 Pa\u017eljivo odabrane vile u Istri i Hrvatskoj","isPartOf":{"@id":"https:\/\/villsy.com\/hr\/#website"},"datePublished":"2025-10-07T11:43:25+00:00","dateModified":"2025-10-07T14:23:44+00:00","description":"Rezervirajte vilu iz snova u Istri ili Hrvatskoj s Villsyjem. Pouzdana lokalna agencija koja nudi vrhunske vile s bazenima, najbolje cijene i osobnu podr\u0161ku.","breadcrumb":{"@id":"https:\/\/villsy.com\/hr\/o-nama\/#breadcrumb"},"inLanguage":"hr","potentialAction":[{"@type":"ReadAction","target":["https:\/\/villsy.com\/hr\/o-nama\/"]}]},{"@type":"BreadcrumbList","@id":"https:\/\/villsy.com\/hr\/o-nama\/#breadcrumb","itemListElement":[{"@type":"ListItem","position":1,"name":"Villsy","item":"https:\/\/villsy.com\/hr\/"},{"@type":"ListItem","position":2,"name":"O nama"}]},{"@type":"WebSite","@id":"https:\/\/villsy.com\/hr\/#website","url":"https:\/\/villsy.com\/hr\/","name":"Villsy","description":"Just another WordPress site","potentialAction":[{"@type":"SearchAction","target":{"@type":"EntryPoint","urlTemplate":"https:\/\/villsy.com\/hr\/?s={search_term_string}"},"query-input":"required name=search_term_string"}],"inLanguage":"hr"}]}},"_links":{"self":[{"href":"https:\/\/villsy.com\/hr\/wp-json\/wp\/v2\/pages\/30538"}],"collection":[{"href":"https:\/\/villsy.com\/hr\/wp-json\/wp\/v2\/pages"}],"about":[{"href":"https:\/\/villsy.com\/hr\/wp-json\/wp\/v2\/types\/page"}],"author":[{"embeddable":true,"href":"https:\/\/villsy.com\/hr\/wp-json\/wp\/v2\/users\/2"}],"replies":[{"embeddable":true,"href":"https:\/\/villsy.com\/hr\/wp-json\/wp\/v2\/comments?post=30538"}],"version-history":[{"count":5,"href":"https:\/\/villsy.com\/hr\/wp-json\/wp\/v2\/pages\/30538\/revisions"}],"predecessor-version":[{"id":30591,"href":"https:\/\/villsy.com\/hr\/wp-json\/wp\/v2\/pages\/30538\/revisions\/30591"}],"wp:attachment":[{"href":"https:\/\/villsy.com\/hr\/wp-json\/wp\/v2\/media?parent=30538"}],"curies":[{"name":"wp","href":"https:\/\/api.w.org\/{rel}","templated":true}]}}