{"id":4043,"date":"2022-07-19T12:04:42","date_gmt":"2022-07-19T12:04:42","guid":{"rendered":"https:\/\/villsy.com\/?page_id=4043"},"modified":"2025-10-07T10:47:25","modified_gmt":"2025-10-07T10:47:25","slug":"contactez-nous","status":"publish","type":"page","link":"https:\/\/villsy.com\/fr\/contactez-nous\/","title":{"rendered":"Contact  FR"},"content":{"rendered":"\n<h2 class=\"has-text-align-center\" id=\"h-nous-sommes-la-pour-vous-aider-planifions-ensemble-vos-vacances-parfaites\">Nous sommes l\u00e0 pour vous aider \u2013 planifions ensemble vos vacances parfaites.<\/h2>\n\n\n\n<div style=\"height:40px\" aria-hidden=\"true\" class=\"wp-block-spacer\"><\/div>\n\n\n\n<p class=\"has-text-align-center\">Vous avez des questions sur nos magnifiques villas en Istrie ou besoin d\u2019aide pour choisir celle qui conviendra le mieux \u00e0 votre s\u00e9jour ?<\/p>\n\n\n\n<p class=\"has-text-align-center\">Que vous souhaitiez v\u00e9rifier la disponibilit\u00e9, organiser votre s\u00e9jour ou obtenir plus de d\u00e9tails, notre \u00e9quipe sympathique est \u00e0 votre disposition ! Contactez-nous par t\u00e9l\u00e9phone, e-mail ou via le formulaire ci-dessous, et nous vous fournirons toutes les informations n\u00e9cessaires pour des vacances sans souci et en toute s\u00e9r\u00e9nit\u00e9.<\/p>\n\n\n\n<p class=\"has-text-align-center\">Nous avons h\u00e2te d\u2019avoir de vos nouvelles !<\/p>\n\n\n\n<h3 class=\"has-text-align-center\"><strong>Villsy \u2013 votre partenaire local pour des vacances parfaites en Croatie.<\/strong><\/h3>\n\n\n\n<p><\/p>\n\n\n\n<form class=\"form-contact card shadow border p-4\">\n    <h2 class=\"mb-4\">\n            <\/h2>\n    <div class=\"row\">\n        <div class=\"col-lg-6 col-12\">\n            <div class=\"form-group  mb-3 \">\n                <label for=\"name\">Nom*<\/label>\n                <input required=\"\" name=\"name\" type=\"text\" class=\"form-control  bg-transparent\" id=\"contact-name\" placeholder=\"Nom\">\n            <\/div>\n        <\/div>\n        <div class=\"col-lg-6 col-12\">\n            <div class=\"form-group  mb-3\">\n                <label for=\"surname\">Nom de famille*<\/label>\n                <input required=\"\" name=\"surname\" type=\"text\" class=\"form-control  bg-transparent\" id=\"contact-surname\" placeholder=\"Nom de famille\">\n            <\/div>\n        <\/div>\n\n        <div class=\"col-lg-6 col-12\">\n            <div class=\"form-group  mb-3\">\n                <label for=\"email\">Courriel*<\/label>\n                <input required=\"\" name=\"email\" type=\"email\" class=\"form-control  bg-transparent\" id=\"contact-email\" placeholder=\"Courriel\"> \n            <\/div>\n        <\/div>\n        <div class=\"col-lg-6 col-12\">\n            <div class=\"form-group  mb-3\">\n                <label for=\"phone\">T\u00e9l\u00e9phone*<\/label>\n                <input name=\"phone\" type=\"text\" class=\"form-control  bg-transparent\" id=\"contact-tel\" placeholder=\"T\u00e9l\u00e9phone\">\n            <\/div>\n        <\/div>\n        <div class=\"col-12\">\n            <div class=\"form-group  mb-3\">\n                <label for=\"message\">message*<\/label>\n                <textarea name=\"message\" type=\"text\" rows=\"5\" class=\"form-control  bg-transparent\" id=\"contact-text\" placeholder=\"message\"><\/textarea>\n            <\/div>\n        <\/div>\n        <div class=\"col-12 mb-3\">\n            <div class=\"form-check\">\n                <input required type=\"checkbox\" class=\"form-check-input\" name=\"agree\" id=\"agree\">\n                <label class=\"form-check-label\" for=\"agree\">\n                    J'ai lu et j'accepte la <a href='\/fr\/privacy-policy\/'>politique de confidentialit\u00e9<\/a>                <\/label>\n            <\/div>\n        <\/div>\n\n    <\/div>\n    <div class=\"row no-gutters\">\n        <div class=\"col-lg-8\">\n            <div>\n                Ce site est prot\u00e9g\u00e9 par reCAPTCHA et applique la <a href='https:\/\/policies.google.com\/privacy' target='_blank'>la politique de confidentialit\u00e9 de Google<\/a> et la <a href='https:\/\/policies.google.com\/terms' target='_blank'>Conditions d'utilisation<\/a>.            <\/div>\n        <\/div>\n        <div class=\"col-lg\">\n            <div class=\"d-flex flex-row justify-content-end\">\n                <button type=\"submit\" class=\"btn btn-primary contact-btn\">\n                    Envoyer le message\n                <\/button>\n                <div class=\"contact-spinner d-none spinner-border align-items-center justify-content-center\" role=\"status\">\n                    <i class=\"las la-envelope la-lg\"><\/i>\n                    <span class=\"sr-only\">Chargement...<\/span>\n                <\/div>\n            <\/div>\n        <\/div>\n    <\/div>\n<\/form>\n\n\n\n<div id=\"contact-modal\" class=\"modal fade\" tabindex=\"-1\" role=\"dialog\">\n  <div class=\"modal-dialog\">\n    <div class=\"modal-content\">\n      <div class=\"modal-header\">\n        <h5 class=\"modal-title font-weight-light\">\n            Merci pour votre int\u00e9r\u00eat.        <\/h5>\n        <button type=\"button\" class=\"btn-close\" data-bs-dismiss=\"modal\" aria-label=\"Close\"><\/button>\n      <\/div>\n      <div class=\"modal-body font-weight-normal\">\n        <p class=\"response-output\"><\/p>\n      <\/div>\n      <div class=\"modal-footer\">\n        <button type=\"button\" class=\"btn btn-primary font-weight-bold\" data-bs-dismiss=\"modal\">Fermer<\/button>\n      <\/div>\n    <\/div>\n  <\/div>\n<\/div>\n\n\n\n\n\n<hr class=\"wp-block-separator has-alpha-channel-opacity\"\/>\n\n\n\n<h3 id=\"h-imprint\">Imprint:<\/h3>\n\n\n\n<p><strong>VILLSY d.o.o.<\/strong> \u2013 soci\u00e9t\u00e9 \u00e0 responsabilit\u00e9 limit\u00e9e pour la location de biens immobiliers, le tourisme et les services d\u2019agence de voyages <\/p>\n\n\n\n<p>Num\u00e9ro d\u2019enregistrement : <strong>130093085 \u2013 Tribunal de commerce de Pazin<\/strong> | Num\u00e9ro de TVA : <strong>HR17191292654<\/strong><\/p>\n\n\n\n<p>IBAN: HR62 2340 0091 1110 0258 1 | PRIVREDNA BANKA ZAGREB d.d., Radni\u010dka cesta 50, 10000 Zagreb | SWIFT code: PBZGHR22<\/p>\n\n\n\n<p>ADRESSE: Kastavska 18, 52000 Pazin, Croatia<br> <br>DIRECTEUR G\u00c9N\u00c9RAL: Toni Hrelja<br>RESPONSABLE D\u2019AGENCE: Suzana Hrelja<br><strong>HEURES D\u2019OUVERTURE :<\/strong> Lundi\u2013Vendredi 9h\u201317h<br>E-mail: <a href=\"mailto:info@villsy.com\">info@villsy.com<\/a><br>Web: <a href=\"\/\">www.villsy.com<\/a><br>TEL: +385 91 585 2596<\/p>\n","protected":false},"excerpt":{"rendered":"<p>Nous sommes l\u00e0 pour vous aider \u2013 planifions ensemble vos vacances parfaites. Vous avez des questions sur nos magnifiques villas en Istrie ou besoin d\u2019aide pour choisir celle qui conviendra le mieux \u00e0 votre s\u00e9jour ? Que vous souhaitiez v\u00e9rifier la disponibilit\u00e9, organiser votre s\u00e9jour ou obtenir plus de d\u00e9tails, notre \u00e9quipe sympathique est \u00e0 [&hellip;]<\/p>\n","protected":false},"author":1,"featured_media":0,"parent":0,"menu_order":0,"comment_status":"closed","ping_status":"closed","template":"templates\/other.php","meta":[],"yoast_head":"<!-- This site is optimized with the Yoast SEO Premium plugin v19.2.1 (Yoast SEO v19.6.1) - https:\/\/yoast.com\/wordpress\/plugins\/seo\/ -->\n<title>Contactez-nous - Trouvez et r\u00e9servez des Villas avec piscines<\/title>\n<meta name=\"description\" content=\"Contactez-nous - Recherchez et r\u00e9servez des maisons de vacances avec piscine chez Villsy. Louez une villa pour vos vacances en famille ou entre amis, la maison enti\u00e8re rien que pour vous.\" \/>\n<meta name=\"robots\" content=\"index, follow, max-snippet:-1, max-image-preview:large, max-video-preview:-1\" \/>\n<link rel=\"canonical\" href=\"https:\/\/villsy.com\/fr\/contactez-nous\/\" \/>\n<meta property=\"og:locale\" content=\"fr_FR\" \/>\n<meta property=\"og:type\" content=\"website\" \/>\n<meta property=\"og:title\" content=\"Kontakt\" \/>\n<meta property=\"og:description\" content=\"Kontaktieren Sie uns - Suchen und buchen Sie Ferienh\u00e4user mit Pool bei Villsy. Mieten Sie eine Villa f\u00fcr Ihren Urlaub mit Familie oder Freunden, das ganze Haus nur f\u00fcr Sie.\" \/>\n<meta property=\"og:url\" content=\"https:\/\/villsy.com\/fr\/contactez-nous\/\" \/>\n<meta property=\"og:site_name\" content=\"Villsy\" \/>\n<meta property=\"article:modified_time\" content=\"2025-10-07T10:47:25+00:00\" \/>\n<meta name=\"twitter:card\" content=\"summary_large_image\" \/>\n<meta name=\"twitter:title\" content=\"Kontakt\" \/>\n<meta name=\"twitter:description\" content=\"Kontaktieren Sie uns - Suchen und buchen Sie Ferienh\u00e4user mit Pool bei Villsy. Mieten Sie eine Villa f\u00fcr Ihren Urlaub mit Familie oder Freunden, das ganze Haus nur f\u00fcr Sie.\" \/>\n<meta name=\"twitter:label1\" content=\"Est. reading time\" \/>\n\t<meta name=\"twitter:data1\" content=\"1 minute\" \/>\n<!-- \/ Yoast SEO Premium plugin. -->","yoast_head_json":{"title":"Contactez-nous - Trouvez et r\u00e9servez des Villas avec piscines","description":"Contactez-nous - Recherchez et r\u00e9servez des maisons de vacances avec piscine chez Villsy. Louez une villa pour vos vacances en famille ou entre amis, la maison enti\u00e8re rien que pour vous.","robots":{"index":"index","follow":"follow","max-snippet":"max-snippet:-1","max-image-preview":"max-image-preview:large","max-video-preview":"max-video-preview:-1"},"canonical":"https:\/\/villsy.com\/fr\/contactez-nous\/","og_locale":"fr_FR","og_type":"website","og_title":"Kontakt","og_description":"Kontaktieren Sie uns - Suchen und buchen Sie Ferienh\u00e4user mit Pool bei Villsy. Mieten Sie eine Villa f\u00fcr Ihren Urlaub mit Familie oder Freunden, das ganze Haus nur f\u00fcr Sie.","og_url":"https:\/\/villsy.com\/fr\/contactez-nous\/","og_site_name":"Villsy","article_modified_time":"2025-10-07T10:47:25+00:00","twitter_card":"summary_large_image","twitter_title":"Kontakt","twitter_description":"Kontaktieren Sie uns - Suchen und buchen Sie Ferienh\u00e4user mit Pool bei Villsy. Mieten Sie eine Villa f\u00fcr Ihren Urlaub mit Familie oder Freunden, das ganze Haus nur f\u00fcr Sie.","twitter_misc":{"Est. reading time":"1 minute"},"schema":{"@context":"https:\/\/schema.org","@graph":[{"@type":"WebPage","@id":"https:\/\/villsy.com\/fr\/contactez-nous\/","url":"https:\/\/villsy.com\/fr\/contactez-nous\/","name":"Contactez-nous - Trouvez et r\u00e9servez des Villas avec piscines","isPartOf":{"@id":"https:\/\/villsy.com\/fr\/#website"},"datePublished":"2022-07-19T12:04:42+00:00","dateModified":"2025-10-07T10:47:25+00:00","description":"Contactez-nous - Recherchez et r\u00e9servez des maisons de vacances avec piscine chez Villsy. Louez une villa pour vos vacances en famille ou entre amis, la maison enti\u00e8re rien que pour vous.","breadcrumb":{"@id":"https:\/\/villsy.com\/fr\/contactez-nous\/#breadcrumb"},"inLanguage":"fr","potentialAction":[{"@type":"ReadAction","target":["https:\/\/villsy.com\/fr\/contactez-nous\/"]}]},{"@type":"BreadcrumbList","@id":"https:\/\/villsy.com\/fr\/contactez-nous\/#breadcrumb","itemListElement":[{"@type":"ListItem","position":1,"name":"Villsy","item":"https:\/\/villsy.com\/fr\/"},{"@type":"ListItem","position":2,"name":"Contact FR"}]},{"@type":"WebSite","@id":"https:\/\/villsy.com\/fr\/#website","url":"https:\/\/villsy.com\/fr\/","name":"Villsy","description":"Just another WordPress site","potentialAction":[{"@type":"SearchAction","target":{"@type":"EntryPoint","urlTemplate":"https:\/\/villsy.com\/fr\/?s={search_term_string}"},"query-input":"required name=search_term_string"}],"inLanguage":"fr"}]}},"_links":{"self":[{"href":"https:\/\/villsy.com\/fr\/wp-json\/wp\/v2\/pages\/4043"}],"collection":[{"href":"https:\/\/villsy.com\/fr\/wp-json\/wp\/v2\/pages"}],"about":[{"href":"https:\/\/villsy.com\/fr\/wp-json\/wp\/v2\/types\/page"}],"author":[{"embeddable":true,"href":"https:\/\/villsy.com\/fr\/wp-json\/wp\/v2\/users\/1"}],"replies":[{"embeddable":true,"href":"https:\/\/villsy.com\/fr\/wp-json\/wp\/v2\/comments?post=4043"}],"version-history":[{"count":8,"href":"https:\/\/villsy.com\/fr\/wp-json\/wp\/v2\/pages\/4043\/revisions"}],"predecessor-version":[{"id":30512,"href":"https:\/\/villsy.com\/fr\/wp-json\/wp\/v2\/pages\/4043\/revisions\/30512"}],"wp:attachment":[{"href":"https:\/\/villsy.com\/fr\/wp-json\/wp\/v2\/media?parent=4043"}],"curies":[{"name":"wp","href":"https:\/\/api.w.org\/{rel}","templated":true}]}}