{"id":4499,"date":"2022-08-24T08:40:28","date_gmt":"2022-08-24T08:40:28","guid":{"rendered":"https:\/\/villsy.com\/?page_id=4499"},"modified":"2023-07-28T09:45:45","modified_gmt":"2023-07-28T09:45:45","slug":"garantia-del-precio-mas-bajo","status":"publish","type":"page","link":"https:\/\/villsy.com\/es\/garantia-del-precio-mas-bajo\/","title":{"rendered":"Lowest price ES"},"content":{"rendered":"<div class=\"wp-block-image\">\n<figure class=\"aligncenter size-medium\"><img loading=\"lazy\" width=\"300\" height=\"300\" src=\"https:\/\/villsy.com\/wp-content\/uploads\/bagde-bestprice-new-300x300.png\" alt=\"\" class=\"wp-image-4253\" srcset=\"https:\/\/villsy.com\/wp-content\/uploads\/bagde-bestprice-new-300x300.png 300w, https:\/\/villsy.com\/wp-content\/uploads\/bagde-bestprice-new.png 647w\" sizes=\"(max-width: 300px) 100vw, 300px\" \/><\/figure><\/div>\n\n\n<h1 id=\"h-para-asegurarnos-de-que-obtenga-el-mejor-servicio-posible-en-villsy-podemos-garantizar-lo-siguiente\"><strong>Para asegurarnos de que obtenga el mejor servicio posible en Villsy, podemos garantizar lo siguiente:<\/strong><\/h1>\n\n\n\n<ul><li>Nuestro sitio web siempre le ofrecer\u00e1&nbsp;<strong>los precios m\u00e1s bajos posibles<\/strong>&nbsp;cuando realice sus reservas.<\/li><li>Si alguna vez encuentra una oferta mejor que la que ofrecemos, p\u00f3ngase en contacto con nosotros e&nbsp;<strong>igualaremos ese precio<\/strong>&nbsp;.<\/li><li>Todas las villas han sido minuciosamente inspeccionadas por nuestro equipo.&nbsp;<strong>Somos una agencia de turismo con licencia completa<\/strong>&nbsp;.<\/li><li>Todas las descripciones de las villas enumeradas en Villsy son&nbsp;<strong>100% precisas y las ubicaciones de las villas son exactas.<\/strong><\/li><li>Todas y cada una de las villas han sido inspeccionadas por todos los organismos reguladores pertinentes de la Rep\u00fablica de Croacia.<\/li><li>Los calendarios son precisos y se actualizan regularmente.<\/li><li>Todos los propietarios de las villas est\u00e1n obligados por contrato a&nbsp;<strong>mantener las villas en el estado que se ajusta a la descripci\u00f3n dada en este sitio web.<\/strong><\/li><li>Solo usted y las personas que lo acompa\u00f1an pueden usar las villas cuando las alquila.&nbsp;Otros invitados y los propietarios no pueden usarlos ni nada m\u00e1s en la propiedad.<\/li><li>Las tarifas incluyen todas las tarifas e impuestos, como el IVA, el impuesto tur\u00edstico y todos los servicios p\u00fablicos.&nbsp;<strong>No hay costos ocultos.<\/strong><\/li><li>Siempre podr\u00e1 comunicarse con un administrador de la propiedad que puede ayudarlo con la reserva, mantenerse en contacto con usted antes de que venga y estar a su servicio durante su estad\u00eda.<\/li><\/ul>\n","protected":false},"excerpt":{"rendered":"<p>Para asegurarnos de que obtenga el mejor servicio posible en Villsy, podemos garantizar lo siguiente: Nuestro sitio web siempre le ofrecer\u00e1&nbsp;los precios m\u00e1s bajos posibles&nbsp;cuando realice sus reservas. Si alguna vez encuentra una oferta mejor que la que ofrecemos, p\u00f3ngase en contacto con nosotros e&nbsp;igualaremos ese precio&nbsp;. Todas las villas han sido minuciosamente inspeccionadas por [&hellip;]<\/p>\n","protected":false},"author":1,"featured_media":0,"parent":0,"menu_order":0,"comment_status":"closed","ping_status":"closed","template":"templates\/other.php","meta":[],"yoast_head":"<!-- This site is optimized with the Yoast SEO Premium plugin v19.2.1 (Yoast SEO v19.6.1) - https:\/\/yoast.com\/wordpress\/plugins\/seo\/ -->\n<title>Garant\u00eda del precio m\u00e1s bajo - Villsy<\/title>\n<meta name=\"description\" content=\"Garant\u00eda de precio m\u00e1s bajo: encuentre y reserve villas con piscinas con Villsy. Alquila una Villa para tus vacaciones en familia o con amigos, toda la casa solo para ti.\" \/>\n<meta name=\"robots\" content=\"index, follow, max-snippet:-1, max-image-preview:large, max-video-preview:-1\" \/>\n<link rel=\"canonical\" href=\"https:\/\/villsy.com\/es\/garantia-del-precio-mas-bajo\/\" \/>\n<meta property=\"og:locale\" content=\"es_ES\" \/>\n<meta property=\"og:type\" content=\"website\" \/>\n<meta property=\"og:title\" content=\"Garant\u00eda del precio m\u00e1s bajo\" \/>\n<meta property=\"og:description\" content=\"Garant\u00eda de precio m\u00e1s bajo: encuentre y reserve villas con piscinas con Villsy. Alquila una Villa para tus vacaciones en familia o con amigos, toda la casa solo para ti.\" \/>\n<meta property=\"og:url\" content=\"https:\/\/villsy.com\/es\/garantia-del-precio-mas-bajo\/\" \/>\n<meta property=\"og:site_name\" content=\"Villsy\" \/>\n<meta property=\"article:modified_time\" content=\"2023-07-28T09:45:45+00:00\" \/>\n<meta property=\"og:image\" content=\"https:\/\/villsy.com\/wp-content\/uploads\/bagde-bestprice-new-300x300.png\" \/>\n<meta name=\"twitter:card\" content=\"summary_large_image\" \/>\n<meta name=\"twitter:title\" content=\"Garant\u00eda del precio m\u00e1s bajo\" \/>\n<meta name=\"twitter:description\" content=\"Garant\u00eda de precio m\u00e1s bajo: encuentre y reserve villas con piscinas con Villsy. Alquila una Villa para tus vacaciones en familia o con amigos, toda la casa solo para ti.\" \/>\n<meta name=\"twitter:label1\" content=\"Est. reading time\" \/>\n\t<meta name=\"twitter:data1\" content=\"2 minutes\" \/>\n<!-- \/ Yoast SEO Premium plugin. -->","yoast_head_json":{"title":"Garant\u00eda del precio m\u00e1s bajo - Villsy","description":"Garant\u00eda de precio m\u00e1s bajo: encuentre y reserve villas con piscinas con Villsy. Alquila una Villa para tus vacaciones en familia o con amigos, toda la casa solo para ti.","robots":{"index":"index","follow":"follow","max-snippet":"max-snippet:-1","max-image-preview":"max-image-preview:large","max-video-preview":"max-video-preview:-1"},"canonical":"https:\/\/villsy.com\/es\/garantia-del-precio-mas-bajo\/","og_locale":"es_ES","og_type":"website","og_title":"Garant\u00eda del precio m\u00e1s bajo","og_description":"Garant\u00eda de precio m\u00e1s bajo: encuentre y reserve villas con piscinas con Villsy. Alquila una Villa para tus vacaciones en familia o con amigos, toda la casa solo para ti.","og_url":"https:\/\/villsy.com\/es\/garantia-del-precio-mas-bajo\/","og_site_name":"Villsy","article_modified_time":"2023-07-28T09:45:45+00:00","og_image":[{"url":"https:\/\/villsy.com\/wp-content\/uploads\/bagde-bestprice-new-300x300.png"}],"twitter_card":"summary_large_image","twitter_title":"Garant\u00eda del precio m\u00e1s bajo","twitter_description":"Garant\u00eda de precio m\u00e1s bajo: encuentre y reserve villas con piscinas con Villsy. Alquila una Villa para tus vacaciones en familia o con amigos, toda la casa solo para ti.","twitter_misc":{"Est. reading time":"2 minutes"},"schema":{"@context":"https:\/\/schema.org","@graph":[{"@type":"WebPage","@id":"https:\/\/villsy.com\/es\/garantia-del-precio-mas-bajo\/","url":"https:\/\/villsy.com\/es\/garantia-del-precio-mas-bajo\/","name":"Garant\u00eda del precio m\u00e1s bajo - Villsy","isPartOf":{"@id":"https:\/\/villsy.com\/es\/#website"},"datePublished":"2022-08-24T08:40:28+00:00","dateModified":"2023-07-28T09:45:45+00:00","description":"Garant\u00eda de precio m\u00e1s bajo: encuentre y reserve villas con piscinas con Villsy. Alquila una Villa para tus vacaciones en familia o con amigos, toda la casa solo para ti.","breadcrumb":{"@id":"https:\/\/villsy.com\/es\/garantia-del-precio-mas-bajo\/#breadcrumb"},"inLanguage":"es","potentialAction":[{"@type":"ReadAction","target":["https:\/\/villsy.com\/es\/garantia-del-precio-mas-bajo\/"]}]},{"@type":"BreadcrumbList","@id":"https:\/\/villsy.com\/es\/garantia-del-precio-mas-bajo\/#breadcrumb","itemListElement":[{"@type":"ListItem","position":1,"name":"Villsy","item":"https:\/\/villsy.com\/es\/"},{"@type":"ListItem","position":2,"name":"Lowest price ES"}]},{"@type":"WebSite","@id":"https:\/\/villsy.com\/es\/#website","url":"https:\/\/villsy.com\/es\/","name":"Villsy","description":"Just another WordPress site","potentialAction":[{"@type":"SearchAction","target":{"@type":"EntryPoint","urlTemplate":"https:\/\/villsy.com\/es\/?s={search_term_string}"},"query-input":"required name=search_term_string"}],"inLanguage":"es"}]}},"_links":{"self":[{"href":"https:\/\/villsy.com\/es\/wp-json\/wp\/v2\/pages\/4499"}],"collection":[{"href":"https:\/\/villsy.com\/es\/wp-json\/wp\/v2\/pages"}],"about":[{"href":"https:\/\/villsy.com\/es\/wp-json\/wp\/v2\/types\/page"}],"author":[{"embeddable":true,"href":"https:\/\/villsy.com\/es\/wp-json\/wp\/v2\/users\/1"}],"replies":[{"embeddable":true,"href":"https:\/\/villsy.com\/es\/wp-json\/wp\/v2\/comments?post=4499"}],"version-history":[{"count":2,"href":"https:\/\/villsy.com\/es\/wp-json\/wp\/v2\/pages\/4499\/revisions"}],"predecessor-version":[{"id":12146,"href":"https:\/\/villsy.com\/es\/wp-json\/wp\/v2\/pages\/4499\/revisions\/12146"}],"wp:attachment":[{"href":"https:\/\/villsy.com\/es\/wp-json\/wp\/v2\/media?parent=4499"}],"curies":[{"name":"wp","href":"https:\/\/api.w.org\/{rel}","templated":true}]}}