{"id":4466,"date":"2022-08-24T06:49:42","date_gmt":"2022-08-24T06:49:42","guid":{"rendered":"https:\/\/villsy.com\/?page_id=4466"},"modified":"2022-08-24T08:01:09","modified_gmt":"2022-08-24T08:01:09","slug":"preguntas-frecuentes","status":"publish","type":"page","link":"https:\/\/villsy.com\/es\/preguntas-frecuentes\/","title":{"rendered":"Faq ES"},"content":{"rendered":"\n<h1 class=\"pb-5\">Preguntas frecuentes<\/h1>\n\n\n\n<h2>COSTOS Y PAGO&nbsp;&nbsp;<\/h2>\n\n\n\n<h4>1. \u00bfPor qu\u00e9 es obligatorio el dep\u00f3sito?<\/h4>\n\n\n\n<p>El dep\u00f3sito es obligatorio para reservar su propiedad y evitar que alguien m\u00e1s la reserve para las mismas fechas.&nbsp;El dep\u00f3sito suele ser del 30% del precio total.&nbsp;No cargaremos su tarjeta de cr\u00e9dito antes de que enviemos la confirmaci\u00f3n de la reserva, que generalmente demora 24 horas.<\/p>\n\n\n\n<p>Como el dep\u00f3sito no es reembolsable, le recomendamos que contrate un seguro de vacaciones.<\/p>\n\n\n\n<h4>2. \u00bfCu\u00e1ndo pago el monto total?<\/h4>\n\n\n\n<p>El monto total generalmente se debe pagar entre 8 y 12 semanas antes de que se vaya de vacaciones.&nbsp;Le informaremos del pr\u00f3ximo pago.<\/p>\n\n\n\n<h4>3. \u00bfQu\u00e9 pasa con la cancelaci\u00f3n de vacaciones?<\/h4>\n\n\n\n<p>H\u00e1ganos saber que desea cancelar sus vacaciones lo antes posible.&nbsp;No podemos reembolsar el dep\u00f3sito que pag\u00f3 para asegurar su reserva.&nbsp;Sin embargo, si logramos alquilar la propiedad a otros hu\u00e9spedes por el mismo per\u00edodo y precio, es posible que podamos reembolsar parte del dep\u00f3sito o incluso el dep\u00f3sito completo menos las tarifas transaccionales.<\/p>\n\n\n\n<h4>4. Dep\u00f3sito de seguridad: \u00bfpara qu\u00e9 sirve?<\/h4>\n\n\n\n<p>Si deja la villa limpia, ordenada y en las mismas condiciones que estaba, no se preocupe.&nbsp;Su dep\u00f3sito de da\u00f1os ser\u00e1 devuelto.<\/p>\n\n\n\n<h4>5. \u00bfC\u00f3mo y cu\u00e1ndo pago el dep\u00f3sito de seguridad?<\/h4>\n\n\n\n<p>El dep\u00f3sito de seguridad se paga directamente al propietario y se devuelve al final de su estad\u00eda.<\/p>\n\n\n\n<h4>6. \u00bfHay alg\u00fan costo adicional?<\/h4>\n\n\n\n<p>Siempre confirmamos todos los costos relacionados con el alquiler de la villa.&nbsp;No debe haber otros costos.<\/p>\n\n\n\n<p>Las excepciones pueden ser:<\/p>\n\n\n\n<ul><li>dep\u00f3sito de seguridad<\/li><li>mascotas (se le informar\u00e1 en la reserva)<\/li><li>piscinas climatizadas en abril, mayo, junio, septiembre y octubre.&nbsp;Por favor, pregunte si desea utilizar la calefacci\u00f3n de la piscina.<\/li><\/ul>\n\n\n\n<h4>7. \u00bfSe aplica IVA?<\/h4>\n\n\n\n<p>Todos nuestros precios incluyen IVA, sin recargo para ti.<\/p>\n\n\n\n<h4>8. \u00bfEstamos vinculados a ATOL?<\/h4>\n\n\n\n<p>No, solo ofrecemos alojamiento y no se aplica el requisito de fianza ATOL.<\/p>\n\n\n\n<h2>OTRO<\/h2>\n\n\n\n<h4>1. \u00bfNecesito el coche?<\/h4>\n\n\n\n<p>Depende de la ubicaci\u00f3n de la propiedad y sus requisitos.&nbsp;Algunas de las villas son remotas, por lo que el uso del autom\u00f3vil es esencial.<\/p>\n\n\n\n<h4>2. \u00bfD\u00f3nde est\u00e1 el aeropuerto m\u00e1s cercano?<\/h4>\n\n\n\n<p>Toda la informaci\u00f3n est\u00e1 en la pesta\u00f1a de ubicaci\u00f3n.&nbsp;Todas las propiedades est\u00e1n en la ubicaci\u00f3n exacta.&nbsp;Si necesita m\u00e1s ayuda, p\u00f3ngase en contacto con nosotros.<\/p>\n\n\n\n<h4>3. \u00bfLa villa es apta para ni\u00f1os?<\/h4>\n\n\n\n<p>En resumen, s\u00ed.&nbsp;La mayor\u00eda de las viviendas son aptas para ni\u00f1os y disponen de cunas y tronas.&nbsp;Si viaja con ni\u00f1os por favor av\u00edsenos.<\/p>\n\n\n\n<h4>4. Mascotas<\/h4>\n\n\n\n<p>Algunas villas admiten mascotas y otras no.&nbsp;La mayor\u00eda de los propietarios permiten mascotas de buen comportamiento por un peque\u00f1o recargo.&nbsp;Tambi\u00e9n aparece en nuestra web y en funci\u00f3n de filtro qu\u00e9 villas admiten mascotas.<\/p>\n\n\n\n<h4>5. \u00bfLa piscina es segura para los ni\u00f1os?<\/h4>\n\n\n\n<p>Por lo general, no hay barreras para la piscina, as\u00ed que t\u00e9ngalo en cuenta cuando reserve la villa.&nbsp;Por lo general, la profundidad de la piscina es de 1,3 a 1,6 metros.<\/p>\n\n\n\n<h4>6. \u00bfLos due\u00f1os viven en el lugar?<\/h4>\n\n\n\n<p>En el 99% de los casos &#8211; no.&nbsp;El due\u00f1o puede vivir cerca pero en la otra casa.&nbsp;Todas nuestras villas son solo para su uso exclusivo.<\/p>\n","protected":false},"excerpt":{"rendered":"<p>Preguntas frecuentes COSTOS Y PAGO&nbsp;&nbsp; 1. \u00bfPor qu\u00e9 es obligatorio el dep\u00f3sito? El dep\u00f3sito es obligatorio para reservar su propiedad y evitar que alguien m\u00e1s la reserve para las mismas fechas.&nbsp;El dep\u00f3sito suele ser del 30% del precio total.&nbsp;No cargaremos su tarjeta de cr\u00e9dito antes de que enviemos la confirmaci\u00f3n de la reserva, que generalmente [&hellip;]<\/p>\n","protected":false},"author":1,"featured_media":0,"parent":0,"menu_order":0,"comment_status":"closed","ping_status":"closed","template":"templates\/other.php","meta":[],"yoast_head":"<!-- This site is optimized with the Yoast SEO Premium plugin v19.2.1 (Yoast SEO v19.6.1) - https:\/\/yoast.com\/wordpress\/plugins\/seo\/ -->\n<title>Preguntas frecuentes - Villsy<\/title>\n<meta name=\"description\" content=\"Encuentre preguntas frecuentes sobre el alquiler de una villa con Villsy.\" \/>\n<meta name=\"robots\" content=\"index, follow, max-snippet:-1, max-image-preview:large, max-video-preview:-1\" \/>\n<link rel=\"canonical\" href=\"https:\/\/villsy.com\/es\/preguntas-frecuentes\/\" \/>\n<meta property=\"og:locale\" content=\"es_ES\" \/>\n<meta property=\"og:type\" content=\"website\" \/>\n<meta property=\"og:title\" content=\"Preguntas frecuentes\" \/>\n<meta property=\"og:description\" content=\"Encuentre preguntas frecuentes sobre el alquiler de una villa con Villsy.\" \/>\n<meta property=\"og:url\" content=\"https:\/\/villsy.com\/es\/preguntas-frecuentes\/\" \/>\n<meta property=\"og:site_name\" content=\"Villsy\" \/>\n<meta property=\"article:modified_time\" content=\"2022-08-24T08:01:09+00:00\" \/>\n<meta name=\"twitter:card\" content=\"summary_large_image\" \/>\n<meta name=\"twitter:title\" content=\"Preguntas frecuentes\" \/>\n<meta name=\"twitter:description\" content=\"Encuentre preguntas frecuentes sobre el alquiler de una villa con Villsy.\" \/>\n<meta name=\"twitter:label1\" content=\"Est. reading time\" \/>\n\t<meta name=\"twitter:data1\" content=\"3 minutes\" \/>\n<!-- \/ Yoast SEO Premium plugin. -->","yoast_head_json":{"title":"Preguntas frecuentes - Villsy","description":"Encuentre preguntas frecuentes sobre el alquiler de una villa con Villsy.","robots":{"index":"index","follow":"follow","max-snippet":"max-snippet:-1","max-image-preview":"max-image-preview:large","max-video-preview":"max-video-preview:-1"},"canonical":"https:\/\/villsy.com\/es\/preguntas-frecuentes\/","og_locale":"es_ES","og_type":"website","og_title":"Preguntas frecuentes","og_description":"Encuentre preguntas frecuentes sobre el alquiler de una villa con Villsy.","og_url":"https:\/\/villsy.com\/es\/preguntas-frecuentes\/","og_site_name":"Villsy","article_modified_time":"2022-08-24T08:01:09+00:00","twitter_card":"summary_large_image","twitter_title":"Preguntas frecuentes","twitter_description":"Encuentre preguntas frecuentes sobre el alquiler de una villa con Villsy.","twitter_misc":{"Est. reading time":"3 minutes"},"schema":{"@context":"https:\/\/schema.org","@graph":[{"@type":"WebPage","@id":"https:\/\/villsy.com\/es\/preguntas-frecuentes\/","url":"https:\/\/villsy.com\/es\/preguntas-frecuentes\/","name":"Preguntas frecuentes - Villsy","isPartOf":{"@id":"https:\/\/villsy.com\/es\/#website"},"datePublished":"2022-08-24T06:49:42+00:00","dateModified":"2022-08-24T08:01:09+00:00","description":"Encuentre preguntas frecuentes sobre el alquiler de una villa con Villsy.","breadcrumb":{"@id":"https:\/\/villsy.com\/es\/preguntas-frecuentes\/#breadcrumb"},"inLanguage":"es","potentialAction":[{"@type":"ReadAction","target":["https:\/\/villsy.com\/es\/preguntas-frecuentes\/"]}]},{"@type":"BreadcrumbList","@id":"https:\/\/villsy.com\/es\/preguntas-frecuentes\/#breadcrumb","itemListElement":[{"@type":"ListItem","position":1,"name":"Villsy","item":"https:\/\/villsy.com\/es\/"},{"@type":"ListItem","position":2,"name":"Faq ES"}]},{"@type":"WebSite","@id":"https:\/\/villsy.com\/es\/#website","url":"https:\/\/villsy.com\/es\/","name":"Villsy","description":"Just another WordPress site","potentialAction":[{"@type":"SearchAction","target":{"@type":"EntryPoint","urlTemplate":"https:\/\/villsy.com\/es\/?s={search_term_string}"},"query-input":"required name=search_term_string"}],"inLanguage":"es"}]}},"_links":{"self":[{"href":"https:\/\/villsy.com\/es\/wp-json\/wp\/v2\/pages\/4466"}],"collection":[{"href":"https:\/\/villsy.com\/es\/wp-json\/wp\/v2\/pages"}],"about":[{"href":"https:\/\/villsy.com\/es\/wp-json\/wp\/v2\/types\/page"}],"author":[{"embeddable":true,"href":"https:\/\/villsy.com\/es\/wp-json\/wp\/v2\/users\/1"}],"replies":[{"embeddable":true,"href":"https:\/\/villsy.com\/es\/wp-json\/wp\/v2\/comments?post=4466"}],"version-history":[{"count":2,"href":"https:\/\/villsy.com\/es\/wp-json\/wp\/v2\/pages\/4466\/revisions"}],"predecessor-version":[{"id":4468,"href":"https:\/\/villsy.com\/es\/wp-json\/wp\/v2\/pages\/4466\/revisions\/4468"}],"wp:attachment":[{"href":"https:\/\/villsy.com\/es\/wp-json\/wp\/v2\/media?parent=4466"}],"curies":[{"name":"wp","href":"https:\/\/api.w.org\/{rel}","templated":true}]}}