{"id":4075,"date":"2022-07-19T12:04:42","date_gmt":"2022-07-19T12:04:42","guid":{"rendered":"https:\/\/villsy.com\/?page_id=4075"},"modified":"2025-10-07T11:28:39","modified_gmt":"2025-10-07T11:28:39","slug":"contactenos","status":"publish","type":"page","link":"https:\/\/villsy.com\/es\/contactenos\/","title":{"rendered":"Contact ES"},"content":{"rendered":"\n<h2 class=\"has-text-align-center\" id=\"h-estamos-aqui-para-ayudarte-planifiquemos-juntos-tus-vacaciones-perfectas\">Estamos aqu\u00ed para ayudarte \u2013 planifiquemos juntos tus vacaciones perfectas.<\/h2>\n\n\n\n<div style=\"height:40px\" aria-hidden=\"true\" class=\"wp-block-spacer\"><\/div>\n\n\n\n<p class=\"has-text-align-center\">\u00bfTienes preguntas sobre nuestras impresionantes villas en Istria o necesitas ayuda para elegir la ideal para tu estancia?<\/p>\n\n\n\n<p class=\"has-text-align-center\">Ya sea que quieras comprobar la disponibilidad, planificar tu viaje o recibir m\u00e1s informaci\u00f3n, \u00a1nuestro amable equipo est\u00e1 aqu\u00ed para ayudarte! Ponte en contacto con nosotros por tel\u00e9fono, correo electr\u00f3nico o mediante el formulario que encontrar\u00e1s a continuaci\u00f3n, y te proporcionaremos toda la informaci\u00f3n necesaria para unas vacaciones sin preocupaciones y completamente relajadas.<\/p>\n\n\n\n<p class=\"has-text-align-center\">\u00a1Esperamos saber de ti muy pronto!<\/p>\n\n\n\n<h3 class=\"has-text-align-center\"><strong>Villsy \u2013 tu socio local para unas vacaciones perfectas en Croacia.<\/strong><\/h3>\n\n\n\n<p><\/p>\n\n\n\n<form class=\"form-contact card shadow border p-4\">\n    <h2 class=\"mb-4\">\n            <\/h2>\n    <div class=\"row\">\n        <div class=\"col-lg-6 col-12\">\n            <div class=\"form-group  mb-3 \">\n                <label for=\"name\">Nombre*<\/label>\n                <input required=\"\" name=\"name\" type=\"text\" class=\"form-control  bg-transparent\" id=\"contact-name\" placeholder=\"Nombre\">\n            <\/div>\n        <\/div>\n        <div class=\"col-lg-6 col-12\">\n            <div class=\"form-group  mb-3\">\n                <label for=\"surname\">Apellido*<\/label>\n                <input required=\"\" name=\"surname\" type=\"text\" class=\"form-control  bg-transparent\" id=\"contact-surname\" placeholder=\"Apellido\">\n            <\/div>\n        <\/div>\n\n        <div class=\"col-lg-6 col-12\">\n            <div class=\"form-group  mb-3\">\n                <label for=\"email\">correo electronico*<\/label>\n                <input required=\"\" name=\"email\" type=\"email\" class=\"form-control  bg-transparent\" id=\"contact-email\" placeholder=\"correo electronico\"> \n            <\/div>\n        <\/div>\n        <div class=\"col-lg-6 col-12\">\n            <div class=\"form-group  mb-3\">\n                <label for=\"phone\">Tel\u00e9fono*<\/label>\n                <input name=\"phone\" type=\"text\" class=\"form-control  bg-transparent\" id=\"contact-tel\" placeholder=\"Tel\u00e9fono\">\n            <\/div>\n        <\/div>\n        <div class=\"col-12\">\n            <div class=\"form-group  mb-3\">\n                <label for=\"message\">Mensaje*<\/label>\n                <textarea name=\"message\" type=\"text\" rows=\"5\" class=\"form-control  bg-transparent\" id=\"contact-text\" placeholder=\"Mensaje\"><\/textarea>\n            <\/div>\n        <\/div>\n        <div class=\"col-12 mb-3\">\n            <div class=\"form-check\">\n                <input required type=\"checkbox\" class=\"form-check-input\" name=\"agree\" id=\"agree\">\n                <label class=\"form-check-label\" for=\"agree\">\n                    He le\u00eddo y acepto la <a href=\"\/es\/privacy-policy\/\">pol\u00edtica de privacidad<\/a>                <\/label>\n            <\/div>\n        <\/div>\n\n    <\/div>\n    <div class=\"row no-gutters\">\n        <div class=\"col-lg-8\">\n            <div>\n                Este sitio est\u00e1 protegido con reCAPTCHA y aplica la <a href=\"https:\/\/policies.google.com\/privacy\" target=\"_blank\">Pol\u00edtica de privacidad de Google<\/a> y <a href=\" https:\/\/policies.google.com\/terms\" target=\"_blank\">Condiciones de servicio<\/a>.            <\/div>\n        <\/div>\n        <div class=\"col-lg\">\n            <div class=\"d-flex flex-row justify-content-end\">\n                <button type=\"submit\" class=\"btn btn-primary contact-btn\">\n                    Enviar mensaje\n                <\/button>\n                <div class=\"contact-spinner d-none spinner-border align-items-center justify-content-center\" role=\"status\">\n                    <i class=\"las la-envelope la-lg\"><\/i>\n                    <span class=\"sr-only\">Cargando...<\/span>\n                <\/div>\n            <\/div>\n        <\/div>\n    <\/div>\n<\/form>\n\n\n\n<div id=\"contact-modal\" class=\"modal fade\" tabindex=\"-1\" role=\"dialog\">\n  <div class=\"modal-dialog\">\n    <div class=\"modal-content\">\n      <div class=\"modal-header\">\n        <h5 class=\"modal-title font-weight-light\">\n            Gracias por su inter\u00e9s.        <\/h5>\n        <button type=\"button\" class=\"btn-close\" data-bs-dismiss=\"modal\" aria-label=\"Close\"><\/button>\n      <\/div>\n      <div class=\"modal-body font-weight-normal\">\n        <p class=\"response-output\"><\/p>\n      <\/div>\n      <div class=\"modal-footer\">\n        <button type=\"button\" class=\"btn btn-primary font-weight-bold\" data-bs-dismiss=\"modal\">Cerrar<\/button>\n      <\/div>\n    <\/div>\n  <\/div>\n<\/div>\n\n\n\n\n\n<hr class=\"wp-block-separator has-alpha-channel-opacity\"\/>\n\n\n\n<h3 id=\"h-imprint\">Imprint:<\/h3>\n\n\n\n<p><strong><strong>VILLSY d.o.o.<\/strong> \u2013 sociedad de responsabilidad limitada dedicada al alquiler de propiedades, turismo y servicios de agencia de viajes<br>N\u00famero de registro: <strong>130093085 \u2013 Tribunal Mercantil de Pazin<\/strong> | NIF (IVA): <strong>HR17191292654<\/strong><\/strong><\/p>\n\n\n\n<p>IBAN: HR62 2340 0091 1110 0258 1 | PRIVREDNA BANKA ZAGREB d.d., Radni\u010dka cesta 50, 10000 Zagreb | SWIFT code: PBZGHR22<\/p>\n\n\n\n<p>DIRECCI\u00d3N: Kastavska 18, 52000 Pazin, Croatia<br> <br><strong>DIRECTOR GENERAL:<\/strong> Toni Hrelja<br><strong>JEFA DE AGENCIA:<\/strong> Suzana Hrelja<br><strong>HORARIO DE OFICINA:<\/strong> Lunes\u2013Viernes 9:00\u201317:00<br>E-mail: <a href=\"mailto:info@villsy.com\">info@villsy.com<\/a><br>Web: <a href=\"\/\">www.villsy.com<\/a><br>TEL: +385 91 585 2596<\/p>\n","protected":false},"excerpt":{"rendered":"<p>Estamos aqu\u00ed para ayudarte \u2013 planifiquemos juntos tus vacaciones perfectas. \u00bfTienes preguntas sobre nuestras impresionantes villas en Istria o necesitas ayuda para elegir la ideal para tu estancia? Ya sea que quieras comprobar la disponibilidad, planificar tu viaje o recibir m\u00e1s informaci\u00f3n, \u00a1nuestro amable equipo est\u00e1 aqu\u00ed para ayudarte! Ponte en contacto con nosotros por [&hellip;]<\/p>\n","protected":false},"author":1,"featured_media":0,"parent":0,"menu_order":0,"comment_status":"closed","ping_status":"closed","template":"templates\/other.php","meta":[],"yoast_head":"<!-- This site is optimized with the Yoast SEO Premium plugin v19.2.1 (Yoast SEO v19.6.1) - https:\/\/yoast.com\/wordpress\/plugins\/seo\/ -->\n<title>Cont\u00e1ctenos - Buscar y reservar Villas con piscinas con Villsy<\/title>\n<meta name=\"description\" content=\"Cont\u00e1ctenos - Encuentre y reserve villas con piscinas con Villsy. Alquile una Villa para sus vacaciones en familia o con amigos, toda la casa solo para usted.\" \/>\n<meta name=\"robots\" content=\"index, follow, max-snippet:-1, max-image-preview:large, max-video-preview:-1\" \/>\n<link rel=\"canonical\" href=\"https:\/\/villsy.com\/es\/contactenos\/\" \/>\n<meta property=\"og:locale\" content=\"es_ES\" \/>\n<meta property=\"og:type\" content=\"website\" \/>\n<meta property=\"og:title\" content=\"Cont\u00e1ctenos\" \/>\n<meta property=\"og:description\" content=\"Cont\u00e1ctenos - Encuentre y reserve villas con piscinas con Villsy. Alquile una Villa para sus vacaciones en familia o con amigos, toda la casa solo para usted.\" \/>\n<meta property=\"og:url\" content=\"https:\/\/villsy.com\/es\/contactenos\/\" \/>\n<meta property=\"og:site_name\" content=\"Villsy\" \/>\n<meta property=\"article:modified_time\" content=\"2025-10-07T11:28:39+00:00\" \/>\n<meta name=\"twitter:card\" content=\"summary_large_image\" \/>\n<meta name=\"twitter:title\" content=\"Cont\u00e1ctenos\" \/>\n<meta name=\"twitter:description\" content=\"Cont\u00e1ctenos - Encuentre y reserve villas con piscinas con Villsy. Alquile una Villa para sus vacaciones en familia o con amigos, toda la casa solo para usted.\" \/>\n<meta name=\"twitter:label1\" content=\"Est. reading time\" \/>\n\t<meta name=\"twitter:data1\" content=\"1 minute\" \/>\n<!-- \/ Yoast SEO Premium plugin. -->","yoast_head_json":{"title":"Cont\u00e1ctenos - Buscar y reservar Villas con piscinas con Villsy","description":"Cont\u00e1ctenos - Encuentre y reserve villas con piscinas con Villsy. Alquile una Villa para sus vacaciones en familia o con amigos, toda la casa solo para usted.","robots":{"index":"index","follow":"follow","max-snippet":"max-snippet:-1","max-image-preview":"max-image-preview:large","max-video-preview":"max-video-preview:-1"},"canonical":"https:\/\/villsy.com\/es\/contactenos\/","og_locale":"es_ES","og_type":"website","og_title":"Cont\u00e1ctenos","og_description":"Cont\u00e1ctenos - Encuentre y reserve villas con piscinas con Villsy. Alquile una Villa para sus vacaciones en familia o con amigos, toda la casa solo para usted.","og_url":"https:\/\/villsy.com\/es\/contactenos\/","og_site_name":"Villsy","article_modified_time":"2025-10-07T11:28:39+00:00","twitter_card":"summary_large_image","twitter_title":"Cont\u00e1ctenos","twitter_description":"Cont\u00e1ctenos - Encuentre y reserve villas con piscinas con Villsy. Alquile una Villa para sus vacaciones en familia o con amigos, toda la casa solo para usted.","twitter_misc":{"Est. reading time":"1 minute"},"schema":{"@context":"https:\/\/schema.org","@graph":[{"@type":"WebPage","@id":"https:\/\/villsy.com\/es\/contactenos\/","url":"https:\/\/villsy.com\/es\/contactenos\/","name":"Cont\u00e1ctenos - Buscar y reservar Villas con piscinas con Villsy","isPartOf":{"@id":"https:\/\/villsy.com\/es\/#website"},"datePublished":"2022-07-19T12:04:42+00:00","dateModified":"2025-10-07T11:28:39+00:00","description":"Cont\u00e1ctenos - Encuentre y reserve villas con piscinas con Villsy. Alquile una Villa para sus vacaciones en familia o con amigos, toda la casa solo para usted.","breadcrumb":{"@id":"https:\/\/villsy.com\/es\/contactenos\/#breadcrumb"},"inLanguage":"es","potentialAction":[{"@type":"ReadAction","target":["https:\/\/villsy.com\/es\/contactenos\/"]}]},{"@type":"BreadcrumbList","@id":"https:\/\/villsy.com\/es\/contactenos\/#breadcrumb","itemListElement":[{"@type":"ListItem","position":1,"name":"Villsy","item":"https:\/\/villsy.com\/es\/"},{"@type":"ListItem","position":2,"name":"Contact ES"}]},{"@type":"WebSite","@id":"https:\/\/villsy.com\/es\/#website","url":"https:\/\/villsy.com\/es\/","name":"Villsy","description":"Just another WordPress site","potentialAction":[{"@type":"SearchAction","target":{"@type":"EntryPoint","urlTemplate":"https:\/\/villsy.com\/es\/?s={search_term_string}"},"query-input":"required name=search_term_string"}],"inLanguage":"es"}]}},"_links":{"self":[{"href":"https:\/\/villsy.com\/es\/wp-json\/wp\/v2\/pages\/4075"}],"collection":[{"href":"https:\/\/villsy.com\/es\/wp-json\/wp\/v2\/pages"}],"about":[{"href":"https:\/\/villsy.com\/es\/wp-json\/wp\/v2\/types\/page"}],"author":[{"embeddable":true,"href":"https:\/\/villsy.com\/es\/wp-json\/wp\/v2\/users\/1"}],"replies":[{"embeddable":true,"href":"https:\/\/villsy.com\/es\/wp-json\/wp\/v2\/comments?post=4075"}],"version-history":[{"count":12,"href":"https:\/\/villsy.com\/es\/wp-json\/wp\/v2\/pages\/4075\/revisions"}],"predecessor-version":[{"id":30526,"href":"https:\/\/villsy.com\/es\/wp-json\/wp\/v2\/pages\/4075\/revisions\/30526"}],"wp:attachment":[{"href":"https:\/\/villsy.com\/es\/wp-json\/wp\/v2\/media?parent=4075"}],"curies":[{"name":"wp","href":"https:\/\/api.w.org\/{rel}","templated":true}]}}