{"id":4428,"date":"2022-08-24T06:49:42","date_gmt":"2022-08-24T06:49:42","guid":{"rendered":"https:\/\/villsy.com\/?page_id=4428"},"modified":"2022-08-24T06:54:37","modified_gmt":"2022-08-24T06:54:37","slug":"haufig-gestellte-fragen","status":"publish","type":"page","link":"https:\/\/villsy.com\/de\/haufig-gestellte-fragen\/","title":{"rendered":"Faq DE"},"content":{"rendered":"\n<h1 class=\"pb-5\">H\u00e4ufig gestellte Fragen<\/h1>\n\n\n\n<h2>KOSTEN UND ZAHLUNG&nbsp;<\/h2>\n\n\n\n<h4>1. Warum ist eine Anzahlung erforderlich?<\/h4>\n\n\n\n<p>Eine Anzahlung ist erforderlich, um Ihre Immobilie zu reservieren und zu verhindern, dass andere Personen diese f\u00fcr denselben Zeitraum buchen. Die H\u00f6he der Anzahlung betr\u00e4gt in der Regel 30 % des Gesamtpreises.<\/p>\n\n\n\n<p>Da die Anzahlung nicht erstattet werden kann, empfehlen wir Ihnen, eine Reiser\u00fccktrittsversicherung abzuschlie\u00dfen.<\/p>\n\n\n\n<h4>2. Wann bezahle ich den vollen Betrag?<\/h4>\n\n\n\n<p>Der volle Betrag ist in der Regel 60 Tage vor Ihrer Abreise f\u00e4llig. Wir werden Ihnen eine Zahlungsaufforderung zukommen lassen.<\/p>\n\n\n\n<h4>3. Wie sieht es mit der Stornierung von Reisen aus?<\/h4>\n\n\n\n<p>Wenn Sie Ihre Reise stornieren m\u00f6chten, teilen Sie uns dies bitte so schnell wie m\u00f6glich mit. Wir k\u00f6nnen die Anzahlung, die Sie zur Sicherung Ihrer Buchung geleistet haben, nicht zur\u00fcckerstatten. Wenn wir es schaffen, die Immobilie f\u00fcr den gleichen Zeitraum und Preis an andere G\u00e4ste zu vermieten, k\u00f6nnen wir m\u00f6glicherweise einen Teil der Anzahlung oder sogar die gesamte Anzahlung abz\u00fcglich Transaktionsgeb\u00fchren zur\u00fcckerstatten.<\/p>\n\n\n\n<h4>4. Mietkaution \u2013 wof\u00fcr ist sie gedacht?<\/h4>\n\n\n\n<p>Wenn Sie die Immobilie sauber, ordentlich und im Originalzustand hinterlassen, m\u00fcssen Sie sich dar\u00fcber keine Sorgen machen. Ihre Kaution wird Ihnen in diesem Fall zur\u00fcckerstattet.<\/p>\n\n\n\n<h4>5. Wie und wann zahle ich die Mietkaution?<\/h4>\n\n\n\n<p>Die Kaution wird direkt an den Hausbesitzer gezahlt und am Ende Ihres Aufenthaltes zur\u00fcckerstattet<\/p>\n\n\n\n<h4>6. Fallen zus\u00e4tzliche Kosten an?<\/h4>\n\n\n\n<p>Wir best\u00e4tigen Ihnen immer alle mit der Immobilie verbundenen Kosten. Es sollten also keine weiteren Kosten anfallen.<\/p>\n\n\n\n<p>Ausnahmen k\u00f6nnen gelten f\u00fcr:<\/p>\n\n\n\n<ul><li>Mietkaution<\/li><li>Haustiere (wird Ihnen bei der Buchung mitgeteilt)<\/li><li>beheizte Pools im April, Mai, Juni, September und Oktober. Wenn Sie die Poolheizung nutzen m\u00f6chten, wenden Sie sich bitte an uns.<\/li><\/ul>\n\n\n\n<h4>7. F\u00e4llt eine Mehrwertsteuer an?<\/h4>\n\n\n\n<p>Alle unsere Preise verstehen sich inklusive Mehrwertsteuer.<\/p>\n\n\n\n<h4>8. Sind wir an ATOL gebunden?<\/h4>\n\n\n\n<p>Nein, wir bieten nur Unterk\u00fcnfte an und die ATOL-Kautionspflicht entf\u00e4llt.<\/p>\n\n\n\n<h2>SONSTIGES<\/h2>\n\n\n\n<h4>1. Brauche ich ein Auto?<\/h4>\n\n\n\n<p>Das h\u00e4ngt von der Lage der Immobilie und Ihren Anforderungen ab. Einige der Immobilien liegen in abgelegenen Gebieten, sodass die Nutzung eines Autos unerl\u00e4sslich ist.<\/p>\n\n\n\n<h4>2. Wo befindet sich der n\u00e4chstgelegene Flughafen?<\/h4>\n\n\n\n<p>Alle diese Informationen befinden sich auf der Registerkarte Standort. Alle Immobilien befinden sich genau an den dort angegebenen Adressen. Wenn Sie noch weitere Hilfe ben\u00f6tigen, kontaktieren Sie uns.<\/p>\n\n\n\n<h4>3. Ist die Immobilie f\u00fcr Kinder geeignet?<\/h4>\n\n\n\n<p>Kurz gesagt: ja. Die meisten Immobilien sind f\u00fcr Kinder geeignet und verf\u00fcgen \u00fcber Kinderbetten und Hochst\u00fchle. Wenn Sie mit Kindern reisen, teilen Sie uns dies bitte mit.<\/p>\n\n\n\n<h4>4. Haustiere<\/h4>\n\n\n\n<p>Einige Villen erlauben Haustiere und andere nicht. Die meisten Besitzer erlauben gut erzogene Haustiere gegen einen kleinen Aufpreis. Sie k\u00f6nnen auf unserer Website die Filterfunktion nutzen, um Villen zu finden, in denen Haustiere erlaubt sind.<\/p>\n\n\n\n<h4>5. Ist der Pool sicher f\u00fcr Kinder?<\/h4>\n\n\n\n<p>F\u00fcr den Pool gibt es in der Regel keine Absperrung, also ber\u00fccksichtigen Sie das bitte, wenn Sie die Villa buchen. Die Beckentiefe betr\u00e4gt meist 1,3 &#8211; 1,6 Meter.<\/p>\n\n\n\n<h4>6. Wohnen die Besitzer auf dem Grundst\u00fcck?<\/h4>\n\n\n\n<p>In 99 % der F\u00e4lle: nein. Die Besitzer wohnen m\u00f6glicherweise auf einem anderen Grundst\u00fcck in der N\u00e4he. Alle unsere Villen sind ausschlie\u00dflich f\u00fcr Ihre Nutzung bestimmt.<\/p>\n","protected":false},"excerpt":{"rendered":"<p>H\u00e4ufig gestellte Fragen KOSTEN UND ZAHLUNG&nbsp; 1. Warum ist eine Anzahlung erforderlich? Eine Anzahlung ist erforderlich, um Ihre Immobilie zu reservieren und zu verhindern, dass andere Personen diese f\u00fcr denselben Zeitraum buchen. Die H\u00f6he der Anzahlung betr\u00e4gt in der Regel 30 % des Gesamtpreises. Da die Anzahlung nicht erstattet werden kann, empfehlen wir Ihnen, eine [&hellip;]<\/p>\n","protected":false},"author":1,"featured_media":0,"parent":0,"menu_order":0,"comment_status":"closed","ping_status":"closed","template":"templates\/other.php","meta":[],"yoast_head":"<!-- This site is optimized with the Yoast SEO Premium plugin v19.2.1 (Yoast SEO v19.6.1) - https:\/\/yoast.com\/wordpress\/plugins\/seo\/ -->\n<title>H\u00e4ufig gestellte Fragen - Villsy<\/title>\n<meta name=\"description\" content=\"Hier finden Sie h\u00e4ufig gestellte Fragen zum Mieten einer Villa bei Villsy.\" \/>\n<meta name=\"robots\" content=\"index, follow, max-snippet:-1, max-image-preview:large, max-video-preview:-1\" \/>\n<link rel=\"canonical\" href=\"https:\/\/villsy.com\/de\/haufig-gestellte-fragen\/\" \/>\n<meta property=\"og:locale\" content=\"de_DE\" \/>\n<meta property=\"og:type\" content=\"website\" \/>\n<meta property=\"og:title\" content=\"H\u00e4ufig gestellte Fragen\" \/>\n<meta property=\"og:description\" content=\"Hier finden Sie h\u00e4ufig gestellte Fragen zum Mieten einer Villa bei Villsy.\" \/>\n<meta property=\"og:url\" content=\"https:\/\/villsy.com\/de\/haufig-gestellte-fragen\/\" \/>\n<meta property=\"og:site_name\" content=\"Villsy\" \/>\n<meta property=\"article:modified_time\" content=\"2022-08-24T06:54:37+00:00\" \/>\n<meta name=\"twitter:card\" content=\"summary_large_image\" \/>\n<meta name=\"twitter:title\" content=\"H\u00e4ufig gestellte Fragen\" \/>\n<meta name=\"twitter:description\" content=\"Hier finden Sie h\u00e4ufig gestellte Fragen zum Mieten einer Villa bei Villsy.\" \/>\n<meta name=\"twitter:label1\" content=\"Est. reading time\" \/>\n\t<meta name=\"twitter:data1\" content=\"3 minutes\" \/>\n<!-- \/ Yoast SEO Premium plugin. -->","yoast_head_json":{"title":"H\u00e4ufig gestellte Fragen - Villsy","description":"Hier finden Sie h\u00e4ufig gestellte Fragen zum Mieten einer Villa bei Villsy.","robots":{"index":"index","follow":"follow","max-snippet":"max-snippet:-1","max-image-preview":"max-image-preview:large","max-video-preview":"max-video-preview:-1"},"canonical":"https:\/\/villsy.com\/de\/haufig-gestellte-fragen\/","og_locale":"de_DE","og_type":"website","og_title":"H\u00e4ufig gestellte Fragen","og_description":"Hier finden Sie h\u00e4ufig gestellte Fragen zum Mieten einer Villa bei Villsy.","og_url":"https:\/\/villsy.com\/de\/haufig-gestellte-fragen\/","og_site_name":"Villsy","article_modified_time":"2022-08-24T06:54:37+00:00","twitter_card":"summary_large_image","twitter_title":"H\u00e4ufig gestellte Fragen","twitter_description":"Hier finden Sie h\u00e4ufig gestellte Fragen zum Mieten einer Villa bei Villsy.","twitter_misc":{"Est. reading time":"3 minutes"},"schema":{"@context":"https:\/\/schema.org","@graph":[{"@type":"WebPage","@id":"https:\/\/villsy.com\/de\/haufig-gestellte-fragen\/","url":"https:\/\/villsy.com\/de\/haufig-gestellte-fragen\/","name":"H\u00e4ufig gestellte Fragen - Villsy","isPartOf":{"@id":"https:\/\/villsy.com\/de\/#website"},"datePublished":"2022-08-24T06:49:42+00:00","dateModified":"2022-08-24T06:54:37+00:00","description":"Hier finden Sie h\u00e4ufig gestellte Fragen zum Mieten einer Villa bei Villsy.","breadcrumb":{"@id":"https:\/\/villsy.com\/de\/haufig-gestellte-fragen\/#breadcrumb"},"inLanguage":"de","potentialAction":[{"@type":"ReadAction","target":["https:\/\/villsy.com\/de\/haufig-gestellte-fragen\/"]}]},{"@type":"BreadcrumbList","@id":"https:\/\/villsy.com\/de\/haufig-gestellte-fragen\/#breadcrumb","itemListElement":[{"@type":"ListItem","position":1,"name":"Villsy","item":"https:\/\/villsy.com\/de\/"},{"@type":"ListItem","position":2,"name":"Faq DE"}]},{"@type":"WebSite","@id":"https:\/\/villsy.com\/de\/#website","url":"https:\/\/villsy.com\/de\/","name":"Villsy","description":"Just another WordPress site","potentialAction":[{"@type":"SearchAction","target":{"@type":"EntryPoint","urlTemplate":"https:\/\/villsy.com\/de\/?s={search_term_string}"},"query-input":"required name=search_term_string"}],"inLanguage":"de"}]}},"_links":{"self":[{"href":"https:\/\/villsy.com\/de\/wp-json\/wp\/v2\/pages\/4428"}],"collection":[{"href":"https:\/\/villsy.com\/de\/wp-json\/wp\/v2\/pages"}],"about":[{"href":"https:\/\/villsy.com\/de\/wp-json\/wp\/v2\/types\/page"}],"author":[{"embeddable":true,"href":"https:\/\/villsy.com\/de\/wp-json\/wp\/v2\/users\/1"}],"replies":[{"embeddable":true,"href":"https:\/\/villsy.com\/de\/wp-json\/wp\/v2\/comments?post=4428"}],"version-history":[{"count":1,"href":"https:\/\/villsy.com\/de\/wp-json\/wp\/v2\/pages\/4428\/revisions"}],"predecessor-version":[{"id":4429,"href":"https:\/\/villsy.com\/de\/wp-json\/wp\/v2\/pages\/4428\/revisions\/4429"}],"wp:attachment":[{"href":"https:\/\/villsy.com\/de\/wp-json\/wp\/v2\/media?parent=4428"}],"curies":[{"name":"wp","href":"https:\/\/api.w.org\/{rel}","templated":true}]}}