{"id":4040,"date":"2022-07-19T12:04:42","date_gmt":"2022-07-19T12:04:42","guid":{"rendered":"https:\/\/villsy.com\/?page_id=4040"},"modified":"2025-10-07T10:25:54","modified_gmt":"2025-10-07T10:25:54","slug":"kontakt","status":"publish","type":"page","link":"https:\/\/villsy.com\/de\/kontakt\/","title":{"rendered":"Contact us DE"},"content":{"rendered":"\n<h2 class=\"has-text-align-center\" id=\"h-wir-sind-fur-sie-da-lassen-sie-uns-gemeinsam-ihren-perfekten-urlaub-planen\">Wir sind f\u00fcr Sie da \u2013 lassen Sie uns gemeinsam Ihren perfekten Urlaub planen.<\/h2>\n\n\n\n<div style=\"height:40px\" aria-hidden=\"true\" class=\"wp-block-spacer\"><\/div>\n\n\n\n<p class=\"has-text-align-center\">Haben Sie Fragen zu unseren atemberaubenden Villen in Istrien oder ben\u00f6tigen Sie Hilfe bei der Auswahl der perfekten Unterkunft f\u00fcr Ihren Aufenthalt?<\/p>\n\n\n\n<p class=\"has-text-align-center\">Ob Sie die Verf\u00fcgbarkeit pr\u00fcfen, Ihren Aufenthalt planen oder weitere Informationen erhalten m\u00f6chten, unser freundliches Team hilft Ihnen gerne weiter! Kontaktieren Sie uns per Telefon, E-Mail oder \u00fcber das untenstehende Formular, und wir stellen Ihnen alle Informationen zur Verf\u00fcgung, die Sie f\u00fcr einen reibungslosen und sorgenfreien Urlaub ben\u00f6tigen.<\/p>\n\n\n\n<p class=\"has-text-align-center\">Wir freuen uns darauf, bald von Ihnen zu h\u00f6ren!<\/p>\n\n\n\n<h3 class=\"has-text-align-center\">Villsy \u2013 Ihr lokaler Partner f\u00fcr den perfekten Urlaub in Kroatien.<\/h3>\n\n\n\n<p><\/p>\n\n\n\n<form class=\"form-contact card shadow border p-4\">\n    <h2 class=\"mb-4\">\n            <\/h2>\n    <div class=\"row\">\n        <div class=\"col-lg-6 col-12\">\n            <div class=\"form-group  mb-3 \">\n                <label for=\"name\">Name*<\/label>\n                <input required=\"\" name=\"name\" type=\"text\" class=\"form-control  bg-transparent\" id=\"contact-name\" placeholder=\"Name\">\n            <\/div>\n        <\/div>\n        <div class=\"col-lg-6 col-12\">\n            <div class=\"form-group  mb-3\">\n                <label for=\"surname\">Nachname*<\/label>\n                <input required=\"\" name=\"surname\" type=\"text\" class=\"form-control  bg-transparent\" id=\"contact-surname\" placeholder=\"Nachname\">\n            <\/div>\n        <\/div>\n\n        <div class=\"col-lg-6 col-12\">\n            <div class=\"form-group  mb-3\">\n                <label for=\"email\">E-Mail*<\/label>\n                <input required=\"\" name=\"email\" type=\"email\" class=\"form-control  bg-transparent\" id=\"contact-email\" placeholder=\"E-Mail\"> \n            <\/div>\n        <\/div>\n        <div class=\"col-lg-6 col-12\">\n            <div class=\"form-group  mb-3\">\n                <label for=\"phone\">Telefon*<\/label>\n                <input name=\"phone\" type=\"text\" class=\"form-control  bg-transparent\" id=\"contact-tel\" placeholder=\"Telefon\">\n            <\/div>\n        <\/div>\n        <div class=\"col-12\">\n            <div class=\"form-group  mb-3\">\n                <label for=\"message\">Nachricht*<\/label>\n                <textarea name=\"message\" type=\"text\" rows=\"5\" class=\"form-control  bg-transparent\" id=\"contact-text\" placeholder=\"Nachricht\"><\/textarea>\n            <\/div>\n        <\/div>\n        <div class=\"col-12 mb-3\">\n            <div class=\"form-check\">\n                <input required type=\"checkbox\" class=\"form-check-input\" name=\"agree\" id=\"agree\">\n                <label class=\"form-check-label\" for=\"agree\">\n                    Ich habe die <a href=\"de\/datenschutzrichtlinie\/\">Datenschutzerkl\u00e4rung<\/a> gelesen und stimme ihr zu.                <\/label>\n            <\/div>\n        <\/div>\n\n    <\/div>\n    <div class=\"row no-gutters\">\n        <div class=\"col-lg-8\">\n            <div>\n                Diese Website ist mit reCAPTCHA gesch\u00fctzt und wendet die <a href=\"https:\/\/policies.google.com\/privacy\" target=\"_blank\">Google-Datenschutzrichtlinie<\/a> und <a href=\" https:\/\/policies.google.com\/terms\" target=\"_blank\">Nutzungsbedingungen<\/a>.            <\/div>\n        <\/div>\n        <div class=\"col-lg\">\n            <div class=\"d-flex flex-row justify-content-end\">\n                <button type=\"submit\" class=\"btn btn-primary contact-btn\">\n                    Nachricht senden\n                <\/button>\n                <div class=\"contact-spinner d-none spinner-border align-items-center justify-content-center\" role=\"status\">\n                    <i class=\"las la-envelope la-lg\"><\/i>\n                    <span class=\"sr-only\">Laden...<\/span>\n                <\/div>\n            <\/div>\n        <\/div>\n    <\/div>\n<\/form>\n\n\n\n<div id=\"contact-modal\" class=\"modal fade\" tabindex=\"-1\" role=\"dialog\">\n  <div class=\"modal-dialog\">\n    <div class=\"modal-content\">\n      <div class=\"modal-header\">\n        <h5 class=\"modal-title font-weight-light\">\n            Vielen Dank f\u00fcr Ihr Interesse.        <\/h5>\n        <button type=\"button\" class=\"btn-close\" data-bs-dismiss=\"modal\" aria-label=\"Close\"><\/button>\n      <\/div>\n      <div class=\"modal-body font-weight-normal\">\n        <p class=\"response-output\"><\/p>\n      <\/div>\n      <div class=\"modal-footer\">\n        <button type=\"button\" class=\"btn btn-primary font-weight-bold\" data-bs-dismiss=\"modal\">Schlie\u00dfen<\/button>\n      <\/div>\n    <\/div>\n  <\/div>\n<\/div>\n\n\n\n\n\n<hr class=\"wp-block-separator has-alpha-channel-opacity\"\/>\n\n\n\n<h3 id=\"h-imprint\">Imprint:<\/h3>\n\n\n\n<p><strong>VILLSY d.o.o. \u2013 Gesellschaft mit beschr\u00e4nkter Haftung f\u00fcr Immobilienvermietung, Tourismus und Reiseb\u00fcrodienstleistungen | Registrierungsnummer: 130093085 \u2013 Trgova\u010dki sud Pazin | Umsatzsteuer-Identifikationsnummer: HR17191292654<\/strong><\/p>\n\n\n\n<p>IBAN: HR62 2340 0091 1110 0258 1 | PRIVREDNA BANKA ZAGREB d.d., Radni\u010dka cesta 50, 10000 Zagreb | SWIFT code: PBZGHR22<\/p>\n\n\n\n<p>ADRESSE: Kastavska 18, 52000 Pazin, Croatia<br> <br><\/p>\n\n\n\n<p>GESCH\u00c4FTSF\u00dcHRER: Toni Hrelja<\/p>\n\n\n\n<p>AGENTURLEITERIN: Suzana Hrelja<\/p>\n\n\n\n<p>\u00d6FFNUNGSZEITEN: Mo\u2013Fr 9\u201317 Uhr<br>E-mail: <a href=\"mailto:info@villsy.com\">info@villsy.com<\/a><br>Web: <a href=\"\/\">www.villsy.com<\/a><br>TEL: +385 91 585 2596<\/p>\n\n\n\n<p><\/p>\n\n\n\n<p><\/p>\n\n\n\n<p><\/p>\n","protected":false},"excerpt":{"rendered":"<p>Wir sind f\u00fcr Sie da \u2013 lassen Sie uns gemeinsam Ihren perfekten Urlaub planen. Haben Sie Fragen zu unseren atemberaubenden Villen in Istrien oder ben\u00f6tigen Sie Hilfe bei der Auswahl der perfekten Unterkunft f\u00fcr Ihren Aufenthalt? Ob Sie die Verf\u00fcgbarkeit pr\u00fcfen, Ihren Aufenthalt planen oder weitere Informationen erhalten m\u00f6chten, unser freundliches Team hilft Ihnen gerne [&hellip;]<\/p>\n","protected":false},"author":1,"featured_media":0,"parent":0,"menu_order":0,"comment_status":"closed","ping_status":"closed","template":"templates\/other.php","meta":[],"yoast_head":"<!-- This site is optimized with the Yoast SEO Premium plugin v19.2.1 (Yoast SEO v19.6.1) - https:\/\/yoast.com\/wordpress\/plugins\/seo\/ -->\n<title>Kontaktieren Sie uns - Finden &amp; buchen Sie Villen mit Pools<\/title>\n<meta name=\"description\" content=\"Kontaktieren Sie uns - Suchen und buchen Sie Ferienh\u00e4user mit Pool bei Villsy. Mieten Sie eine Villa f\u00fcr Ihren Urlaub mit Familie oder Freunden, das ganze Haus nur f\u00fcr Sie.\" \/>\n<meta name=\"robots\" content=\"index, follow, max-snippet:-1, max-image-preview:large, max-video-preview:-1\" \/>\n<link rel=\"canonical\" href=\"https:\/\/villsy.com\/de\/kontakt\/\" \/>\n<meta property=\"og:locale\" content=\"de_DE\" \/>\n<meta property=\"og:type\" content=\"website\" \/>\n<meta property=\"og:title\" content=\"Kontakt\" \/>\n<meta property=\"og:description\" content=\"Kontaktieren Sie uns - Suchen und buchen Sie Ferienh\u00e4user mit Pool bei Villsy. Mieten Sie eine Villa f\u00fcr Ihren Urlaub mit Familie oder Freunden, das ganze Haus nur f\u00fcr Sie.\" \/>\n<meta property=\"og:url\" content=\"https:\/\/villsy.com\/de\/kontakt\/\" \/>\n<meta property=\"og:site_name\" content=\"Villsy\" \/>\n<meta property=\"article:modified_time\" content=\"2025-10-07T10:25:54+00:00\" \/>\n<meta name=\"twitter:card\" content=\"summary_large_image\" \/>\n<meta name=\"twitter:title\" content=\"Kontakt\" \/>\n<meta name=\"twitter:description\" content=\"Kontaktieren Sie uns - Suchen und buchen Sie Ferienh\u00e4user mit Pool bei Villsy. Mieten Sie eine Villa f\u00fcr Ihren Urlaub mit Familie oder Freunden, das ganze Haus nur f\u00fcr Sie.\" \/>\n<meta name=\"twitter:label1\" content=\"Est. reading time\" \/>\n\t<meta name=\"twitter:data1\" content=\"1 minute\" \/>\n<!-- \/ Yoast SEO Premium plugin. -->","yoast_head_json":{"title":"Kontaktieren Sie uns - Finden & buchen Sie Villen mit Pools","description":"Kontaktieren Sie uns - Suchen und buchen Sie Ferienh\u00e4user mit Pool bei Villsy. Mieten Sie eine Villa f\u00fcr Ihren Urlaub mit Familie oder Freunden, das ganze Haus nur f\u00fcr Sie.","robots":{"index":"index","follow":"follow","max-snippet":"max-snippet:-1","max-image-preview":"max-image-preview:large","max-video-preview":"max-video-preview:-1"},"canonical":"https:\/\/villsy.com\/de\/kontakt\/","og_locale":"de_DE","og_type":"website","og_title":"Kontakt","og_description":"Kontaktieren Sie uns - Suchen und buchen Sie Ferienh\u00e4user mit Pool bei Villsy. Mieten Sie eine Villa f\u00fcr Ihren Urlaub mit Familie oder Freunden, das ganze Haus nur f\u00fcr Sie.","og_url":"https:\/\/villsy.com\/de\/kontakt\/","og_site_name":"Villsy","article_modified_time":"2025-10-07T10:25:54+00:00","twitter_card":"summary_large_image","twitter_title":"Kontakt","twitter_description":"Kontaktieren Sie uns - Suchen und buchen Sie Ferienh\u00e4user mit Pool bei Villsy. Mieten Sie eine Villa f\u00fcr Ihren Urlaub mit Familie oder Freunden, das ganze Haus nur f\u00fcr Sie.","twitter_misc":{"Est. reading time":"1 minute"},"schema":{"@context":"https:\/\/schema.org","@graph":[{"@type":"WebPage","@id":"https:\/\/villsy.com\/de\/kontakt\/","url":"https:\/\/villsy.com\/de\/kontakt\/","name":"Kontaktieren Sie uns - Finden & buchen Sie Villen mit Pools","isPartOf":{"@id":"https:\/\/villsy.com\/de\/#website"},"datePublished":"2022-07-19T12:04:42+00:00","dateModified":"2025-10-07T10:25:54+00:00","description":"Kontaktieren Sie uns - Suchen und buchen Sie Ferienh\u00e4user mit Pool bei Villsy. Mieten Sie eine Villa f\u00fcr Ihren Urlaub mit Familie oder Freunden, das ganze Haus nur f\u00fcr Sie.","breadcrumb":{"@id":"https:\/\/villsy.com\/de\/kontakt\/#breadcrumb"},"inLanguage":"de","potentialAction":[{"@type":"ReadAction","target":["https:\/\/villsy.com\/de\/kontakt\/"]}]},{"@type":"BreadcrumbList","@id":"https:\/\/villsy.com\/de\/kontakt\/#breadcrumb","itemListElement":[{"@type":"ListItem","position":1,"name":"Villsy","item":"https:\/\/villsy.com\/de\/"},{"@type":"ListItem","position":2,"name":"Contact us DE"}]},{"@type":"WebSite","@id":"https:\/\/villsy.com\/de\/#website","url":"https:\/\/villsy.com\/de\/","name":"Villsy","description":"Just another WordPress site","potentialAction":[{"@type":"SearchAction","target":{"@type":"EntryPoint","urlTemplate":"https:\/\/villsy.com\/de\/?s={search_term_string}"},"query-input":"required name=search_term_string"}],"inLanguage":"de"}]}},"_links":{"self":[{"href":"https:\/\/villsy.com\/de\/wp-json\/wp\/v2\/pages\/4040"}],"collection":[{"href":"https:\/\/villsy.com\/de\/wp-json\/wp\/v2\/pages"}],"about":[{"href":"https:\/\/villsy.com\/de\/wp-json\/wp\/v2\/types\/page"}],"author":[{"embeddable":true,"href":"https:\/\/villsy.com\/de\/wp-json\/wp\/v2\/users\/1"}],"replies":[{"embeddable":true,"href":"https:\/\/villsy.com\/de\/wp-json\/wp\/v2\/comments?post=4040"}],"version-history":[{"count":7,"href":"https:\/\/villsy.com\/de\/wp-json\/wp\/v2\/pages\/4040\/revisions"}],"predecessor-version":[{"id":30500,"href":"https:\/\/villsy.com\/de\/wp-json\/wp\/v2\/pages\/4040\/revisions\/30500"}],"wp:attachment":[{"href":"https:\/\/villsy.com\/de\/wp-json\/wp\/v2\/media?parent=4040"}],"curies":[{"name":"wp","href":"https:\/\/api.w.org\/{rel}","templated":true}]}}