{"id":3614,"date":"2022-06-27T12:02:40","date_gmt":"2022-06-27T12:02:40","guid":{"rendered":"https:\/\/villsy.com\/?page_id=3614"},"modified":"2023-09-12T12:02:29","modified_gmt":"2023-09-12T12:02:29","slug":"nutzungsbedingungen","status":"publish","type":"page","link":"https:\/\/villsy.com\/de\/nutzungsbedingungen\/","title":{"rendered":"Terms of use DE"},"content":{"rendered":"\n<h1 id=\"h-allgemeinen-geschaftsbedingungen\">Allgemeinen Gesch\u00e4ftsbedingungen<\/h1>\n\n\n\n<p>Die folgenden Allgemeinen Gesch\u00e4ftsbedingungen gelten f\u00fcr die Reisearrangements von Villsy. Sie regeln das Rechtsverh\u00e4ltnis zwischen dem Kunden und Villsy. Soweit nicht anders angegeben, tritt Villsy bei allen Buchungen, die wir f\u00fcr den Kunden vornehmen, nur als Vermittler auf und handelt ausschlie\u00dflich im Auftrag des jeweiligen Reiseb\u00fcros.&nbsp; Die Durchf\u00fchrung der gebuchten Reise geh\u00f6rt nicht zu den vertraglichen Verpflichtungen von Villsy. Im Falle einer Buchung kommt der Reisevertrag ausschlie\u00dflich zwischen dem Kunden und dem jeweiligen Reiseb\u00fcro zustande. Diesbez\u00fcglich verweisen wir auf die Allgemeinen Gesch\u00e4ftsbedingungen der jeweiligen Reiseveranstalter. Sollten f\u00fcr ausgew\u00e4hlte Leistungen besondere Regeln oder Vorschriften gelten, so werden diese dem Kunden vor der Buchung\/dem Kauf angezeigt.<\/p>\n\n\n\n<p>1. Abschluss des Vermittlungsvertrags<\/p>\n\n\n\n<p>1. Mit dem Ausf\u00fcllen der jeweiligen Informationsfelder und dem Abschluss des Buchungsvorgangs bietet der Kunde Villsy den Abschluss eines Reisevermittlungsvertrages verbindlich an. Angebote k\u00f6nnen schriftlich, m\u00fcndlich, fernm\u00fcndlich oder im Wege der elektronischen Kommunikation (Internet) abgegeben werden. Mit der Abgabe eines Angebots im Wege der elektronischen Kommunikation (Internet) bietet der Auftraggeber Villsy den Abschluss eines Reisevermittlungsvertrages durch \u00dcbersendung des Buchungsauftrags verbindlich an. Der Auftraggeber ist f\u00fcr alle in der Bestellung genannten Teilnehmer und deren eigene Verpflichtung verantwortlich.<\/p>\n\n\n\n<p>2. Villsy beh\u00e4lt sich das Recht vor, Angebote anzunehmen. Wenn Villsy oder das Reiseb\u00fcro die Buchung schriftlich, telefonisch, auf elektronischem Wege, per E-Mail (elektronische Post) oder auf andere Weise best\u00e4tigt, kommt ein Vertrag zwischen dem Kunden und dem Reiseb\u00fcro zustande.<\/p>\n\n\n\n<p>3. Der Kunde ist verpflichtet, die Richtigkeit der Buchungsbest\u00e4tigung unverz\u00fcglich zu bescheinigen und den Dienstleister oder Villsy \u00fcber etwaige Ungenauigkeiten oder Abweichungen zu informieren. Mitteilungen \u00fcber Unrichtigkeiten oder Abweichungen, die drei Tage nach Erhalt der Buchungsbest\u00e4tigung erfolgen, werden nicht mehr ber\u00fccksichtigt. Insbesondere berechtigt eine versp\u00e4tete Meldung von Fehlern oder Abweichungen nicht zum R\u00fccktritt vom Vertrag.<\/p>\n\n\n\n<p>4. Villsy berechnet seinen Kunden in der Regel eine Servicegeb\u00fchr f\u00fcr kommerzielle Dienstleistungen. Wenn f\u00fcr die Buchung eine Servicegeb\u00fchr anf\u00e4llt, ist diese im angezeigten Preis der Ferienunterkunft enthalten und wird auch auf dem Angebot auf der Website, im Buchungsvorgang und auf der Rechnung gesondert ausgewiesen. Im Falle einer Stornierung oder Umbuchung wird die Servicegeb\u00fchr nicht zur\u00fcckerstattet.<\/p>\n\n\n\n<p>II. Zahlungs-\/Reisedokumente<\/p>\n\n\n\n<p>1. Nach Best\u00e4tigung der Buchung informiert das Reiseb\u00fcro den Kunden \u00fcber die F\u00e4lligkeit der Anzahlung und der Restzahlung sowie \u00fcber die Zahlungsbedingungen. Bei kurzfristigen Buchungen ist der gesamte Reisepreis sofort zu zahlen.<\/p>\n\n\n\n<p>2. Die Zahlung kann je nach Objekt per Kreditkarte oder Bank\u00fcberweisung erfolgen. Eventuelle \u00c4nderungen im Buchungsablauf bis zur Abreise (z.B. Buchung zus\u00e4tzlicher Leistungen oder Teilstornierungen) haben keinen Einfluss auf die Verk\u00fcrzung der Voranmeldefrist, sie erzeugen eine neue Rechnung, die die Voranmeldung beinhaltet. Alle Kosten, die bei Nichteinl\u00f6sung, R\u00fcckbuchung und interner Bearbeitung entstehen, gehen zu Lasten des Reisenden, sofern die Nichteinl\u00f6sung oder R\u00fcckbuchung nicht von Villsy verursacht wurde. Die im Anmeldeformular erfassten vollst\u00e4ndigen pers\u00f6nlichen Daten wie Name, Adresse und ggf. Kreditkartennummer, IBAN, BIC werden mittels SSL-Technologie verschl\u00fcsselt. Dabei werden die angegebenen Zeichen in einen Code umgewandelt, so dass bei der \u00dcbermittlung der Daten \u00fcber das Internet diese nicht von Unbefugten gelesen werden k\u00f6nnen.<\/p>\n\n\n\n<p>III. R\u00fccktritt des Reisenden \/ Umbuchung<\/p>\n\n\n\n<p>1. Der Kunde kann jederzeit von der Reise und von dem Vermittlungsvertrag zur\u00fccktreten. Ma\u00dfgeblicher Zeitpunkt ist der Zugang der R\u00fccktrittserkl\u00e4rung im jeweiligen Reiseb\u00fcro. Es wird dem Kunden empfohlen, den R\u00fccktritt schriftlich zu erkl\u00e4ren. Ein R\u00fccktritt ist gem\u00e4\u00df den jeweiligen Reiseb\u00fcrobedingungen m\u00f6glich.<\/p>\n\n\n\n<p>2. Die Umbuchung der reservierten und best\u00e4tigten Buchung ist nur durch R\u00fccktritt von der reservierten Buchung und gleichzeitiger Neubuchung einer anderen Reise m\u00f6glich, es sei denn, das Reiseb\u00fcro hat f\u00fcr diese F\u00e4lle gesonderte Regelungen. Gesonderte Regelungen sind in den Reiseb\u00fcro-AGB geregelt. Etwaige Umbuchungsgeb\u00fchren oder zu zahlende Teilreiseverg\u00fctungen im Falle einer Umbuchung richten sich nach den Bedingungen des jeweiligen Reiseb\u00fcros. Villsy ist berechtigt, dem Kunden s\u00e4mtliche Kosten und eine zus\u00e4tzliche Bearbeitungsgeb\u00fchr von 25,00 Euro pro Person f\u00fcr den von anderer Seite gegen\u00fcber Villsy geltend gemachten R\u00fccktritt in Rechnung zu stellen.<\/p>\n\n\n\n<p>3. Villsy kann eine angemessene Erstattung f\u00fcr bereits getroffene Reisevorkehrungen und Aufwendungen verlangen, wenn Villsy Reisen selbst durchf\u00fchrt. Die H\u00f6he der vom Kunden zu zahlenden Geb\u00fchren im Falle einer Stornierung oder eines R\u00fccktritts von der Reise richtet sich nach den gesonderten Reise-AGB von Villsy.<\/p>\n\n\n\n<p>4. Um die beschriebenen Geb\u00fchren f\u00fcr den R\u00fccktritt zu vermeiden, r\u00e4t Villsy dringend zum Abschluss einer Reiseversicherung.<\/p>\n\n\n\n<p>IV. \u00c4nderung von Dienstleistungen und Preisen 2<\/p>\n\n\n\n<p>1. \u00c4nderungen oder Abweichungen einzelner Reiseleistungen von dem vereinbarten Inhalt des Reisevertrages, die nach Vertragsabschluss notwendig werden und die von Villsy oder dem Reiseb\u00fcro nicht wider Treu und Glauben herbeigef\u00fchrt wurden, sind nur gestattet, soweit sie unerheblich sind und den Gesamtzuschnitt der Reise nicht beeintr\u00e4chtigen. Eventuelle Gew\u00e4hrleistungsanspr\u00fcche bleiben unber\u00fchrt, wenn die ge\u00e4nderten Leistungen mit M\u00e4ngeln behaftet sind.<\/p>\n\n\n\n<p>2. Die im Internet gemachten Angaben sind f\u00fcr Villsy grunds\u00e4tzlich verbindlich, sobald sie zur rechtlichen Grundlage des Reisevertrages geworden sind. Villsy beh\u00e4lt sich das Recht vor, \u00c4nderungen der im Internet gemachten Angaben aus sachlich gerechtfertigten, erheblichen und nicht vorhersehbaren Gr\u00fcnden zu erkl\u00e4ren und informiert den Reisenden vor der Buchung.<\/p>\n\n\n\n<p>3. Villsy beh\u00e4lt sich das Recht vor, den mit der Buchung best\u00e4tigten Preis im Falle einer \u00c4nderung der f\u00fcr die Reise geltenden Wechselkurse oder im Falle einer \u00c4nderung der Angaben in dem Umfang zu erh\u00f6hen, wie sich die Erh\u00f6hung auf den Reisepreis auswirkt, wenn zwischen dem Zugang der Reisebest\u00e4tigung und dem vereinbarten Reisetermin ein Zeitraum von vier Monaten liegt. In diesem Fall informiert Villsy den Reisenden unverz\u00fcglich, mindestens jedoch 21 Tage vor Reisebeginn. Eine Preiserh\u00f6hung nach diesem Zeitpunkt ist unzul\u00e4ssig.<\/p>\n\n\n\n<p>V. Haftung von Villsy<\/p>\n\n\n\n<p>1. Grunds\u00e4tzlich ist Villsy nur als Vermittler zwischen dem Kunden und dem Reiseb\u00fcro t\u00e4tig und handelt im Namen und auf Rechnung des Reiseb\u00fcros. In diesem Fall haftet Villsy nicht f\u00fcr die vom Reiseb\u00fcro zu erbringenden Leistungen gegen\u00fcber dem Kunden. Wenn Villsy ausnahmsweise selbst Reisen durchf\u00fchrt, richtet sich die Haftung von Villsy nach den Villsy Reiseveranstalter AGB.<\/p>\n\n\n\n<p>2. Wird Villsy als Vermittler t\u00e4tig, so ist Villsy auf die Angaben des jeweiligen Reiseveranstalters zu den Informationen \u00fcber die Reise angewiesen. Villsy hat keine M\u00f6glichkeit, diese Informationen auf ihre Richtigkeit hin zu \u00fcberpr\u00fcfen. Villsy \u00fcbernimmt daher keine Garantie oder Gew\u00e4hrleistung f\u00fcr die Richtigkeit, Vollst\u00e4ndigkeit oder Aktualit\u00e4t dieser Informationen. Gleiches gilt f\u00fcr weitere Informationen auf der Website, die von Dritten herausgegeben werden.<\/p>\n\n\n\n<p>&nbsp;3. Villsy haftet gegen\u00fcber dem Auftraggeber f\u00fcr eine ordnungsgem\u00e4\u00dfe Vermittlung im Rahmen der Sorgfaltspflicht eines ordentlichen Kaufmanns. Grunds\u00e4tzlich haftet Villsy im Rahmen dieses Vertrages nur bei Fehlen zugesicherter Eigenschaften, Verletzung von Hauptleistungspflichten und sonstigen F\u00e4llen der Verletzung zwingender Vertragspflichten, au\u00dfer bei Vorsatz und grober Fahrl\u00e4ssigkeit. Die Haftung von Villsy ist bei leichtem Verschulden auf den Wert der gebuchten Reise beschr\u00e4nkt, in jedem Fall aber auf den vorhersehbaren und typischen Schaden. Eine verschuldensunabh\u00e4ngige Haftung von Villsy bleibt hiervon unber\u00fchrt. Villsy haftet nicht f\u00fcr leichte Fahrl\u00e4ssigkeit von Hilfspersonen.<\/p>\n\n\n\n<p>VI. Hinweise auf Pass-, Visa-, Devisen- und Gesundheitsvorschriften<\/p>\n\n\n\n<p>1. Jeder Kunde\/Reisende ist f\u00fcr die Einhaltung der geltenden in- und ausl\u00e4ndischen Ein- und Ausreise-, Gesundheits-, Pass- und Visabestimmungen selbst verantwortlich.<\/p>\n\n\n\n<p>&nbsp;2. Bei Angaben zu Pass-, Visa-, Devisen- und Gesundheitsvorschriften auf dieser Website wird davon ausgegangen, dass die Kunden EU-B\u00fcrger sind. Sollte dies nicht der Fall sein, wendet sich der Kunde selbstst\u00e4ndig an die zust\u00e4ndige Botschaft oder das Konsulat. Villsy \u00fcbernimmt keine Garantie oder Gew\u00e4hrleistung f\u00fcr die Richtigkeit, Vollst\u00e4ndigkeit oder Aktualit\u00e4t dieser Informationen, da Villsy auf Angaben Dritter (F\u00f6rderstellen oder Beh\u00f6rden) zu diesen Informationen angewiesen ist, die sich jederzeit \u00e4ndern k\u00f6nnen. Villsy ist insoweit nicht haftbar.<\/p>\n\n\n\n<p>2. Teil: Allgemeine Vorschriften<\/p>\n\n\n\n<p>1. Sollte eine der vorstehenden Bestimmungen unwirksam sein oder werden, so bleiben die \u00fcbrigen Bestimmungen gleichwohl wirksam. Die Wirksamkeit dieses Vertrages als Ganzes bleibt davon unber\u00fchrt. Die Unwirksamkeit des vermittelten Reisevertrages ber\u00fchrt den Vermittlungsvertrag nicht.<\/p>\n\n\n\n<p>2. Ein Vertragsbruch oder der begr\u00fcndete Verdacht eines Vertragsbruchs berechtigt Villsy, den jeweiligen Kunden von der Nutzung dieser Website und\/oder der Dienstleistungen auszuschlie\u00dfen, sobald die get\u00e4tigten Buchungen abgeschlossen sind.<\/p>\n\n\n\n<p>3. Dieser Vertrag stellt die gesamte Vereinbarung zwischen Ihnen und Villsy in Bezug auf diese Website dar und ersetzt alle fr\u00fcheren oder gleichzeitigen Mitteilungen oder Vorschl\u00e4ge, die entweder elektronisch, m\u00fcndlich oder schriftlich zwischen Ihnen und Villsy gemacht wurden.<\/p>\n\n\n\n<p>4. Die Hauptsprache von villsy.com ist Englisch, und alle Beschreibungen und Texte werden in Englisch aktualisiert. Wenn es einen Unterschied in den Beschreibungen von Unterk\u00fcnften &#8211; Ferienh\u00e4user zwischen der Beschreibung in Englisch und einer anderen Sprache, die Beschreibung in englischer Sprache ist relevant.<\/p>\n\n\n\n<p>5. Der Reisende kann den Reisevermittler nur an dessen Hauptgesch\u00e4ftssitz verklagen. F\u00fcr Klagen des Reisevermittlers gegen den Reisenden ist dessen Wohnsitz ma\u00dfgebend, es sei denn, die Klage richtet sich gegen Kaufleute oder Personen, die keinen allgemeinen Gerichtsstand im Inland haben, oder Personen, die nach Abschluss des Vertrages ihren Wohnsitz oder gew\u00f6hnlichen Aufenthaltsort ins Ausland verlegt haben, oder deren Wohnsitz oder gew\u00f6hnlicher Aufenthaltsort zum Zeitpunkt der Klageerhebung nicht bekannt ist. In diesen F\u00e4llen ist das \u00f6rtliche Gericht erster Instanz am Sitz des Vermittlers zust\u00e4ndig.<\/p>\n\n\n\n<p>6. Wir weisen darauf hin, dass der Abruf und die Speicherung des Vertragstextes nur zum Zeitpunkt der Unterzeichnung des Abkommens m\u00f6glich ist. Danach ist er f\u00fcr Sie nicht mehr zug\u00e4nglich.<\/p>\n\n\n\n<p>VILLSY d.o.o.<\/p>\n\n\n\n<p>Kastavska 18<\/p>\n\n\n\n<p>52000 Pazin<\/p>\n\n\n\n<p>OIB:17191292654<\/p>\n","protected":false},"excerpt":{"rendered":"<p>Allgemeinen Gesch\u00e4ftsbedingungen Die folgenden Allgemeinen Gesch\u00e4ftsbedingungen gelten f\u00fcr die Reisearrangements von Villsy. Sie regeln das Rechtsverh\u00e4ltnis zwischen dem Kunden und Villsy. Soweit nicht anders angegeben, tritt Villsy bei allen Buchungen, die wir f\u00fcr den Kunden vornehmen, nur als Vermittler auf und handelt ausschlie\u00dflich im Auftrag des jeweiligen Reiseb\u00fcros.&nbsp; Die Durchf\u00fchrung der gebuchten Reise geh\u00f6rt nicht [&hellip;]<\/p>\n","protected":false},"author":1,"featured_media":0,"parent":0,"menu_order":0,"comment_status":"closed","ping_status":"closed","template":"templates\/other.php","meta":[],"_pll_strings_translations":null,"answer_0":null,"_question_0":null,"question_0":null,"_menu_item_object_id":null,"_menu_item_menu_item_parent":null,"_menu_item_type":null,"_menu_item_url":null,"_menu_item_xfn":null,"_menu_item_classes":null,"_menu_item_target":null,"_menu_item_object":null,"_yoast_wpseo_opengraph-image":null,"_yoast_wpseo_twitter-image":null,"_oembed_5a91e3114bc4b62765bb90ed98032ec1":null,"_oembed_10aba65abe7cb41dedd5991088927e14":null,"_oembed_ce9c5ea0a2c9a30df7e00c51844eb103":null,"_yoast_wpseo_meta-robots-noindex":null,"answer_4":null,"_question_4":null,"question_3":null,"_question_1":null,"_answer_2":null,"answer_2":null,"_question_2":null,"_answer_1":null,"question_2":null,"answer_1":null,"answer_5":null,"_question_5":null,"question_5":null,"answer1":null,"_yoast_wpseo_meta-robots-nofollow":null,"_question1":null,"question1":null,"question_6":null,"_answer_5":null,"_answer_4":null,"question_4":null,"_answer_3":null,"answer_3":null,"tags":null,"_tags":null,"question_1":null,"_question_3":null,"_answer1":null,"_encloseme":null,"_answer_0":null,"_wp_attachment_context":null,"_question_6":null,"answer_6":null,"_answer_6":null,"question_7":null,"_question_7":null,"answer_7":null,"_answer_7":null,"question_8":null,"_question_8":null,"answer_8":null,"_answer_8":null,"question_9":null,"_question_9":null,"answer_9":null,"_answer_9":null,"question_10":null,"_question_10":null,"answer_10":null,"_answer_10":null,"_wp_attachment_image_alt":null,"_yoast_wpseo_primary_category":null,"_yoast_wpseo_bctitle":null,"yoast-structured-data-blocks-images-cache":null,"_wp_attachment_backup_sizes":null,"supplier_ids":null,"_supplier_ids":null,"_oembed_17e3485a0d737723e7479f485109ebfc":null,"_oembed_time_17e3485a0d737723e7479f485109ebfc":null,"_oembed_1f6e22deccb99fd65e328c562c146a12":null,"_oembed_time_1f6e22deccb99fd65e328c562c146a12":null,"_oembed_9f62cc392ff8c3a76480798f08606650":null,"_oembed_time_9f62cc392ff8c3a76480798f08606650":null,"_icl_lang_duplicate_of":null,"_oembed_dfa9f4c917e319d90285d6df0d37b296":null,"_oembed_time_dfa9f4c917e319d90285d6df0d37b296":null,"_oembed_2d2663251ac40698e7721c94a052cc35":null,"_oembed_time_2d2663251ac40698e7721c94a052cc35":null,"_oembed_4cebfa669f9c842495cb1467241983db":null,"_oembed_19aa5faf71857bb024f9e47b8c5595a9":null,"_oembed_time_19aa5faf71857bb024f9e47b8c5595a9":null,"_oembed_349fe16116550be46f6205dc6e0e5f45":null,"_wp_page_template":"templates\/other.php","_edit_lock":"1694520964:2","_edit_last":"2","_yoast_wpseo_title":"Nutzungsbedingungen %%sep%% %%sitename%%","body_class":"","_yoast_wpseo_estimated-reading-time-minutes":"7","_wp_attached_file":null,"_wp_attachment_metadata":null,"_yoast_wpseo_metadesc":null,"_yoast_wpseo_focuskeywords":"[]","_yoast_wpseo_content_score":"30","_yoast_wpseo_opengraph-title":null,"_yoast_wpseo_opengraph-description":null,"_yoast_wpseo_twitter-title":null,"_yoast_wpseo_twitter-description":null,"_body_class":"field_626bf31c79dae","_wp_old_date":null,"_thumbnail_id":null,"_wp_old_slug":null,"_yoast_wpseo_wordproof_timestamp":"","_yoast_wpseo_keywordsynonyms":"[\"\"]","recaptcha":"0","_recaptcha":"field_6336f21b8af83","_yoast_indexnow_last_ping":"1694520150","_wpml_location_migration_done":"1","_wpml_media_featured":"0","_wpml_word_count":null,"_yoast_post_redirect_info":null,"_cms_nav_minihome":null,"_wpml_media_duplicate":"0","_top_nav_excluded":null,"_wp_trash_meta_status":null,"_wp_trash_meta_time":null,"_wp_desired_post_slug":null,"_last_translation_edit_mode":"native-editor","wpml_media_processed":null,"_wpml_post_translation_editor_native":null,"filters":null,"_filters":null,"show_on_homepage":null,"_show_on_homepage":null,"order":null,"_order":null,"show_organization_schema":null,"_show_organization_schema":null,"yoast_head":"<!-- This site is optimized with the Yoast SEO Premium plugin v19.2.1 (Yoast SEO v19.6.1) - https:\/\/yoast.com\/wordpress\/plugins\/seo\/ -->\n<title>Nutzungsbedingungen - Villsy<\/title>\n<meta name=\"robots\" content=\"index, follow, max-snippet:-1, max-image-preview:large, max-video-preview:-1\" \/>\n<link rel=\"canonical\" href=\"https:\/\/villsy.com\/de\/nutzungsbedingungen\/\" \/>\n<meta property=\"og:locale\" content=\"de_DE\" \/>\n<meta property=\"og:type\" content=\"website\" \/>\n<meta property=\"og:title\" content=\"Nutzungsbedingungen - Villsy\" \/>\n<meta property=\"og:description\" content=\"Allgemeinen Gesch\u00e4ftsbedingungen Die folgenden Allgemeinen Gesch\u00e4ftsbedingungen gelten f\u00fcr die Reisearrangements von Villsy. Sie regeln das Rechtsverh\u00e4ltnis zwischen dem Kunden und Villsy. Soweit nicht anders angegeben, tritt Villsy bei allen Buchungen, die wir f\u00fcr den Kunden vornehmen, nur als Vermittler auf und handelt ausschlie\u00dflich im Auftrag des jeweiligen Reiseb\u00fcros.&nbsp; Die Durchf\u00fchrung der gebuchten Reise geh\u00f6rt nicht [&hellip;]\" \/>\n<meta property=\"og:url\" content=\"https:\/\/villsy.com\/de\/nutzungsbedingungen\/\" \/>\n<meta property=\"og:site_name\" content=\"Villsy\" \/>\n<meta property=\"article:modified_time\" content=\"2023-09-12T12:02:29+00:00\" \/>\n<meta name=\"twitter:card\" content=\"summary_large_image\" \/>\n<meta name=\"twitter:label1\" content=\"Est. reading time\" \/>\n\t<meta name=\"twitter:data1\" content=\"7 minutes\" \/>\n<!-- \/ Yoast SEO Premium plugin. -->","yoast_head_json":{"title":"Nutzungsbedingungen - Villsy","robots":{"index":"index","follow":"follow","max-snippet":"max-snippet:-1","max-image-preview":"max-image-preview:large","max-video-preview":"max-video-preview:-1"},"canonical":"https:\/\/villsy.com\/de\/nutzungsbedingungen\/","og_locale":"de_DE","og_type":"website","og_title":"Nutzungsbedingungen - Villsy","og_description":"Allgemeinen Gesch\u00e4ftsbedingungen Die folgenden Allgemeinen Gesch\u00e4ftsbedingungen gelten f\u00fcr die Reisearrangements von Villsy. Sie regeln das Rechtsverh\u00e4ltnis zwischen dem Kunden und Villsy. Soweit nicht anders angegeben, tritt Villsy bei allen Buchungen, die wir f\u00fcr den Kunden vornehmen, nur als Vermittler auf und handelt ausschlie\u00dflich im Auftrag des jeweiligen Reiseb\u00fcros.&nbsp; Die Durchf\u00fchrung der gebuchten Reise geh\u00f6rt nicht [&hellip;]","og_url":"https:\/\/villsy.com\/de\/nutzungsbedingungen\/","og_site_name":"Villsy","article_modified_time":"2023-09-12T12:02:29+00:00","twitter_card":"summary_large_image","twitter_misc":{"Est. reading time":"7 minutes"},"schema":{"@context":"https:\/\/schema.org","@graph":[{"@type":"WebPage","@id":"https:\/\/villsy.com\/de\/nutzungsbedingungen\/","url":"https:\/\/villsy.com\/de\/nutzungsbedingungen\/","name":"Nutzungsbedingungen - Villsy","isPartOf":{"@id":"https:\/\/villsy.com\/de\/#website"},"datePublished":"2022-06-27T12:02:40+00:00","dateModified":"2023-09-12T12:02:29+00:00","breadcrumb":{"@id":"https:\/\/villsy.com\/de\/nutzungsbedingungen\/#breadcrumb"},"inLanguage":"de","potentialAction":[{"@type":"ReadAction","target":["https:\/\/villsy.com\/de\/nutzungsbedingungen\/"]}]},{"@type":"BreadcrumbList","@id":"https:\/\/villsy.com\/de\/nutzungsbedingungen\/#breadcrumb","itemListElement":[{"@type":"ListItem","position":1,"name":"Villsy","item":"https:\/\/villsy.com\/de\/"},{"@type":"ListItem","position":2,"name":"Terms of use DE"}]},{"@type":"WebSite","@id":"https:\/\/villsy.com\/de\/#website","url":"https:\/\/villsy.com\/de\/","name":"Villsy","description":"Just another WordPress site","potentialAction":[{"@type":"SearchAction","target":{"@type":"EntryPoint","urlTemplate":"https:\/\/villsy.com\/de\/?s={search_term_string}"},"query-input":"required name=search_term_string"}],"inLanguage":"de"}]}},"_links":{"self":[{"href":"https:\/\/villsy.com\/de\/wp-json\/wp\/v2\/pages\/3614"}],"collection":[{"href":"https:\/\/villsy.com\/de\/wp-json\/wp\/v2\/pages"}],"about":[{"href":"https:\/\/villsy.com\/de\/wp-json\/wp\/v2\/types\/page"}],"author":[{"embeddable":true,"href":"https:\/\/villsy.com\/de\/wp-json\/wp\/v2\/users\/1"}],"replies":[{"embeddable":true,"href":"https:\/\/villsy.com\/de\/wp-json\/wp\/v2\/comments?post=3614"}],"version-history":[{"count":7,"href":"https:\/\/villsy.com\/de\/wp-json\/wp\/v2\/pages\/3614\/revisions"}],"predecessor-version":[{"id":13694,"href":"https:\/\/villsy.com\/de\/wp-json\/wp\/v2\/pages\/3614\/revisions\/13694"}],"wp:attachment":[{"href":"https:\/\/villsy.com\/de\/wp-json\/wp\/v2\/media?parent=3614"}],"curies":[{"name":"wp","href":"https:\/\/api.w.org\/{rel}","templated":true}]}}