{"id":30572,"date":"2025-10-07T11:43:25","date_gmt":"2025-10-07T11:43:25","guid":{"rendered":"https:\/\/villsy.com\/?page_id=30572"},"modified":"2025-10-07T14:34:02","modified_gmt":"2025-10-07T14:34:02","slug":"uber-uns","status":"publish","type":"page","link":"https:\/\/villsy.com\/de\/uber-uns\/","title":{"rendered":"\u00dcber uns DE"},"content":{"rendered":"\n<h2 id=\"block-0fa009bc-2ad9-4b08-a8cb-298e59bddab0\">Unsere Geschichte<\/h2>\n\n\n\n<p><\/p>\n\n\n\n<h3 id=\"block-1b7a1507-aa64-43b7-b3e1-76e61c9fe724\">Wir von Villsy glauben, dass ein Urlaub mehr als nur ein Aufenthalt sein sollte &#8211; er sollte ein Erlebnis sein, an das man sich gerne erinnert.<\/h3>\n\n\n\n<p id=\"block-cdb3b6c8-cde5-47ce-9bd6-547762a69e33\">Unsere Reise begann <strong>2008<\/strong>, als wir unsere allererste Villa im Zentrum Istriens bauten. Was als pers\u00f6nliches Projekt begann, wurde bald zu etwas viel Gr\u00f6\u00dferem. Im <strong>Jahr 2013<\/strong> begannen wir, unsere Villen selbst zu vermieten und k\u00fcmmerten uns sorgf\u00e4ltig um jedes Detail, um unseren G\u00e4sten einen komfortablen und unbeschwerten Aufenthalt zu erm\u00f6glichen.  <\/p>\n\n\n\n<p id=\"block-fdb32f72-4418-45d0-95b4-07e76830c91f\">Ermutigt durch das positive Feedback und die wachsende Nachfrage haben wir <strong>2019<\/strong> offiziell <strong>Villsy als Agentur f\u00fcr Villenvermietung<\/strong> gegr\u00fcndet. Heute verbindet Villsy G\u00e4ste aus aller Welt mit einer handverlesenen Sammlung von <strong>Ferienh\u00e4usern und Villen in Istrien und ganz Kroatien<\/strong> und bietet moderne Buchungsl\u00f6sungen, lokale Expertise und pers\u00f6nliche Betreuung. <\/p>\n\n\n\n<p id=\"block-eb516fef-1a7d-49e0-9b76-f197672a3c1d\">Angefangen hat alles mit Casa Nina, Villa Rustica und Villa Gimino &#8211; und bis heute bleiben sie in unserem Angebot und schaffen wunderbare Erinnerungen, Lachen und unvergessliche Momente f\u00fcr Urlauber.<\/p>\n\n\n\n<div class=\"wp-container-4 wp-block-columns\">\n<div class=\"wp-container-1 wp-block-column\">\n<figure class=\"wp-block-image size-large\"><img loading=\"lazy\" width=\"1350\" height=\"900\" src=\"https:\/\/villsy.com\/wp-content\/uploads\/villa_casa-nina22-1350x900.jpg\" alt=\"\" class=\"wp-image-30428\" srcset=\"https:\/\/villsy.com\/wp-content\/uploads\/villa_casa-nina22-1350x900.jpg 1350w, https:\/\/villsy.com\/wp-content\/uploads\/villa_casa-nina22-300x200.jpg 300w, https:\/\/villsy.com\/wp-content\/uploads\/villa_casa-nina22-768x512.jpg 768w, https:\/\/villsy.com\/wp-content\/uploads\/villa_casa-nina22-1536x1024.jpg 1536w, https:\/\/villsy.com\/wp-content\/uploads\/villa_casa-nina22.jpg 2000w\" sizes=\"(max-width: 1350px) 100vw, 1350px\" \/><figcaption>Haus Nina<\/figcaption><\/figure>\n<\/div>\n\n\n\n<div class=\"wp-container-2 wp-block-column\">\n<figure class=\"wp-block-image size-large\"><img loading=\"lazy\" width=\"1368\" height=\"900\" src=\"https:\/\/villsy.com\/wp-content\/uploads\/Villa_Rustica41-1368x900.jpg\" alt=\"\" class=\"wp-image-30443\" srcset=\"https:\/\/villsy.com\/wp-content\/uploads\/Villa_Rustica41-1368x900.jpg 1368w, https:\/\/villsy.com\/wp-content\/uploads\/Villa_Rustica41-300x197.jpg 300w, https:\/\/villsy.com\/wp-content\/uploads\/Villa_Rustica41-768x505.jpg 768w, https:\/\/villsy.com\/wp-content\/uploads\/Villa_Rustica41-1536x1011.jpg 1536w, https:\/\/villsy.com\/wp-content\/uploads\/Villa_Rustica41.jpg 2000w\" sizes=\"(max-width: 1368px) 100vw, 1368px\" \/><figcaption>Villa Rustica<\/figcaption><\/figure>\n<\/div>\n\n\n\n<div class=\"wp-container-3 wp-block-column\">\n<figure class=\"wp-block-image size-large\"><img loading=\"lazy\" width=\"1349\" height=\"900\" src=\"https:\/\/villsy.com\/wp-content\/uploads\/01VillaGimino-2-1349x900.jpg\" alt=\"\" class=\"wp-image-30413\" srcset=\"https:\/\/villsy.com\/wp-content\/uploads\/01VillaGimino-2-1349x900.jpg 1349w, https:\/\/villsy.com\/wp-content\/uploads\/01VillaGimino-2-300x200.jpg 300w, https:\/\/villsy.com\/wp-content\/uploads\/01VillaGimino-2-768x512.jpg 768w, https:\/\/villsy.com\/wp-content\/uploads\/01VillaGimino-2-1536x1025.jpg 1536w, https:\/\/villsy.com\/wp-content\/uploads\/01VillaGimino-2.jpg 2000w\" sizes=\"(max-width: 1349px) 100vw, 1349px\" \/><figcaption>Villa Gimino<\/figcaption><\/figure>\n<\/div>\n<\/div>\n\n\n\n<h2 id=\"block-145802a9-6fdc-4355-88e5-c5c59fd12a13\">Warum Villsy w\u00e4hlen?<\/h2>\n\n\n\n<h3 id=\"block-cada00b6-a75d-4d19-81ab-f4d7e76c81cf\">Handverlesene Villen in Istrien und Kroatien<\/h3>\n\n\n\n<p id=\"block-53283f70-8d00-4fe5-8303-d565a4a51f82\">Jede Villa in unserem Portfolio wird von unserem erfahrenen Team pers\u00f6nlich besichtigt. Von luxuri\u00f6sen Villen mit Pools am Meer bis hin zu authentischen Steinh\u00e4usern auf dem Land in Istrien &#8211; jede Immobilie wird nach ihrer Qualit\u00e4t, ihrem Komfort und ihrem einzigartigen Charme ausgew\u00e4hlt. <\/p>\n\n\n\n<h3 id=\"block-7bc9eec4-d9ac-4189-a904-e156407b8d7a\">Bestpreis-Garantie<\/h3>\n\n\n\n<p id=\"block-d0f079de-328f-4030-91e2-c1b913227224\">Dank direkter Vertr\u00e4ge mit Hauseigent\u00fcmern und jahrelanger Erfahrung auf dem Markt garantieren wir die niedrigsten Preise f\u00fcr Villen in Istrien und Kroatien. Bei Villsy buchen Sie direkt &#8211; ohne versteckte Geb\u00fchren. <\/p>\n\n\n\n<h3 id=\"block-13e2bf5b-8bb7-41bf-9e35-78c322fc551d\">Sofortige Buchung<\/h3>\n\n\n\n<p id=\"block-8897fa1f-74a9-44c5-a276-b60e94e874a2\">Alle unsere Ferienvillen mit Pool in Istrien sind in Echtzeit verf\u00fcgbar. W\u00e4hlen Sie einfach Ihre bevorzugte Villa, buchen Sie online und zahlen Sie sicher per Kreditkarte oder Bank\u00fcberweisung &#8211; schnell, sicher und einfach. <\/p>\n\n\n\n<h3 id=\"block-bad415ac-575d-4b3b-9571-dd87086634b3\">Lokale Pr\u00e4senz &amp; Unterst\u00fctzung<\/h3>\n\n\n\n<p id=\"block-074315fa-45c8-4fa7-b88a-f5075acf80e4\">Unser B\u00fcro befindet sich in Pazin, mitten im Herzen Istriens. Diese zentrale Lage erm\u00f6glicht es uns, sowohl unseren G\u00e4sten als auch den Hauseigent\u00fcmern nahe zu sein. Unser Team vor Ort steht Ihnen w\u00e4hrend Ihres gesamten Aufenthalts zur Verf\u00fcgung und sorgt daf\u00fcr, dass jedes Detail perfekt ist.  <\/p>\n\n\n\n<h3 id=\"block-e8dbfd42-7d55-40bc-8f29-d90db3ec19d1\">Erfahrung &amp; Wachstum<\/h3>\n\n\n\n<p id=\"block-fc344d08-8579-4fba-8ab2-23f18614254f\">Was im Jahr 2008 mit einer einzigen Villa begann, hat sich zu einer vertrauensw\u00fcrdigen Agentur mit einem breiten Portfolio an erstklassigen Ferienh\u00e4usern in Kroatien entwickelt. Wir kombinieren jahrelange praktische Erfahrung mit einem pers\u00f6nlichen, g\u00e4steorientierten Ansatz. <\/p>\n\n\n\n<h2 id=\"block-4befae29-a74d-492a-804f-c83d30c4b901\">Unser Versprechen<\/h2>\n\n\n\n<p id=\"block-76893c12-0529-4f1c-81b9-53c6bc23a6a9\">Bei Villsy ist Ihr Urlaub in sicheren H\u00e4nden. Ganz gleich, ob Sie auf der Suche nach einem ruhigen R\u00fcckzugsort in den <strong>istrischen H\u00fcgeln<\/strong>, einer <strong>Villa am Strand in Dalmatien<\/strong> oder einem <strong>Familienferienhaus mit Pool in Kroatien<\/strong> sind, wir sorgen daf\u00fcr, dass Ihr Aufenthalt unbeschwert und unvergesslich ist. <\/p>\n\n\n\n<p id=\"block-3f6262c7-c4ec-40ca-8d11-6d7857d47700\">Villsy ist mehr als eine Agentur &#8211; wir sind Ihr Partner vor Ort, der sich f\u00fcr Istrien und Kroatien begeistert und sich der Schaffung eines perfekten Urlaubserlebnisses verschrieben hat.<\/p>\n\n\n\n<div class=\"container my-5 offer-homepage-cards-section\">\n    <h3 class=\"text-dark h1\">\n  Villa Sammlungen\n    <\/h3>\n    \t \n      <div class=\"row\">\n\n<a class=\"col-lg-6 col-sm-6 col-12 mb-4 rounded\" style=\"text-decoration: none;\" href=\"\/de\/luxus-villen-kroatien\/\">\n    <div class=\"filters-landing-card position-relative rounded\">\n        <div class=\"card lozad position-relative card-img-top\" data-background-image=\"https:\/\/villsy.com\/wp-content\/uploads\/Villa_Lumi68-800x600.jpg\" style=\"height: 300px;\">\n        <\/div>\n        <div class=\"position-absolute container bottom-0 w-100 px-lg-4 px-3\">\n            <div class=\"bg-dark bg-opacity-75 rounded py-lg-4 px-lg-4 p-3 my-3\">\n                <div class=\"h3 mt-0 mb-1 text-warning slab\">Luxusvillen in Kroatien<\/div>\n                                    <h3 class=\"text-white slab small mb-0\"> Genie\u00dfen Sie den Aufenthalt in luxuri\u00f6sen Villen<\/h3>\n                            <\/div>\n        <\/div>\n    <\/div>\n<\/a>\n\n<a class=\"col-lg-6 col-sm-6 col-12 mb-4 rounded\" style=\"text-decoration: none;\" href=\"\/de\/meerblick-villen-kroatien\/\">\n    <div class=\"filters-landing-card position-relative rounded\">\n        <div class=\"card lozad position-relative card-img-top\" data-background-image=\"https:\/\/villsy.com\/wp-content\/uploads\/Villa_Lina1102-800x600.jpg\" style=\"height: 300px;\">\n        <\/div>\n        <div class=\"position-absolute container bottom-0 w-100 px-lg-4 px-3\">\n            <div class=\"bg-dark bg-opacity-75 rounded py-lg-4 px-lg-4 p-3 my-3\">\n                <div class=\"h3 mt-0 mb-1 text-warning slab\">Villen mit Meerblick in Kroatien<\/div>\n                                    <h3 class=\"text-white slab small mb-0\"> Unsere Auswahl an Meerblick-Villen in Kroatien<\/h3>\n                            <\/div>\n        <\/div>\n    <\/div>\n<\/a>\n\n<a class=\"col-lg-4 col-sm-6 col-12 mb-4 rounded\" style=\"text-decoration: none;\" href=\"\/de\/villen-mit-sauna\/\">\n    <div class=\"filters-landing-card position-relative rounded\">\n        <div class=\"card lozad position-relative card-img-top\" data-background-image=\"https:\/\/villsy.com\/wp-content\/uploads\/Villa_Lumi20-800x600.jpg\" style=\"height: 300px;\">\n        <\/div>\n        <div class=\"position-absolute container bottom-0 w-100 px-lg-4 px-3\">\n            <div class=\"bg-dark bg-opacity-75 rounded py-lg-4 px-lg-4 p-3 my-3\">\n                <div class=\"h3 mt-0 mb-1 text-warning slab\">Villen mit Sauna in Kroatien zu vermieten<\/div>\n                                    <h3 class=\"text-white slab small mb-0\"> Finden Sie Villen mit Sauna f\u00fcr Ihren R\u00fcckzugsort<\/h3>\n                            <\/div>\n        <\/div>\n    <\/div>\n<\/a>\n\n<a class=\"col-lg-4 col-sm-6 col-12 mb-4 rounded\" style=\"text-decoration: none;\" href=\"\/de\/klein-romantische-villen-kroatien\/\">\n    <div class=\"filters-landing-card position-relative rounded\">\n        <div class=\"card lozad position-relative card-img-top\" data-background-image=\"https:\/\/villsy.com\/wp-content\/uploads\/vila_amalia113-800x600.jpg\" style=\"height: 300px;\">\n        <\/div>\n        <div class=\"position-absolute container bottom-0 w-100 px-lg-4 px-3\">\n            <div class=\"bg-dark bg-opacity-75 rounded py-lg-4 px-lg-4 p-3 my-3\">\n                <div class=\"h3 mt-0 mb-1 text-warning slab\">Romantische Villen f\u00fcr Paare in Kroatien<\/div>\n                                    <h3 class=\"text-white slab small mb-0\"> Kleine romantische Villen, perfekt f\u00fcr Paare<\/h3>\n                            <\/div>\n        <\/div>\n    <\/div>\n<\/a>\n\n<a class=\"col-lg-4 col-sm-6 col-12 mb-4 rounded\" style=\"text-decoration: none;\" href=\"\/de\/sonderangebot-villas-kroatien\/\">\n    <div class=\"filters-landing-card position-relative rounded\">\n        <div class=\"card lozad position-relative card-img-top\" data-background-image=\"https:\/\/villsy.com\/wp-content\/uploads\/Villa_Terra_Bianca15-800x600.jpg\" style=\"height: 300px;\">\n        <\/div>\n        <div class=\"position-absolute container bottom-0 w-100 px-lg-4 px-3\">\n            <div class=\"bg-dark bg-opacity-75 rounded py-lg-4 px-lg-4 p-3 my-3\">\n                <div class=\"h3 mt-0 mb-1 text-warning slab\">Sonderangebot Villen in Kroatien<\/div>\n                                    <h3 class=\"text-white slab small mb-0\"> Finden Sie Villen mit Rabatten oder anderen zus\u00e4tzlichen Angeboten<\/h3>\n                            <\/div>\n        <\/div>\n    <\/div>\n<\/a>\n\n<a class=\"col-lg-3 col-sm-6 col-12 mb-4 rounded\" style=\"text-decoration: none;\" href=\"\/de\/kroatien-haustierfreundliche-villen\/\">\n    <div class=\"filters-landing-card position-relative rounded\">\n        <div class=\"card lozad position-relative card-img-top\" data-background-image=\"https:\/\/villsy.com\/wp-content\/uploads\/bigstock-Dog-Sleeping-Near-A-Swimming-P-467007137-800x600.jpg\" style=\"height: 300px;\">\n        <\/div>\n        <div class=\"position-absolute container bottom-0 w-100 px-lg-4 px-3\">\n            <div class=\"bg-dark bg-opacity-75 rounded py-lg-4 px-lg-4 p-3 my-3\">\n                <div class=\"h3 mt-0 mb-1 text-warning slab\">Haustierfreundliche Villen in Kroatien<\/div>\n                                    <h3 class=\"text-white slab small mb-0\"> Villen, in denen Haustiere willkommen sind<\/h3>\n                            <\/div>\n        <\/div>\n    <\/div>\n<\/a>\n\n<a class=\"col-lg-3 col-sm-6 col-12 mb-4 rounded\" style=\"text-decoration: none;\" href=\"\/de\/villen-mit-pool-kroatien\/\">\n    <div class=\"filters-landing-card position-relative rounded\">\n        <div class=\"card lozad position-relative card-img-top\" data-background-image=\"https:\/\/villsy.com\/wp-content\/uploads\/villa_Horto-800x600.jpg\" style=\"height: 300px;\">\n        <\/div>\n        <div class=\"position-absolute container bottom-0 w-100 px-lg-4 px-3\">\n            <div class=\"bg-dark bg-opacity-75 rounded py-lg-4 px-lg-4 p-3 my-3\">\n                <div class=\"h3 mt-0 mb-1 text-warning slab\">Villen mit Pool in Kroatien<\/div>\n                                    <h3 class=\"text-white slab small mb-0\"> Finden Sie die perfekte Villa mit Pool<\/h3>\n                            <\/div>\n        <\/div>\n    <\/div>\n<\/a>\n\n<a class=\"col-lg-3 col-sm-6 col-12 mb-4 rounded\" style=\"text-decoration: none;\" href=\"\/de\/kroatien-villen-grosse-gruppen\/\">\n    <div class=\"filters-landing-card position-relative rounded\">\n        <div class=\"card lozad position-relative card-img-top\" data-background-image=\"https:\/\/villsy.com\/wp-content\/uploads\/villa_Marion32-800x600.jpg\" style=\"height: 300px;\">\n        <\/div>\n        <div class=\"position-absolute container bottom-0 w-100 px-lg-4 px-3\">\n            <div class=\"bg-dark bg-opacity-75 rounded py-lg-4 px-lg-4 p-3 my-3\">\n                <div class=\"h3 mt-0 mb-1 text-warning slab\">Villen f\u00fcr gro\u00dfe Gruppen in Kroatien<\/div>\n                                    <h3 class=\"text-white slab small mb-0\"> Gro\u00dfe Villen f\u00fcr mehr als 12 Personen<\/h3>\n                            <\/div>\n        <\/div>\n    <\/div>\n<\/a>\n\n<a class=\"col-lg-3 col-sm-6 col-12 mb-4 rounded\" style=\"text-decoration: none;\" href=\"\/de\/villen-nahe-meer-kroatien\/\">\n    <div class=\"filters-landing-card position-relative rounded\">\n        <div class=\"card lozad position-relative card-img-top\" data-background-image=\"https:\/\/villsy.com\/wp-content\/uploads\/Dubovica-Hvar-800x600.jpg\" style=\"height: 300px;\">\n        <\/div>\n        <div class=\"position-absolute container bottom-0 w-100 px-lg-4 px-3\">\n            <div class=\"bg-dark bg-opacity-75 rounded py-lg-4 px-lg-4 p-3 my-3\">\n                <div class=\"h3 mt-0 mb-1 text-warning slab\">Strandvillen in Kroatien<\/div>\n                                    <h3 class=\"text-white slab small mb-0\"> Villen bis zu 3 km vom Meer entfernt<\/h3>\n                            <\/div>\n        <\/div>\n    <\/div>\n<\/a> \n    <\/div>\n \n\n\t\n<\/div>\n\n\n\n<hr class=\"wp-block-separator has-alpha-channel-opacity\" id=\"block-620e19a6-46b9-4708-a277-543f327e6c70\"\/>\n\n\n\n<h3 id=\"block-7f9327fe-1ed6-472f-9fe8-f92354ba88f8\">Impressum:<\/h3>\n\n\n\n<p id=\"block-0fb92d54-cd06-4617-8a2d-14f1cb32bf23\"><strong>VILLSY d.o.o. &#8211; Gesellschaft mit beschr\u00e4nkter Haftung f\u00fcr Immobilienvermietung, Tourismus und Reiseb\u00fcrodienstleistungen<\/strong> | Registrierungsnummer: 130093085 &#8211; Trgova\u010dki sud Pazin | <strong>Umsatzsteuer-ID<\/strong>:HR17191292654<\/p>\n\n\n\n<p id=\"block-f41eab70-d264-40c8-829a-0ae43153b7ad\">IBAN: HR62 2340 0091 1110 0258 1 | PRIVREDNA BANKA ZAGREB d.d., Radni\u010dka cesta 50, 10000 Zagreb | SWIFT-Code: PBZGHR22<\/p>\n\n\n\n<p id=\"block-f7b7d707-0814-4dea-a862-b8be90a66290\">ADRESSE: Kastavska 18, 52000 Pazin, Kroatien<br>MANAGING DIRECTOR: Toni Hrelja<br>AGENTURLEITERIN: Suzana Hrelja<br>\u00d6FFNUNGSZEITEN: Mo-Fr 9-17<br>E-Mail: <a href=\"mailto:info@villsy.com\">info@villsy.com<\/a><br>Web: <a href=\"https:\/\/villsy.com\/\">www.villsy.com<\/a><br>TEL: +385 91 585 2596<\/p>\n","protected":false},"excerpt":{"rendered":"<p>Unsere Geschichte Wir von Villsy glauben, dass ein Urlaub mehr als nur ein Aufenthalt sein sollte &#8211; er sollte ein Erlebnis sein, an das man sich gerne erinnert. Unsere Reise begann 2008, als wir unsere allererste Villa im Zentrum Istriens bauten. Was als pers\u00f6nliches Projekt begann, wurde bald zu etwas viel Gr\u00f6\u00dferem. Im Jahr 2013 [&hellip;]<\/p>\n","protected":false},"author":2,"featured_media":0,"parent":0,"menu_order":0,"comment_status":"closed","ping_status":"closed","template":"templates\/other.php","meta":[],"yoast_head":"<!-- This site is optimized with the Yoast SEO Premium plugin v19.2.1 (Yoast SEO v19.6.1) - https:\/\/yoast.com\/wordpress\/plugins\/seo\/ -->\n<title>Unsere Geschichte | Villsy - Handverlesene Villen in Istrien &amp; Kroatien<\/title>\n<meta name=\"description\" content=\"Buchen Sie Ihre Traumvilla in Istrien oder Kroatien mit Villsy. Eine vertrauensw\u00fcrdige lokale Agentur, die erstklassige Villen mit Pools, beste Preise und pers\u00f6nliche Betreuung bietet.\" \/>\n<meta name=\"robots\" content=\"index, follow, max-snippet:-1, max-image-preview:large, max-video-preview:-1\" \/>\n<link rel=\"canonical\" href=\"https:\/\/villsy.com\/de\/uber-uns\/\" \/>\n<meta property=\"og:locale\" content=\"de_DE\" \/>\n<meta property=\"og:type\" content=\"website\" \/>\n<meta property=\"og:title\" content=\"Unsere Geschichte | Villsy - Handverlesene Villen in Istrien &amp; Kroatien\" \/>\n<meta property=\"og:description\" content=\"Buchen Sie Ihre Traumvilla in Istrien oder Kroatien mit Villsy. Eine vertrauensw\u00fcrdige lokale Agentur, die erstklassige Villen mit Pools, beste Preise und pers\u00f6nliche Betreuung bietet.\" \/>\n<meta property=\"og:url\" content=\"https:\/\/villsy.com\/de\/uber-uns\/\" \/>\n<meta property=\"og:site_name\" content=\"Villsy\" \/>\n<meta property=\"article:modified_time\" content=\"2025-10-07T14:34:02+00:00\" \/>\n<meta property=\"og:image\" content=\"https:\/\/villsy.com\/wp-content\/uploads\/villa_casa-nina22-1350x900.jpg\" \/>\n<meta name=\"twitter:card\" content=\"summary_large_image\" \/>\n<meta name=\"twitter:label1\" content=\"Est. reading time\" \/>\n\t<meta name=\"twitter:data1\" content=\"4 minutes\" \/>\n<!-- \/ Yoast SEO Premium plugin. -->","yoast_head_json":{"title":"Unsere Geschichte | Villsy - Handverlesene Villen in Istrien & Kroatien","description":"Buchen Sie Ihre Traumvilla in Istrien oder Kroatien mit Villsy. Eine vertrauensw\u00fcrdige lokale Agentur, die erstklassige Villen mit Pools, beste Preise und pers\u00f6nliche Betreuung bietet.","robots":{"index":"index","follow":"follow","max-snippet":"max-snippet:-1","max-image-preview":"max-image-preview:large","max-video-preview":"max-video-preview:-1"},"canonical":"https:\/\/villsy.com\/de\/uber-uns\/","og_locale":"de_DE","og_type":"website","og_title":"Unsere Geschichte | Villsy - Handverlesene Villen in Istrien & Kroatien","og_description":"Buchen Sie Ihre Traumvilla in Istrien oder Kroatien mit Villsy. Eine vertrauensw\u00fcrdige lokale Agentur, die erstklassige Villen mit Pools, beste Preise und pers\u00f6nliche Betreuung bietet.","og_url":"https:\/\/villsy.com\/de\/uber-uns\/","og_site_name":"Villsy","article_modified_time":"2025-10-07T14:34:02+00:00","og_image":[{"url":"https:\/\/villsy.com\/wp-content\/uploads\/villa_casa-nina22-1350x900.jpg"}],"twitter_card":"summary_large_image","twitter_misc":{"Est. reading time":"4 minutes"},"schema":{"@context":"https:\/\/schema.org","@graph":[{"@type":"WebPage","@id":"https:\/\/villsy.com\/de\/uber-uns\/","url":"https:\/\/villsy.com\/de\/uber-uns\/","name":"Unsere Geschichte | Villsy - Handverlesene Villen in Istrien & Kroatien","isPartOf":{"@id":"https:\/\/villsy.com\/de\/#website"},"datePublished":"2025-10-07T11:43:25+00:00","dateModified":"2025-10-07T14:34:02+00:00","description":"Buchen Sie Ihre Traumvilla in Istrien oder Kroatien mit Villsy. Eine vertrauensw\u00fcrdige lokale Agentur, die erstklassige Villen mit Pools, beste Preise und pers\u00f6nliche Betreuung bietet.","breadcrumb":{"@id":"https:\/\/villsy.com\/de\/uber-uns\/#breadcrumb"},"inLanguage":"de","potentialAction":[{"@type":"ReadAction","target":["https:\/\/villsy.com\/de\/uber-uns\/"]}]},{"@type":"BreadcrumbList","@id":"https:\/\/villsy.com\/de\/uber-uns\/#breadcrumb","itemListElement":[{"@type":"ListItem","position":1,"name":"Villsy","item":"https:\/\/villsy.com\/de\/"},{"@type":"ListItem","position":2,"name":"\u00dcber uns DE"}]},{"@type":"WebSite","@id":"https:\/\/villsy.com\/de\/#website","url":"https:\/\/villsy.com\/de\/","name":"Villsy","description":"Just another WordPress site","potentialAction":[{"@type":"SearchAction","target":{"@type":"EntryPoint","urlTemplate":"https:\/\/villsy.com\/de\/?s={search_term_string}"},"query-input":"required name=search_term_string"}],"inLanguage":"de"}]}},"_links":{"self":[{"href":"https:\/\/villsy.com\/de\/wp-json\/wp\/v2\/pages\/30572"}],"collection":[{"href":"https:\/\/villsy.com\/de\/wp-json\/wp\/v2\/pages"}],"about":[{"href":"https:\/\/villsy.com\/de\/wp-json\/wp\/v2\/types\/page"}],"author":[{"embeddable":true,"href":"https:\/\/villsy.com\/de\/wp-json\/wp\/v2\/users\/2"}],"replies":[{"embeddable":true,"href":"https:\/\/villsy.com\/de\/wp-json\/wp\/v2\/comments?post=30572"}],"version-history":[{"count":5,"href":"https:\/\/villsy.com\/de\/wp-json\/wp\/v2\/pages\/30572\/revisions"}],"predecessor-version":[{"id":30602,"href":"https:\/\/villsy.com\/de\/wp-json\/wp\/v2\/pages\/30572\/revisions\/30602"}],"wp:attachment":[{"href":"https:\/\/villsy.com\/de\/wp-json\/wp\/v2\/media?parent=30572"}],"curies":[{"name":"wp","href":"https:\/\/api.w.org\/{rel}","templated":true}]}}