{"id":4487,"date":"2022-08-24T08:40:28","date_gmt":"2022-08-24T08:40:28","guid":{"rendered":"https:\/\/villsy.com\/?page_id=4487"},"modified":"2023-07-28T09:08:10","modified_gmt":"2023-07-28T09:08:10","slug":"laveste-pris-garanti","status":"publish","type":"page","link":"https:\/\/villsy.com\/da\/laveste-pris-garanti\/","title":{"rendered":"Lowest price DA"},"content":{"rendered":"<div class=\"wp-block-image\">\n<figure class=\"aligncenter size-medium\"><img loading=\"lazy\" width=\"300\" height=\"300\" src=\"https:\/\/villsy.com\/wp-content\/uploads\/bagde-bestprice-new-300x300.png\" alt=\"\" class=\"wp-image-4253\" srcset=\"https:\/\/villsy.com\/wp-content\/uploads\/bagde-bestprice-new-300x300.png 300w, https:\/\/villsy.com\/wp-content\/uploads\/bagde-bestprice-new.png 647w\" sizes=\"(max-width: 300px) 100vw, 300px\" \/><\/figure><\/div>\n\n\n<h1 id=\"h-for-at-sikre-at-du-far-den-bedst-mulige-service-pa-villsy-kan-vi-sta-inde-for-folgende\"><strong>For at sikre, at du f\u00e5r den bedst mulige service p\u00e5 Villsy, kan vi st\u00e5 inde for f\u00f8lgende:<\/strong><\/h1>\n\n\n\n<ul><li>Vores hjemmeside vil altid tilbyde dig&nbsp;<strong>de lavest mulige priser,<\/strong>&nbsp;n\u00e5r du foretager dine reservationer.<\/li><li>Skulle du nogensinde finde et bedre tilbud end det, vi tilbyder, s\u00e5 kontakt os,&nbsp;<strong>s\u00e5 matcher vi den pris<\/strong>&nbsp;.<\/li><li>Alle villaer er blevet grundigt inspiceret af vores team.&nbsp;<strong>Vi er et fuldt licenseret turistbureau<\/strong>&nbsp;.<\/li><li>Alle beskrivelser af de villaer, der er opf\u00f8rt p\u00e5 Villsy, er&nbsp;<strong>100 % n\u00f8jagtige, og placeringerne af villaerne er n\u00f8jagtige.<\/strong><\/li><li>Hver eneste villa er blevet inspiceret af alle relevante tilsynsmyndigheder i Republikken Kroatien.<\/li><li>Kalenderne er n\u00f8jagtige og opdateres l\u00f8bende.<\/li><li>Alle ejere af villaerne er i henhold til kontrakt forpligtet til at&nbsp;<strong>holde villaer i den tilstand, der passer til beskrivelsen givet p\u00e5 denne hjemmeside.<\/strong><\/li><li>Det er kun dig og de personer, der ledsager dig, der kan bruge villaerne, n\u00e5r du lejer dem ud.&nbsp;Andre g\u00e6ster og ejerne m\u00e5 ikke bruge dem eller andet p\u00e5 ejendommen.<\/li><li>Priserne inkluderer alle gebyrer og skatter, s\u00e5som moms, turistskat og alle forsyningsselskaber.&nbsp;<strong>Der er ingen skjulte omkostninger.<\/strong><\/li><li>Du vil altid kunne kommunikere med en ejendomsadministrator, som kan hj\u00e6lpe dig med booking, holde kontakten med dig, inden du kommer og st\u00e5r til din tjeneste under dit ophold.<\/li><\/ul>\n","protected":false},"excerpt":{"rendered":"<p>For at sikre, at du f\u00e5r den bedst mulige service p\u00e5 Villsy, kan vi st\u00e5 inde for f\u00f8lgende: Vores hjemmeside vil altid tilbyde dig&nbsp;de lavest mulige priser,&nbsp;n\u00e5r du foretager dine reservationer. Skulle du nogensinde finde et bedre tilbud end det, vi tilbyder, s\u00e5 kontakt os,&nbsp;s\u00e5 matcher vi den pris&nbsp;. Alle villaer er blevet grundigt inspiceret [&hellip;]<\/p>\n","protected":false},"author":1,"featured_media":0,"parent":0,"menu_order":0,"comment_status":"closed","ping_status":"closed","template":"templates\/other.php","meta":[],"yoast_head":"<!-- This site is optimized with the Yoast SEO Premium plugin v19.2.1 (Yoast SEO v19.6.1) - https:\/\/yoast.com\/wordpress\/plugins\/seo\/ -->\n<title>Laveste pris garanti - Villsy<\/title>\n<meta name=\"description\" content=\"Laveste prisgaranti - Find og bestil villaer med pool med Villsy. Lej en villa til din ferie med familie eller venner, hele huset kun for dig.\" \/>\n<meta name=\"robots\" content=\"index, follow, max-snippet:-1, max-image-preview:large, max-video-preview:-1\" \/>\n<link rel=\"canonical\" href=\"https:\/\/villsy.com\/da\/laveste-pris-garanti\/\" \/>\n<meta property=\"og:locale\" content=\"en_US\" \/>\n<meta property=\"og:type\" content=\"website\" \/>\n<meta property=\"og:title\" content=\"Laveste pris garanti\" \/>\n<meta property=\"og:description\" content=\"Laveste prisgaranti - Find og bestil villaer med pool med Villsy. Lej en villa til din ferie med familie eller venner, hele huset kun for dig.\" \/>\n<meta property=\"og:url\" content=\"https:\/\/villsy.com\/da\/laveste-pris-garanti\/\" \/>\n<meta property=\"og:site_name\" content=\"Villsy\" \/>\n<meta property=\"article:modified_time\" content=\"2023-07-28T09:08:10+00:00\" \/>\n<meta property=\"og:image\" content=\"https:\/\/villsy.com\/wp-content\/uploads\/bagde-bestprice-new-300x300.png\" \/>\n<meta name=\"twitter:card\" content=\"summary_large_image\" \/>\n<meta name=\"twitter:title\" content=\"Laveste pris garanti\" \/>\n<meta name=\"twitter:description\" content=\"Laveste prisgaranti - Find og bestil villaer med pool med Villsy. Lej en villa til din ferie med familie eller venner, hele huset kun for dig.\" \/>\n<meta name=\"twitter:label1\" content=\"Est. reading time\" \/>\n\t<meta name=\"twitter:data1\" content=\"2 minutes\" \/>\n<!-- \/ Yoast SEO Premium plugin. -->","yoast_head_json":{"title":"Laveste pris garanti - Villsy","description":"Laveste prisgaranti - Find og bestil villaer med pool med Villsy. Lej en villa til din ferie med familie eller venner, hele huset kun for dig.","robots":{"index":"index","follow":"follow","max-snippet":"max-snippet:-1","max-image-preview":"max-image-preview:large","max-video-preview":"max-video-preview:-1"},"canonical":"https:\/\/villsy.com\/da\/laveste-pris-garanti\/","og_locale":"en_US","og_type":"website","og_title":"Laveste pris garanti","og_description":"Laveste prisgaranti - Find og bestil villaer med pool med Villsy. Lej en villa til din ferie med familie eller venner, hele huset kun for dig.","og_url":"https:\/\/villsy.com\/da\/laveste-pris-garanti\/","og_site_name":"Villsy","article_modified_time":"2023-07-28T09:08:10+00:00","og_image":[{"url":"https:\/\/villsy.com\/wp-content\/uploads\/bagde-bestprice-new-300x300.png"}],"twitter_card":"summary_large_image","twitter_title":"Laveste pris garanti","twitter_description":"Laveste prisgaranti - Find og bestil villaer med pool med Villsy. Lej en villa til din ferie med familie eller venner, hele huset kun for dig.","twitter_misc":{"Est. reading time":"2 minutes"},"schema":{"@context":"https:\/\/schema.org","@graph":[{"@type":"WebPage","@id":"https:\/\/villsy.com\/da\/laveste-pris-garanti\/","url":"https:\/\/villsy.com\/da\/laveste-pris-garanti\/","name":"Laveste pris garanti - Villsy","isPartOf":{"@id":"https:\/\/villsy.com\/da\/#website"},"datePublished":"2022-08-24T08:40:28+00:00","dateModified":"2023-07-28T09:08:10+00:00","description":"Laveste prisgaranti - Find og bestil villaer med pool med Villsy. Lej en villa til din ferie med familie eller venner, hele huset kun for dig.","breadcrumb":{"@id":"https:\/\/villsy.com\/da\/laveste-pris-garanti\/#breadcrumb"},"inLanguage":"da","potentialAction":[{"@type":"ReadAction","target":["https:\/\/villsy.com\/da\/laveste-pris-garanti\/"]}]},{"@type":"BreadcrumbList","@id":"https:\/\/villsy.com\/da\/laveste-pris-garanti\/#breadcrumb","itemListElement":[{"@type":"ListItem","position":1,"name":"Villsy","item":"https:\/\/villsy.com\/da\/"},{"@type":"ListItem","position":2,"name":"Lowest price DA"}]},{"@type":"WebSite","@id":"https:\/\/villsy.com\/da\/#website","url":"https:\/\/villsy.com\/da\/","name":"Villsy","description":"Just another WordPress site","potentialAction":[{"@type":"SearchAction","target":{"@type":"EntryPoint","urlTemplate":"https:\/\/villsy.com\/da\/?s={search_term_string}"},"query-input":"required name=search_term_string"}],"inLanguage":"da"}]}},"_links":{"self":[{"href":"https:\/\/villsy.com\/da\/wp-json\/wp\/v2\/pages\/4487"}],"collection":[{"href":"https:\/\/villsy.com\/da\/wp-json\/wp\/v2\/pages"}],"about":[{"href":"https:\/\/villsy.com\/da\/wp-json\/wp\/v2\/types\/page"}],"author":[{"embeddable":true,"href":"https:\/\/villsy.com\/da\/wp-json\/wp\/v2\/users\/1"}],"replies":[{"embeddable":true,"href":"https:\/\/villsy.com\/da\/wp-json\/wp\/v2\/comments?post=4487"}],"version-history":[{"count":2,"href":"https:\/\/villsy.com\/da\/wp-json\/wp\/v2\/pages\/4487\/revisions"}],"predecessor-version":[{"id":12061,"href":"https:\/\/villsy.com\/da\/wp-json\/wp\/v2\/pages\/4487\/revisions\/12061"}],"wp:attachment":[{"href":"https:\/\/villsy.com\/da\/wp-json\/wp\/v2\/media?parent=4487"}],"curies":[{"name":"wp","href":"https:\/\/api.w.org\/{rel}","templated":true}]}}