{"id":4452,"date":"2022-08-24T06:49:42","date_gmt":"2022-08-24T06:49:42","guid":{"rendered":"https:\/\/villsy.com\/?page_id=4452"},"modified":"2023-07-28T09:07:16","modified_gmt":"2023-07-28T09:07:16","slug":"ofte-stillede-sporgsmal","status":"publish","type":"page","link":"https:\/\/villsy.com\/da\/ofte-stillede-sporgsmal\/","title":{"rendered":"Faq DA"},"content":{"rendered":"\n<h1 class=\"pb-5\">Ofte stillede sp\u00f8rgsm\u00e5l<\/h1>\n\n\n\n<h2>OMKOSTNINGER OG BETALING&nbsp;&nbsp;<\/h2>\n\n\n\n<h4>1. Hvorfor er depositum obligatorisk?<\/h4>\n\n\n\n<p>Depositum er obligatorisk for at reservere din ejendom og forhindre andre i at reservere den til samme datoer.&nbsp;Depositum er normalt 30% af den samlede pris.&nbsp;Vi debiterer ikke dit kreditkort, f\u00f8r vi har sendt en reservationsbekr\u00e6ftelse, som normalt tager 24 timer.<\/p>\n\n\n\n<p>Da depositum ikke refunderes, anbefaler vi, at du tegner en rejseforsikring.<\/p>\n\n\n\n<h4>2. Hvorn\u00e5r betaler jeg det fulde bel\u00f8b?<\/h4>\n\n\n\n<p>Det fulde bel\u00f8b forfalder normalt 8-12 uger f\u00f8r du rejser p\u00e5 ferie.&nbsp;Vi informerer dig om n\u00e6ste betaling.<\/p>\n\n\n\n<h4>3. Hvad med ferieaflysning?<\/h4>\n\n\n\n<p>Fort\u00e6l os venligst, at du \u00f8nsker at aflyse din ferie s\u00e5 hurtigt som muligt.&nbsp;Vi er ikke i stand til at refundere det depositum, du har betalt for at sikre din reservation.&nbsp;Men hvis det lykkes os at udleje ejendommen til andre g\u00e6ster for samme periode og pris, kan vi muligvis refundere en del af depositum eller endda hele depositum minus transacrional gebyrer.<\/p>\n\n\n\n<h4>4. Sikkerhedsdepositum \u2013 hvad er det til?<\/h4>\n\n\n\n<p>Hvis du efterlader villaen ren, ryddelig og i samme stand som den var &#8211; ingen bekymringer.&nbsp;Dit depositum vil blive returneret.<\/p>\n\n\n\n<h4>5. Hvordan og hvorn\u00e5r betaler jeg depositum?<\/h4>\n\n\n\n<p>Depositum betales direkte til husejeren og returneres ved slutningen af \u200b\u200bdit ophold<\/p>\n\n\n\n<h4>6. Er der nogen ekstra omkostninger?<\/h4>\n\n\n\n<p>Vi bekr\u00e6fter altid alle omkostninger i forbindelse med villaudlejning.&nbsp;Der b\u00f8r ikke v\u00e6re andre omkostninger.<\/p>\n\n\n\n<p>Undtagelser kan v\u00e6re:<\/p>\n\n\n\n<ul><li>depositum<\/li><li>k\u00e6ledyr (du vil blive informeret ved booking)<\/li><li>opvarmede swimmingpools i april, maj, juni, september og oktober.&nbsp;Sp\u00f8rg venligst om du vil bruge swimmingpoolvarmen.<\/li><\/ul>\n\n\n\n<h4>7. Er der moms?<\/h4>\n\n\n\n<p>Alle vores priser er inklusive moms, uden till\u00e6g til dig.<\/p>\n\n\n\n<h4>8. Er vi ATOL bundet?<\/h4>\n\n\n\n<p>Nej, vi tilbyder kun overnatning, og ATOL-bindingskravet g\u00e6lder ikke.<\/p>\n\n\n\n<h2>ANDET<\/h2>\n\n\n\n<h4>1. Har jeg brug for bilen?<\/h4>\n\n\n\n<p>Afh\u00e6nger af ejendommens beliggenhed og dine krav.&nbsp;Nogle af villaerne er afsidesliggende, s\u00e5 brug af bil er afg\u00f8rende.<\/p>\n\n\n\n<h4>2. Hvor er den n\u00e6rmeste lufthavn?<\/h4>\n\n\n\n<p>Alle oplysninger er p\u00e5 fanen placering.&nbsp;Alle ejendomme er p\u00e5 den n\u00f8jagtige placering.&nbsp;Hvis du har brug for yderligere hj\u00e6lp, bedes du kontakte os.<\/p>\n\n\n\n<h4>3. Er villaen velegnet til b\u00f8rn?<\/h4>\n\n\n\n<p>Kort sagt &#8211; ja.&nbsp;De fleste af boligerne er velegnede til b\u00f8rn og har barnesenge og h\u00f8j stol.&nbsp;Hvis du rejser med b\u00f8rn, bedes du informere os.<\/p>\n\n\n\n<h4>4. K\u00e6ledyr<\/h4>\n\n\n\n<p>Nogle villaer er k\u00e6ledyrsvenlige, og nogle er ikke.&nbsp;De fleste ejere tillader velopdragne k\u00e6ledyr mod et mindre till\u00e6g.&nbsp;Det er ogs\u00e5 opf\u00f8rt p\u00e5 vores hjemmeside og i filterfunktion, hvilke villaer der tillader k\u00e6ledyr.<\/p>\n\n\n\n<h4>5. Er poolen sikker for b\u00f8rn?<\/h4>\n\n\n\n<p>Der er normalt ingen barrierer til poolen, s\u00e5 husk det, n\u00e5r du booker villaen.&nbsp;Normalt er bassindybden 1,3 &#8211; 1,6 meter.<\/p>\n\n\n\n<h4>6. Bor ejerne p\u00e5 stedet?<\/h4>\n\n\n\n<p>I 99% tilf\u00e6lde &#8211; nej.&nbsp;Ejer bor m\u00e5ske i n\u00e6rheden, men i det andet hus.&nbsp;Alle vores villaer er udelukkende til dit eget brug.<\/p>\n","protected":false},"excerpt":{"rendered":"<p>Ofte stillede sp\u00f8rgsm\u00e5l OMKOSTNINGER OG BETALING&nbsp;&nbsp; 1. Hvorfor er depositum obligatorisk? Depositum er obligatorisk for at reservere din ejendom og forhindre andre i at reservere den til samme datoer.&nbsp;Depositum er normalt 30% af den samlede pris.&nbsp;Vi debiterer ikke dit kreditkort, f\u00f8r vi har sendt en reservationsbekr\u00e6ftelse, som normalt tager 24 timer. Da depositum ikke refunderes, [&hellip;]<\/p>\n","protected":false},"author":1,"featured_media":0,"parent":0,"menu_order":0,"comment_status":"closed","ping_status":"closed","template":"templates\/other.php","meta":[],"yoast_head":"<!-- This site is optimized with the Yoast SEO Premium plugin v19.2.1 (Yoast SEO v19.6.1) - https:\/\/yoast.com\/wordpress\/plugins\/seo\/ -->\n<title>Ofte stillede sp\u00f8rgsm\u00e5l - Villsy<\/title>\n<meta name=\"description\" content=\"Find ofte stillede sp\u00f8rgsm\u00e5l om leje af villa hos Villsy.\" \/>\n<meta name=\"robots\" content=\"index, follow, max-snippet:-1, max-image-preview:large, max-video-preview:-1\" \/>\n<link rel=\"canonical\" href=\"https:\/\/villsy.com\/da\/ofte-stillede-sporgsmal\/\" \/>\n<meta property=\"og:locale\" content=\"en_US\" \/>\n<meta property=\"og:type\" content=\"website\" \/>\n<meta property=\"og:title\" content=\"Ofte stillede sp\u00f8rgsm\u00e5l\" \/>\n<meta property=\"og:description\" content=\"Find ofte stillede sp\u00f8rgsm\u00e5l om leje af villa hos Villsy.\" \/>\n<meta property=\"og:url\" content=\"https:\/\/villsy.com\/da\/ofte-stillede-sporgsmal\/\" \/>\n<meta property=\"og:site_name\" content=\"Villsy\" \/>\n<meta property=\"article:modified_time\" content=\"2023-07-28T09:07:16+00:00\" \/>\n<meta name=\"twitter:card\" content=\"summary_large_image\" \/>\n<meta name=\"twitter:title\" content=\"Ofte stillede sp\u00f8rgsm\u00e5l\" \/>\n<meta name=\"twitter:description\" content=\"Find ofte stillede sp\u00f8rgsm\u00e5l om leje af villa hos Villsy.\" \/>\n<meta name=\"twitter:label1\" content=\"Est. reading time\" \/>\n\t<meta name=\"twitter:data1\" content=\"2 minutes\" \/>\n<!-- \/ Yoast SEO Premium plugin. -->","yoast_head_json":{"title":"Ofte stillede sp\u00f8rgsm\u00e5l - Villsy","description":"Find ofte stillede sp\u00f8rgsm\u00e5l om leje af villa hos Villsy.","robots":{"index":"index","follow":"follow","max-snippet":"max-snippet:-1","max-image-preview":"max-image-preview:large","max-video-preview":"max-video-preview:-1"},"canonical":"https:\/\/villsy.com\/da\/ofte-stillede-sporgsmal\/","og_locale":"en_US","og_type":"website","og_title":"Ofte stillede sp\u00f8rgsm\u00e5l","og_description":"Find ofte stillede sp\u00f8rgsm\u00e5l om leje af villa hos Villsy.","og_url":"https:\/\/villsy.com\/da\/ofte-stillede-sporgsmal\/","og_site_name":"Villsy","article_modified_time":"2023-07-28T09:07:16+00:00","twitter_card":"summary_large_image","twitter_title":"Ofte stillede sp\u00f8rgsm\u00e5l","twitter_description":"Find ofte stillede sp\u00f8rgsm\u00e5l om leje af villa hos Villsy.","twitter_misc":{"Est. reading time":"2 minutes"},"schema":{"@context":"https:\/\/schema.org","@graph":[{"@type":"WebPage","@id":"https:\/\/villsy.com\/da\/ofte-stillede-sporgsmal\/","url":"https:\/\/villsy.com\/da\/ofte-stillede-sporgsmal\/","name":"Ofte stillede sp\u00f8rgsm\u00e5l - Villsy","isPartOf":{"@id":"https:\/\/villsy.com\/da\/#website"},"datePublished":"2022-08-24T06:49:42+00:00","dateModified":"2023-07-28T09:07:16+00:00","description":"Find ofte stillede sp\u00f8rgsm\u00e5l om leje af villa hos Villsy.","breadcrumb":{"@id":"https:\/\/villsy.com\/da\/ofte-stillede-sporgsmal\/#breadcrumb"},"inLanguage":"da","potentialAction":[{"@type":"ReadAction","target":["https:\/\/villsy.com\/da\/ofte-stillede-sporgsmal\/"]}]},{"@type":"BreadcrumbList","@id":"https:\/\/villsy.com\/da\/ofte-stillede-sporgsmal\/#breadcrumb","itemListElement":[{"@type":"ListItem","position":1,"name":"Villsy","item":"https:\/\/villsy.com\/da\/"},{"@type":"ListItem","position":2,"name":"Faq DA"}]},{"@type":"WebSite","@id":"https:\/\/villsy.com\/da\/#website","url":"https:\/\/villsy.com\/da\/","name":"Villsy","description":"Just another WordPress site","potentialAction":[{"@type":"SearchAction","target":{"@type":"EntryPoint","urlTemplate":"https:\/\/villsy.com\/da\/?s={search_term_string}"},"query-input":"required name=search_term_string"}],"inLanguage":"da"}]}},"_links":{"self":[{"href":"https:\/\/villsy.com\/da\/wp-json\/wp\/v2\/pages\/4452"}],"collection":[{"href":"https:\/\/villsy.com\/da\/wp-json\/wp\/v2\/pages"}],"about":[{"href":"https:\/\/villsy.com\/da\/wp-json\/wp\/v2\/types\/page"}],"author":[{"embeddable":true,"href":"https:\/\/villsy.com\/da\/wp-json\/wp\/v2\/users\/1"}],"replies":[{"embeddable":true,"href":"https:\/\/villsy.com\/da\/wp-json\/wp\/v2\/comments?post=4452"}],"version-history":[{"count":1,"href":"https:\/\/villsy.com\/da\/wp-json\/wp\/v2\/pages\/4452\/revisions"}],"predecessor-version":[{"id":4453,"href":"https:\/\/villsy.com\/da\/wp-json\/wp\/v2\/pages\/4452\/revisions\/4453"}],"wp:attachment":[{"href":"https:\/\/villsy.com\/da\/wp-json\/wp\/v2\/media?parent=4452"}],"curies":[{"name":"wp","href":"https:\/\/api.w.org\/{rel}","templated":true}]}}