{"id":30557,"date":"2025-10-07T11:43:25","date_gmt":"2025-10-07T11:43:25","guid":{"rendered":"https:\/\/villsy.com\/?page_id=30557"},"modified":"2025-10-07T14:29:07","modified_gmt":"2025-10-07T14:29:07","slug":"om-os","status":"publish","type":"page","link":"https:\/\/villsy.com\/da\/om-os\/","title":{"rendered":"Om os DA"},"content":{"rendered":"\n<h2 id=\"block-0fa009bc-2ad9-4b08-a8cb-298e59bddab0\">Vores historie<\/h2>\n\n\n\n<h3 id=\"block-1b7a1507-aa64-43b7-b3e1-76e61c9fe724\">Hos Villsy mener vi, at en ferie skal v\u00e6re mere end bare et ophold &#8211; det skal v\u00e6re en oplevelse, man husker.<\/h3>\n\n\n\n<p id=\"block-cdb3b6c8-cde5-47ce-9bd6-547762a69e33\">Vores rejse begyndte i <strong>2008<\/strong>, da vi byggede vores allerf\u00f8rste villa i det centrale Istrien. Det, der startede som et personligt projekt, blev hurtigt til noget meget st\u00f8rre. I <strong>2013<\/strong> begyndte vi selv at udleje vores villaer og s\u00f8rgede omhyggeligt for alle detaljer for at sikre, at g\u00e6sterne fik et behageligt og ubekymret ophold.  <\/p>\n\n\n\n<p id=\"block-fdb32f72-4418-45d0-95b4-07e76830c91f\">Opmuntret af positiv feedback og stigende eftersp\u00f8rgsel grundlagde vi i <strong>2019<\/strong> officielt <strong>Villsy som et villaudlejningsbureau<\/strong>. I dag forbinder Villsy g\u00e6ster fra hele verden med en h\u00e5ndplukket samling af <strong>feriehuse og villaer i Istrien og i hele Kroatien<\/strong> og tilbyder moderne bookingl\u00f8sninger, lokal ekspertise og personlig support. <\/p>\n\n\n\n<p id=\"block-eb516fef-1a7d-49e0-9b76-f197672a3c1d\">Det hele startede med Casa Nina, Villa Rustica og Villa Gimino &#8211; og den dag i dag er de stadig i vores sortiment og skaber vidunderlige minder, latter og uforglemmelige \u00f8jeblikke for ferieg\u00e6ster.<\/p>\n\n\n\n<div class=\"wp-container-4 wp-block-columns\">\n<div class=\"wp-container-1 wp-block-column\">\n<figure class=\"wp-block-image size-large\"><img loading=\"lazy\" width=\"1350\" height=\"900\" src=\"https:\/\/villsy.com\/wp-content\/uploads\/villa_casa-nina22-1350x900.jpg\" alt=\"\" class=\"wp-image-30428\" srcset=\"https:\/\/villsy.com\/wp-content\/uploads\/villa_casa-nina22-1350x900.jpg 1350w, https:\/\/villsy.com\/wp-content\/uploads\/villa_casa-nina22-300x200.jpg 300w, https:\/\/villsy.com\/wp-content\/uploads\/villa_casa-nina22-768x512.jpg 768w, https:\/\/villsy.com\/wp-content\/uploads\/villa_casa-nina22-1536x1024.jpg 1536w, https:\/\/villsy.com\/wp-content\/uploads\/villa_casa-nina22.jpg 2000w\" sizes=\"(max-width: 1350px) 100vw, 1350px\" \/><figcaption>Casa Nina<\/figcaption><\/figure>\n<\/div>\n\n\n\n<div class=\"wp-container-2 wp-block-column\">\n<figure class=\"wp-block-image size-large\"><img loading=\"lazy\" width=\"1368\" height=\"900\" src=\"https:\/\/villsy.com\/wp-content\/uploads\/Villa_Rustica41-1368x900.jpg\" alt=\"\" class=\"wp-image-30443\" srcset=\"https:\/\/villsy.com\/wp-content\/uploads\/Villa_Rustica41-1368x900.jpg 1368w, https:\/\/villsy.com\/wp-content\/uploads\/Villa_Rustica41-300x197.jpg 300w, https:\/\/villsy.com\/wp-content\/uploads\/Villa_Rustica41-768x505.jpg 768w, https:\/\/villsy.com\/wp-content\/uploads\/Villa_Rustica41-1536x1011.jpg 1536w, https:\/\/villsy.com\/wp-content\/uploads\/Villa_Rustica41.jpg 2000w\" sizes=\"(max-width: 1368px) 100vw, 1368px\" \/><figcaption>Villa Rustica<\/figcaption><\/figure>\n<\/div>\n\n\n\n<div class=\"wp-container-3 wp-block-column\">\n<figure class=\"wp-block-image size-large\"><img loading=\"lazy\" width=\"1349\" height=\"900\" src=\"https:\/\/villsy.com\/wp-content\/uploads\/01VillaGimino-2-1349x900.jpg\" alt=\"\" class=\"wp-image-30413\" srcset=\"https:\/\/villsy.com\/wp-content\/uploads\/01VillaGimino-2-1349x900.jpg 1349w, https:\/\/villsy.com\/wp-content\/uploads\/01VillaGimino-2-300x200.jpg 300w, https:\/\/villsy.com\/wp-content\/uploads\/01VillaGimino-2-768x512.jpg 768w, https:\/\/villsy.com\/wp-content\/uploads\/01VillaGimino-2-1536x1025.jpg 1536w, https:\/\/villsy.com\/wp-content\/uploads\/01VillaGimino-2.jpg 2000w\" sizes=\"(max-width: 1349px) 100vw, 1349px\" \/><figcaption>Villa Gimino<\/figcaption><\/figure>\n<\/div>\n<\/div>\n\n\n\n<h2 id=\"block-145802a9-6fdc-4355-88e5-c5c59fd12a13\">Hvorfor v\u00e6lge Villsy?<\/h2>\n\n\n\n<h3 id=\"block-cada00b6-a75d-4d19-81ab-f4d7e76c81cf\">H\u00e5ndplukkede villaer i Istrien og Kroatien<\/h3>\n\n\n\n<p id=\"block-53283f70-8d00-4fe5-8303-d565a4a51f82\">Hver eneste villa i vores portef\u00f8lje er personligt inspiceret af vores erfarne team. Fra luksusvillaer med pool ved havet til autentiske stenhuse p\u00e5 det istriske landskab &#8211; hver ejendom er udvalgt for sin kvalitet, komfort og unikke charme. <\/p>\n\n\n\n<h3 id=\"block-7bc9eec4-d9ac-4189-a904-e156407b8d7a\">Garanti for bedste pris<\/h3>\n\n\n\n<p id=\"block-d0f079de-328f-4030-91e2-c1b913227224\">Takket v\u00e6re direkte kontrakter med husejere og mange \u00e5rs erfaring p\u00e5 markedet garanterer vi de laveste priser p\u00e5 villaer i Istrien og Kroatien. Med Villsy booker du direkte &#8211; ingen skjulte gebyrer. <\/p>\n\n\n\n<h3 id=\"block-13e2bf5b-8bb7-41bf-9e35-78c322fc551d\">\u00d8jeblikkelig booking<\/h3>\n\n\n\n<p id=\"block-8897fa1f-74a9-44c5-a276-b60e94e874a2\">Alle vores ferieboliger med pool i Istrien er tilg\u00e6ngelige i realtid. Du skal blot v\u00e6lge din foretrukne villa, booke online og betale sikkert med kreditkort eller bankoverf\u00f8rsel &#8211; hurtigt, sikkert og nemt. <\/p>\n\n\n\n<h3 id=\"block-bad415ac-575d-4b3b-9571-dd87086634b3\">Lokal tilstedev\u00e6relse og st\u00f8tte<\/h3>\n\n\n\n<p id=\"block-074315fa-45c8-4fa7-b88a-f5075acf80e4\">Vores kontor ligger i Pazin, lige i hjertet af Istrien. Denne centrale placering giver os mulighed for at v\u00e6re t\u00e6t p\u00e5 b\u00e5de vores g\u00e6ster og husejere. Vores lokale team er til r\u00e5dighed under hele dit ophold for at sikre, at alle detaljer er perfekte.  <\/p>\n\n\n\n<h3 id=\"block-e8dbfd42-7d55-40bc-8f29-d90db3ec19d1\">Erfaring og v\u00e6kst<\/h3>\n\n\n\n<p id=\"block-fc344d08-8579-4fba-8ab2-23f18614254f\">Det, der begyndte i 2008 med en enkelt villa, er vokset til et p\u00e5lideligt bureau med en bred portef\u00f8lje af f\u00f8rsteklasses feriehuse i Kroatien. Vi kombinerer mange \u00e5rs praktisk erfaring med en personlig, g\u00e6steorienteret tilgang. <\/p>\n\n\n\n<h2 id=\"block-4befae29-a74d-492a-804f-c83d30c4b901\">Vores l\u00f8fte<\/h2>\n\n\n\n<p id=\"block-76893c12-0529-4f1c-81b9-53c6bc23a6a9\">Hos Villsy er din ferie i trygge h\u00e6nder. Uanset om du leder efter et fredeligt fristed <strong>i Istriens bjerge<\/strong>, en <strong>villa ved stranden i Dalmatien<\/strong> eller et <strong>familiehus med pool i Kroatien,<\/strong> s\u00f8rger vi for, at dit ophold bliver ubekymret og uforglemmeligt. <\/p>\n\n\n\n<p id=\"block-3f6262c7-c4ec-40ca-8d11-6d7857d47700\">Villsy er mere end et bureau &#8211; vi er din lokale partner, der br\u00e6nder for Istrien og Kroatien, og som er dedikeret til at skabe den perfekte ferieoplevelse.<\/p>\n\n\n\n<div class=\"container my-5 offer-homepage-cards-section\">\n    <h3 class=\"text-dark h1\">\n  Villa-samlinger\n    <\/h3>\n    \t \n      <div class=\"row\">\n\n<a class=\"col-lg-6 col-sm-6 col-12 mb-4 rounded\" style=\"text-decoration: none;\" href=\"\/da\/havudsigt-villaer-kroatien\/\">\n    <div class=\"filters-landing-card position-relative rounded\">\n        <div class=\"card lozad position-relative card-img-top\" data-background-image=\"https:\/\/villsy.com\/wp-content\/uploads\/Villa_Lina1102-800x600.jpg\" style=\"height: 300px;\">\n        <\/div>\n        <div class=\"position-absolute container bottom-0 w-100 px-lg-4 px-3\">\n            <div class=\"bg-dark bg-opacity-75 rounded py-lg-4 px-lg-4 p-3 my-3\">\n                <div class=\"h3 mt-0 mb-1 text-warning slab\">Villaer med havudsigt i Kroatien<\/div>\n                                    <h3 class=\"text-white slab small mb-0\"> Vores udvalg af villaer med havudsigt i Kroatien<\/h3>\n                            <\/div>\n        <\/div>\n    <\/div>\n<\/a>\n\n<a class=\"col-lg-6 col-sm-6 col-12 mb-4 rounded\" style=\"text-decoration: none;\" href=\"\/da\/villaer-naer-havet-kroatien\/\">\n    <div class=\"filters-landing-card position-relative rounded\">\n        <div class=\"card lozad position-relative card-img-top\" data-background-image=\"https:\/\/villsy.com\/wp-content\/uploads\/Dubovica-Hvar-800x600.jpg\" style=\"height: 300px;\">\n        <\/div>\n        <div class=\"position-absolute container bottom-0 w-100 px-lg-4 px-3\">\n            <div class=\"bg-dark bg-opacity-75 rounded py-lg-4 px-lg-4 p-3 my-3\">\n                <div class=\"h3 mt-0 mb-1 text-warning slab\">Strandvillaer i Kroatien<\/div>\n                                    <h3 class=\"text-white slab small mb-0\"> Villaer op til 3 km fra havet<\/h3>\n                            <\/div>\n        <\/div>\n    <\/div>\n<\/a>\n\n<a class=\"col-lg-4 col-sm-6 col-12 mb-4 rounded\" style=\"text-decoration: none;\" href=\"\/da\/luksus-villaer-kroatien\/\">\n    <div class=\"filters-landing-card position-relative rounded\">\n        <div class=\"card lozad position-relative card-img-top\" data-background-image=\"https:\/\/villsy.com\/wp-content\/uploads\/Villa_Lumi68-800x600.jpg\" style=\"height: 300px;\">\n        <\/div>\n        <div class=\"position-absolute container bottom-0 w-100 px-lg-4 px-3\">\n            <div class=\"bg-dark bg-opacity-75 rounded py-lg-4 px-lg-4 p-3 my-3\">\n                <div class=\"h3 mt-0 mb-1 text-warning slab\">Luksusvillaer i Kroatien<\/div>\n                                    <h3 class=\"text-white slab small mb-0\"> Nyd livet i en luksuri\u00f8s villa<\/h3>\n                            <\/div>\n        <\/div>\n    <\/div>\n<\/a>\n\n<a class=\"col-lg-4 col-sm-6 col-12 mb-4 rounded\" style=\"text-decoration: none;\" href=\"\/da\/sma-romantiske-villaer-kroatien\/\">\n    <div class=\"filters-landing-card position-relative rounded\">\n        <div class=\"card lozad position-relative card-img-top\" data-background-image=\"https:\/\/villsy.com\/wp-content\/uploads\/vila_amalia113-800x600.jpg\" style=\"height: 300px;\">\n        <\/div>\n        <div class=\"position-absolute container bottom-0 w-100 px-lg-4 px-3\">\n            <div class=\"bg-dark bg-opacity-75 rounded py-lg-4 px-lg-4 p-3 my-3\">\n                <div class=\"h3 mt-0 mb-1 text-warning slab\">Romantiske villaer til par i Kroatien<\/div>\n                                    <h3 class=\"text-white slab small mb-0\"> Sm\u00e5 romantiske villaer perfekte til par<\/h3>\n                            <\/div>\n        <\/div>\n    <\/div>\n<\/a>\n\n<a class=\"col-lg-4 col-sm-6 col-12 mb-4 rounded\" style=\"text-decoration: none;\" href=\"\/da\/kroatien-kaeledyrsvenlige-villaer\/\">\n    <div class=\"filters-landing-card position-relative rounded\">\n        <div class=\"card lozad position-relative card-img-top\" data-background-image=\"https:\/\/villsy.com\/wp-content\/uploads\/bigstock-Dog-Sleeping-Near-A-Swimming-P-467007137-800x600.jpg\" style=\"height: 300px;\">\n        <\/div>\n        <div class=\"position-absolute container bottom-0 w-100 px-lg-4 px-3\">\n            <div class=\"bg-dark bg-opacity-75 rounded py-lg-4 px-lg-4 p-3 my-3\">\n                <div class=\"h3 mt-0 mb-1 text-warning slab\">K\u00e6ledyrsvenlige villaer i Kroatien<\/div>\n                                    <h3 class=\"text-white slab small mb-0\"> Villaer, hvor k\u00e6ledyr er velkomne<\/h3>\n                            <\/div>\n        <\/div>\n    <\/div>\n<\/a>\n\n<a class=\"col-lg-3 col-sm-6 col-12 mb-4 rounded\" style=\"text-decoration: none;\" href=\"\/da\/villaer-med-sauna\/\">\n    <div class=\"filters-landing-card position-relative rounded\">\n        <div class=\"card lozad position-relative card-img-top\" data-background-image=\"https:\/\/villsy.com\/wp-content\/uploads\/Villa_Lumi20-800x600.jpg\" style=\"height: 300px;\">\n        <\/div>\n        <div class=\"position-absolute container bottom-0 w-100 px-lg-4 px-3\">\n            <div class=\"bg-dark bg-opacity-75 rounded py-lg-4 px-lg-4 p-3 my-3\">\n                <div class=\"h3 mt-0 mb-1 text-warning slab\">Villaer med sauna til leje i Kroatien<\/div>\n                                    <h3 class=\"text-white slab small mb-0\"> Find villaer med sauna til din ferie<\/h3>\n                            <\/div>\n        <\/div>\n    <\/div>\n<\/a>\n\n<a class=\"col-lg-3 col-sm-6 col-12 mb-4 rounded\" style=\"text-decoration: none;\" href=\"\/da\/villaer-med-pool-kroatien\/\">\n    <div class=\"filters-landing-card position-relative rounded\">\n        <div class=\"card lozad position-relative card-img-top\" data-background-image=\"https:\/\/villsy.com\/wp-content\/uploads\/villa_Horto-800x600.jpg\" style=\"height: 300px;\">\n        <\/div>\n        <div class=\"position-absolute container bottom-0 w-100 px-lg-4 px-3\">\n            <div class=\"bg-dark bg-opacity-75 rounded py-lg-4 px-lg-4 p-3 my-3\">\n                <div class=\"h3 mt-0 mb-1 text-warning slab\">Villaer med pool i Kroatien<\/div>\n                                    <h3 class=\"text-white slab small mb-0\"> Find en perfekt villa med pool<\/h3>\n                            <\/div>\n        <\/div>\n    <\/div>\n<\/a>\n\n<a class=\"col-lg-3 col-sm-6 col-12 mb-4 rounded\" style=\"text-decoration: none;\" href=\"\/da\/kroatien-villaer-store-grupper\/\">\n    <div class=\"filters-landing-card position-relative rounded\">\n        <div class=\"card lozad position-relative card-img-top\" data-background-image=\"https:\/\/villsy.com\/wp-content\/uploads\/villa_Marion32-800x600.jpg\" style=\"height: 300px;\">\n        <\/div>\n        <div class=\"position-absolute container bottom-0 w-100 px-lg-4 px-3\">\n            <div class=\"bg-dark bg-opacity-75 rounded py-lg-4 px-lg-4 p-3 my-3\">\n                <div class=\"h3 mt-0 mb-1 text-warning slab\">Villaer til store grupper i Kroatien<\/div>\n                                    <h3 class=\"text-white slab small mb-0\"> Store villaer til mere end 12 personer<\/h3>\n                            <\/div>\n        <\/div>\n    <\/div>\n<\/a>\n\n<a class=\"col-lg-3 col-sm-6 col-12 mb-4 rounded\" style=\"text-decoration: none;\" href=\"\/da\/specialtilbud-villaer-kroatien\/\">\n    <div class=\"filters-landing-card position-relative rounded\">\n        <div class=\"card lozad position-relative card-img-top\" data-background-image=\"https:\/\/villsy.com\/wp-content\/uploads\/Villa_Terra_Bianca15-800x600.jpg\" style=\"height: 300px;\">\n        <\/div>\n        <div class=\"position-absolute container bottom-0 w-100 px-lg-4 px-3\">\n            <div class=\"bg-dark bg-opacity-75 rounded py-lg-4 px-lg-4 p-3 my-3\">\n                <div class=\"h3 mt-0 mb-1 text-warning slab\">Specialtilbud villaer i Kroatien<\/div>\n                                    <h3 class=\"text-white slab small mb-0\"> Find villaer med rabatter eller andre ekstra tilbud<\/h3>\n                            <\/div>\n        <\/div>\n    <\/div>\n<\/a> \n    <\/div>\n \n\n\t\n<\/div>\n\n\n\n<hr class=\"wp-block-separator has-alpha-channel-opacity\" id=\"block-620e19a6-46b9-4708-a277-543f327e6c70\"\/>\n\n\n\n<h3 id=\"block-7f9327fe-1ed6-472f-9fe8-f92354ba88f8\">Oplysninger:<\/h3>\n\n\n\n<p id=\"block-0fb92d54-cd06-4617-8a2d-14f1cb32bf23\"><strong>VILLSY d.o.o. &#8211; selskab med begr\u00e6nset ansvar for ejendomsudlejning, turisme og rejsebureauvirksomhed<\/strong> | Registreringsnummer: 130093085 &#8211; Trgova\u010dki sud Pazin | <strong>VAT<\/strong> ID:HR17191292654<\/p>\n\n\n\n<p id=\"block-f41eab70-d264-40c8-829a-0ae43153b7ad\">IBAN: HR62 2340 0091 1110 0258 1 | PRIVREDNA BANKA ZAGREB d.d., Radni\u010dka cesta 50, 10000 Zagreb | SWIFT-kode: PBZGHR22<\/p>\n\n\n\n<p id=\"block-f7b7d707-0814-4dea-a862-b8be90a66290\">ADRESSE: Kastavska 18, 52000 Pazin, Croatia<br>ADMINISTRERENDE DIREKT\u00d8R: Toni Hrelja<br>AGENTURLEDER: Suzana Hrelja<br>\u00c5BNINGSTIDER: man-fre 9-17<br>E-mail: <a href=\"mailto:info@villsy.com\">info@villsy.com<\/a><br>Web: <a href=\"https:\/\/villsy.com\/\">www.villsy.com<\/a><br>TEL: +385 91 585 2596<\/p>\n","protected":false},"excerpt":{"rendered":"<p>Vores historie Hos Villsy mener vi, at en ferie skal v\u00e6re mere end bare et ophold &#8211; det skal v\u00e6re en oplevelse, man husker. Vores rejse begyndte i 2008, da vi byggede vores allerf\u00f8rste villa i det centrale Istrien. Det, der startede som et personligt projekt, blev hurtigt til noget meget st\u00f8rre. I 2013 begyndte [&hellip;]<\/p>\n","protected":false},"author":2,"featured_media":0,"parent":0,"menu_order":0,"comment_status":"closed","ping_status":"closed","template":"templates\/other.php","meta":[],"yoast_head":"<!-- This site is optimized with the Yoast SEO Premium plugin v19.2.1 (Yoast SEO v19.6.1) - https:\/\/yoast.com\/wordpress\/plugins\/seo\/ -->\n<title>Vores historie | Villsy - h\u00e5ndplukkede villaer i Istrien og Kroatien<\/title>\n<meta name=\"description\" content=\"Book din dr\u00f8mmevilla i Istrien eller Kroatien med Villsy. Et p\u00e5lideligt lokalt bureau, der tilbyder villaer med pool i topkvalitet, de bedste priser og personlig support.\" \/>\n<meta name=\"robots\" content=\"index, follow, max-snippet:-1, max-image-preview:large, max-video-preview:-1\" \/>\n<link rel=\"canonical\" href=\"https:\/\/villsy.com\/da\/om-os\/\" \/>\n<meta property=\"og:locale\" content=\"en_US\" \/>\n<meta property=\"og:type\" content=\"website\" \/>\n<meta property=\"og:title\" content=\"Vores historie | Villsy - h\u00e5ndplukkede villaer i Istrien og Kroatien\" \/>\n<meta property=\"og:description\" content=\"Book din dr\u00f8mmevilla i Istrien eller Kroatien med Villsy. Et p\u00e5lideligt lokalt bureau, der tilbyder villaer med pool i topkvalitet, de bedste priser og personlig support.\" \/>\n<meta property=\"og:url\" content=\"https:\/\/villsy.com\/da\/om-os\/\" \/>\n<meta property=\"og:site_name\" content=\"Villsy\" \/>\n<meta property=\"article:modified_time\" content=\"2025-10-07T14:29:07+00:00\" \/>\n<meta property=\"og:image\" content=\"https:\/\/villsy.com\/wp-content\/uploads\/villa_casa-nina22-1350x900.jpg\" \/>\n<meta name=\"twitter:card\" content=\"summary_large_image\" \/>\n<meta name=\"twitter:label1\" content=\"Est. reading time\" \/>\n\t<meta name=\"twitter:data1\" content=\"4 minutes\" \/>\n<!-- \/ Yoast SEO Premium plugin. -->","yoast_head_json":{"title":"Vores historie | Villsy - h\u00e5ndplukkede villaer i Istrien og Kroatien","description":"Book din dr\u00f8mmevilla i Istrien eller Kroatien med Villsy. Et p\u00e5lideligt lokalt bureau, der tilbyder villaer med pool i topkvalitet, de bedste priser og personlig support.","robots":{"index":"index","follow":"follow","max-snippet":"max-snippet:-1","max-image-preview":"max-image-preview:large","max-video-preview":"max-video-preview:-1"},"canonical":"https:\/\/villsy.com\/da\/om-os\/","og_locale":"en_US","og_type":"website","og_title":"Vores historie | Villsy - h\u00e5ndplukkede villaer i Istrien og Kroatien","og_description":"Book din dr\u00f8mmevilla i Istrien eller Kroatien med Villsy. Et p\u00e5lideligt lokalt bureau, der tilbyder villaer med pool i topkvalitet, de bedste priser og personlig support.","og_url":"https:\/\/villsy.com\/da\/om-os\/","og_site_name":"Villsy","article_modified_time":"2025-10-07T14:29:07+00:00","og_image":[{"url":"https:\/\/villsy.com\/wp-content\/uploads\/villa_casa-nina22-1350x900.jpg"}],"twitter_card":"summary_large_image","twitter_misc":{"Est. reading time":"4 minutes"},"schema":{"@context":"https:\/\/schema.org","@graph":[{"@type":"WebPage","@id":"https:\/\/villsy.com\/da\/om-os\/","url":"https:\/\/villsy.com\/da\/om-os\/","name":"Vores historie | Villsy - h\u00e5ndplukkede villaer i Istrien og Kroatien","isPartOf":{"@id":"https:\/\/villsy.com\/da\/#website"},"datePublished":"2025-10-07T11:43:25+00:00","dateModified":"2025-10-07T14:29:07+00:00","description":"Book din dr\u00f8mmevilla i Istrien eller Kroatien med Villsy. Et p\u00e5lideligt lokalt bureau, der tilbyder villaer med pool i topkvalitet, de bedste priser og personlig support.","breadcrumb":{"@id":"https:\/\/villsy.com\/da\/om-os\/#breadcrumb"},"inLanguage":"da","potentialAction":[{"@type":"ReadAction","target":["https:\/\/villsy.com\/da\/om-os\/"]}]},{"@type":"BreadcrumbList","@id":"https:\/\/villsy.com\/da\/om-os\/#breadcrumb","itemListElement":[{"@type":"ListItem","position":1,"name":"Villsy","item":"https:\/\/villsy.com\/da\/"},{"@type":"ListItem","position":2,"name":"Om os DA"}]},{"@type":"WebSite","@id":"https:\/\/villsy.com\/da\/#website","url":"https:\/\/villsy.com\/da\/","name":"Villsy","description":"Just another WordPress site","potentialAction":[{"@type":"SearchAction","target":{"@type":"EntryPoint","urlTemplate":"https:\/\/villsy.com\/da\/?s={search_term_string}"},"query-input":"required name=search_term_string"}],"inLanguage":"da"}]}},"_links":{"self":[{"href":"https:\/\/villsy.com\/da\/wp-json\/wp\/v2\/pages\/30557"}],"collection":[{"href":"https:\/\/villsy.com\/da\/wp-json\/wp\/v2\/pages"}],"about":[{"href":"https:\/\/villsy.com\/da\/wp-json\/wp\/v2\/types\/page"}],"author":[{"embeddable":true,"href":"https:\/\/villsy.com\/da\/wp-json\/wp\/v2\/users\/2"}],"replies":[{"embeddable":true,"href":"https:\/\/villsy.com\/da\/wp-json\/wp\/v2\/comments?post=30557"}],"version-history":[{"count":3,"href":"https:\/\/villsy.com\/da\/wp-json\/wp\/v2\/pages\/30557\/revisions"}],"predecessor-version":[{"id":30596,"href":"https:\/\/villsy.com\/da\/wp-json\/wp\/v2\/pages\/30557\/revisions\/30596"}],"wp:attachment":[{"href":"https:\/\/villsy.com\/da\/wp-json\/wp\/v2\/media?parent=30557"}],"curies":[{"name":"wp","href":"https:\/\/api.w.org\/{rel}","templated":true}]}}