{"id":4482,"date":"2022-08-24T08:40:28","date_gmt":"2022-08-24T08:40:28","guid":{"rendered":"https:\/\/villsy.com\/?page_id=4482"},"modified":"2023-07-28T09:02:39","modified_gmt":"2023-07-28T09:02:39","slug":"garance-nejnizsi-ceny","status":"publish","type":"page","link":"https:\/\/villsy.com\/cs\/garance-nejnizsi-ceny\/","title":{"rendered":"Lowest price CS"},"content":{"rendered":"<div class=\"wp-block-image\">\n<figure class=\"aligncenter size-medium\"><img loading=\"lazy\" width=\"300\" height=\"300\" src=\"https:\/\/villsy.com\/wp-content\/uploads\/bagde-bestprice-new-300x300.png\" alt=\"\" class=\"wp-image-4253\" srcset=\"https:\/\/villsy.com\/wp-content\/uploads\/bagde-bestprice-new-300x300.png 300w, https:\/\/villsy.com\/wp-content\/uploads\/bagde-bestprice-new.png 647w\" sizes=\"(max-width: 300px) 100vw, 300px\" \/><\/figure><\/div>\n\n\n<h1 id=\"h-abychom-se-ujistili-ze-na-villsy-ziskate-ty-nejlepsi-mozne-sluzby-muzeme-rucit-za-nasledujici\"><strong>Abychom se ujistili, \u017ee na Villsy z\u00edsk\u00e1te ty nejlep\u0161\u00ed mo\u017en\u00e9 slu\u017eby, m\u016f\u017eeme ru\u010dit za n\u00e1sleduj\u00edc\u00ed:<\/strong><\/h1>\n\n\n\n<ul><li>Na\u0161e webov\u00e9 str\u00e1nky v\u00e1m p\u0159i rezervaci v\u017edy nab\u00eddnou&nbsp;<strong>nejni\u017e\u0161\u00ed mo\u017en\u00e9 ceny<\/strong>&nbsp;.<\/li><li>Pokud byste n\u011bkdy na\u0161li lep\u0161\u00ed nab\u00eddku, ne\u017e je ta, kterou nab\u00edz\u00edme, kontaktujte n\u00e1s a&nbsp;<strong>my v\u00e1m cenu dorovn\u00e1me<\/strong>&nbsp;.<\/li><li>V\u0161echny vily byly d\u016fkladn\u011b zkontrolov\u00e1ny na\u0161\u00edm t\u00fdmem.&nbsp;<strong>Jsme pln\u011b licencovan\u00e1 turistick\u00e1 agentura<\/strong>&nbsp;.<\/li><li>V\u0161echny popisy vil uveden\u00fdch na Villsy jsou&nbsp;<strong>100% p\u0159esn\u00e9 a um\u00edst\u011bn\u00ed vil je p\u0159esn\u00e9.<\/strong><\/li><li>Ka\u017ed\u00e1 vila byla zkontrolov\u00e1na v\u0161emi p\u0159\u00edslu\u0161n\u00fdmi regula\u010dn\u00edmi org\u00e1ny Chorvatsk\u00e9 republiky.<\/li><li>Kalend\u00e1\u0159e jsou p\u0159esn\u00e9 a pravideln\u011b aktualizovan\u00e9.<\/li><li>V\u0161ichni majitel\u00e9 vil jsou smluvn\u011b povinni&nbsp;<strong>udr\u017eovat vily ve stavu, kter\u00fd odpov\u00edd\u00e1 popisu uveden\u00e9mu na t\u00e9to webov\u00e9 str\u00e1nce.<\/strong><\/li><li>Vily m\u016f\u017eete pou\u017e\u00edvat pouze vy a lid\u00e9, kte\u0159\u00ed v\u00e1s doprov\u00e1zej\u00ed, kdy\u017e je pronaj\u00edm\u00e1te.&nbsp;Ostatn\u00ed host\u00e9 a majitel\u00e9 je nesm\u00ed pou\u017e\u00edvat ani nic jin\u00e9ho na pozemku.<\/li><li>Ceny zahrnuj\u00ed v\u0161echny poplatky a dan\u011b, jako je DPH, turistick\u00e1 da\u0148 a ve\u0161ker\u00e9 energie.&nbsp;<strong>Neexistuj\u00ed \u017e\u00e1dn\u00e9 skryt\u00e9 n\u00e1klady.<\/strong><\/li><li>V\u017edy budete moci komunikovat se spr\u00e1vcem nemovitosti, kter\u00fd v\u00e1m pom\u016f\u017ee s rezervac\u00ed, z\u016fstane s v\u00e1mi v kontaktu, ne\u017e p\u0159ijedete, a bude v\u00e1m k dispozici b\u011bhem va\u0161eho pobytu.<\/li><\/ul>\n","protected":false},"excerpt":{"rendered":"<p>Abychom se ujistili, \u017ee na Villsy z\u00edsk\u00e1te ty nejlep\u0161\u00ed mo\u017en\u00e9 slu\u017eby, m\u016f\u017eeme ru\u010dit za n\u00e1sleduj\u00edc\u00ed: Na\u0161e webov\u00e9 str\u00e1nky v\u00e1m p\u0159i rezervaci v\u017edy nab\u00eddnou&nbsp;nejni\u017e\u0161\u00ed mo\u017en\u00e9 ceny&nbsp;. Pokud byste n\u011bkdy na\u0161li lep\u0161\u00ed nab\u00eddku, ne\u017e je ta, kterou nab\u00edz\u00edme, kontaktujte n\u00e1s a&nbsp;my v\u00e1m cenu dorovn\u00e1me&nbsp;. V\u0161echny vily byly d\u016fkladn\u011b zkontrolov\u00e1ny na\u0161\u00edm t\u00fdmem.&nbsp;Jsme pln\u011b licencovan\u00e1 turistick\u00e1 agentura&nbsp;. V\u0161echny popisy [&hellip;]<\/p>\n","protected":false},"author":1,"featured_media":0,"parent":0,"menu_order":0,"comment_status":"closed","ping_status":"closed","template":"templates\/other.php","meta":[],"yoast_head":"<!-- This site is optimized with the Yoast SEO Premium plugin v19.2.1 (Yoast SEO v19.6.1) - https:\/\/yoast.com\/wordpress\/plugins\/seo\/ -->\n<title>Garance nejni\u017e\u0161\u00ed ceny - Villsy<\/title>\n<meta name=\"description\" content=\"Z\u00e1ruka nejni\u017e\u0161\u00ed ceny - Najd\u011bte a rezervujte si vily s baz\u00e9ny s Villsy. Pronajm\u011bte si vilu pro va\u0161i dovolenou s rodinou nebo p\u0159\u00e1teli, cel\u00fd d\u016fm jen pro v\u00e1s.\" \/>\n<meta name=\"robots\" content=\"index, follow, max-snippet:-1, max-image-preview:large, max-video-preview:-1\" \/>\n<link rel=\"canonical\" href=\"https:\/\/villsy.com\/cs\/garance-nejnizsi-ceny\/\" \/>\n<meta property=\"og:locale\" content=\"en_US\" \/>\n<meta property=\"og:type\" content=\"website\" \/>\n<meta property=\"og:title\" content=\"Garance nejni\u017e\u0161\u00ed ceny\" \/>\n<meta property=\"og:description\" content=\"Z\u00e1ruka nejni\u017e\u0161\u00ed ceny - Najd\u011bte a rezervujte si vily s baz\u00e9ny s Villsy. Pronajm\u011bte si vilu pro va\u0161i dovolenou s rodinou nebo p\u0159\u00e1teli, cel\u00fd d\u016fm jen pro v\u00e1s.\" \/>\n<meta property=\"og:url\" content=\"https:\/\/villsy.com\/cs\/garance-nejnizsi-ceny\/\" \/>\n<meta property=\"og:site_name\" content=\"Villsy\" \/>\n<meta property=\"article:modified_time\" content=\"2023-07-28T09:02:39+00:00\" \/>\n<meta property=\"og:image\" content=\"https:\/\/villsy.com\/wp-content\/uploads\/bagde-bestprice-new-300x300.png\" \/>\n<meta name=\"twitter:card\" content=\"summary_large_image\" \/>\n<meta name=\"twitter:title\" content=\"Garance nejni\u017e\u0161\u00ed ceny\" \/>\n<meta name=\"twitter:description\" content=\"Z\u00e1ruka nejni\u017e\u0161\u00ed ceny - Najd\u011bte a rezervujte si vily s baz\u00e9ny s Villsy. Pronajm\u011bte si vilu pro va\u0161i dovolenou s rodinou nebo p\u0159\u00e1teli, cel\u00fd d\u016fm jen pro v\u00e1s.\" \/>\n<meta name=\"twitter:label1\" content=\"Est. reading time\" \/>\n\t<meta name=\"twitter:data1\" content=\"1 minute\" \/>\n<!-- \/ Yoast SEO Premium plugin. -->","yoast_head_json":{"title":"Garance nejni\u017e\u0161\u00ed ceny - Villsy","description":"Z\u00e1ruka nejni\u017e\u0161\u00ed ceny - Najd\u011bte a rezervujte si vily s baz\u00e9ny s Villsy. Pronajm\u011bte si vilu pro va\u0161i dovolenou s rodinou nebo p\u0159\u00e1teli, cel\u00fd d\u016fm jen pro v\u00e1s.","robots":{"index":"index","follow":"follow","max-snippet":"max-snippet:-1","max-image-preview":"max-image-preview:large","max-video-preview":"max-video-preview:-1"},"canonical":"https:\/\/villsy.com\/cs\/garance-nejnizsi-ceny\/","og_locale":"en_US","og_type":"website","og_title":"Garance nejni\u017e\u0161\u00ed ceny","og_description":"Z\u00e1ruka nejni\u017e\u0161\u00ed ceny - Najd\u011bte a rezervujte si vily s baz\u00e9ny s Villsy. Pronajm\u011bte si vilu pro va\u0161i dovolenou s rodinou nebo p\u0159\u00e1teli, cel\u00fd d\u016fm jen pro v\u00e1s.","og_url":"https:\/\/villsy.com\/cs\/garance-nejnizsi-ceny\/","og_site_name":"Villsy","article_modified_time":"2023-07-28T09:02:39+00:00","og_image":[{"url":"https:\/\/villsy.com\/wp-content\/uploads\/bagde-bestprice-new-300x300.png"}],"twitter_card":"summary_large_image","twitter_title":"Garance nejni\u017e\u0161\u00ed ceny","twitter_description":"Z\u00e1ruka nejni\u017e\u0161\u00ed ceny - Najd\u011bte a rezervujte si vily s baz\u00e9ny s Villsy. Pronajm\u011bte si vilu pro va\u0161i dovolenou s rodinou nebo p\u0159\u00e1teli, cel\u00fd d\u016fm jen pro v\u00e1s.","twitter_misc":{"Est. reading time":"1 minute"},"schema":{"@context":"https:\/\/schema.org","@graph":[{"@type":"WebPage","@id":"https:\/\/villsy.com\/cs\/garance-nejnizsi-ceny\/","url":"https:\/\/villsy.com\/cs\/garance-nejnizsi-ceny\/","name":"Garance nejni\u017e\u0161\u00ed ceny - Villsy","isPartOf":{"@id":"https:\/\/villsy.com\/cs\/#website"},"datePublished":"2022-08-24T08:40:28+00:00","dateModified":"2023-07-28T09:02:39+00:00","description":"Z\u00e1ruka nejni\u017e\u0161\u00ed ceny - Najd\u011bte a rezervujte si vily s baz\u00e9ny s Villsy. Pronajm\u011bte si vilu pro va\u0161i dovolenou s rodinou nebo p\u0159\u00e1teli, cel\u00fd d\u016fm jen pro v\u00e1s.","breadcrumb":{"@id":"https:\/\/villsy.com\/cs\/garance-nejnizsi-ceny\/#breadcrumb"},"inLanguage":"cs","potentialAction":[{"@type":"ReadAction","target":["https:\/\/villsy.com\/cs\/garance-nejnizsi-ceny\/"]}]},{"@type":"BreadcrumbList","@id":"https:\/\/villsy.com\/cs\/garance-nejnizsi-ceny\/#breadcrumb","itemListElement":[{"@type":"ListItem","position":1,"name":"Villsy","item":"https:\/\/villsy.com\/cs\/"},{"@type":"ListItem","position":2,"name":"Lowest price CS"}]},{"@type":"WebSite","@id":"https:\/\/villsy.com\/cs\/#website","url":"https:\/\/villsy.com\/cs\/","name":"Villsy","description":"Just another WordPress site","potentialAction":[{"@type":"SearchAction","target":{"@type":"EntryPoint","urlTemplate":"https:\/\/villsy.com\/cs\/?s={search_term_string}"},"query-input":"required name=search_term_string"}],"inLanguage":"cs"}]}},"_links":{"self":[{"href":"https:\/\/villsy.com\/cs\/wp-json\/wp\/v2\/pages\/4482"}],"collection":[{"href":"https:\/\/villsy.com\/cs\/wp-json\/wp\/v2\/pages"}],"about":[{"href":"https:\/\/villsy.com\/cs\/wp-json\/wp\/v2\/types\/page"}],"author":[{"embeddable":true,"href":"https:\/\/villsy.com\/cs\/wp-json\/wp\/v2\/users\/1"}],"replies":[{"embeddable":true,"href":"https:\/\/villsy.com\/cs\/wp-json\/wp\/v2\/comments?post=4482"}],"version-history":[{"count":2,"href":"https:\/\/villsy.com\/cs\/wp-json\/wp\/v2\/pages\/4482\/revisions"}],"predecessor-version":[{"id":12051,"href":"https:\/\/villsy.com\/cs\/wp-json\/wp\/v2\/pages\/4482\/revisions\/12051"}],"wp:attachment":[{"href":"https:\/\/villsy.com\/cs\/wp-json\/wp\/v2\/media?parent=4482"}],"curies":[{"name":"wp","href":"https:\/\/api.w.org\/{rel}","templated":true}]}}