{"id":4447,"date":"2022-08-24T06:49:42","date_gmt":"2022-08-24T06:49:42","guid":{"rendered":"https:\/\/villsy.com\/?page_id=4447"},"modified":"2022-08-24T07:29:53","modified_gmt":"2022-08-24T07:29:53","slug":"casto-kladene-otazky","status":"publish","type":"page","link":"https:\/\/villsy.com\/cs\/casto-kladene-otazky\/","title":{"rendered":"Faq CS"},"content":{"rendered":"\n<h1 class=\"pb-5\">\u010casto kladen\u00e9 ot\u00e1zky<\/h1>\n\n\n\n<h2>N\u00c1KLADY A PLATBY&nbsp;&nbsp;<\/h2>\n\n\n\n<h4>1. Pro\u010d je z\u00e1loha povinn\u00e1?<\/h4>\n\n\n\n<p>Z\u00e1loha je z\u00e1vazn\u00e1 pro rezervaci va\u0161eho objektu a zabr\u00e1n\u00ed tomu, aby si ho n\u011bkdo zarezervoval na stejn\u00fd term\u00edn.&nbsp;Z\u00e1loha je obvykle 30% z celkov\u00e9 ceny.&nbsp;Ne\u017e ode\u0161leme potvrzen\u00ed rezervace, co\u017e obvykle trv\u00e1 24 hodin, nestrhneme z va\u0161\u00ed kreditn\u00ed karty platbu.<\/p>\n\n\n\n<p>Vzhledem k tomu, \u017ee z\u00e1loha je nevratn\u00e1, doporu\u010dujeme uzav\u0159\u00edt poji\u0161t\u011bn\u00ed dovolen\u00e9.<\/p>\n\n\n\n<h4>2. Kdy zaplat\u00edm celou \u010d\u00e1stku?<\/h4>\n\n\n\n<p>Cel\u00e1 \u010d\u00e1stka je obvykle splatn\u00e1 8-12 t\u00fddn\u016f p\u0159ed odjezdem na dovolenou.&nbsp;O dal\u0161\u00ed platb\u011b V\u00e1s budeme informovat.<\/p>\n\n\n\n<h4>3. A co zru\u0161en\u00ed dovolen\u00e9?<\/h4>\n\n\n\n<p>Dejte n\u00e1m pros\u00edm v\u011bd\u011bt, \u017ee chcete zru\u0161it svou dovolenou co nejd\u0159\u00edve.&nbsp;Nejsme schopni vr\u00e1tit z\u00e1lohu, kterou jste zaplatili k zaji\u0161t\u011bn\u00ed va\u0161\u00ed rezervace.&nbsp;Pokud se n\u00e1m v\u0161ak poda\u0159\u00ed pronajmout nemovitost dal\u0161\u00edm host\u016fm na stejnou dobu a cenu, m\u016f\u017eeme b\u00fdt schopni vr\u00e1tit \u010d\u00e1st z\u00e1lohy nebo dokonce celou z\u00e1lohu m\u00ednus transakr\u00e1ln\u00ed poplatky.<\/p>\n\n\n\n<h4>4. Kauce \u2013 k \u010demu slou\u017e\u00ed?<\/h4>\n\n\n\n<p>Pokud nech\u00e1te vilu \u010distou, uklizenou a ve stejn\u00e9m stavu, v jak\u00e9m byla &#8211; \u017e\u00e1dn\u00fd strach.&nbsp;Z\u00e1loha na po\u0161kozen\u00ed v\u00e1m bude vr\u00e1cena.<\/p>\n\n\n\n<h4>5. Jak a kdy zaplat\u00edm kauci?<\/h4>\n\n\n\n<p>Kauce se plat\u00ed p\u0159\u00edmo majiteli domu a vrac\u00ed se na konci pobytu<\/p>\n\n\n\n<h4>6. Existuj\u00ed n\u011bjak\u00e9 dodate\u010dn\u00e9 n\u00e1klady?<\/h4>\n\n\n\n<p>Ve\u0161ker\u00e9 n\u00e1klady spojen\u00e9 s pron\u00e1jmem vily v\u017edy potvrd\u00edme.&nbsp;Nem\u011bly by vzniknout \u017e\u00e1dn\u00e9 dal\u0161\u00ed n\u00e1klady.<\/p>\n\n\n\n<p>V\u00fdjimky mohou b\u00fdt:<\/p>\n\n\n\n<ul><li>kauce<\/li><li>dom\u00e1c\u00ed mazl\u00ed\u010dci (budete informov\u00e1ni p\u0159i rezervaci)<\/li><li>vyh\u0159\u00edvan\u00e9 baz\u00e9ny v dubnu, kv\u011btnu, \u010dervnu, z\u00e1\u0159\u00ed a \u0159\u00edjnu.&nbsp;Zeptejte se, zda byste cht\u011bli pou\u017e\u00edvat vyh\u0159\u00edv\u00e1n\u00ed baz\u00e9nu.<\/li><\/ul>\n\n\n\n<h4>7. Plat\u00ed n\u011bjak\u00e1 DPH?<\/h4>\n\n\n\n<p>V\u0161echny na\u0161e ceny jsou v\u010detn\u011b DPH, bez p\u0159ir\u00e1\u017eky.<\/p>\n\n\n\n<h4>8. Jsme spojeni s ATOL?<\/h4>\n\n\n\n<p>Ne, nab\u00edz\u00edme pouze ubytov\u00e1n\u00ed a nevztahuje se na n\u011bj po\u017eadavek na kauci ATOL.<\/p>\n\n\n\n<h2>JIN\u00dd<\/h2>\n\n\n\n<h4>1. Pot\u0159ebuji auto?<\/h4>\n\n\n\n<p>Z\u00e1le\u017e\u00ed na lokalit\u011b nemovitosti a va\u0161ich po\u017eadavc\u00edch.&nbsp;N\u011bkter\u00e9 vily jsou vzd\u00e1len\u00e9, tak\u017ee pou\u017eit\u00ed auta je z\u00e1sadn\u00ed.<\/p>\n\n\n\n<h4>2. Kde je nejbli\u017e\u0161\u00ed leti\u0161t\u011b?<\/h4>\n\n\n\n<p>V\u0161echny informace jsou v z\u00e1lo\u017ece um\u00edst\u011bn\u00ed.&nbsp;V\u0161echny nemovitosti jsou na p\u0159esn\u00e9m m\u00edst\u011b.&nbsp;Pokud pot\u0159ebujete dal\u0161\u00ed pomoc, kontaktujte n\u00e1s.<\/p>\n\n\n\n<h4>3. Je vila vhodn\u00e1 pro d\u011bti?<\/h4>\n\n\n\n<p>Zkr\u00e1tka \u2013 ano.&nbsp;V\u011bt\u0161ina za\u0159\u00edzen\u00ed je vhodn\u00e1 pro d\u011bti a m\u00e1 d\u011btsk\u00e9 post\u00fdlky a vysokou \u017eidli\u010dku.&nbsp;Pokud cestujete s d\u011btmi, pros\u00edm pora\u010fte n\u00e1m.<\/p>\n\n\n\n<h4>4. Dom\u00e1c\u00ed mazl\u00ed\u010dci<\/h4>\n\n\n\n<p>N\u011bkter\u00e9 vily jsou vhodn\u00e9 pro dom\u00e1c\u00ed mazl\u00ed\u010dky a n\u011bkter\u00e9 ne.&nbsp;V\u011bt\u0161ina majitel\u016f umo\u017e\u0148uje za mal\u00fd p\u0159\u00edplatek vychovan\u00e9 dom\u00e1c\u00ed mazl\u00ed\u010dky.&nbsp;Je tak\u00e9 uvedeno na na\u0161ich webov\u00fdch str\u00e1nk\u00e1ch a ve funkci filtru, kter\u00e9 vily povoluj\u00ed dom\u00e1c\u00ed mazl\u00ed\u010dky.<\/p>\n\n\n\n<h4>5. Je baz\u00e9n bezpe\u010dn\u00fd pro d\u011bti?<\/h4>\n\n\n\n<p>U baz\u00e9nu obvykle nejsou \u017e\u00e1dn\u00e9 p\u0159ek\u00e1\u017eky, tak\u017ee na to myslete p\u0159i rezervaci vily.&nbsp;Obvykle je hloubka baz\u00e9nu 1,3 &#8211; 1,6 metru.<\/p>\n\n\n\n<h4>6. Bydl\u00ed majitel\u00e9 v m\u00edst\u011b?<\/h4>\n\n\n\n<p>V 99% p\u0159\u00edpad\u016f &#8211; ne.&nbsp;Majitel by mohl bydlet pobl\u00ed\u017e, ale v jin\u00e9m dom\u011b.&nbsp;V\u0161echny na\u0161e vily jsou ur\u010deny pouze pro va\u0161e v\u00fdhradn\u00ed pou\u017eit\u00ed.<\/p>\n","protected":false},"excerpt":{"rendered":"<p>\u010casto kladen\u00e9 ot\u00e1zky N\u00c1KLADY A PLATBY&nbsp;&nbsp; 1. Pro\u010d je z\u00e1loha povinn\u00e1? Z\u00e1loha je z\u00e1vazn\u00e1 pro rezervaci va\u0161eho objektu a zabr\u00e1n\u00ed tomu, aby si ho n\u011bkdo zarezervoval na stejn\u00fd term\u00edn.&nbsp;Z\u00e1loha je obvykle 30% z celkov\u00e9 ceny.&nbsp;Ne\u017e ode\u0161leme potvrzen\u00ed rezervace, co\u017e obvykle trv\u00e1 24 hodin, nestrhneme z va\u0161\u00ed kreditn\u00ed karty platbu. Vzhledem k tomu, \u017ee z\u00e1loha je [&hellip;]<\/p>\n","protected":false},"author":1,"featured_media":0,"parent":0,"menu_order":0,"comment_status":"closed","ping_status":"closed","template":"templates\/other.php","meta":[],"yoast_head":"<!-- This site is optimized with the Yoast SEO Premium plugin v19.2.1 (Yoast SEO v19.6.1) - https:\/\/yoast.com\/wordpress\/plugins\/seo\/ -->\n<title>\u010casto kladen\u00e9 ot\u00e1zky - Villsy<\/title>\n<meta name=\"description\" content=\"Najd\u011bte \u010dasto kladen\u00e9 ot\u00e1zky o pron\u00e1jmu vily u Villsy.\" \/>\n<meta name=\"robots\" content=\"index, follow, max-snippet:-1, max-image-preview:large, max-video-preview:-1\" \/>\n<link rel=\"canonical\" href=\"https:\/\/villsy.com\/cs\/casto-kladene-otazky\/\" \/>\n<meta property=\"og:locale\" content=\"en_US\" \/>\n<meta property=\"og:type\" content=\"website\" \/>\n<meta property=\"og:title\" content=\"\u010casto kladen\u00e9 ot\u00e1zky\" \/>\n<meta property=\"og:description\" content=\"Najd\u011bte \u010dasto kladen\u00e9 ot\u00e1zky o pron\u00e1jmu vily u Villsy.\" \/>\n<meta property=\"og:url\" content=\"https:\/\/villsy.com\/cs\/casto-kladene-otazky\/\" \/>\n<meta property=\"og:site_name\" content=\"Villsy\" \/>\n<meta property=\"article:modified_time\" content=\"2022-08-24T07:29:53+00:00\" \/>\n<meta name=\"twitter:card\" content=\"summary_large_image\" \/>\n<meta name=\"twitter:title\" content=\"\u010casto kladen\u00e9 ot\u00e1zky\" \/>\n<meta name=\"twitter:description\" content=\"Najd\u011bte \u010dasto kladen\u00e9 ot\u00e1zky o pron\u00e1jmu vily u Villsy.\" \/>\n<meta name=\"twitter:label1\" content=\"Est. reading time\" \/>\n\t<meta name=\"twitter:data1\" content=\"2 minutes\" \/>\n<!-- \/ Yoast SEO Premium plugin. -->","yoast_head_json":{"title":"\u010casto kladen\u00e9 ot\u00e1zky - Villsy","description":"Najd\u011bte \u010dasto kladen\u00e9 ot\u00e1zky o pron\u00e1jmu vily u Villsy.","robots":{"index":"index","follow":"follow","max-snippet":"max-snippet:-1","max-image-preview":"max-image-preview:large","max-video-preview":"max-video-preview:-1"},"canonical":"https:\/\/villsy.com\/cs\/casto-kladene-otazky\/","og_locale":"en_US","og_type":"website","og_title":"\u010casto kladen\u00e9 ot\u00e1zky","og_description":"Najd\u011bte \u010dasto kladen\u00e9 ot\u00e1zky o pron\u00e1jmu vily u Villsy.","og_url":"https:\/\/villsy.com\/cs\/casto-kladene-otazky\/","og_site_name":"Villsy","article_modified_time":"2022-08-24T07:29:53+00:00","twitter_card":"summary_large_image","twitter_title":"\u010casto kladen\u00e9 ot\u00e1zky","twitter_description":"Najd\u011bte \u010dasto kladen\u00e9 ot\u00e1zky o pron\u00e1jmu vily u Villsy.","twitter_misc":{"Est. reading time":"2 minutes"},"schema":{"@context":"https:\/\/schema.org","@graph":[{"@type":"WebPage","@id":"https:\/\/villsy.com\/cs\/casto-kladene-otazky\/","url":"https:\/\/villsy.com\/cs\/casto-kladene-otazky\/","name":"\u010casto kladen\u00e9 ot\u00e1zky - Villsy","isPartOf":{"@id":"https:\/\/villsy.com\/cs\/#website"},"datePublished":"2022-08-24T06:49:42+00:00","dateModified":"2022-08-24T07:29:53+00:00","description":"Najd\u011bte \u010dasto kladen\u00e9 ot\u00e1zky o pron\u00e1jmu vily u Villsy.","breadcrumb":{"@id":"https:\/\/villsy.com\/cs\/casto-kladene-otazky\/#breadcrumb"},"inLanguage":"cs","potentialAction":[{"@type":"ReadAction","target":["https:\/\/villsy.com\/cs\/casto-kladene-otazky\/"]}]},{"@type":"BreadcrumbList","@id":"https:\/\/villsy.com\/cs\/casto-kladene-otazky\/#breadcrumb","itemListElement":[{"@type":"ListItem","position":1,"name":"Villsy","item":"https:\/\/villsy.com\/cs\/"},{"@type":"ListItem","position":2,"name":"Faq CS"}]},{"@type":"WebSite","@id":"https:\/\/villsy.com\/cs\/#website","url":"https:\/\/villsy.com\/cs\/","name":"Villsy","description":"Just another WordPress site","potentialAction":[{"@type":"SearchAction","target":{"@type":"EntryPoint","urlTemplate":"https:\/\/villsy.com\/cs\/?s={search_term_string}"},"query-input":"required name=search_term_string"}],"inLanguage":"cs"}]}},"_links":{"self":[{"href":"https:\/\/villsy.com\/cs\/wp-json\/wp\/v2\/pages\/4447"}],"collection":[{"href":"https:\/\/villsy.com\/cs\/wp-json\/wp\/v2\/pages"}],"about":[{"href":"https:\/\/villsy.com\/cs\/wp-json\/wp\/v2\/types\/page"}],"author":[{"embeddable":true,"href":"https:\/\/villsy.com\/cs\/wp-json\/wp\/v2\/users\/1"}],"replies":[{"embeddable":true,"href":"https:\/\/villsy.com\/cs\/wp-json\/wp\/v2\/comments?post=4447"}],"version-history":[{"count":1,"href":"https:\/\/villsy.com\/cs\/wp-json\/wp\/v2\/pages\/4447\/revisions"}],"predecessor-version":[{"id":4448,"href":"https:\/\/villsy.com\/cs\/wp-json\/wp\/v2\/pages\/4447\/revisions\/4448"}],"wp:attachment":[{"href":"https:\/\/villsy.com\/cs\/wp-json\/wp\/v2\/media?parent=4447"}],"curies":[{"name":"wp","href":"https:\/\/api.w.org\/{rel}","templated":true}]}}