{"id":4050,"date":"2022-07-19T12:04:42","date_gmt":"2022-07-19T12:04:42","guid":{"rendered":"https:\/\/villsy.com\/?page_id=4050"},"modified":"2025-10-07T10:38:44","modified_gmt":"2025-10-07T10:38:44","slug":"kontaktujte-nas","status":"publish","type":"page","link":"https:\/\/villsy.com\/cs\/kontaktujte-nas\/","title":{"rendered":"Contact us CS"},"content":{"rendered":"\n<h2 class=\"has-text-align-center\" id=\"h-jsme-tu-abychom-vam-pomohli-naplanujme-spolecne-vasi-dokonalou-dovolenou\">Jsme tu, abychom v\u00e1m pomohli \u2013 napl\u00e1nujme spole\u010dn\u011b va\u0161i dokonalou dovolenou.<\/h2>\n\n\n\n<div style=\"height:40px\" aria-hidden=\"true\" class=\"wp-block-spacer\"><\/div>\n\n\n\n<p class=\"has-text-align-center\">M\u00e1te dotazy ohledn\u011b na\u0161ich \u00fa\u017easn\u00fdch vil v Istrii nebo pot\u0159ebujete pomoc s v\u00fdb\u011brem t\u00e9 ide\u00e1ln\u00ed pro v\u00e1\u0161 pobyt?<\/p>\n\n\n\n<p class=\"has-text-align-center\">A\u0165 u\u017e si p\u0159ejete ov\u011b\u0159it dostupnost, napl\u00e1novat pobyt nebo z\u00edskat v\u00edce informac\u00ed, n\u00e1\u0161 p\u0159\u00e1telsk\u00fd t\u00fdm je tu pro v\u00e1s! Kontaktujte n\u00e1s telefonicky, e-mailem nebo prost\u0159ednictv\u00edm formul\u00e1\u0159e n\u00ed\u017ee a my v\u00e1m poskytneme v\u0161echny pot\u0159ebn\u00e9 informace pro bezprobl\u00e9movou a bezstarostnou dovolenou.<\/p>\n\n\n\n<p class=\"has-text-align-center\">T\u011b\u0161\u00edme se, \u017ee se v\u00e1m brzy ozveme!<\/p>\n\n\n\n<h3 class=\"has-text-align-center\"><strong>Villsy \u2013 v\u00e1\u0161 m\u00edstn\u00ed partner pro dokonalou dovolenou v Chorvatsku.<\/strong><\/h3>\n\n\n\n<p><\/p>\n\n\n\n<form class=\"form-contact card shadow border p-4\">\n    <h2 class=\"mb-4\">\n            <\/h2>\n    <div class=\"row\">\n        <div class=\"col-lg-6 col-12\">\n            <div class=\"form-group  mb-3 \">\n                <label for=\"name\">Jm\u00e9no*<\/label>\n                <input required=\"\" name=\"name\" type=\"text\" class=\"form-control  bg-transparent\" id=\"contact-name\" placeholder=\"Jm\u00e9no\">\n            <\/div>\n        <\/div>\n        <div class=\"col-lg-6 col-12\">\n            <div class=\"form-group  mb-3\">\n                <label for=\"surname\">P\u0159\u00edjmen\u00ed*<\/label>\n                <input required=\"\" name=\"surname\" type=\"text\" class=\"form-control  bg-transparent\" id=\"contact-surname\" placeholder=\"P\u0159\u00edjmen\u00ed\">\n            <\/div>\n        <\/div>\n\n        <div class=\"col-lg-6 col-12\">\n            <div class=\"form-group  mb-3\">\n                <label for=\"email\">E-mail*<\/label>\n                <input required=\"\" name=\"email\" type=\"email\" class=\"form-control  bg-transparent\" id=\"contact-email\" placeholder=\"E-mail\"> \n            <\/div>\n        <\/div>\n        <div class=\"col-lg-6 col-12\">\n            <div class=\"form-group  mb-3\">\n                <label for=\"phone\">Telefon*<\/label>\n                <input name=\"phone\" type=\"text\" class=\"form-control  bg-transparent\" id=\"contact-tel\" placeholder=\"Telefon\">\n            <\/div>\n        <\/div>\n        <div class=\"col-12\">\n            <div class=\"form-group  mb-3\">\n                <label for=\"message\">Message*<\/label>\n                <textarea name=\"message\" type=\"text\" rows=\"5\" class=\"form-control  bg-transparent\" id=\"contact-text\" placeholder=\"Message\"><\/textarea>\n            <\/div>\n        <\/div>\n        <div class=\"col-12 mb-3\">\n            <div class=\"form-check\">\n                <input required type=\"checkbox\" class=\"form-check-input\" name=\"agree\" id=\"agree\">\n                <label class=\"form-check-label\" for=\"agree\">\n                    P\u0159e\u010detl jsem si a souhlas\u00edm s <a href=\"\/cs\/privacy-policy\/\">z\u00e1sadami ochrany osobn\u00edch \u00fadaj\u016f<\/a>                <\/label>\n            <\/div>\n        <\/div>\n\n    <\/div>\n    <div class=\"row no-gutters\">\n        <div class=\"col-lg-8\">\n            <div>\n                Tento web je chr\u00e1n\u011bn pomoc\u00ed reCAPTCHA a plat\u00ed <a href=\"https:\/\/policies.google.com\/privacy\" target=\"_blank\">Z\u00e1sady ochrany osobn\u00edch \u00fadaj\u016f Google<\/a> a <a href=\" https:\/\/policies.google.com\/terms\" target=\"_blank\">Smluvn\u00ed podm\u00ednky<\/a>.            <\/div>\n        <\/div>\n        <div class=\"col-lg\">\n            <div class=\"d-flex flex-row justify-content-end\">\n                <button type=\"submit\" class=\"btn btn-primary contact-btn\">\n                    Odeslat zpr\u00e1vu\n                <\/button>\n                <div class=\"contact-spinner d-none spinner-border align-items-center justify-content-center\" role=\"status\">\n                    <i class=\"las la-envelope la-lg\"><\/i>\n                    <span class=\"sr-only\">Na\u010d\u00edt\u00e1n\u00ed...<\/span>\n                <\/div>\n            <\/div>\n        <\/div>\n    <\/div>\n<\/form>\n\n\n\n<div id=\"contact-modal\" class=\"modal fade\" tabindex=\"-1\" role=\"dialog\">\n  <div class=\"modal-dialog\">\n    <div class=\"modal-content\">\n      <div class=\"modal-header\">\n        <h5 class=\"modal-title font-weight-light\">\n            D\u011bkujeme za v\u00e1\u0161 z\u00e1jem.        <\/h5>\n        <button type=\"button\" class=\"btn-close\" data-bs-dismiss=\"modal\" aria-label=\"Close\"><\/button>\n      <\/div>\n      <div class=\"modal-body font-weight-normal\">\n        <p class=\"response-output\"><\/p>\n      <\/div>\n      <div class=\"modal-footer\">\n        <button type=\"button\" class=\"btn btn-primary font-weight-bold\" data-bs-dismiss=\"modal\">Zav\u0159\u00edt<\/button>\n      <\/div>\n    <\/div>\n  <\/div>\n<\/div>\n\n\n\n\n\n<hr class=\"wp-block-separator has-alpha-channel-opacity\"\/>\n\n\n\n<h3 id=\"h-imprint\">Imprint:<\/h3>\n\n\n\n<p><strong><strong>VILLSY d.o.o. \u2013 spole\u010dnost s ru\u010den\u00edm omezen\u00fdm pro pron\u00e1jem nemovitost\u00ed, cestovn\u00ed ruch a slu\u017eby cestovn\u00ed agentury<\/strong> | Registra\u010dn\u00ed \u010d\u00edslo: 130093085 \u2013 Obchodn\u00ed soud Pazin | DI\u010c: HR17191292654<\/strong><\/p>\n\n\n\n<p>IBAN: HR62 2340 0091 1110 0258 1 | PRIVREDNA BANKA ZAGREB d.d., Radni\u010dka cesta 50, 10000 Zagreb | SWIFT code: PBZGHR22<\/p>\n\n\n\n<p>ADRESA: Kastavska 18, 52000 Pazin, Croatia<br>JEDNATEL: Toni Hrelja<br>VEDOUC\u00cd AGENTURY: Suzana Hrelja<br>OTEV\u00cdRAC\u00cd DOBA: Pond\u011bl\u00ed\u2013P\u00e1tek 9\u201317<br>E-mail: <a href=\"mailto:info@villsy.com\">info@villsy.com<\/a><br>Web: <a href=\"\/\">www.villsy.com<\/a><br>TEL: +385 91 585 2596<\/p>\n\n\n\n<hr class=\"wp-block-separator has-alpha-channel-opacity\"\/>\n","protected":false},"excerpt":{"rendered":"<p>Jsme tu, abychom v\u00e1m pomohli \u2013 napl\u00e1nujme spole\u010dn\u011b va\u0161i dokonalou dovolenou. M\u00e1te dotazy ohledn\u011b na\u0161ich \u00fa\u017easn\u00fdch vil v Istrii nebo pot\u0159ebujete pomoc s v\u00fdb\u011brem t\u00e9 ide\u00e1ln\u00ed pro v\u00e1\u0161 pobyt? A\u0165 u\u017e si p\u0159ejete ov\u011b\u0159it dostupnost, napl\u00e1novat pobyt nebo z\u00edskat v\u00edce informac\u00ed, n\u00e1\u0161 p\u0159\u00e1telsk\u00fd t\u00fdm je tu pro v\u00e1s! Kontaktujte n\u00e1s telefonicky, e-mailem nebo prost\u0159ednictv\u00edm formul\u00e1\u0159e [&hellip;]<\/p>\n","protected":false},"author":1,"featured_media":0,"parent":0,"menu_order":0,"comment_status":"closed","ping_status":"closed","template":"templates\/other.php","meta":[],"yoast_head":"<!-- This site is optimized with the Yoast SEO Premium plugin v19.2.1 (Yoast SEO v19.6.1) - https:\/\/yoast.com\/wordpress\/plugins\/seo\/ -->\n<title>Villsy \u2013 Pe\u010dliv\u011b vybran\u00e9 vily v Istrii a Chorvatsku s baz\u00e9nem<\/title>\n<meta name=\"description\" content=\"Objevte pe\u010dliv\u011b vybran\u00e9 vily Villsy v Istrii a pr\u00e1zdninov\u00e9 domy po cel\u00e9m Chorvatsku. Rezervujte luxusn\u00ed vily s baz\u00e9nem, garanc\u00ed nejlep\u0161\u00ed ceny a m\u00edstn\u00ed podporou v Pazinu.\" \/>\n<meta name=\"robots\" content=\"index, follow, max-snippet:-1, max-image-preview:large, max-video-preview:-1\" \/>\n<link rel=\"canonical\" href=\"https:\/\/villsy.com\/cs\/kontaktujte-nas\/\" \/>\n<meta property=\"og:locale\" content=\"en_US\" \/>\n<meta property=\"og:type\" content=\"website\" \/>\n<meta property=\"og:title\" content=\"Kontaktujte n\u00e1s\" \/>\n<meta property=\"og:description\" content=\"Kontaktujte n\u00e1s - Najd\u011bte a zarezervujte si vily s baz\u00e9ny u Villsy. Pronajm\u011bte si vilu na dovolenou s rodinou nebo p\u0159\u00e1teli, cel\u00fd d\u016fm jen pro v\u00e1s.\" \/>\n<meta property=\"og:url\" content=\"https:\/\/villsy.com\/cs\/kontaktujte-nas\/\" \/>\n<meta property=\"og:site_name\" content=\"Villsy\" \/>\n<meta property=\"article:modified_time\" content=\"2025-10-07T10:38:44+00:00\" \/>\n<meta name=\"twitter:card\" content=\"summary_large_image\" \/>\n<meta name=\"twitter:title\" content=\"Kontaktujte n\u00e1s\" \/>\n<meta name=\"twitter:description\" content=\"Kontaktujte n\u00e1s - Najd\u011bte a zarezervujte si vily s baz\u00e9ny u Villsy. Pronajm\u011bte si vilu na dovolenou s rodinou nebo p\u0159\u00e1teli, cel\u00fd d\u016fm jen pro v\u00e1s.\" \/>\n<meta name=\"twitter:label1\" content=\"Est. reading time\" \/>\n\t<meta name=\"twitter:data1\" content=\"1 minute\" \/>\n<!-- \/ Yoast SEO Premium plugin. -->","yoast_head_json":{"title":"Villsy \u2013 Pe\u010dliv\u011b vybran\u00e9 vily v Istrii a Chorvatsku s baz\u00e9nem","description":"Objevte pe\u010dliv\u011b vybran\u00e9 vily Villsy v Istrii a pr\u00e1zdninov\u00e9 domy po cel\u00e9m Chorvatsku. Rezervujte luxusn\u00ed vily s baz\u00e9nem, garanc\u00ed nejlep\u0161\u00ed ceny a m\u00edstn\u00ed podporou v Pazinu.","robots":{"index":"index","follow":"follow","max-snippet":"max-snippet:-1","max-image-preview":"max-image-preview:large","max-video-preview":"max-video-preview:-1"},"canonical":"https:\/\/villsy.com\/cs\/kontaktujte-nas\/","og_locale":"en_US","og_type":"website","og_title":"Kontaktujte n\u00e1s","og_description":"Kontaktujte n\u00e1s - Najd\u011bte a zarezervujte si vily s baz\u00e9ny u Villsy. Pronajm\u011bte si vilu na dovolenou s rodinou nebo p\u0159\u00e1teli, cel\u00fd d\u016fm jen pro v\u00e1s.","og_url":"https:\/\/villsy.com\/cs\/kontaktujte-nas\/","og_site_name":"Villsy","article_modified_time":"2025-10-07T10:38:44+00:00","twitter_card":"summary_large_image","twitter_title":"Kontaktujte n\u00e1s","twitter_description":"Kontaktujte n\u00e1s - Najd\u011bte a zarezervujte si vily s baz\u00e9ny u Villsy. Pronajm\u011bte si vilu na dovolenou s rodinou nebo p\u0159\u00e1teli, cel\u00fd d\u016fm jen pro v\u00e1s.","twitter_misc":{"Est. reading time":"1 minute"},"schema":{"@context":"https:\/\/schema.org","@graph":[{"@type":"WebPage","@id":"https:\/\/villsy.com\/cs\/kontaktujte-nas\/","url":"https:\/\/villsy.com\/cs\/kontaktujte-nas\/","name":"Villsy \u2013 Pe\u010dliv\u011b vybran\u00e9 vily v Istrii a Chorvatsku s baz\u00e9nem","isPartOf":{"@id":"https:\/\/villsy.com\/cs\/#website"},"datePublished":"2022-07-19T12:04:42+00:00","dateModified":"2025-10-07T10:38:44+00:00","description":"Objevte pe\u010dliv\u011b vybran\u00e9 vily Villsy v Istrii a pr\u00e1zdninov\u00e9 domy po cel\u00e9m Chorvatsku. Rezervujte luxusn\u00ed vily s baz\u00e9nem, garanc\u00ed nejlep\u0161\u00ed ceny a m\u00edstn\u00ed podporou v Pazinu.","breadcrumb":{"@id":"https:\/\/villsy.com\/cs\/kontaktujte-nas\/#breadcrumb"},"inLanguage":"cs","potentialAction":[{"@type":"ReadAction","target":["https:\/\/villsy.com\/cs\/kontaktujte-nas\/"]}]},{"@type":"BreadcrumbList","@id":"https:\/\/villsy.com\/cs\/kontaktujte-nas\/#breadcrumb","itemListElement":[{"@type":"ListItem","position":1,"name":"Villsy","item":"https:\/\/villsy.com\/cs\/"},{"@type":"ListItem","position":2,"name":"Contact us CS"}]},{"@type":"WebSite","@id":"https:\/\/villsy.com\/cs\/#website","url":"https:\/\/villsy.com\/cs\/","name":"Villsy","description":"Just another WordPress site","potentialAction":[{"@type":"SearchAction","target":{"@type":"EntryPoint","urlTemplate":"https:\/\/villsy.com\/cs\/?s={search_term_string}"},"query-input":"required name=search_term_string"}],"inLanguage":"cs"}]}},"_links":{"self":[{"href":"https:\/\/villsy.com\/cs\/wp-json\/wp\/v2\/pages\/4050"}],"collection":[{"href":"https:\/\/villsy.com\/cs\/wp-json\/wp\/v2\/pages"}],"about":[{"href":"https:\/\/villsy.com\/cs\/wp-json\/wp\/v2\/types\/page"}],"author":[{"embeddable":true,"href":"https:\/\/villsy.com\/cs\/wp-json\/wp\/v2\/users\/1"}],"replies":[{"embeddable":true,"href":"https:\/\/villsy.com\/cs\/wp-json\/wp\/v2\/comments?post=4050"}],"version-history":[{"count":9,"href":"https:\/\/villsy.com\/cs\/wp-json\/wp\/v2\/pages\/4050\/revisions"}],"predecessor-version":[{"id":30506,"href":"https:\/\/villsy.com\/cs\/wp-json\/wp\/v2\/pages\/4050\/revisions\/30506"}],"wp:attachment":[{"href":"https:\/\/villsy.com\/cs\/wp-json\/wp\/v2\/media?parent=4050"}],"curies":[{"name":"wp","href":"https:\/\/api.w.org\/{rel}","templated":true}]}}