{"id":30566,"date":"2025-10-07T11:43:25","date_gmt":"2025-10-07T11:43:25","guid":{"rendered":"https:\/\/villsy.com\/?page_id=30566"},"modified":"2025-10-07T14:26:44","modified_gmt":"2025-10-07T14:26:44","slug":"o-nas","status":"publish","type":"page","link":"https:\/\/villsy.com\/cs\/o-nas\/","title":{"rendered":"O n\u00e1s"},"content":{"rendered":"\n<h2 id=\"block-0fa009bc-2ad9-4b08-a8cb-298e59bddab0\">N\u00e1\u0161 p\u0159\u00edb\u011bh<\/h2>\n\n\n\n<h3 id=\"block-1b7a1507-aa64-43b7-b3e1-76e61c9fe724\">Ve Villsy v\u011b\u0159\u00edme, \u017ee dovolen\u00e1 by m\u011bla b\u00fdt v\u00edc ne\u017e jen pobyt &#8211; m\u011bla by b\u00fdt nezapomenuteln\u00fdm z\u00e1\u017eitkem.<\/h3>\n\n\n\n<p id=\"block-cdb3b6c8-cde5-47ce-9bd6-547762a69e33\">Na\u0161e cesta za\u010dala v roce <strong>2008<\/strong>, kdy jsme postavili na\u0161i prvn\u00ed vilu ve st\u0159edn\u00ed Istrii. To, co za\u010dalo jako osobn\u00ed projekt, se brzy zm\u011bnilo v n\u011bco mnohem v\u011bt\u0161\u00edho. V roce <strong>2013<\/strong> jsme za\u010dali na\u0161e vily sami pronaj\u00edmat a pe\u010dliv\u011b jsme se starali o ka\u017ed\u00fd detail, aby si host\u00e9 u\u017eili pohodln\u00fd a bezstarostn\u00fd pobyt.  <\/p>\n\n\n\n<p id=\"block-fdb32f72-4418-45d0-95b4-07e76830c91f\">Povzbuzeni pozitivn\u00edmi ohlasy a rostouc\u00ed popt\u00e1vkou jsme v roce <strong>2019<\/strong> ofici\u00e1ln\u011b zalo\u017eili <strong>agenturu Villsy, kter\u00e1 se zab\u00fdv\u00e1 pron\u00e1jmem vil<\/strong>. Dnes Villsy spojuje hosty z cel\u00e9ho sv\u011bta s vybranou kolekc\u00ed <strong>rekrea\u010dn\u00edch dom\u016f a vil na Istrii a v cel\u00e9m Chorvatsku<\/strong> a nab\u00edz\u00ed modern\u00ed rezerva\u010dn\u00ed \u0159e\u0161en\u00ed, m\u00edstn\u00ed odborn\u00e9 znalosti a osobn\u00ed podporu. <\/p>\n\n\n\n<p id=\"block-eb516fef-1a7d-49e0-9b76-f197672a3c1d\">V\u0161e za\u010dalo stavbami Casa Nina, Villa Rustica a Villa Gimino, kter\u00e9 dodnes z\u016fst\u00e1vaj\u00ed v na\u0161\u00ed nab\u00eddce a vytv\u00e1\u0159ej\u00ed n\u00e1dhern\u00e9 vzpom\u00ednky, sm\u00edch a nezapomenuteln\u00e9 okam\u017eiky pro turisty.<\/p>\n\n\n\n<div class=\"wp-container-4 wp-block-columns\">\n<div class=\"wp-container-1 wp-block-column\">\n<figure class=\"wp-block-image size-large\"><img loading=\"lazy\" width=\"1350\" height=\"900\" src=\"https:\/\/villsy.com\/wp-content\/uploads\/villa_casa-nina22-1350x900.jpg\" alt=\"\" class=\"wp-image-30428\" srcset=\"https:\/\/villsy.com\/wp-content\/uploads\/villa_casa-nina22-1350x900.jpg 1350w, https:\/\/villsy.com\/wp-content\/uploads\/villa_casa-nina22-300x200.jpg 300w, https:\/\/villsy.com\/wp-content\/uploads\/villa_casa-nina22-768x512.jpg 768w, https:\/\/villsy.com\/wp-content\/uploads\/villa_casa-nina22-1536x1024.jpg 1536w, https:\/\/villsy.com\/wp-content\/uploads\/villa_casa-nina22.jpg 2000w\" sizes=\"(max-width: 1350px) 100vw, 1350px\" \/><figcaption>Casa Nina<\/figcaption><\/figure>\n<\/div>\n\n\n\n<div class=\"wp-container-2 wp-block-column\">\n<figure class=\"wp-block-image size-large\"><img loading=\"lazy\" width=\"1368\" height=\"900\" src=\"https:\/\/villsy.com\/wp-content\/uploads\/Villa_Rustica41-1368x900.jpg\" alt=\"\" class=\"wp-image-30443\" srcset=\"https:\/\/villsy.com\/wp-content\/uploads\/Villa_Rustica41-1368x900.jpg 1368w, https:\/\/villsy.com\/wp-content\/uploads\/Villa_Rustica41-300x197.jpg 300w, https:\/\/villsy.com\/wp-content\/uploads\/Villa_Rustica41-768x505.jpg 768w, https:\/\/villsy.com\/wp-content\/uploads\/Villa_Rustica41-1536x1011.jpg 1536w, https:\/\/villsy.com\/wp-content\/uploads\/Villa_Rustica41.jpg 2000w\" sizes=\"(max-width: 1368px) 100vw, 1368px\" \/><figcaption>Villa Rustica<\/figcaption><\/figure>\n<\/div>\n\n\n\n<div class=\"wp-container-3 wp-block-column\">\n<figure class=\"wp-block-image size-large\"><img loading=\"lazy\" width=\"1349\" height=\"900\" src=\"https:\/\/villsy.com\/wp-content\/uploads\/01VillaGimino-2-1349x900.jpg\" alt=\"\" class=\"wp-image-30413\" srcset=\"https:\/\/villsy.com\/wp-content\/uploads\/01VillaGimino-2-1349x900.jpg 1349w, https:\/\/villsy.com\/wp-content\/uploads\/01VillaGimino-2-300x200.jpg 300w, https:\/\/villsy.com\/wp-content\/uploads\/01VillaGimino-2-768x512.jpg 768w, https:\/\/villsy.com\/wp-content\/uploads\/01VillaGimino-2-1536x1025.jpg 1536w, https:\/\/villsy.com\/wp-content\/uploads\/01VillaGimino-2.jpg 2000w\" sizes=\"(max-width: 1349px) 100vw, 1349px\" \/><figcaption>Villa Gimino<\/figcaption><\/figure>\n<\/div>\n<\/div>\n\n\n\n<h2 id=\"block-145802a9-6fdc-4355-88e5-c5c59fd12a13\">Pro\u010d si vybrat Villsy?<\/h2>\n\n\n\n<h3 id=\"block-cada00b6-a75d-4d19-81ab-f4d7e76c81cf\">Vybran\u00e9 vily na Istrii a v Chorvatsku<\/h3>\n\n\n\n<p id=\"block-53283f70-8d00-4fe5-8303-d565a4a51f82\">Ka\u017edou vilu v na\u0161em portfoliu osobn\u011b kontroluje n\u00e1\u0161 zku\u0161en\u00fd t\u00fdm. Od luxusn\u00edch vil s baz\u00e9ny u mo\u0159e a\u017e po autentick\u00e9 kamenn\u00e9 domy na istrijsk\u00e9m venkov\u011b &#8211; ka\u017ed\u00e1 nemovitost je vybr\u00e1na pro svou kvalitu, pohodl\u00ed a jedine\u010dn\u00fd p\u016fvab. <\/p>\n\n\n\n<h3 id=\"block-7bc9eec4-d9ac-4189-a904-e156407b8d7a\">Z\u00e1ruka nejlep\u0161\u00ed ceny<\/h3>\n\n\n\n<p id=\"block-d0f079de-328f-4030-91e2-c1b913227224\">D\u00edky p\u0159\u00edm\u00fdm smlouv\u00e1m s majiteli dom\u016f a dlouholet\u00fdm zku\u0161enostem na trhu zaru\u010dujeme nejni\u017e\u0161\u00ed ceny vil na Istrii a v Chorvatsku. S Villsy rezervujete p\u0159\u00edmo &#8211; bez skryt\u00fdch poplatk\u016f. <\/p>\n\n\n\n<h3 id=\"block-13e2bf5b-8bb7-41bf-9e35-78c322fc551d\">Okam\u017eit\u00e1 rezervace<\/h3>\n\n\n\n<p id=\"block-8897fa1f-74a9-44c5-a276-b60e94e874a2\">V\u0161echny na\u0161e rekrea\u010dn\u00ed vily s baz\u00e9nem na Istrii jsou k dispozici v re\u00e1ln\u00e9m \u010dase. Jednodu\u0161e si vyberte vilu, kterou chcete, rezervujte si ji online a zapla\u0165te bezpe\u010dn\u011b kreditn\u00ed kartou nebo bankovn\u00edm p\u0159evodem &#8211; rychle, bezpe\u010dn\u011b a snadno. <\/p>\n\n\n\n<h3 id=\"block-bad415ac-575d-4b3b-9571-dd87086634b3\">M\u00edstn\u00ed p\u0159\u00edtomnost a podpora<\/h3>\n\n\n\n<p id=\"block-074315fa-45c8-4fa7-b88a-f5075acf80e4\">Na\u0161e kancel\u00e1\u0159 s\u00eddl\u00ed v Pazinu, p\u0159\u00edmo v srdci Istrie. Tato centr\u00e1ln\u00ed poloha n\u00e1m umo\u017e\u0148uje b\u00fdt bl\u00edzko na\u0161im host\u016fm i majitel\u016fm dom\u016f. N\u00e1\u0161 m\u00edstn\u00ed t\u00fdm je v\u00e1m k dispozici po celou dobu va\u0161eho pobytu a postar\u00e1 se o to, aby byl ka\u017ed\u00fd detail dokonal\u00fd.  <\/p>\n\n\n\n<h3 id=\"block-e8dbfd42-7d55-40bc-8f29-d90db3ec19d1\">Zku\u0161enosti a r\u016fst<\/h3>\n\n\n\n<p id=\"block-fc344d08-8579-4fba-8ab2-23f18614254f\">Z agentury, kter\u00e1 za\u010dala v roce 2008 s jednou vilou, se stala d\u016fv\u011bryhodn\u00e1 agentura s \u0161irok\u00fdm portfoliem prvot\u0159\u00eddn\u00edch rekrea\u010dn\u00edch dom\u016f v Chorvatsku. Spojujeme dlouholet\u00e9 praktick\u00e9 zku\u0161enosti s osobn\u00edm p\u0159\u00edstupem orientovan\u00fdm na hosty. <\/p>\n\n\n\n<h2 id=\"block-4befae29-a74d-492a-804f-c83d30c4b901\">N\u00e1\u0161 slib<\/h2>\n\n\n\n<p id=\"block-76893c12-0529-4f1c-81b9-53c6bc23a6a9\">S Villsy je va\u0161e dovolen\u00e1 v bezpe\u010dn\u00fdch rukou. A\u0165 u\u017e hled\u00e1te klidn\u00e9 \u00fato\u010di\u0161t\u011b v <strong>istrijsk\u00fdch kopc\u00edch<\/strong>, <strong>vilu u pl\u00e1\u017ee v Dalm\u00e1cii<\/strong> nebo <strong>rodinn\u00fd rekrea\u010dn\u00ed d\u016fm s baz\u00e9nem v Chorvatsku<\/strong>, zajist\u00edme, \u017ee v\u00e1\u0161 pobyt bude bezstarostn\u00fd a nezapomenuteln\u00fd. <\/p>\n\n\n\n<p id=\"block-3f6262c7-c4ec-40ca-8d11-6d7857d47700\">Villsy je v\u00edc ne\u017e jen agentura &#8211; jsme v\u00e1\u0161 m\u00edstn\u00ed partner, nad\u0161en\u00fd pro Istrii a Chorvatsko, kter\u00fd se sna\u017e\u00ed vytvo\u0159it dokonal\u00fd z\u00e1\u017eitek z dovolen\u00e9.<\/p>\n\n\n\n<div class=\"container my-5 offer-homepage-cards-section\">\n    <h3 class=\"text-dark h1\">\n  Kolekce vil\n    <\/h3>\n    \t \n      <div class=\"row\">\n\n<a class=\"col-lg-6 col-sm-6 col-12 mb-4 rounded\" style=\"text-decoration: none;\" href=\"\/cs\/vily-vyhledem-more-chorvatsko\/\">\n    <div class=\"filters-landing-card position-relative rounded\">\n        <div class=\"card lozad position-relative card-img-top\" data-background-image=\"https:\/\/villsy.com\/wp-content\/uploads\/Villa_Lina1102-800x600.jpg\" style=\"height: 300px;\">\n        <\/div>\n        <div class=\"position-absolute container bottom-0 w-100 px-lg-4 px-3\">\n            <div class=\"bg-dark bg-opacity-75 rounded py-lg-4 px-lg-4 p-3 my-3\">\n                <div class=\"h3 mt-0 mb-1 text-warning slab\">Vily s v\u00fdhledem na mo\u0159e v Chorvatsku<\/div>\n                                    <h3 class=\"text-white slab small mb-0\"> N\u00e1\u0161 v\u00fdb\u011br vil s v\u00fdhledem na mo\u0159e v Chorvatsku<\/h3>\n                            <\/div>\n        <\/div>\n    <\/div>\n<\/a>\n\n<a class=\"col-lg-6 col-sm-6 col-12 mb-4 rounded\" style=\"text-decoration: none;\" href=\"\/cs\/vily-se-saunou\/\">\n    <div class=\"filters-landing-card position-relative rounded\">\n        <div class=\"card lozad position-relative card-img-top\" data-background-image=\"https:\/\/villsy.com\/wp-content\/uploads\/Villa_Lumi20-800x600.jpg\" style=\"height: 300px;\">\n        <\/div>\n        <div class=\"position-absolute container bottom-0 w-100 px-lg-4 px-3\">\n            <div class=\"bg-dark bg-opacity-75 rounded py-lg-4 px-lg-4 p-3 my-3\">\n                <div class=\"h3 mt-0 mb-1 text-warning slab\">Vily se saunou k pron\u00e1jmu v Chorvatsku<\/div>\n                                    <h3 class=\"text-white slab small mb-0\"> Najd\u011bte si vily se saunou pro sv\u00e9 \u00fato\u010di\u0161t\u011b<\/h3>\n                            <\/div>\n        <\/div>\n    <\/div>\n<\/a>\n\n<a class=\"col-lg-4 col-sm-6 col-12 mb-4 rounded\" style=\"text-decoration: none;\" href=\"\/cs\/male-romanticke-vily-chorvatsko\/\">\n    <div class=\"filters-landing-card position-relative rounded\">\n        <div class=\"card lozad position-relative card-img-top\" data-background-image=\"https:\/\/villsy.com\/wp-content\/uploads\/vila_amalia113-800x600.jpg\" style=\"height: 300px;\">\n        <\/div>\n        <div class=\"position-absolute container bottom-0 w-100 px-lg-4 px-3\">\n            <div class=\"bg-dark bg-opacity-75 rounded py-lg-4 px-lg-4 p-3 my-3\">\n                <div class=\"h3 mt-0 mb-1 text-warning slab\">Romantick\u00e9 vily pro p\u00e1ry v Chorvatsku<\/div>\n                                    <h3 class=\"text-white slab small mb-0\"> Mal\u00e9 romantick\u00e9 vily ide\u00e1ln\u00ed pro p\u00e1ry<\/h3>\n                            <\/div>\n        <\/div>\n    <\/div>\n<\/a>\n\n<a class=\"col-lg-4 col-sm-6 col-12 mb-4 rounded\" style=\"text-decoration: none;\" href=\"\/cs\/luxusni-vily-chorvatsko\/\">\n    <div class=\"filters-landing-card position-relative rounded\">\n        <div class=\"card lozad position-relative card-img-top\" data-background-image=\"https:\/\/villsy.com\/wp-content\/uploads\/Villa_Lumi68-800x600.jpg\" style=\"height: 300px;\">\n        <\/div>\n        <div class=\"position-absolute container bottom-0 w-100 px-lg-4 px-3\">\n            <div class=\"bg-dark bg-opacity-75 rounded py-lg-4 px-lg-4 p-3 my-3\">\n                <div class=\"h3 mt-0 mb-1 text-warning slab\">Luxusn\u00ed vily v Chorvatsku<\/div>\n                                    <h3 class=\"text-white slab small mb-0\"> U\u017eijte si v luxusn\u00edch vil\u00e1ch<\/h3>\n                            <\/div>\n        <\/div>\n    <\/div>\n<\/a>\n\n<a class=\"col-lg-4 col-sm-6 col-12 mb-4 rounded\" style=\"text-decoration: none;\" href=\"\/cs\/vily-u-more-chorvatsko\/\">\n    <div class=\"filters-landing-card position-relative rounded\">\n        <div class=\"card lozad position-relative card-img-top\" data-background-image=\"https:\/\/villsy.com\/wp-content\/uploads\/Dubovica-Hvar-800x600.jpg\" style=\"height: 300px;\">\n        <\/div>\n        <div class=\"position-absolute container bottom-0 w-100 px-lg-4 px-3\">\n            <div class=\"bg-dark bg-opacity-75 rounded py-lg-4 px-lg-4 p-3 my-3\">\n                <div class=\"h3 mt-0 mb-1 text-warning slab\">Vily na pl\u00e1\u017ei v Chorvatsku<\/div>\n                                    <h3 class=\"text-white slab small mb-0\"> Vily do 3 km od mo\u0159e<\/h3>\n                            <\/div>\n        <\/div>\n    <\/div>\n<\/a>\n\n<a class=\"col-lg-3 col-sm-6 col-12 mb-4 rounded\" style=\"text-decoration: none;\" href=\"\/cs\/specialni-nabidka-vily-chorvatsko\/\">\n    <div class=\"filters-landing-card position-relative rounded\">\n        <div class=\"card lozad position-relative card-img-top\" data-background-image=\"https:\/\/villsy.com\/wp-content\/uploads\/Villa_Terra_Bianca15-800x600.jpg\" style=\"height: 300px;\">\n        <\/div>\n        <div class=\"position-absolute container bottom-0 w-100 px-lg-4 px-3\">\n            <div class=\"bg-dark bg-opacity-75 rounded py-lg-4 px-lg-4 p-3 my-3\">\n                <div class=\"h3 mt-0 mb-1 text-warning slab\">Speci\u00e1ln\u00ed nab\u00eddka vil v Chorvatsku<\/div>\n                                    <h3 class=\"text-white slab small mb-0\"> Najd\u011bte vily se slevami nebo dal\u0161\u00edmi extra nab\u00eddkami<\/h3>\n                            <\/div>\n        <\/div>\n    <\/div>\n<\/a>\n\n<a class=\"col-lg-3 col-sm-6 col-12 mb-4 rounded\" style=\"text-decoration: none;\" href=\"\/cs\/vily-s-bazenem-chorvatsko\/\">\n    <div class=\"filters-landing-card position-relative rounded\">\n        <div class=\"card lozad position-relative card-img-top\" data-background-image=\"https:\/\/villsy.com\/wp-content\/uploads\/villa_Horto-800x600.jpg\" style=\"height: 300px;\">\n        <\/div>\n        <div class=\"position-absolute container bottom-0 w-100 px-lg-4 px-3\">\n            <div class=\"bg-dark bg-opacity-75 rounded py-lg-4 px-lg-4 p-3 my-3\">\n                <div class=\"h3 mt-0 mb-1 text-warning slab\">Vily s baz\u00e9nem v Chorvatsku<\/div>\n                                    <h3 class=\"text-white slab small mb-0\"> Najd\u011bte si dokonalou vilu s baz\u00e9nem<\/h3>\n                            <\/div>\n        <\/div>\n    <\/div>\n<\/a>\n\n<a class=\"col-lg-3 col-sm-6 col-12 mb-4 rounded\" style=\"text-decoration: none;\" href=\"\/cs\/chorvatsko-vily-velke-skupiny\/\">\n    <div class=\"filters-landing-card position-relative rounded\">\n        <div class=\"card lozad position-relative card-img-top\" data-background-image=\"https:\/\/villsy.com\/wp-content\/uploads\/villa_Marion32-800x600.jpg\" style=\"height: 300px;\">\n        <\/div>\n        <div class=\"position-absolute container bottom-0 w-100 px-lg-4 px-3\">\n            <div class=\"bg-dark bg-opacity-75 rounded py-lg-4 px-lg-4 p-3 my-3\">\n                <div class=\"h3 mt-0 mb-1 text-warning slab\">Vily pro velk\u00e9 skupiny v Chorvatsku<\/div>\n                                    <h3 class=\"text-white slab small mb-0\"> Velk\u00e9 vily pro v\u00edce ne\u017e 12 osob<\/h3>\n                            <\/div>\n        <\/div>\n    <\/div>\n<\/a>\n\n<a class=\"col-lg-3 col-sm-6 col-12 mb-4 rounded\" style=\"text-decoration: none;\" href=\"\/cs\/chorvatsko-vily-domaci-mazlicky\/\">\n    <div class=\"filters-landing-card position-relative rounded\">\n        <div class=\"card lozad position-relative card-img-top\" data-background-image=\"https:\/\/villsy.com\/wp-content\/uploads\/bigstock-Dog-Sleeping-Near-A-Swimming-P-467007137-800x600.jpg\" style=\"height: 300px;\">\n        <\/div>\n        <div class=\"position-absolute container bottom-0 w-100 px-lg-4 px-3\">\n            <div class=\"bg-dark bg-opacity-75 rounded py-lg-4 px-lg-4 p-3 my-3\">\n                <div class=\"h3 mt-0 mb-1 text-warning slab\">Vily vhodn\u00e9 pro dom\u00e1c\u00ed mazl\u00ed\u010dky v Chorvatsku<\/div>\n                                    <h3 class=\"text-white slab small mb-0\"> Vily, kde jsou dom\u00e1c\u00ed zv\u00ed\u0159ata v\u00edt\u00e1na<\/h3>\n                            <\/div>\n        <\/div>\n    <\/div>\n<\/a> \n    <\/div>\n \n\n\t\n<\/div>\n\n\n\n<hr class=\"wp-block-separator has-alpha-channel-opacity\" id=\"block-620e19a6-46b9-4708-a277-543f327e6c70\"\/>\n\n\n\n<h3 id=\"block-7f9327fe-1ed6-472f-9fe8-f92354ba88f8\">Informace:<\/h3>\n\n\n\n<p id=\"block-0fb92d54-cd06-4617-8a2d-14f1cb32bf23\"><strong>VILLSY d.o.o. &#8211; spole\u010dnost s ru\u010den\u00edm omezen\u00fdm pro pron\u00e1jem nemovitost\u00ed, cestovn\u00ed ruch a slu\u017eby cestovn\u00ed kancel\u00e1\u0159e<\/strong> | Registra\u010dn\u00ed \u010d\u00edslo: 130093085 &#8211; Trgova\u010dki sud Pazin | DI\u010c <strong>:<\/strong> HR17191292654<\/p>\n\n\n\n<p id=\"block-f41eab70-d264-40c8-829a-0ae43153b7ad\">IBAN: HR62 2340 0091 1110 0258 1 | PRIVREDNA BANKA ZAGREB d.d., Radni\u010dka cesta 50, 10000 Zagreb | SWIFT k\u00f3d: PBZGHR22<\/p>\n\n\n\n<p id=\"block-f7b7d707-0814-4dea-a862-b8be90a66290\">ADRESA: Kastavska 18, 52000 Pazin, Chorvatsko<br>\u0158EDITEL: Toni Hrelja<br>VEDOUC\u00cd AGENTURY: Suzana Hrelja<br>Otev\u00edrac\u00ed doba: po-p\u00e1 9-17 hod.<br>E-mail: <a href=\"mailto:info@villsy.com\">info@villsy.com<\/a><br>Web: <a href=\"https:\/\/villsy.com\/\">www.villsy.com<\/a><br>TEL: +385 91 585 2596<\/p>\n","protected":false},"excerpt":{"rendered":"<p>N\u00e1\u0161 p\u0159\u00edb\u011bh Ve Villsy v\u011b\u0159\u00edme, \u017ee dovolen\u00e1 by m\u011bla b\u00fdt v\u00edc ne\u017e jen pobyt &#8211; m\u011bla by b\u00fdt nezapomenuteln\u00fdm z\u00e1\u017eitkem. Na\u0161e cesta za\u010dala v roce 2008, kdy jsme postavili na\u0161i prvn\u00ed vilu ve st\u0159edn\u00ed Istrii. To, co za\u010dalo jako osobn\u00ed projekt, se brzy zm\u011bnilo v n\u011bco mnohem v\u011bt\u0161\u00edho. V roce 2013 jsme za\u010dali na\u0161e vily [&hellip;]<\/p>\n","protected":false},"author":2,"featured_media":0,"parent":0,"menu_order":0,"comment_status":"closed","ping_status":"closed","template":"templates\/other.php","meta":[],"yoast_head":"<!-- This site is optimized with the Yoast SEO Premium plugin v19.2.1 (Yoast SEO v19.6.1) - https:\/\/yoast.com\/wordpress\/plugins\/seo\/ -->\n<title>N\u00e1\u0161 p\u0159\u00edb\u011bh | Villsy - ru\u010dn\u011b vybran\u00e9 vily na Istrii a v Chorvatsku<\/title>\n<meta name=\"description\" content=\"Rezervujte si vilu sv\u00fdch sn\u016f na Istrii nebo v Chorvatsku u Villsy. D\u016fv\u011bryhodn\u00e1 m\u00edstn\u00ed agentura nab\u00edzej\u00edc\u00ed vily s baz\u00e9ny nejvy\u0161\u0161\u00ed kvality, nejlep\u0161\u00ed ceny a osobn\u00ed podporu.\" \/>\n<meta name=\"robots\" content=\"index, follow, max-snippet:-1, max-image-preview:large, max-video-preview:-1\" \/>\n<link rel=\"canonical\" href=\"https:\/\/villsy.com\/cs\/o-nas\/\" \/>\n<meta property=\"og:locale\" content=\"en_US\" \/>\n<meta property=\"og:type\" content=\"website\" \/>\n<meta property=\"og:title\" content=\"N\u00e1\u0161 p\u0159\u00edb\u011bh | Villsy - ru\u010dn\u011b vybran\u00e9 vily na Istrii a v Chorvatsku\" \/>\n<meta property=\"og:description\" content=\"Rezervujte si vilu sv\u00fdch sn\u016f na Istrii nebo v Chorvatsku u Villsy. D\u016fv\u011bryhodn\u00e1 m\u00edstn\u00ed agentura nab\u00edzej\u00edc\u00ed vily s baz\u00e9ny nejvy\u0161\u0161\u00ed kvality, nejlep\u0161\u00ed ceny a osobn\u00ed podporu.\" \/>\n<meta property=\"og:url\" content=\"https:\/\/villsy.com\/cs\/o-nas\/\" \/>\n<meta property=\"og:site_name\" content=\"Villsy\" \/>\n<meta property=\"article:modified_time\" content=\"2025-10-07T14:26:44+00:00\" \/>\n<meta property=\"og:image\" content=\"https:\/\/villsy.com\/wp-content\/uploads\/villa_casa-nina22-1350x900.jpg\" \/>\n<meta name=\"twitter:card\" content=\"summary_large_image\" \/>\n<meta name=\"twitter:label1\" content=\"Est. reading time\" \/>\n\t<meta name=\"twitter:data1\" content=\"4 minutes\" \/>\n<!-- \/ Yoast SEO Premium plugin. -->","yoast_head_json":{"title":"N\u00e1\u0161 p\u0159\u00edb\u011bh | Villsy - ru\u010dn\u011b vybran\u00e9 vily na Istrii a v Chorvatsku","description":"Rezervujte si vilu sv\u00fdch sn\u016f na Istrii nebo v Chorvatsku u Villsy. D\u016fv\u011bryhodn\u00e1 m\u00edstn\u00ed agentura nab\u00edzej\u00edc\u00ed vily s baz\u00e9ny nejvy\u0161\u0161\u00ed kvality, nejlep\u0161\u00ed ceny a osobn\u00ed podporu.","robots":{"index":"index","follow":"follow","max-snippet":"max-snippet:-1","max-image-preview":"max-image-preview:large","max-video-preview":"max-video-preview:-1"},"canonical":"https:\/\/villsy.com\/cs\/o-nas\/","og_locale":"en_US","og_type":"website","og_title":"N\u00e1\u0161 p\u0159\u00edb\u011bh | Villsy - ru\u010dn\u011b vybran\u00e9 vily na Istrii a v Chorvatsku","og_description":"Rezervujte si vilu sv\u00fdch sn\u016f na Istrii nebo v Chorvatsku u Villsy. D\u016fv\u011bryhodn\u00e1 m\u00edstn\u00ed agentura nab\u00edzej\u00edc\u00ed vily s baz\u00e9ny nejvy\u0161\u0161\u00ed kvality, nejlep\u0161\u00ed ceny a osobn\u00ed podporu.","og_url":"https:\/\/villsy.com\/cs\/o-nas\/","og_site_name":"Villsy","article_modified_time":"2025-10-07T14:26:44+00:00","og_image":[{"url":"https:\/\/villsy.com\/wp-content\/uploads\/villa_casa-nina22-1350x900.jpg"}],"twitter_card":"summary_large_image","twitter_misc":{"Est. reading time":"4 minutes"},"schema":{"@context":"https:\/\/schema.org","@graph":[{"@type":"WebPage","@id":"https:\/\/villsy.com\/cs\/o-nas\/","url":"https:\/\/villsy.com\/cs\/o-nas\/","name":"N\u00e1\u0161 p\u0159\u00edb\u011bh | Villsy - ru\u010dn\u011b vybran\u00e9 vily na Istrii a v Chorvatsku","isPartOf":{"@id":"https:\/\/villsy.com\/cs\/#website"},"datePublished":"2025-10-07T11:43:25+00:00","dateModified":"2025-10-07T14:26:44+00:00","description":"Rezervujte si vilu sv\u00fdch sn\u016f na Istrii nebo v Chorvatsku u Villsy. D\u016fv\u011bryhodn\u00e1 m\u00edstn\u00ed agentura nab\u00edzej\u00edc\u00ed vily s baz\u00e9ny nejvy\u0161\u0161\u00ed kvality, nejlep\u0161\u00ed ceny a osobn\u00ed podporu.","breadcrumb":{"@id":"https:\/\/villsy.com\/cs\/o-nas\/#breadcrumb"},"inLanguage":"cs","potentialAction":[{"@type":"ReadAction","target":["https:\/\/villsy.com\/cs\/o-nas\/"]}]},{"@type":"BreadcrumbList","@id":"https:\/\/villsy.com\/cs\/o-nas\/#breadcrumb","itemListElement":[{"@type":"ListItem","position":1,"name":"Villsy","item":"https:\/\/villsy.com\/cs\/"},{"@type":"ListItem","position":2,"name":"O n\u00e1s"}]},{"@type":"WebSite","@id":"https:\/\/villsy.com\/cs\/#website","url":"https:\/\/villsy.com\/cs\/","name":"Villsy","description":"Just another WordPress site","potentialAction":[{"@type":"SearchAction","target":{"@type":"EntryPoint","urlTemplate":"https:\/\/villsy.com\/cs\/?s={search_term_string}"},"query-input":"required name=search_term_string"}],"inLanguage":"cs"}]}},"_links":{"self":[{"href":"https:\/\/villsy.com\/cs\/wp-json\/wp\/v2\/pages\/30566"}],"collection":[{"href":"https:\/\/villsy.com\/cs\/wp-json\/wp\/v2\/pages"}],"about":[{"href":"https:\/\/villsy.com\/cs\/wp-json\/wp\/v2\/types\/page"}],"author":[{"embeddable":true,"href":"https:\/\/villsy.com\/cs\/wp-json\/wp\/v2\/users\/2"}],"replies":[{"embeddable":true,"href":"https:\/\/villsy.com\/cs\/wp-json\/wp\/v2\/comments?post=30566"}],"version-history":[{"count":3,"href":"https:\/\/villsy.com\/cs\/wp-json\/wp\/v2\/pages\/30566\/revisions"}],"predecessor-version":[{"id":30594,"href":"https:\/\/villsy.com\/cs\/wp-json\/wp\/v2\/pages\/30566\/revisions\/30594"}],"wp:attachment":[{"href":"https:\/\/villsy.com\/cs\/wp-json\/wp\/v2\/media?parent=30566"}],"curies":[{"name":"wp","href":"https:\/\/api.w.org\/{rel}","templated":true}]}}