{"id":30468,"date":"2025-08-29T11:44:31","date_gmt":"2025-08-29T11:44:31","guid":{"rendered":"https:\/\/villsy.com\/contact\/"},"modified":"2025-08-29T13:41:00","modified_gmt":"2025-08-29T13:41:00","slug":"contact","status":"publish","type":"page","link":"https:\/\/villsy.com\/cs\/contact\/","title":{"rendered":"Contact us"},"content":{"rendered":"\n<h2 class=\"has-text-align-center\" id=\"h-jsme-tu-pro-vas-pojdme-spolecne-naplanovat-vasi-dokonalou-dovolenou\">Jsme tu pro v\u00e1s \u2013 poj\u010fme spole\u010dn\u011b napl\u00e1novat va\u0161i dokonalou dovolenou.<\/h2>\n\n\n\n<div style=\"height:40px\" aria-hidden=\"true\" class=\"wp-block-spacer\"><\/div>\n\n\n\n<p class=\"has-text-align-center\">M\u00e1te dotaz ohledn\u011b na\u0161ich <strong>vil v Istrii<\/strong> nebo pot\u0159ebujete pomoci s v\u00fdb\u011brem t\u00e9 prav\u00e9?<\/p>\n\n\n\n<p class=\"has-text-align-center\">Chcete ov\u011b\u0159it dostupnost nebo napl\u00e1novat detaily va\u0161eho pobytu?<\/p>\n\n\n\n<p class=\"has-text-align-center\">N\u00e1\u0161 p\u0159\u00e1telsk\u00fd t\u00fdm je v\u00e1m k dispozici. Kontaktujte n\u00e1s telefonem, e-mailem nebo prost\u0159ednictv\u00edm formul\u00e1\u0159e n\u00ed\u017ee \u2013 r\u00e1di v\u00e1m poskytneme v\u0161echny pot\u0159ebn\u00e9 informace pro bezstarostnou dovolenou.<\/p>\n\n\n\n<h3 class=\"has-text-align-center\"><strong>Villsy \u2013 v\u00e1\u0161 m\u00edstn\u00ed partner pro dokonalou dovolenou v Chorvatsku.<\/strong><\/h3>\n\n\n\n<p><\/p>\n\n\n\n<form class=\"form-contact card shadow border p-4\">\n    <h2 class=\"mb-4\">\n            <\/h2>\n    <div class=\"row\">\n        <div class=\"col-lg-6 col-12\">\n            <div class=\"form-group  mb-3 \">\n                <label for=\"name\">Jm\u00e9no*<\/label>\n                <input required=\"\" name=\"name\" type=\"text\" class=\"form-control  bg-transparent\" id=\"contact-name\" placeholder=\"Jm\u00e9no\">\n            <\/div>\n        <\/div>\n        <div class=\"col-lg-6 col-12\">\n            <div class=\"form-group  mb-3\">\n                <label for=\"surname\">P\u0159\u00edjmen\u00ed*<\/label>\n                <input required=\"\" name=\"surname\" type=\"text\" class=\"form-control  bg-transparent\" id=\"contact-surname\" placeholder=\"P\u0159\u00edjmen\u00ed\">\n            <\/div>\n        <\/div>\n\n        <div class=\"col-lg-6 col-12\">\n            <div class=\"form-group  mb-3\">\n                <label for=\"email\">E-mail*<\/label>\n                <input required=\"\" name=\"email\" type=\"email\" class=\"form-control  bg-transparent\" id=\"contact-email\" placeholder=\"E-mail\"> \n            <\/div>\n        <\/div>\n        <div class=\"col-lg-6 col-12\">\n            <div class=\"form-group  mb-3\">\n                <label for=\"phone\">Telefon*<\/label>\n                <input name=\"phone\" type=\"text\" class=\"form-control  bg-transparent\" id=\"contact-tel\" placeholder=\"Telefon\">\n            <\/div>\n        <\/div>\n        <div class=\"col-12\">\n            <div class=\"form-group  mb-3\">\n                <label for=\"message\">Message*<\/label>\n                <textarea name=\"message\" type=\"text\" rows=\"5\" class=\"form-control  bg-transparent\" id=\"contact-text\" placeholder=\"Message\"><\/textarea>\n            <\/div>\n        <\/div>\n        <div class=\"col-12 mb-3\">\n            <div class=\"form-check\">\n                <input required type=\"checkbox\" class=\"form-check-input\" name=\"agree\" id=\"agree\">\n                <label class=\"form-check-label\" for=\"agree\">\n                    P\u0159e\u010detl jsem si a souhlas\u00edm s <a href=\"\/cs\/privacy-policy\/\">z\u00e1sadami ochrany osobn\u00edch \u00fadaj\u016f<\/a>                <\/label>\n            <\/div>\n        <\/div>\n\n    <\/div>\n    <div class=\"row no-gutters\">\n        <div class=\"col-lg-8\">\n            <div>\n                Tento web je chr\u00e1n\u011bn pomoc\u00ed reCAPTCHA a plat\u00ed <a href=\"https:\/\/policies.google.com\/privacy\" target=\"_blank\">Z\u00e1sady ochrany osobn\u00edch \u00fadaj\u016f Google<\/a> a <a href=\" https:\/\/policies.google.com\/terms\" target=\"_blank\">Smluvn\u00ed podm\u00ednky<\/a>.            <\/div>\n        <\/div>\n        <div class=\"col-lg\">\n            <div class=\"d-flex flex-row justify-content-end\">\n                <button type=\"submit\" class=\"btn btn-primary contact-btn\">\n                    Odeslat zpr\u00e1vu\n                <\/button>\n                <div class=\"contact-spinner d-none spinner-border align-items-center justify-content-center\" role=\"status\">\n                    <i class=\"las la-envelope la-lg\"><\/i>\n                    <span class=\"sr-only\">Na\u010d\u00edt\u00e1n\u00ed...<\/span>\n                <\/div>\n            <\/div>\n        <\/div>\n    <\/div>\n<\/form>\n\n\n\n<div id=\"contact-modal\" class=\"modal fade\" tabindex=\"-1\" role=\"dialog\">\n  <div class=\"modal-dialog\">\n    <div class=\"modal-content\">\n      <div class=\"modal-header\">\n        <h5 class=\"modal-title font-weight-light\">\n            D\u011bkujeme za v\u00e1\u0161 z\u00e1jem.        <\/h5>\n        <button type=\"button\" class=\"btn-close\" data-bs-dismiss=\"modal\" aria-label=\"Close\"><\/button>\n      <\/div>\n      <div class=\"modal-body font-weight-normal\">\n        <p class=\"response-output\"><\/p>\n      <\/div>\n      <div class=\"modal-footer\">\n        <button type=\"button\" class=\"btn btn-primary font-weight-bold\" data-bs-dismiss=\"modal\">Zav\u0159\u00edt<\/button>\n      <\/div>\n    <\/div>\n  <\/div>\n<\/div>\n\n\n\n\n\n<hr class=\"wp-block-separator has-alpha-channel-opacity\"\/>\n\n\n\n<h3 id=\"h-impressum-pravni-udaje\"><strong>Impressum \/ Pr\u00e1vn\u00ed \u00fadaje:<\/strong><\/h3>\n\n\n\n<p><strong><strong>VILLSY d.o.o. \u2013 spole\u010dnost s ru\u010den\u00edm omezen\u00fdm pro pron\u00e1jem nemovitost\u00ed, cestovn\u00ed ruch a slu\u017eby cestovn\u00ed agentury<\/strong> | Registra\u010dn\u00ed \u010d\u00edslo: 130093085 \u2013 Obchodn\u00ed soud Pazin | DI\u010c: HR17191292654<\/strong><\/p>\n\n\n\n<p>IBAN: HR62 2340 0091 1110 0258 1 | PRIVREDNA BANKA ZAGREB d.d., Radni\u010dka cesta 50, 10000 Zagreb | SWIFT code: PBZGHR22<\/p>\n\n\n\n<p>ADRESA: Kastavska 18, 52000 Pazin, Croatia<br> <br>JEDNATEL: Toni Hrelja<br>VEDOUC\u00cd AGENTURY: Suzana Hrelja<br>OTEV\u00cdRAC\u00cd DOBA: mon-fri 9-17<br>E-mail: <a href=\"mailto:info@villsy.com\">info@villsy.com<\/a><br>Web: <a href=\"\/\">www.villsy.com<\/a><br>TEL: +385 91 585 2596<br><br><\/p>\n","protected":false},"excerpt":{"rendered":"<p>Jsme tu pro v\u00e1s \u2013 poj\u010fme spole\u010dn\u011b napl\u00e1novat va\u0161i dokonalou dovolenou. M\u00e1te dotaz ohledn\u011b na\u0161ich vil v Istrii nebo pot\u0159ebujete pomoci s v\u00fdb\u011brem t\u00e9 prav\u00e9? Chcete ov\u011b\u0159it dostupnost nebo napl\u00e1novat detaily va\u0161eho pobytu? N\u00e1\u0161 p\u0159\u00e1telsk\u00fd t\u00fdm je v\u00e1m k dispozici. Kontaktujte n\u00e1s telefonem, e-mailem nebo prost\u0159ednictv\u00edm formul\u00e1\u0159e n\u00ed\u017ee \u2013 r\u00e1di v\u00e1m poskytneme v\u0161echny pot\u0159ebn\u00e9 informace [&hellip;]<\/p>\n","protected":false},"author":2,"featured_media":0,"parent":0,"menu_order":0,"comment_status":"closed","ping_status":"closed","template":"templates\/other.php","meta":[],"yoast_head":"<!-- This site is optimized with the Yoast SEO Premium plugin v19.2.1 (Yoast SEO v19.6.1) - https:\/\/yoast.com\/wordpress\/plugins\/seo\/ -->\n<title>Contact Villsy \u2013 Villas in Istria with Pool | Local Support in Pazin<\/title>\n<meta name=\"description\" content=\"Have questions about villas in Istria? Contact Villsy in Pazin for availability, booking support, and local advice. We\u2019re here to make your holiday carefree.\" \/>\n<meta name=\"robots\" content=\"index, follow, max-snippet:-1, max-image-preview:large, max-video-preview:-1\" \/>\n<link rel=\"canonical\" href=\"https:\/\/villsy.com\/cs\/contact\/\" \/>\n<meta property=\"og:locale\" content=\"en_US\" \/>\n<meta property=\"og:type\" content=\"website\" \/>\n<meta property=\"og:title\" content=\"Contact Villsy \u2013 Villas in Istria with Pool | Local Support in Pazin\" \/>\n<meta property=\"og:description\" content=\"Have questions about villas in Istria? Contact Villsy in Pazin for availability, booking support, and local advice. We\u2019re here to make your holiday carefree.\" \/>\n<meta property=\"og:url\" content=\"https:\/\/villsy.com\/cs\/contact\/\" \/>\n<meta property=\"og:site_name\" content=\"Villsy\" \/>\n<meta property=\"article:modified_time\" content=\"2025-08-29T13:41:00+00:00\" \/>\n<meta name=\"twitter:card\" content=\"summary_large_image\" \/>\n<meta name=\"twitter:label1\" content=\"Est. reading time\" \/>\n\t<meta name=\"twitter:data1\" content=\"1 minute\" \/>\n<!-- \/ Yoast SEO Premium plugin. -->","yoast_head_json":{"title":"Contact Villsy \u2013 Villas in Istria with Pool | Local Support in Pazin","description":"Have questions about villas in Istria? Contact Villsy in Pazin for availability, booking support, and local advice. We\u2019re here to make your holiday carefree.","robots":{"index":"index","follow":"follow","max-snippet":"max-snippet:-1","max-image-preview":"max-image-preview:large","max-video-preview":"max-video-preview:-1"},"canonical":"https:\/\/villsy.com\/cs\/contact\/","og_locale":"en_US","og_type":"website","og_title":"Contact Villsy \u2013 Villas in Istria with Pool | Local Support in Pazin","og_description":"Have questions about villas in Istria? Contact Villsy in Pazin for availability, booking support, and local advice. We\u2019re here to make your holiday carefree.","og_url":"https:\/\/villsy.com\/cs\/contact\/","og_site_name":"Villsy","article_modified_time":"2025-08-29T13:41:00+00:00","twitter_card":"summary_large_image","twitter_misc":{"Est. reading time":"1 minute"},"schema":{"@context":"https:\/\/schema.org","@graph":[{"@type":"WebPage","@id":"https:\/\/villsy.com\/cs\/contact\/","url":"https:\/\/villsy.com\/cs\/contact\/","name":"Contact Villsy \u2013 Villas in Istria with Pool | Local Support in Pazin","isPartOf":{"@id":"https:\/\/villsy.com\/cs\/#website"},"datePublished":"2025-08-29T11:44:31+00:00","dateModified":"2025-08-29T13:41:00+00:00","description":"Have questions about villas in Istria? Contact Villsy in Pazin for availability, booking support, and local advice. We\u2019re here to make your holiday carefree.","breadcrumb":{"@id":"https:\/\/villsy.com\/cs\/contact\/#breadcrumb"},"inLanguage":"cs","potentialAction":[{"@type":"ReadAction","target":["https:\/\/villsy.com\/cs\/contact\/"]}]},{"@type":"BreadcrumbList","@id":"https:\/\/villsy.com\/cs\/contact\/#breadcrumb","itemListElement":[{"@type":"ListItem","position":1,"name":"Villsy","item":"https:\/\/villsy.com\/cs\/"},{"@type":"ListItem","position":2,"name":"Contact us"}]},{"@type":"WebSite","@id":"https:\/\/villsy.com\/cs\/#website","url":"https:\/\/villsy.com\/cs\/","name":"Villsy","description":"Just another WordPress site","potentialAction":[{"@type":"SearchAction","target":{"@type":"EntryPoint","urlTemplate":"https:\/\/villsy.com\/cs\/?s={search_term_string}"},"query-input":"required name=search_term_string"}],"inLanguage":"cs"}]}},"_links":{"self":[{"href":"https:\/\/villsy.com\/cs\/wp-json\/wp\/v2\/pages\/30468"}],"collection":[{"href":"https:\/\/villsy.com\/cs\/wp-json\/wp\/v2\/pages"}],"about":[{"href":"https:\/\/villsy.com\/cs\/wp-json\/wp\/v2\/types\/page"}],"author":[{"embeddable":true,"href":"https:\/\/villsy.com\/cs\/wp-json\/wp\/v2\/users\/2"}],"replies":[{"embeddable":true,"href":"https:\/\/villsy.com\/cs\/wp-json\/wp\/v2\/comments?post=30468"}],"version-history":[{"count":1,"href":"https:\/\/villsy.com\/cs\/wp-json\/wp\/v2\/pages\/30468\/revisions"}],"predecessor-version":[{"id":30470,"href":"https:\/\/villsy.com\/cs\/wp-json\/wp\/v2\/pages\/30468\/revisions\/30470"}],"wp:attachment":[{"href":"https:\/\/villsy.com\/cs\/wp-json\/wp\/v2\/media?parent=30468"}],"curies":[{"name":"wp","href":"https:\/\/api.w.org\/{rel}","templated":true}]}}